{"id":2130,"date":"2022-02-22T17:45:48","date_gmt":"2022-02-22T17:45:48","guid":{"rendered":"https:\/\/jonathermal.hu\/?post_type=product&#038;p=2130"},"modified":"2026-04-14T15:26:04","modified_gmt":"2026-04-14T15:26:04","slug":"mustang-ranch-apartman","status":"publish","type":"product","link":"https:\/\/jonathermal.hu\/en\/szallas\/mustang-ranch-apartman\/","title":{"rendered":"Mustang Ranch Apartman"},"content":{"rendered":"","protected":false},"excerpt":{"rendered":"<div class=\"szolgaltatasikon\">\n<div class=\"szolgaltatasikon\">\n<div class=\"szolgaltatasikon\">\u00a0<img decoding=\"async\" class=\"alignnone size-full wp-image-1969\" src=\"https:\/\/jonathermal.hu\/wp-content\/uploads\/2022\/02\/reception.png\" alt=\"\" width=\"24\" height=\"24\" \/>0-24 reception<\/div>\n<div class=\"szolgaltatasikon\"><img decoding=\"async\" class=\"alignnone size-full wp-image-1968\" src=\"https:\/\/jonathermal.hu\/wp-content\/uploads\/2022\/02\/parking.png\" alt=\"\" width=\"24\" height=\"24\" \/>\u00a0Free parking<\/div>\n<div class=\"szolgaltatasikon\"><img decoding=\"async\" class=\"alignnone size-full wp-image-1967\" src=\"https:\/\/jonathermal.hu\/wp-content\/uploads\/2022\/02\/wifi.png\" alt=\"\" width=\"24\" height=\"24\" \/> Free WIFI at reception<\/div>\n<div>\n<div class=\"szolgaltatasikon\"><img loading=\"lazy\" decoding=\"async\" class=\"alignnone size-full wp-image-1964\" src=\"https:\/\/jonathermal.hu\/wp-content\/uploads\/2022\/02\/baby.png\" alt=\"\" width=\"24\" height=\"24\" \/>\u00a0Baby-friendly accommodation<\/div>\n<\/div>\n<div class=\"szolgaltatasikon\"><img loading=\"lazy\" decoding=\"async\" class=\"alignnone size-full wp-image-1965\" src=\"https:\/\/jonathermal.hu\/wp-content\/uploads\/2022\/02\/bicycle.png\" alt=\"\" width=\"24\" height=\"24\" \/>\u00a0Bicycle rental<\/div>\n<div><img loading=\"lazy\" decoding=\"async\" class=\"alignnone size-full wp-image-1966\" src=\"https:\/\/jonathermal.hu\/wp-content\/uploads\/2022\/02\/bowl-in-a-microwave.png\" alt=\"\" width=\"24\" height=\"24\" \/> Microwave in the room<\/div>\n<div class=\"szolgaltatasikon\"><img loading=\"lazy\" decoding=\"async\" class=\"alignnone size-full wp-image-1963\" src=\"https:\/\/jonathermal.hu\/wp-content\/uploads\/2022\/02\/campfire.png\" alt=\"\" width=\"24\" height=\"24\" \/>\u00a0Fireplace in camping area<\/div>\n<div class=\"szolgaltatasikon\"><img loading=\"lazy\" decoding=\"async\" class=\"alignnone size-full wp-image-1962\" src=\"https:\/\/jonathermal.hu\/wp-content\/uploads\/2022\/02\/dinner.png\" alt=\"\" width=\"24\" height=\"24\" \/>\u00a0Restaurants around the area<\/div>\n<div class=\"szolgaltatasikon\"><img loading=\"lazy\" decoding=\"async\" class=\"alignnone size-full wp-image-1961\" src=\"https:\/\/jonathermal.hu\/wp-content\/uploads\/2022\/02\/english-receptionist.png\" alt=\"\" width=\"24\" height=\"24\" \/>\u00a0Spoken languages: Hungarian, English, German<\/div>\n<div class=\"szolgaltatasikon\"><img loading=\"lazy\" decoding=\"async\" class=\"alignnone size-full wp-image-1960\" src=\"https:\/\/jonathermal.hu\/wp-content\/uploads\/2022\/02\/fishing.png\" alt=\"\" width=\"24\" height=\"24\" \/>\u00a0Fishing opportunities<\/div>\n<div class=\"szolgaltatasikon\"><img loading=\"lazy\" decoding=\"async\" class=\"alignnone size-full wp-image-1954\" src=\"https:\/\/jonathermal.hu\/wp-content\/uploads\/2022\/02\/grill.png\" alt=\"\" width=\"24\" height=\"24\" \/>\u00a0BBQ facilities<\/div>\n<div><img loading=\"lazy\" decoding=\"async\" class=\"alignnone size-full wp-image-2101\" src=\"https:\/\/jonathermal.hu\/wp-content\/uploads\/2022\/02\/house.png\" alt=\"\" width=\"24\" height=\"24\" \/>\u00a0Air conditioning<\/div>\n<div class=\"szolgaltatasikon\"><img loading=\"lazy\" decoding=\"async\" class=\"alignnone size-full wp-image-1956\" src=\"https:\/\/jonathermal.hu\/wp-content\/uploads\/2022\/02\/jacuzzi.png\" alt=\"\" width=\"24\" height=\"24\" \/>\u00a0Spa and Aqua Park<\/div>\n<div class=\"szolgaltatasikon\"><img loading=\"lazy\" decoding=\"async\" class=\"alignnone size-full wp-image-1957\" src=\"https:\/\/jonathermal.hu\/wp-content\/uploads\/2022\/02\/massage-session.png\" alt=\"\" width=\"24\" height=\"24\" \/>\u00a0Wellness Services<\/div>\n<div><img loading=\"lazy\" decoding=\"async\" class=\"alignnone size-full wp-image-2061\" src=\"https:\/\/jonathermal.hu\/wp-content\/uploads\/2022\/02\/pets.png\" alt=\"\" width=\"24\" height=\"24\" \/> Macska, kutya bevihet\u0151 (El\u0151- \u00e9s ut\u00f3szezonban: 3.500 Ft \/ \u00e9j, Kiemelt szezonban 4.000 Ft \/ \u00e9j)<\/div>\n<div class=\"szolgaltatasikon\"><img loading=\"lazy\" decoding=\"async\" class=\"alignnone size-full wp-image-1958\" src=\"https:\/\/jonathermal.hu\/wp-content\/uploads\/2022\/02\/szechenyi.png\" alt=\"\" width=\"24\" height=\"24\" \/>\u00a0We accept SZ\u00c9P card: OTP, MKB, K&amp;H (Leisure, Catering, Accommodation)<\/div>\n<div class=\"szolgaltatasikon\"><img loading=\"lazy\" decoding=\"async\" class=\"alignnone size-full wp-image-1959\" src=\"https:\/\/jonathermal.hu\/wp-content\/uploads\/2022\/02\/playground.png\" alt=\"\" width=\"24\" height=\"24\" \/>\u00a0Playground<\/div>\n<div><img loading=\"lazy\" decoding=\"async\" class=\"alignnone size-full wp-image-1953\" src=\"https:\/\/jonathermal.hu\/wp-content\/uploads\/2022\/02\/refrigerator.png\" alt=\"\" width=\"24\" height=\"24\" \/> Refrigerator<\/div>\n<div class=\"szolgaltatasikon\"><img loading=\"lazy\" decoding=\"async\" class=\"alignnone size-full wp-image-1952\" src=\"https:\/\/jonathermal.hu\/wp-content\/uploads\/2022\/02\/shower.png\" alt=\"\" width=\"24\" height=\"24\" \/> Shower<\/div>\n<div><img loading=\"lazy\" decoding=\"async\" class=\"alignnone size-full wp-image-1951\" src=\"https:\/\/jonathermal.hu\/wp-content\/uploads\/2022\/02\/television.png\" alt=\"\" width=\"24\" height=\"24\" \/> Television<\/div>\n<div><img loading=\"lazy\" decoding=\"async\" class=\"alignnone size-full wp-image-1955\" src=\"https:\/\/jonathermal.hu\/wp-content\/uploads\/2022\/02\/hot-food-in-a-bowl.png\" alt=\"\" width=\"24\" height=\"24\" \/> Cooking facilities at accommodation<\/div>\n<div>\n<div class=\"szolgaltatasikon\">\n<div class=\"szolgaltatasikon\">\n<div><span style=\"font-size: 16px;\">&#8212;<\/span><\/div>\n<\/div>\n<\/div>\n<div class=\"szolgaltatasikon\">\n<div class=\"szolgaltatasikon\">\n<p>NTAK regisztr\u00e1ci\u00f3s sz\u00e1m: UD19008007<\/p>\n<\/div>\n<\/div>\n<\/div>\n<\/div>\n<\/div>","protected":false},"featured_media":2113,"template":"","meta":{"site-sidebar-layout":"no-sidebar","site-content-layout":"page-builder","ast-site-content-layout":"full-width-container","site-content-style":"unboxed","site-sidebar-style":"unboxed","ast-global-header-display":"","ast-banner-title-visibility":"","ast-main-header-display":"","ast-hfb-above-header-display":"","ast-hfb-below-header-display":"","ast-hfb-mobile-header-display":"","site-post-title":"disabled","ast-breadcrumbs-content":"","ast-featured-img":"disabled","footer-sml-layout":"","ast-disable-related-posts":"","theme-transparent-header-meta":"default","adv-header-id-meta":"","stick-header-meta":"","header-above-stick-meta":"","header-main-stick-meta":"","header-below-stick-meta":"","astra-migrate-meta-layouts":"set","ast-page-background-enabled":"default","ast-page-background-meta":{"desktop":{"background-color":"var(--ast-global-color-4)","background-image":"","background-repeat":"repeat","background-position":"center center","background-size":"auto","background-attachment":"scroll","background-type":"","background-media":"","overlay-type":"","overlay-color":"","overlay-opacity":"","overlay-gradient":""},"tablet":{"background-color":"","background-image":"","background-repeat":"repeat","background-position":"center center","background-size":"auto","background-attachment":"scroll","background-type":"","background-media":"","overlay-type":"","overlay-color":"","overlay-opacity":"","overlay-gradient":""},"mobile":{"background-color":"","background-image":"","background-repeat":"repeat","background-position":"center center","background-size":"auto","background-attachment":"scroll","background-type":"","background-media":"","overlay-type":"","overlay-color":"","overlay-opacity":"","overlay-gradient":""}},"ast-content-background-meta":{"desktop":{"background-color":"var(--ast-global-color-5)","background-image":"","background-repeat":"repeat","background-position":"center center","background-size":"auto","background-attachment":"scroll","background-type":"","background-media":"","overlay-type":"","overlay-color":"","overlay-opacity":"","overlay-gradient":""},"tablet":{"background-color":"var(--ast-global-color-5)","background-image":"","background-repeat":"repeat","background-position":"center center","background-size":"auto","background-attachment":"scroll","background-type":"","background-media":"","overlay-type":"","overlay-color":"","overlay-opacity":"","overlay-gradient":""},"mobile":{"background-color":"var(--ast-global-color-5)","background-image":"","background-repeat":"repeat","background-position":"center center","background-size":"auto","background-attachment":"scroll","background-type":"","background-media":"","overlay-type":"","overlay-color":"","overlay-opacity":"","overlay-gradient":""}}},"product_brand":[],"product_cat":[34],"product_tag":[32],"class_list":{"0":"post-2130","1":"product","2":"type-product","3":"status-publish","4":"has-post-thumbnail","6":"product_cat-mustang-ranch","7":"product_tag-szallas","8":"desktop-align-left","9":"tablet-align-left","10":"mobile-align-left","11":"ast-product-gallery-layout-horizontal-slider","12":"ast-product-tabs-layout-horizontal","14":"first","15":"instock","16":"virtual","17":"product-type-simple"},"yoast_head":"<!-- This site is optimized with the Yoast SEO Premium plugin v27.4 (Yoast SEO v27.4) - https:\/\/yoast.com\/product\/yoast-seo-premium-wordpress\/ -->\n<title>Mustang Ranch Apartman - Jonatherm\u00e1l Gy\u00f3gy- \u00e9s \u00c9lm\u00e9nyf\u00fcrd\u0151, Motel, Kemping<\/title>\n<meta name=\"robots\" content=\"index, follow, max-snippet:-1, max-image-preview:large, max-video-preview:-1\" \/>\n<link rel=\"canonical\" href=\"https:\/\/jonathermal.hu\/en\/accommodation\/mustang-ranch-apartman\/\" \/>\n<meta property=\"og:locale\" content=\"en_US\" \/>\n<meta property=\"og:type\" content=\"article\" \/>\n<meta property=\"og:title\" content=\"Mustang Ranch Apartman\" \/>\n<meta property=\"og:description\" content=\"\u00a00-24 \u00f3r\u00e1s recepci\u00f3 \u00a0Ingyenes parkol\u00e1s  Ingyenes wifi a recepci\u00f3n\u00e1l  \u00a0Bababar\u00e1t sz\u00e1ll\u00e1shely  \u00a0Ker\u00e9kp\u00e1r b\u00e9rl\u00e9s  Mikrohull\u00e1m\u00fa s\u00fct\u0151 a szob\u00e1ban \u00a0T\u0171zrak\u00e1si lehet\u0151s\u00e9g a kemping ter\u00fclet\u00e9n \u00a0\u00c9ttermek a k\u00f6zelben \u00a0Besz\u00e9lt nyelvek: Magyar, Angol, N\u00e9met \u00a0Horg\u00e1sz\u00e1si lehet\u0151s\u00e9g \u00a0Grillez\u00e9si lehet\u0151s\u00e9g \u00a0L\u00e9gkondicion\u00e1lt \u00a0Gy\u00f3gy- \u00e9s \u00c9lm\u00e9nyf\u00fcrd\u0151 a recepci\u00f3 \u00e9p\u00fclet\u00e9t\u0151l 100 m\u00e9terre \u00a0Wellness szolg\u00e1ltat\u00e1sok  Macska, kutya bevihet\u0151 (El\u0151- \u00e9s ut\u00f3szezonban: 3.500 Ft \/ \u00e9j, Kiemelt szezonban 4.000 Ft \/ \u00e9j) \u00a0SZ\u00c9P k\u00e1rtya elfogad\u00f3hely: OTP, MKB, K&amp;H (Szabadid\u0151, Vend\u00e9gl\u00e1t\u00e1s, Sz\u00e1ll\u00e1shely) \u00a0J\u00e1tsz\u00f3t\u00e9r  H\u0171t\u0151szekr\u00e9ny  Zuhanyz\u00f3  Telev\u00edzi\u00f3  F\u0151z\u00e9si lehet\u0151s\u00e9g a sz\u00e1ll\u00e1shelyen    --      NTAK regisztr\u00e1ci\u00f3s sz\u00e1m: UD19008007\" \/>\n<meta property=\"og:url\" content=\"https:\/\/jonathermal.hu\/en\/accommodation\/mustang-ranch-apartman\/\" \/>\n<meta property=\"og:site_name\" content=\"Jonatherm\u00e1l Gy\u00f3gy- \u00e9s \u00c9lm\u00e9nyf\u00fcrd\u0151, Motel, Kemping\" \/>\n<meta property=\"article:publisher\" content=\"https:\/\/www.facebook.com\/Jonathermal\/\" \/>\n<meta property=\"article:modified_time\" content=\"2026-04-14T15:26:04+00:00\" \/>\n<meta property=\"og:image\" content=\"https:\/\/jonathermal.hu\/wp-content\/uploads\/2022\/02\/47-1494338033-mustang-ranch.jpeg\" \/>\n\t<meta property=\"og:image:width\" content=\"800\" \/>\n\t<meta property=\"og:image:height\" content=\"398\" \/>\n\t<meta property=\"og:image:type\" content=\"image\/jpeg\" \/>\n<meta name=\"twitter:card\" content=\"summary_large_image\" \/>\n<script type=\"application\/ld+json\" class=\"yoast-schema-graph\">{\"@context\":\"https:\\\/\\\/schema.org\",\"@graph\":[{\"@type\":\"WebPage\",\"@id\":\"https:\\\/\\\/jonathermal.hu\\\/szallas\\\/mustang-ranch-apartman\\\/\",\"url\":\"https:\\\/\\\/jonathermal.hu\\\/szallas\\\/mustang-ranch-apartman\\\/\",\"name\":\"Mustang Ranch Apartman - Jonatherm\u00e1l Gy\u00f3gy- \u00e9s \u00c9lm\u00e9nyf\u00fcrd\u0151, Motel, Kemping\",\"isPartOf\":{\"@id\":\"https:\\\/\\\/jonathermal.hu\\\/#website\"},\"primaryImageOfPage\":{\"@id\":\"https:\\\/\\\/jonathermal.hu\\\/szallas\\\/mustang-ranch-apartman\\\/#primaryimage\"},\"image\":{\"@id\":\"https:\\\/\\\/jonathermal.hu\\\/szallas\\\/mustang-ranch-apartman\\\/#primaryimage\"},\"thumbnailUrl\":\"https:\\\/\\\/jonathermal.hu\\\/wp-content\\\/uploads\\\/2022\\\/02\\\/47-1494338033-mustang-ranch.jpeg\",\"datePublished\":\"2022-02-22T17:45:48+00:00\",\"dateModified\":\"2026-04-14T15:26:04+00:00\",\"breadcrumb\":{\"@id\":\"https:\\\/\\\/jonathermal.hu\\\/szallas\\\/mustang-ranch-apartman\\\/#breadcrumb\"},\"inLanguage\":\"en-US\",\"potentialAction\":[{\"@type\":\"ReadAction\",\"target\":[\"https:\\\/\\\/jonathermal.hu\\\/szallas\\\/mustang-ranch-apartman\\\/\"]}]},{\"@type\":\"ImageObject\",\"inLanguage\":\"en-US\",\"@id\":\"https:\\\/\\\/jonathermal.hu\\\/szallas\\\/mustang-ranch-apartman\\\/#primaryimage\",\"url\":\"https:\\\/\\\/jonathermal.hu\\\/wp-content\\\/uploads\\\/2022\\\/02\\\/47-1494338033-mustang-ranch.jpeg\",\"contentUrl\":\"https:\\\/\\\/jonathermal.hu\\\/wp-content\\\/uploads\\\/2022\\\/02\\\/47-1494338033-mustang-ranch.jpeg\",\"width\":800,\"height\":398},{\"@type\":\"BreadcrumbList\",\"@id\":\"https:\\\/\\\/jonathermal.hu\\\/szallas\\\/mustang-ranch-apartman\\\/#breadcrumb\",\"itemListElement\":[{\"@type\":\"ListItem\",\"position\":1,\"name\":\"Kezd\u0151lap\",\"item\":\"https:\\\/\\\/jonathermal.hu\\\/\"},{\"@type\":\"ListItem\",\"position\":2,\"name\":\"\u00dczlet\",\"item\":\"https:\\\/\\\/jonathermal.hu\\\/en\\\/uzlet\\\/\"},{\"@type\":\"ListItem\",\"position\":3,\"name\":\"Mustang Ranch Apartman\"}]},{\"@type\":\"WebSite\",\"@id\":\"https:\\\/\\\/jonathermal.hu\\\/#website\",\"url\":\"https:\\\/\\\/jonathermal.hu\\\/\",\"name\":\"Jonatherm\u00e1l Gy\u00f3gy- \u00e9s \u00c9lm\u00e9nyf\u00fcrd\u0151, Motel, Kemping\",\"description\":\"Kiskunmajsa\",\"publisher\":{\"@id\":\"https:\\\/\\\/jonathermal.hu\\\/#organization\"},\"potentialAction\":[{\"@type\":\"SearchAction\",\"target\":{\"@type\":\"EntryPoint\",\"urlTemplate\":\"https:\\\/\\\/jonathermal.hu\\\/?s={search_term_string}\"},\"query-input\":{\"@type\":\"PropertyValueSpecification\",\"valueRequired\":true,\"valueName\":\"search_term_string\"}}],\"inLanguage\":\"en-US\"},{\"@type\":\"Organization\",\"@id\":\"https:\\\/\\\/jonathermal.hu\\\/#organization\",\"name\":\"Jonatherm\u00e1l Gy\u00f3gy- \u00e9s \u00c9lm\u00e9nyf\u00fcrd\u0151, Motel, Kemping Kiskunmajsa\",\"url\":\"https:\\\/\\\/jonathermal.hu\\\/\",\"logo\":{\"@type\":\"ImageObject\",\"inLanguage\":\"en-US\",\"@id\":\"https:\\\/\\\/jonathermal.hu\\\/#\\\/schema\\\/logo\\\/image\\\/\",\"url\":\"https:\\\/\\\/jonathermal.hu\\\/wp-content\\\/uploads\\\/2022\\\/02\\\/jonatherma\u0301l-logo.png\",\"contentUrl\":\"https:\\\/\\\/jonathermal.hu\\\/wp-content\\\/uploads\\\/2022\\\/02\\\/jonatherma\u0301l-logo.png\",\"width\":200,\"height\":142,\"caption\":\"Jonatherm\u00e1l Gy\u00f3gy- \u00e9s \u00c9lm\u00e9nyf\u00fcrd\u0151, Motel, Kemping Kiskunmajsa\"},\"image\":{\"@id\":\"https:\\\/\\\/jonathermal.hu\\\/#\\\/schema\\\/logo\\\/image\\\/\"},\"sameAs\":[\"https:\\\/\\\/www.facebook.com\\\/Jonathermal\\\/\",\"https:\\\/\\\/www.instagram.com\\\/jonathermal\\\/\",\"https:\\\/\\\/www.youtube.com\\\/channel\\\/UCTAd0tjGBgxWEJfuY378_Qw\\\/featured\"]}]}<\/script>\n<!-- \/ Yoast SEO Premium plugin. -->","yoast_head_json":{"title":"Mustang Ranch Apartman - Jonatherm\u00e1l Gy\u00f3gy- \u00e9s \u00c9lm\u00e9nyf\u00fcrd\u0151, Motel, Kemping","robots":{"index":"index","follow":"follow","max-snippet":"max-snippet:-1","max-image-preview":"max-image-preview:large","max-video-preview":"max-video-preview:-1"},"canonical":"https:\/\/jonathermal.hu\/en\/accommodation\/mustang-ranch-apartman\/","og_locale":"en_US","og_type":"article","og_title":"Mustang Ranch Apartman","og_description":"\u00a00-24 \u00f3r\u00e1s recepci\u00f3 \u00a0Ingyenes parkol\u00e1s  Ingyenes wifi a recepci\u00f3n\u00e1l  \u00a0Bababar\u00e1t sz\u00e1ll\u00e1shely  \u00a0Ker\u00e9kp\u00e1r b\u00e9rl\u00e9s  Mikrohull\u00e1m\u00fa s\u00fct\u0151 a szob\u00e1ban \u00a0T\u0171zrak\u00e1si lehet\u0151s\u00e9g a kemping ter\u00fclet\u00e9n \u00a0\u00c9ttermek a k\u00f6zelben \u00a0Besz\u00e9lt nyelvek: Magyar, Angol, N\u00e9met \u00a0Horg\u00e1sz\u00e1si lehet\u0151s\u00e9g \u00a0Grillez\u00e9si lehet\u0151s\u00e9g \u00a0L\u00e9gkondicion\u00e1lt \u00a0Gy\u00f3gy- \u00e9s \u00c9lm\u00e9nyf\u00fcrd\u0151 a recepci\u00f3 \u00e9p\u00fclet\u00e9t\u0151l 100 m\u00e9terre \u00a0Wellness szolg\u00e1ltat\u00e1sok  Macska, kutya bevihet\u0151 (El\u0151- \u00e9s ut\u00f3szezonban: 3.500 Ft \/ \u00e9j, Kiemelt szezonban 4.000 Ft \/ \u00e9j) \u00a0SZ\u00c9P k\u00e1rtya elfogad\u00f3hely: OTP, MKB, K&amp;H (Szabadid\u0151, Vend\u00e9gl\u00e1t\u00e1s, Sz\u00e1ll\u00e1shely) \u00a0J\u00e1tsz\u00f3t\u00e9r  H\u0171t\u0151szekr\u00e9ny  Zuhanyz\u00f3  Telev\u00edzi\u00f3  F\u0151z\u00e9si lehet\u0151s\u00e9g a sz\u00e1ll\u00e1shelyen    --      NTAK regisztr\u00e1ci\u00f3s sz\u00e1m: UD19008007","og_url":"https:\/\/jonathermal.hu\/en\/accommodation\/mustang-ranch-apartman\/","og_site_name":"Jonatherm\u00e1l Gy\u00f3gy- \u00e9s \u00c9lm\u00e9nyf\u00fcrd\u0151, Motel, Kemping","article_publisher":"https:\/\/www.facebook.com\/Jonathermal\/","article_modified_time":"2026-04-14T15:26:04+00:00","og_image":[{"width":800,"height":398,"url":"https:\/\/jonathermal.hu\/wp-content\/uploads\/2022\/02\/47-1494338033-mustang-ranch.jpeg","type":"image\/jpeg"}],"twitter_card":"summary_large_image","schema":{"@context":"https:\/\/schema.org","@graph":[{"@type":"WebPage","@id":"https:\/\/jonathermal.hu\/szallas\/mustang-ranch-apartman\/","url":"https:\/\/jonathermal.hu\/szallas\/mustang-ranch-apartman\/","name":"Mustang Ranch Apartman - Jonatherm\u00e1l Gy\u00f3gy- \u00e9s \u00c9lm\u00e9nyf\u00fcrd\u0151, Motel, Kemping","isPartOf":{"@id":"https:\/\/jonathermal.hu\/#website"},"primaryImageOfPage":{"@id":"https:\/\/jonathermal.hu\/szallas\/mustang-ranch-apartman\/#primaryimage"},"image":{"@id":"https:\/\/jonathermal.hu\/szallas\/mustang-ranch-apartman\/#primaryimage"},"thumbnailUrl":"https:\/\/jonathermal.hu\/wp-content\/uploads\/2022\/02\/47-1494338033-mustang-ranch.jpeg","datePublished":"2022-02-22T17:45:48+00:00","dateModified":"2026-04-14T15:26:04+00:00","breadcrumb":{"@id":"https:\/\/jonathermal.hu\/szallas\/mustang-ranch-apartman\/#breadcrumb"},"inLanguage":"en-US","potentialAction":[{"@type":"ReadAction","target":["https:\/\/jonathermal.hu\/szallas\/mustang-ranch-apartman\/"]}]},{"@type":"ImageObject","inLanguage":"en-US","@id":"https:\/\/jonathermal.hu\/szallas\/mustang-ranch-apartman\/#primaryimage","url":"https:\/\/jonathermal.hu\/wp-content\/uploads\/2022\/02\/47-1494338033-mustang-ranch.jpeg","contentUrl":"https:\/\/jonathermal.hu\/wp-content\/uploads\/2022\/02\/47-1494338033-mustang-ranch.jpeg","width":800,"height":398},{"@type":"BreadcrumbList","@id":"https:\/\/jonathermal.hu\/szallas\/mustang-ranch-apartman\/#breadcrumb","itemListElement":[{"@type":"ListItem","position":1,"name":"Kezd\u0151lap","item":"https:\/\/jonathermal.hu\/"},{"@type":"ListItem","position":2,"name":"\u00dczlet","item":"https:\/\/jonathermal.hu\/en\/uzlet\/"},{"@type":"ListItem","position":3,"name":"Mustang Ranch Apartman"}]},{"@type":"WebSite","@id":"https:\/\/jonathermal.hu\/#website","url":"https:\/\/jonathermal.hu\/","name":"Jonatherm\u00e1l Gy\u00f3gy- \u00e9s \u00c9lm\u00e9nyf\u00fcrd\u0151, Motel, Kemping","description":"Kiskunmajsa","publisher":{"@id":"https:\/\/jonathermal.hu\/#organization"},"potentialAction":[{"@type":"SearchAction","target":{"@type":"EntryPoint","urlTemplate":"https:\/\/jonathermal.hu\/?s={search_term_string}"},"query-input":{"@type":"PropertyValueSpecification","valueRequired":true,"valueName":"search_term_string"}}],"inLanguage":"en-US"},{"@type":"Organization","@id":"https:\/\/jonathermal.hu\/#organization","name":"Jonatherm\u00e1l Gy\u00f3gy- \u00e9s \u00c9lm\u00e9nyf\u00fcrd\u0151, Motel, Kemping Kiskunmajsa","url":"https:\/\/jonathermal.hu\/","logo":{"@type":"ImageObject","inLanguage":"en-US","@id":"https:\/\/jonathermal.hu\/#\/schema\/logo\/image\/","url":"https:\/\/jonathermal.hu\/wp-content\/uploads\/2022\/02\/jonatherma\u0301l-logo.png","contentUrl":"https:\/\/jonathermal.hu\/wp-content\/uploads\/2022\/02\/jonatherma\u0301l-logo.png","width":200,"height":142,"caption":"Jonatherm\u00e1l Gy\u00f3gy- \u00e9s \u00c9lm\u00e9nyf\u00fcrd\u0151, Motel, Kemping Kiskunmajsa"},"image":{"@id":"https:\/\/jonathermal.hu\/#\/schema\/logo\/image\/"},"sameAs":["https:\/\/www.facebook.com\/Jonathermal\/","https:\/\/www.instagram.com\/jonathermal\/","https:\/\/www.youtube.com\/channel\/UCTAd0tjGBgxWEJfuY378_Qw\/featured"]}]}},"_links":{"self":[{"href":"https:\/\/jonathermal.hu\/en\/wp-json\/wp\/v2\/product\/2130","targetHints":{"allow":["GET"]}}],"collection":[{"href":"https:\/\/jonathermal.hu\/en\/wp-json\/wp\/v2\/product"}],"about":[{"href":"https:\/\/jonathermal.hu\/en\/wp-json\/wp\/v2\/types\/product"}],"version-history":[{"count":2,"href":"https:\/\/jonathermal.hu\/en\/wp-json\/wp\/v2\/product\/2130\/revisions"}],"predecessor-version":[{"id":7974,"href":"https:\/\/jonathermal.hu\/en\/wp-json\/wp\/v2\/product\/2130\/revisions\/7974"}],"wp:featuredmedia":[{"embeddable":true,"href":"https:\/\/jonathermal.hu\/en\/wp-json\/wp\/v2\/media\/2113"}],"wp:attachment":[{"href":"https:\/\/jonathermal.hu\/en\/wp-json\/wp\/v2\/media?parent=2130"}],"wp:term":[{"taxonomy":"product_brand","embeddable":true,"href":"https:\/\/jonathermal.hu\/en\/wp-json\/wp\/v2\/product_brand?post=2130"},{"taxonomy":"product_cat","embeddable":true,"href":"https:\/\/jonathermal.hu\/en\/wp-json\/wp\/v2\/product_cat?post=2130"},{"taxonomy":"product_tag","embeddable":true,"href":"https:\/\/jonathermal.hu\/en\/wp-json\/wp\/v2\/product_tag?post=2130"}],"curies":[{"name":"wp","href":"https:\/\/api.w.org\/{rel}","templated":true}]}}