{"id":865,"date":"2022-02-16T18:58:28","date_gmt":"2022-02-16T18:58:28","guid":{"rendered":"https:\/\/jonathermal.hu\/?page_id=865"},"modified":"2022-03-14T08:36:31","modified_gmt":"2022-03-14T08:36:31","slug":"hullamfurdo","status":"publish","type":"page","link":"https:\/\/jonathermal.hu\/en\/furdo\/hullamfurdo\/","title":{"rendered":"Wave Pool"},"content":{"rendered":"<div data-elementor-type=\"wp-page\" data-elementor-id=\"865\" class=\"elementor elementor-865\" data-elementor-post-type=\"page\">\n\t\t\t\t\t\t<section class=\"elementor-section elementor-top-section elementor-element elementor-element-4f424e7 elementor-section-boxed elementor-section-height-default elementor-section-height-default\" data-id=\"4f424e7\" data-element_type=\"section\" data-e-type=\"section\">\n\t\t\t\t\t\t<div class=\"elementor-container elementor-column-gap-default\">\n\t\t\t\t\t<div class=\"elementor-column elementor-col-100 elementor-top-column elementor-element elementor-element-bd118d5\" data-id=\"bd118d5\" data-element_type=\"column\" data-e-type=\"column\">\n\t\t\t<div class=\"elementor-widget-wrap elementor-element-populated\">\n\t\t\t\t\t\t<div class=\"elementor-element elementor-element-a8c685c elementor-widget elementor-widget-text-editor\" data-id=\"a8c685c\" data-element_type=\"widget\" data-e-type=\"widget\" data-no-translation=\"\" data-widget_type=\"text-editor.default\">\n\t\t\t\t<div class=\"elementor-widget-container\">\n\t\t\t\t\t<style>.elementor-element-a8c685c{display:none !important}<\/style>\t\t\t\t<\/div>\n\t\t\t\t<\/div>\n\t\t\t\t<div class=\"elementor-element elementor-element-7cd672e elementor-widget elementor-widget-text-editor\" data-id=\"7cd672e\" data-element_type=\"widget\" data-e-type=\"widget\" data-no-translation=\"\" data-widget_type=\"text-editor.default\">\n\t\t\t\t<div class=\"elementor-widget-container\">\n\t\t\t\t\t\t\t\t\t<p>OPENING HOURS<br \/>Aquapark (wave pool, slide park, children&#8217;s pool, paddling pool)<\/p><p>04. 27. \u2013 09. 16.<br \/>9:00-19:00 hour<\/p>\t\t\t\t\t\t\t\t<\/div>\n\t\t\t\t<\/div>\n\t\t\t\t<div class=\"elementor-element elementor-element-6b3e2b4 elementor-widget elementor-widget-text-editor\" data-id=\"6b3e2b4\" data-element_type=\"widget\" data-e-type=\"widget\" data-no-translation=\"\" data-widget_type=\"text-editor.default\">\n\t\t\t\t<div class=\"elementor-widget-container\">\n\t\t\t\t\t<style>.elementor-element-6b3e2b4{display:none !important}<\/style>\t\t\t\t<\/div>\n\t\t\t\t<\/div>\n\t\t\t\t<div class=\"elementor-element elementor-element-353976e elementor-widget elementor-widget-gallery\" data-id=\"353976e\" data-element_type=\"widget\" data-e-type=\"widget\" data-settings=\"{&quot;lazyload&quot;:&quot;yes&quot;,&quot;gallery_layout&quot;:&quot;grid&quot;,&quot;columns&quot;:4,&quot;columns_tablet&quot;:2,&quot;columns_mobile&quot;:1,&quot;gap&quot;:{&quot;unit&quot;:&quot;px&quot;,&quot;size&quot;:10,&quot;sizes&quot;:[]},&quot;gap_tablet&quot;:{&quot;unit&quot;:&quot;px&quot;,&quot;size&quot;:10,&quot;sizes&quot;:[]},&quot;gap_mobile&quot;:{&quot;unit&quot;:&quot;px&quot;,&quot;size&quot;:10,&quot;sizes&quot;:[]},&quot;link_to&quot;:&quot;file&quot;,&quot;aspect_ratio&quot;:&quot;3:2&quot;,&quot;overlay_background&quot;:&quot;yes&quot;,&quot;content_hover_animation&quot;:&quot;fade-in&quot;}\" data-widget_type=\"gallery.default\">\n\t\t\t\t<div class=\"elementor-widget-container\">\n\t\t\t\t\t\t\t<div class=\"elementor-gallery__container\">\n\t\t\t\t\t\t\t<a class=\"e-gallery-item elementor-gallery-item elementor-animated-content\" href=\"https:\/\/jonathermal.hu\/wp-content\/uploads\/2022\/02\/hulla\u0301mfu\u0308rdo\u030b1.jpg\" data-elementor-open-lightbox=\"yes\" data-elementor-lightbox-slideshow=\"353976e\" data-elementor-lightbox-title=\"hulla\u0301mfu\u0308rdo\u030b1\" data-e-action-hash=\"#elementor-action%3Aaction%3Dlightbox%26settings%3DeyJpZCI6ODY3LCJ1cmwiOiJodHRwczpcL1wvam9uYXRoZXJtYWwuaHVcL3dwLWNvbnRlbnRcL3VwbG9hZHNcLzIwMjJcLzAyXC9odWxsYVx1MDMwMW1mdVx1MDMwOHJkb1x1MDMwYjEuanBnIiwic2xpZGVzaG93IjoiMzUzOTc2ZSJ9\">\n\t\t\t\t\t<div class=\"e-gallery-image elementor-gallery-item__image\" data-thumbnail=\"https:\/\/jonathermal.hu\/wp-content\/uploads\/2022\/02\/hulla\u0301mfu\u0308rdo\u030b1-300x200.jpg\" data-width=\"300\" data-height=\"200\" aria-label=\"\" role=\"img\" ><\/div>\n\t\t\t\t\t\t\t\t\t\t\t<div class=\"elementor-gallery-item__overlay\"><\/div>\n\t\t\t\t\t\t\t\t\t\t\t\t\t\t<\/a>\n\t\t\t\t\t\t\t<a class=\"e-gallery-item elementor-gallery-item elementor-animated-content\" href=\"https:\/\/jonathermal.hu\/wp-content\/uploads\/2022\/02\/hulla\u0301mfu\u0308rdo\u030b2.jpg\" data-elementor-open-lightbox=\"yes\" data-elementor-lightbox-slideshow=\"353976e\" data-elementor-lightbox-title=\"hulla\u0301mfu\u0308rdo\u030b2\" data-e-action-hash=\"#elementor-action%3Aaction%3Dlightbox%26settings%3DeyJpZCI6ODY4LCJ1cmwiOiJodHRwczpcL1wvam9uYXRoZXJtYWwuaHVcL3dwLWNvbnRlbnRcL3VwbG9hZHNcLzIwMjJcLzAyXC9odWxsYVx1MDMwMW1mdVx1MDMwOHJkb1x1MDMwYjIuanBnIiwic2xpZGVzaG93IjoiMzUzOTc2ZSJ9\">\n\t\t\t\t\t<div class=\"e-gallery-image elementor-gallery-item__image\" data-thumbnail=\"https:\/\/jonathermal.hu\/wp-content\/uploads\/2022\/02\/hulla\u0301mfu\u0308rdo\u030b2-300x200.jpg\" data-width=\"300\" data-height=\"200\" aria-label=\"\" role=\"img\" ><\/div>\n\t\t\t\t\t\t\t\t\t\t\t<div class=\"elementor-gallery-item__overlay\"><\/div>\n\t\t\t\t\t\t\t\t\t\t\t\t\t\t<\/a>\n\t\t\t\t\t\t\t<a class=\"e-gallery-item elementor-gallery-item elementor-animated-content\" href=\"https:\/\/jonathermal.hu\/wp-content\/uploads\/2022\/02\/hulla\u0301mfu\u0308rdo\u030b3.jpg\" data-elementor-open-lightbox=\"yes\" data-elementor-lightbox-slideshow=\"353976e\" data-elementor-lightbox-title=\"hulla\u0301mfu\u0308rdo\u030b3\" data-e-action-hash=\"#elementor-action%3Aaction%3Dlightbox%26settings%3DeyJpZCI6ODY5LCJ1cmwiOiJodHRwczpcL1wvam9uYXRoZXJtYWwuaHVcL3dwLWNvbnRlbnRcL3VwbG9hZHNcLzIwMjJcLzAyXC9odWxsYVx1MDMwMW1mdVx1MDMwOHJkb1x1MDMwYjMuanBnIiwic2xpZGVzaG93IjoiMzUzOTc2ZSJ9\">\n\t\t\t\t\t<div class=\"e-gallery-image elementor-gallery-item__image\" data-thumbnail=\"https:\/\/jonathermal.hu\/wp-content\/uploads\/2022\/02\/hulla\u0301mfu\u0308rdo\u030b3-300x200.jpg\" data-width=\"300\" data-height=\"200\" aria-label=\"\" role=\"img\" ><\/div>\n\t\t\t\t\t\t\t\t\t\t\t<div class=\"elementor-gallery-item__overlay\"><\/div>\n\t\t\t\t\t\t\t\t\t\t\t\t\t\t<\/a>\n\t\t\t\t\t\t\t<a class=\"e-gallery-item elementor-gallery-item elementor-animated-content\" href=\"https:\/\/jonathermal.hu\/wp-content\/uploads\/2022\/02\/hulla\u0301mfu\u0308rdo\u030b4.jpg\" data-elementor-open-lightbox=\"yes\" data-elementor-lightbox-slideshow=\"353976e\" data-elementor-lightbox-title=\"hulla\u0301mfu\u0308rdo\u030b4\" data-e-action-hash=\"#elementor-action%3Aaction%3Dlightbox%26settings%3DeyJpZCI6ODcwLCJ1cmwiOiJodHRwczpcL1wvam9uYXRoZXJtYWwuaHVcL3dwLWNvbnRlbnRcL3VwbG9hZHNcLzIwMjJcLzAyXC9odWxsYVx1MDMwMW1mdVx1MDMwOHJkb1x1MDMwYjQuanBnIiwic2xpZGVzaG93IjoiMzUzOTc2ZSJ9\">\n\t\t\t\t\t<div class=\"e-gallery-image elementor-gallery-item__image\" data-thumbnail=\"https:\/\/jonathermal.hu\/wp-content\/uploads\/2022\/02\/hulla\u0301mfu\u0308rdo\u030b4-300x200.jpg\" data-width=\"300\" data-height=\"200\" aria-label=\"\" role=\"img\" ><\/div>\n\t\t\t\t\t\t\t\t\t\t\t<div class=\"elementor-gallery-item__overlay\"><\/div>\n\t\t\t\t\t\t\t\t\t\t\t\t\t\t<\/a>\n\t\t\t\t\t\t\t<a class=\"e-gallery-item elementor-gallery-item elementor-animated-content\" href=\"https:\/\/jonathermal.hu\/wp-content\/uploads\/2022\/02\/hulla\u0301mfu\u0308rdo\u030b5.jpg\" data-elementor-open-lightbox=\"yes\" data-elementor-lightbox-slideshow=\"353976e\" data-elementor-lightbox-title=\"hulla\u0301mfu\u0308rdo\u030b5\" data-e-action-hash=\"#elementor-action%3Aaction%3Dlightbox%26settings%3DeyJpZCI6ODcxLCJ1cmwiOiJodHRwczpcL1wvam9uYXRoZXJtYWwuaHVcL3dwLWNvbnRlbnRcL3VwbG9hZHNcLzIwMjJcLzAyXC9odWxsYVx1MDMwMW1mdVx1MDMwOHJkb1x1MDMwYjUuanBnIiwic2xpZGVzaG93IjoiMzUzOTc2ZSJ9\">\n\t\t\t\t\t<div class=\"e-gallery-image elementor-gallery-item__image\" data-thumbnail=\"https:\/\/jonathermal.hu\/wp-content\/uploads\/2022\/02\/hulla\u0301mfu\u0308rdo\u030b5-300x200.jpg\" data-width=\"300\" data-height=\"200\" aria-label=\"\" role=\"img\" ><\/div>\n\t\t\t\t\t\t\t\t\t\t\t<div class=\"elementor-gallery-item__overlay\"><\/div>\n\t\t\t\t\t\t\t\t\t\t\t\t\t\t<\/a>\n\t\t\t\t\t\t\t<a class=\"e-gallery-item elementor-gallery-item elementor-animated-content\" href=\"https:\/\/jonathermal.hu\/wp-content\/uploads\/2022\/02\/hulla\u0301mfu\u0308rdo\u030b6.jpg\" data-elementor-open-lightbox=\"yes\" data-elementor-lightbox-slideshow=\"353976e\" data-elementor-lightbox-title=\"hulla\u0301mfu\u0308rdo\u030b6\" data-e-action-hash=\"#elementor-action%3Aaction%3Dlightbox%26settings%3DeyJpZCI6ODcyLCJ1cmwiOiJodHRwczpcL1wvam9uYXRoZXJtYWwuaHVcL3dwLWNvbnRlbnRcL3VwbG9hZHNcLzIwMjJcLzAyXC9odWxsYVx1MDMwMW1mdVx1MDMwOHJkb1x1MDMwYjYuanBnIiwic2xpZGVzaG93IjoiMzUzOTc2ZSJ9\">\n\t\t\t\t\t<div class=\"e-gallery-image elementor-gallery-item__image\" data-thumbnail=\"https:\/\/jonathermal.hu\/wp-content\/uploads\/2022\/02\/hulla\u0301mfu\u0308rdo\u030b6-300x200.jpg\" data-width=\"300\" data-height=\"200\" aria-label=\"\" role=\"img\" ><\/div>\n\t\t\t\t\t\t\t\t\t\t\t<div class=\"elementor-gallery-item__overlay\"><\/div>\n\t\t\t\t\t\t\t\t\t\t\t\t\t\t<\/a>\n\t\t\t\t\t\t\t<a class=\"e-gallery-item elementor-gallery-item elementor-animated-content\" href=\"https:\/\/jonathermal.hu\/wp-content\/uploads\/2022\/02\/hulla\u0301mfu\u0308rdo\u030b7.jpg\" data-elementor-open-lightbox=\"yes\" data-elementor-lightbox-slideshow=\"353976e\" data-elementor-lightbox-title=\"hulla\u0301mfu\u0308rdo\u030b7\" data-e-action-hash=\"#elementor-action%3Aaction%3Dlightbox%26settings%3DeyJpZCI6ODczLCJ1cmwiOiJodHRwczpcL1wvam9uYXRoZXJtYWwuaHVcL3dwLWNvbnRlbnRcL3VwbG9hZHNcLzIwMjJcLzAyXC9odWxsYVx1MDMwMW1mdVx1MDMwOHJkb1x1MDMwYjcuanBnIiwic2xpZGVzaG93IjoiMzUzOTc2ZSJ9\">\n\t\t\t\t\t<div class=\"e-gallery-image elementor-gallery-item__image\" data-thumbnail=\"https:\/\/jonathermal.hu\/wp-content\/uploads\/2022\/02\/hulla\u0301mfu\u0308rdo\u030b7-300x200.jpg\" data-width=\"300\" data-height=\"200\" aria-label=\"\" role=\"img\" ><\/div>\n\t\t\t\t\t\t\t\t\t\t\t<div class=\"elementor-gallery-item__overlay\"><\/div>\n\t\t\t\t\t\t\t\t\t\t\t\t\t\t<\/a>\n\t\t\t\t\t\t\t<a class=\"e-gallery-item elementor-gallery-item elementor-animated-content\" href=\"https:\/\/jonathermal.hu\/wp-content\/uploads\/2022\/02\/hulla\u0301mfu\u0308rdo\u030b8.jpg\" data-elementor-open-lightbox=\"yes\" data-elementor-lightbox-slideshow=\"353976e\" data-elementor-lightbox-title=\"hulla\u0301mfu\u0308rdo\u030b8\" data-e-action-hash=\"#elementor-action%3Aaction%3Dlightbox%26settings%3DeyJpZCI6ODc0LCJ1cmwiOiJodHRwczpcL1wvam9uYXRoZXJtYWwuaHVcL3dwLWNvbnRlbnRcL3VwbG9hZHNcLzIwMjJcLzAyXC9odWxsYVx1MDMwMW1mdVx1MDMwOHJkb1x1MDMwYjguanBnIiwic2xpZGVzaG93IjoiMzUzOTc2ZSJ9\">\n\t\t\t\t\t<div class=\"e-gallery-image elementor-gallery-item__image\" data-thumbnail=\"https:\/\/jonathermal.hu\/wp-content\/uploads\/2022\/02\/hulla\u0301mfu\u0308rdo\u030b8-300x200.jpg\" data-width=\"300\" data-height=\"200\" aria-label=\"\" role=\"img\" ><\/div>\n\t\t\t\t\t\t\t\t\t\t\t<div class=\"elementor-gallery-item__overlay\"><\/div>\n\t\t\t\t\t\t\t\t\t\t\t\t\t\t<\/a>\n\t\t\t\t\t\t\t<a class=\"e-gallery-item elementor-gallery-item elementor-animated-content\" href=\"https:\/\/jonathermal.hu\/wp-content\/uploads\/2022\/02\/hulla\u0301mfu\u0308rdo\u030b9.jpg\" data-elementor-open-lightbox=\"yes\" data-elementor-lightbox-slideshow=\"353976e\" data-elementor-lightbox-title=\"hulla\u0301mfu\u0308rdo\u030b9\" data-e-action-hash=\"#elementor-action%3Aaction%3Dlightbox%26settings%3DeyJpZCI6ODc2LCJ1cmwiOiJodHRwczpcL1wvam9uYXRoZXJtYWwuaHVcL3dwLWNvbnRlbnRcL3VwbG9hZHNcLzIwMjJcLzAyXC9odWxsYVx1MDMwMW1mdVx1MDMwOHJkb1x1MDMwYjkuanBnIiwic2xpZGVzaG93IjoiMzUzOTc2ZSJ9\">\n\t\t\t\t\t<div class=\"e-gallery-image elementor-gallery-item__image\" data-thumbnail=\"https:\/\/jonathermal.hu\/wp-content\/uploads\/2022\/02\/hulla\u0301mfu\u0308rdo\u030b9-300x200.jpg\" data-width=\"300\" data-height=\"200\" aria-label=\"\" role=\"img\" ><\/div>\n\t\t\t\t\t\t\t\t\t\t\t<div class=\"elementor-gallery-item__overlay\"><\/div>\n\t\t\t\t\t\t\t\t\t\t\t\t\t\t<\/a>\n\t\t\t\t\t\t\t<a class=\"e-gallery-item elementor-gallery-item elementor-animated-content\" href=\"https:\/\/jonathermal.hu\/wp-content\/uploads\/2022\/02\/hulla\u0301mfu\u0308rdo\u030b10.jpg\" data-elementor-open-lightbox=\"yes\" data-elementor-lightbox-slideshow=\"353976e\" data-elementor-lightbox-title=\"hulla\u0301mfu\u0308rdo\u030b10\" data-e-action-hash=\"#elementor-action%3Aaction%3Dlightbox%26settings%3DeyJpZCI6ODc3LCJ1cmwiOiJodHRwczpcL1wvam9uYXRoZXJtYWwuaHVcL3dwLWNvbnRlbnRcL3VwbG9hZHNcLzIwMjJcLzAyXC9odWxsYVx1MDMwMW1mdVx1MDMwOHJkb1x1MDMwYjEwLmpwZyIsInNsaWRlc2hvdyI6IjM1Mzk3NmUifQ%3D%3D\">\n\t\t\t\t\t<div class=\"e-gallery-image elementor-gallery-item__image\" data-thumbnail=\"https:\/\/jonathermal.hu\/wp-content\/uploads\/2022\/02\/hulla\u0301mfu\u0308rdo\u030b10-300x200.jpg\" data-width=\"300\" data-height=\"200\" aria-label=\"\" role=\"img\" ><\/div>\n\t\t\t\t\t\t\t\t\t\t\t<div class=\"elementor-gallery-item__overlay\"><\/div>\n\t\t\t\t\t\t\t\t\t\t\t\t\t\t<\/a>\n\t\t\t\t\t\t\t<a class=\"e-gallery-item elementor-gallery-item elementor-animated-content\" href=\"https:\/\/jonathermal.hu\/wp-content\/uploads\/2022\/02\/hulla\u0301mfu\u0308rdo\u030b11.jpg\" data-elementor-open-lightbox=\"yes\" data-elementor-lightbox-slideshow=\"353976e\" data-elementor-lightbox-title=\"hulla\u0301mfu\u0308rdo\u030b11\" data-e-action-hash=\"#elementor-action%3Aaction%3Dlightbox%26settings%3DeyJpZCI6ODc4LCJ1cmwiOiJodHRwczpcL1wvam9uYXRoZXJtYWwuaHVcL3dwLWNvbnRlbnRcL3VwbG9hZHNcLzIwMjJcLzAyXC9odWxsYVx1MDMwMW1mdVx1MDMwOHJkb1x1MDMwYjExLmpwZyIsInNsaWRlc2hvdyI6IjM1Mzk3NmUifQ%3D%3D\">\n\t\t\t\t\t<div class=\"e-gallery-image elementor-gallery-item__image\" data-thumbnail=\"https:\/\/jonathermal.hu\/wp-content\/uploads\/2022\/02\/hulla\u0301mfu\u0308rdo\u030b11-300x200.jpg\" data-width=\"300\" data-height=\"200\" aria-label=\"\" role=\"img\" ><\/div>\n\t\t\t\t\t\t\t\t\t\t\t<div class=\"elementor-gallery-item__overlay\"><\/div>\n\t\t\t\t\t\t\t\t\t\t\t\t\t\t<\/a>\n\t\t\t\t\t<\/div>\n\t\t\t\t\t<\/div>\n\t\t\t\t<\/div>\n\t\t\t\t\t<\/div>\n\t\t<\/div>\n\t\t\t\t\t<\/div>\n\t\t<\/section>\n\t\t\t\t<\/div>","protected":false},"excerpt":{"rendered":"<p>Az aquapark elmaradhatatlan r\u00e9sz\u00e9t k\u00e9pezi ny\u00e1ri id\u0151szakban az 530 m2 v\u00edzfel\u00fclet\u0171 hull\u00e1mmedence, melyben a tenger hangulat\u00e1t id\u00e9z\u0151, ak\u00e1r 80 cm-es hull\u00e1mokkal is szembes\u00fclhet a f\u00fcrd\u0151z\u0151. Emellett a medence sz\u00e1mos \u00e9lm\u00e9nyelemmel van szerelve, \u00edgy t\u00e9ve a f\u00fcrd\u0151z\u00e9st m\u00e9g hangulatosabb\u00e1. A hull\u00e1mf\u00fcrd\u0151 haszn\u00e1lata benne van a f\u00fcrd\u0151bel\u00e9p\u0151 \u00e1r\u00e1ban! OPENING HOURSAquapark (wave pool, slide park, children&#8217;s pool, paddling [&hellip;]<\/p>\n","protected":false},"author":1,"featured_media":0,"parent":564,"menu_order":0,"comment_status":"closed","ping_status":"closed","template":"","meta":{"site-sidebar-layout":"no-sidebar","site-content-layout":"page-builder","ast-site-content-layout":"default","site-content-style":"default","site-sidebar-style":"default","ast-global-header-display":"","ast-banner-title-visibility":"","ast-main-header-display":"","ast-hfb-above-header-display":"","ast-hfb-below-header-display":"","ast-hfb-mobile-header-display":"","site-post-title":"disabled","ast-breadcrumbs-content":"","ast-featured-img":"disabled","footer-sml-layout":"","ast-disable-related-posts":"","theme-transparent-header-meta":"","adv-header-id-meta":"","stick-header-meta":"","header-above-stick-meta":"","header-main-stick-meta":"","header-below-stick-meta":"","astra-migrate-meta-layouts":"default","ast-page-background-enabled":"default","ast-page-background-meta":{"desktop":{"background-color":"var(--ast-global-color-4)","background-image":"","background-repeat":"repeat","background-position":"center center","background-size":"auto","background-attachment":"scroll","background-type":"","background-media":"","overlay-type":"","overlay-color":"","overlay-opacity":"","overlay-gradient":""},"tablet":{"background-color":"","background-image":"","background-repeat":"repeat","background-position":"center center","background-size":"auto","background-attachment":"scroll","background-type":"","background-media":"","overlay-type":"","overlay-color":"","overlay-opacity":"","overlay-gradient":""},"mobile":{"background-color":"","background-image":"","background-repeat":"repeat","background-position":"center center","background-size":"auto","background-attachment":"scroll","background-type":"","background-media":"","overlay-type":"","overlay-color":"","overlay-opacity":"","overlay-gradient":""}},"ast-content-background-meta":{"desktop":{"background-color":"var(--ast-global-color-5)","background-image":"","background-repeat":"repeat","background-position":"center center","background-size":"auto","background-attachment":"scroll","background-type":"","background-media":"","overlay-type":"","overlay-color":"","overlay-opacity":"","overlay-gradient":""},"tablet":{"background-color":"var(--ast-global-color-5)","background-image":"","background-repeat":"repeat","background-position":"center center","background-size":"auto","background-attachment":"scroll","background-type":"","background-media":"","overlay-type":"","overlay-color":"","overlay-opacity":"","overlay-gradient":""},"mobile":{"background-color":"var(--ast-global-color-5)","background-image":"","background-repeat":"repeat","background-position":"center center","background-size":"auto","background-attachment":"scroll","background-type":"","background-media":"","overlay-type":"","overlay-color":"","overlay-opacity":"","overlay-gradient":""}},"footnotes":""},"class_list":["post-865","page","type-page","status-publish","hentry"],"yoast_head":"<!-- This site is optimized with the Yoast SEO Premium plugin v27.4 (Yoast SEO v27.4) - https:\/\/yoast.com\/product\/yoast-seo-premium-wordpress\/ -->\n<title>Hull\u00e1mf\u00fcrd\u0151 - Jonatherm\u00e1l Gy\u00f3gy- \u00e9s \u00c9lm\u00e9nyf\u00fcrd\u0151, Motel, Kemping<\/title>\n<meta name=\"robots\" content=\"index, follow, max-snippet:-1, max-image-preview:large, max-video-preview:-1\" \/>\n<link rel=\"canonical\" href=\"https:\/\/jonathermal.hu\/en\/furdo\/hullamfurdo\/\" \/>\n<meta property=\"og:locale\" content=\"en_US\" \/>\n<meta property=\"og:type\" content=\"article\" \/>\n<meta property=\"og:title\" content=\"Hull\u00e1mf\u00fcrd\u0151\" \/>\n<meta property=\"og:description\" content=\"Az aquapark elmaradhatatlan r\u00e9sz\u00e9t k\u00e9pezi ny\u00e1ri id\u0151szakban az 530 m2 v\u00edzfel\u00fclet\u0171 hull\u00e1mmedence, melyben a tenger hangulat\u00e1t id\u00e9z\u0151, ak\u00e1r 80 cm-es hull\u00e1mokkal is szembes\u00fclhet a f\u00fcrd\u0151z\u0151. Emellett a medence sz\u00e1mos \u00e9lm\u00e9nyelemmel van szerelve, \u00edgy t\u00e9ve a f\u00fcrd\u0151z\u00e9st m\u00e9g hangulatosabb\u00e1. A hull\u00e1mf\u00fcrd\u0151 haszn\u00e1lata benne van a f\u00fcrd\u0151bel\u00e9p\u0151 \u00e1r\u00e1ban! OPENING HOURSAquapark (wave pool, slide park, children&#8217;s pool, paddling [&hellip;]\" \/>\n<meta property=\"og:url\" content=\"https:\/\/jonathermal.hu\/en\/furdo\/hullamfurdo\/\" \/>\n<meta property=\"og:site_name\" content=\"Jonatherm\u00e1l Gy\u00f3gy- \u00e9s \u00c9lm\u00e9nyf\u00fcrd\u0151, Motel, Kemping\" \/>\n<meta property=\"article:publisher\" content=\"https:\/\/www.facebook.com\/Jonathermal\/\" \/>\n<meta property=\"article:modified_time\" content=\"2022-03-14T08:36:31+00:00\" \/>\n<meta name=\"twitter:card\" content=\"summary_large_image\" \/>\n<script type=\"application\/ld+json\" class=\"yoast-schema-graph\">{\"@context\":\"https:\\\/\\\/schema.org\",\"@graph\":[{\"@type\":\"WebPage\",\"@id\":\"https:\\\/\\\/jonathermal.hu\\\/furdo\\\/hullamfurdo\\\/\",\"url\":\"https:\\\/\\\/jonathermal.hu\\\/furdo\\\/hullamfurdo\\\/\",\"name\":\"Hull\u00e1mf\u00fcrd\u0151 - Jonatherm\u00e1l Gy\u00f3gy- \u00e9s \u00c9lm\u00e9nyf\u00fcrd\u0151, Motel, Kemping\",\"isPartOf\":{\"@id\":\"https:\\\/\\\/jonathermal.hu\\\/#website\"},\"datePublished\":\"2022-02-16T18:58:28+00:00\",\"dateModified\":\"2022-03-14T08:36:31+00:00\",\"breadcrumb\":{\"@id\":\"https:\\\/\\\/jonathermal.hu\\\/furdo\\\/hullamfurdo\\\/#breadcrumb\"},\"inLanguage\":\"en-US\",\"potentialAction\":[{\"@type\":\"ReadAction\",\"target\":[\"https:\\\/\\\/jonathermal.hu\\\/furdo\\\/hullamfurdo\\\/\"]}]},{\"@type\":\"BreadcrumbList\",\"@id\":\"https:\\\/\\\/jonathermal.hu\\\/furdo\\\/hullamfurdo\\\/#breadcrumb\",\"itemListElement\":[{\"@type\":\"ListItem\",\"position\":1,\"name\":\"Kezd\u0151lap\",\"item\":\"https:\\\/\\\/jonathermal.hu\\\/\"},{\"@type\":\"ListItem\",\"position\":2,\"name\":\"F\u00fcrd\u0151\",\"item\":\"https:\\\/\\\/jonathermal.hu\\\/furdo\\\/\"},{\"@type\":\"ListItem\",\"position\":3,\"name\":\"Hull\u00e1mf\u00fcrd\u0151\"}]},{\"@type\":\"WebSite\",\"@id\":\"https:\\\/\\\/jonathermal.hu\\\/#website\",\"url\":\"https:\\\/\\\/jonathermal.hu\\\/\",\"name\":\"Jonatherm\u00e1l Gy\u00f3gy- \u00e9s \u00c9lm\u00e9nyf\u00fcrd\u0151, Motel, Kemping\",\"description\":\"Kiskunmajsa\",\"publisher\":{\"@id\":\"https:\\\/\\\/jonathermal.hu\\\/#organization\"},\"potentialAction\":[{\"@type\":\"SearchAction\",\"target\":{\"@type\":\"EntryPoint\",\"urlTemplate\":\"https:\\\/\\\/jonathermal.hu\\\/?s={search_term_string}\"},\"query-input\":{\"@type\":\"PropertyValueSpecification\",\"valueRequired\":true,\"valueName\":\"search_term_string\"}}],\"inLanguage\":\"en-US\"},{\"@type\":\"Organization\",\"@id\":\"https:\\\/\\\/jonathermal.hu\\\/#organization\",\"name\":\"Jonatherm\u00e1l Gy\u00f3gy- \u00e9s \u00c9lm\u00e9nyf\u00fcrd\u0151, Motel, Kemping Kiskunmajsa\",\"url\":\"https:\\\/\\\/jonathermal.hu\\\/\",\"logo\":{\"@type\":\"ImageObject\",\"inLanguage\":\"en-US\",\"@id\":\"https:\\\/\\\/jonathermal.hu\\\/#\\\/schema\\\/logo\\\/image\\\/\",\"url\":\"https:\\\/\\\/jonathermal.hu\\\/wp-content\\\/uploads\\\/2022\\\/02\\\/jonatherma\u0301l-logo.png\",\"contentUrl\":\"https:\\\/\\\/jonathermal.hu\\\/wp-content\\\/uploads\\\/2022\\\/02\\\/jonatherma\u0301l-logo.png\",\"width\":200,\"height\":142,\"caption\":\"Jonatherm\u00e1l Gy\u00f3gy- \u00e9s \u00c9lm\u00e9nyf\u00fcrd\u0151, Motel, Kemping Kiskunmajsa\"},\"image\":{\"@id\":\"https:\\\/\\\/jonathermal.hu\\\/#\\\/schema\\\/logo\\\/image\\\/\"},\"sameAs\":[\"https:\\\/\\\/www.facebook.com\\\/Jonathermal\\\/\",\"https:\\\/\\\/www.instagram.com\\\/jonathermal\\\/\",\"https:\\\/\\\/www.youtube.com\\\/channel\\\/UCTAd0tjGBgxWEJfuY378_Qw\\\/featured\"]}]}<\/script>\n<!-- \/ Yoast SEO Premium plugin. -->","yoast_head_json":{"title":"Hull\u00e1mf\u00fcrd\u0151 - Jonatherm\u00e1l Gy\u00f3gy- \u00e9s \u00c9lm\u00e9nyf\u00fcrd\u0151, Motel, Kemping","robots":{"index":"index","follow":"follow","max-snippet":"max-snippet:-1","max-image-preview":"max-image-preview:large","max-video-preview":"max-video-preview:-1"},"canonical":"https:\/\/jonathermal.hu\/en\/furdo\/hullamfurdo\/","og_locale":"en_US","og_type":"article","og_title":"Hull\u00e1mf\u00fcrd\u0151","og_description":"Az aquapark elmaradhatatlan r\u00e9sz\u00e9t k\u00e9pezi ny\u00e1ri id\u0151szakban az 530 m2 v\u00edzfel\u00fclet\u0171 hull\u00e1mmedence, melyben a tenger hangulat\u00e1t id\u00e9z\u0151, ak\u00e1r 80 cm-es hull\u00e1mokkal is szembes\u00fclhet a f\u00fcrd\u0151z\u0151. Emellett a medence sz\u00e1mos \u00e9lm\u00e9nyelemmel van szerelve, \u00edgy t\u00e9ve a f\u00fcrd\u0151z\u00e9st m\u00e9g hangulatosabb\u00e1. A hull\u00e1mf\u00fcrd\u0151 haszn\u00e1lata benne van a f\u00fcrd\u0151bel\u00e9p\u0151 \u00e1r\u00e1ban! OPENING HOURSAquapark (wave pool, slide park, children&#8217;s pool, paddling [&hellip;]","og_url":"https:\/\/jonathermal.hu\/en\/furdo\/hullamfurdo\/","og_site_name":"Jonatherm\u00e1l Gy\u00f3gy- \u00e9s \u00c9lm\u00e9nyf\u00fcrd\u0151, Motel, Kemping","article_publisher":"https:\/\/www.facebook.com\/Jonathermal\/","article_modified_time":"2022-03-14T08:36:31+00:00","twitter_card":"summary_large_image","schema":{"@context":"https:\/\/schema.org","@graph":[{"@type":"WebPage","@id":"https:\/\/jonathermal.hu\/furdo\/hullamfurdo\/","url":"https:\/\/jonathermal.hu\/furdo\/hullamfurdo\/","name":"Hull\u00e1mf\u00fcrd\u0151 - Jonatherm\u00e1l Gy\u00f3gy- \u00e9s \u00c9lm\u00e9nyf\u00fcrd\u0151, Motel, Kemping","isPartOf":{"@id":"https:\/\/jonathermal.hu\/#website"},"datePublished":"2022-02-16T18:58:28+00:00","dateModified":"2022-03-14T08:36:31+00:00","breadcrumb":{"@id":"https:\/\/jonathermal.hu\/furdo\/hullamfurdo\/#breadcrumb"},"inLanguage":"en-US","potentialAction":[{"@type":"ReadAction","target":["https:\/\/jonathermal.hu\/furdo\/hullamfurdo\/"]}]},{"@type":"BreadcrumbList","@id":"https:\/\/jonathermal.hu\/furdo\/hullamfurdo\/#breadcrumb","itemListElement":[{"@type":"ListItem","position":1,"name":"Kezd\u0151lap","item":"https:\/\/jonathermal.hu\/"},{"@type":"ListItem","position":2,"name":"F\u00fcrd\u0151","item":"https:\/\/jonathermal.hu\/furdo\/"},{"@type":"ListItem","position":3,"name":"Hull\u00e1mf\u00fcrd\u0151"}]},{"@type":"WebSite","@id":"https:\/\/jonathermal.hu\/#website","url":"https:\/\/jonathermal.hu\/","name":"Jonatherm\u00e1l Gy\u00f3gy- \u00e9s \u00c9lm\u00e9nyf\u00fcrd\u0151, Motel, Kemping","description":"Kiskunmajsa","publisher":{"@id":"https:\/\/jonathermal.hu\/#organization"},"potentialAction":[{"@type":"SearchAction","target":{"@type":"EntryPoint","urlTemplate":"https:\/\/jonathermal.hu\/?s={search_term_string}"},"query-input":{"@type":"PropertyValueSpecification","valueRequired":true,"valueName":"search_term_string"}}],"inLanguage":"en-US"},{"@type":"Organization","@id":"https:\/\/jonathermal.hu\/#organization","name":"Jonatherm\u00e1l Gy\u00f3gy- \u00e9s \u00c9lm\u00e9nyf\u00fcrd\u0151, Motel, Kemping Kiskunmajsa","url":"https:\/\/jonathermal.hu\/","logo":{"@type":"ImageObject","inLanguage":"en-US","@id":"https:\/\/jonathermal.hu\/#\/schema\/logo\/image\/","url":"https:\/\/jonathermal.hu\/wp-content\/uploads\/2022\/02\/jonatherma\u0301l-logo.png","contentUrl":"https:\/\/jonathermal.hu\/wp-content\/uploads\/2022\/02\/jonatherma\u0301l-logo.png","width":200,"height":142,"caption":"Jonatherm\u00e1l Gy\u00f3gy- \u00e9s \u00c9lm\u00e9nyf\u00fcrd\u0151, Motel, Kemping Kiskunmajsa"},"image":{"@id":"https:\/\/jonathermal.hu\/#\/schema\/logo\/image\/"},"sameAs":["https:\/\/www.facebook.com\/Jonathermal\/","https:\/\/www.instagram.com\/jonathermal\/","https:\/\/www.youtube.com\/channel\/UCTAd0tjGBgxWEJfuY378_Qw\/featured"]}]}},"_links":{"self":[{"href":"https:\/\/jonathermal.hu\/en\/wp-json\/wp\/v2\/pages\/865","targetHints":{"allow":["GET"]}}],"collection":[{"href":"https:\/\/jonathermal.hu\/en\/wp-json\/wp\/v2\/pages"}],"about":[{"href":"https:\/\/jonathermal.hu\/en\/wp-json\/wp\/v2\/types\/page"}],"author":[{"embeddable":true,"href":"https:\/\/jonathermal.hu\/en\/wp-json\/wp\/v2\/users\/1"}],"replies":[{"embeddable":true,"href":"https:\/\/jonathermal.hu\/en\/wp-json\/wp\/v2\/comments?post=865"}],"version-history":[{"count":0,"href":"https:\/\/jonathermal.hu\/en\/wp-json\/wp\/v2\/pages\/865\/revisions"}],"up":[{"embeddable":true,"href":"https:\/\/jonathermal.hu\/en\/wp-json\/wp\/v2\/pages\/564"}],"wp:attachment":[{"href":"https:\/\/jonathermal.hu\/en\/wp-json\/wp\/v2\/media?parent=865"}],"curies":[{"name":"wp","href":"https:\/\/api.w.org\/{rel}","templated":true}]}}