{"id":745,"date":"2022-02-16T14:38:48","date_gmt":"2022-02-16T14:38:48","guid":{"rendered":"https:\/\/jonathermal.hu\/?page_id=745"},"modified":"2022-02-16T15:12:57","modified_gmt":"2022-02-16T15:12:57","slug":"vizosszetetel","status":"publish","type":"page","link":"https:\/\/jonathermal.hu\/en\/vizosszetetel\/","title":{"rendered":"Water composition"},"content":{"rendered":"<figure class=\"wp-block-table has-small-font-size\"><table class=\"has-fixed-layout\"><tbody><tr><td><strong>The composition of our thermal water<\/strong><\/td><\/tr><tr><\/tr><\/tbody><\/table><\/figure>\n\n\n\n<figure class=\"wp-block-table is-style-regular has-small-font-size\"><table class=\"has-fixed-layout\"><tbody><tr><td><strong>The name of the ion is:<\/strong><\/td><td><strong>Chemical symbol:<\/strong><\/td><td><strong>mg<\/strong><\/td><td><strong>millimol<br>equivalent<br>expressed in ions<\/strong><\/td><td><strong>Than's<br>equivalent %<\/strong><\/td><\/tr><tr><td>K\u00e1lium<\/td><td>K+<\/td><td>7,0<\/td><td>0,18<\/td><td>1,00<\/td><\/tr><tr><td>N\u00e1trium<\/td><td>Na+<\/td><td>399,0<\/td><td>17,35<\/td><td>96,18<\/td><\/tr><tr><td>Amm\u00f3nium<\/td><td>NH4+<\/td><td>3,2<\/td><td>0,18<\/td><td>1,00<\/td><\/tr><tr><td>Kalcium<\/td><td>Ca2+<\/td><td>2,9<\/td><td>0,14<\/td><td>0,77<\/td><\/tr><tr><td>Magn\u00e9zium<\/td><td>Mg2+<\/td><td>2,2<\/td><td>0,18<\/td><td>1,00<\/td><\/tr><tr><td>Vas<\/td><td>Fe2+<\/td><td>0,23<\/td><td>0,01<\/td><td>0,05<\/td><\/tr><tr><td>Mang\u00e1n<\/td><td>Mn+<\/td><td>&#8211;<\/td><td>&#8211;<\/td><td>&#8211;<\/td><\/tr><tr><td>A kationok \u00f6sszege:<\/td><td>&nbsp;<\/td><td>414,5<\/td><td>18,04<\/td><td>18,04<\/td><\/tr><\/tbody><\/table><\/figure>\n\n\n\n<figure class=\"wp-block-table has-small-font-size\"><table class=\"has-fixed-layout\"><tbody><tr><td>Nitr\u00e1t<\/td><td>NO3-<\/td><td>1,1<\/td><td>0,02<\/td><td>0,11<\/td><\/tr><tr><td>Nitrit<\/td><td>NO2-<\/td><td>&#8211;<\/td><td>&#8211;<\/td><td>&#8211;<\/td><\/tr><tr><td>Klorid<\/td><td>Cl-<\/td><td>60,0<\/td><td>1,69<\/td><td>9,03<\/td><\/tr><tr><td>Bromid<\/td><td>Br-<\/td><td>&#8211;<\/td><td>&#8211;<\/td><td>&#8211;<\/td><\/tr><tr><td>Jodid<\/td><td>J-<\/td><td>0,1<\/td><td>0,00<\/td><td>0,00<\/td><\/tr><tr><td>Fluorid<\/td><td>F-<\/td><td>1,9<\/td><td>0,10<\/td><td>0,53<\/td><\/tr><tr><td>Szulf\u00e1t<\/td><td>SO4 2-<\/td><td>9,7<\/td><td>0,20<\/td><td>1,07<\/td><\/tr><tr><td>Hidrog\u00e9nkarbon\u00e1t<\/td><td>HCO3-<\/td><td>1019,0<\/td><td>16,7<\/td><td>89,21<\/td><\/tr><tr><td>Szulfid<\/td><td>S2-<\/td><td>&#8211;<\/td><td>&#8211;<\/td><td>&#8211;<\/td><\/tr><tr><td>\u00d6sszes foszf\u00e1t:<\/td><td>PO4 -3<\/td><td>0,33<\/td><td>0,01<\/td><td>0,05<\/td><\/tr><tr><td>Az anionok \u00f6sszege:<\/td><td>&nbsp;<\/td><td>1092,1<\/td><td>1092,1<\/td><td>100,0<\/td><\/tr><\/tbody><\/table><\/figure>\n\n\n\n<figure class=\"wp-block-table has-small-font-size\"><table class=\"has-fixed-layout\"><tbody><tr><td>Metaborsav<\/td><td>HBO2<\/td><td>1,8<\/td><td>&#8211;<\/td><td>&#8211;<\/td><\/tr><tr><td>Metakovasav<\/td><td>H2SIO3<\/td><td>48,8<\/td><td>&#8211;<\/td><td>&#8211;<\/td><\/tr><tr><td>Szabad sz\u00e9nsav<\/td><td>CO2<\/td><td>&#8211;<\/td><td>&#8211;<\/td><td>&#8211;<\/td><\/tr><tr><td>Oldott oxig\u00e9n<\/td><td>O2<\/td><td>&#8211;<\/td><td>&#8211;<\/td><td>&#8211;<\/td><\/tr><tr><td>\u00d6sszesen:<\/td><td>&nbsp;<\/td><td>1556,4<\/td><td>36,76<\/td><td>&#8211;<\/td><\/tr><\/tbody><\/table><\/figure>\n\n\n\n<figure class=\"wp-block-table has-small-font-size\"><table class=\"has-fixed-layout\"><tbody><tr><td><strong>Thermal water containing sodium bicarbonate, acceptable as mineral water.<\/strong><\/td><\/tr><\/tbody><\/table><\/figure>","protected":false},"excerpt":{"rendered":"<p>Term\u00e1lviz\u00fcnk \u00f6sszet\u00e9tele Az ion neve: Vegyjele: mg millimolegyen\u00e9rt\u00e9k\u0171ionban kifejezve Than-f\u00e9leegyen\u00e9rt\u00e9k % K\u00e1lium K+ 7,0 0,18 1,00 N\u00e1trium Na+ 399,0 17,35 96,18 Amm\u00f3nium NH4+ 3,2 0,18 1,00 Kalcium Ca2+ 2,9 0,14 0,77 Magn\u00e9zium Mg2+ 2,2 0,18 1,00 Vas Fe2+ 0,23 0,01 0,05 Mang\u00e1n Mn+ &#8211; &#8211; &#8211; A kationok \u00f6sszege: &nbsp; 414,5 18,04 18,04 Nitr\u00e1t NO3- [&hellip;]<\/p>\n","protected":false},"author":1,"featured_media":0,"parent":0,"menu_order":0,"comment_status":"closed","ping_status":"closed","template":"","meta":{"site-sidebar-layout":"no-sidebar","site-content-layout":"page-builder","ast-site-content-layout":"default","site-content-style":"default","site-sidebar-style":"default","ast-global-header-display":"","ast-banner-title-visibility":"","ast-main-header-display":"","ast-hfb-above-header-display":"","ast-hfb-below-header-display":"","ast-hfb-mobile-header-display":"","site-post-title":"disabled","ast-breadcrumbs-content":"","ast-featured-img":"disabled","footer-sml-layout":"","ast-disable-related-posts":"","theme-transparent-header-meta":"","adv-header-id-meta":"","stick-header-meta":"","header-above-stick-meta":"","header-main-stick-meta":"","header-below-stick-meta":"","astra-migrate-meta-layouts":"default","ast-page-background-enabled":"default","ast-page-background-meta":{"desktop":{"background-color":"var(--ast-global-color-4)","background-image":"","background-repeat":"repeat","background-position":"center center","background-size":"auto","background-attachment":"scroll","background-type":"","background-media":"","overlay-type":"","overlay-color":"","overlay-opacity":"","overlay-gradient":""},"tablet":{"background-color":"","background-image":"","background-repeat":"repeat","background-position":"center center","background-size":"auto","background-attachment":"scroll","background-type":"","background-media":"","overlay-type":"","overlay-color":"","overlay-opacity":"","overlay-gradient":""},"mobile":{"background-color":"","background-image":"","background-repeat":"repeat","background-position":"center center","background-size":"auto","background-attachment":"scroll","background-type":"","background-media":"","overlay-type":"","overlay-color":"","overlay-opacity":"","overlay-gradient":""}},"ast-content-background-meta":{"desktop":{"background-color":"var(--ast-global-color-5)","background-image":"","background-repeat":"repeat","background-position":"center center","background-size":"auto","background-attachment":"scroll","background-type":"","background-media":"","overlay-type":"","overlay-color":"","overlay-opacity":"","overlay-gradient":""},"tablet":{"background-color":"var(--ast-global-color-5)","background-image":"","background-repeat":"repeat","background-position":"center center","background-size":"auto","background-attachment":"scroll","background-type":"","background-media":"","overlay-type":"","overlay-color":"","overlay-opacity":"","overlay-gradient":""},"mobile":{"background-color":"var(--ast-global-color-5)","background-image":"","background-repeat":"repeat","background-position":"center center","background-size":"auto","background-attachment":"scroll","background-type":"","background-media":"","overlay-type":"","overlay-color":"","overlay-opacity":"","overlay-gradient":""}},"footnotes":""},"class_list":["post-745","page","type-page","status-publish","hentry"],"yoast_head":"<!-- This site is optimized with the Yoast SEO Premium plugin v27.4 (Yoast SEO v27.4) - https:\/\/yoast.com\/product\/yoast-seo-premium-wordpress\/ -->\n<title>V\u00edz\u00f6sszet\u00e9tel - Jonatherm\u00e1l Gy\u00f3gy- \u00e9s \u00c9lm\u00e9nyf\u00fcrd\u0151, Motel, Kemping<\/title>\n<meta name=\"robots\" content=\"index, follow, max-snippet:-1, max-image-preview:large, max-video-preview:-1\" \/>\n<link rel=\"canonical\" href=\"https:\/\/jonathermal.hu\/en\/vizosszetetel\/\" \/>\n<meta property=\"og:locale\" content=\"en_US\" \/>\n<meta property=\"og:type\" content=\"article\" \/>\n<meta property=\"og:title\" content=\"V\u00edz\u00f6sszet\u00e9tel\" \/>\n<meta property=\"og:description\" content=\"Term\u00e1lviz\u00fcnk \u00f6sszet\u00e9tele Az ion neve: Vegyjele: mg millimolegyen\u00e9rt\u00e9k\u0171ionban kifejezve Than-f\u00e9leegyen\u00e9rt\u00e9k % K\u00e1lium K+ 7,0 0,18 1,00 N\u00e1trium Na+ 399,0 17,35 96,18 Amm\u00f3nium NH4+ 3,2 0,18 1,00 Kalcium Ca2+ 2,9 0,14 0,77 Magn\u00e9zium Mg2+ 2,2 0,18 1,00 Vas Fe2+ 0,23 0,01 0,05 Mang\u00e1n Mn+ &#8211; &#8211; &#8211; A kationok \u00f6sszege: &nbsp; 414,5 18,04 18,04 Nitr\u00e1t NO3- [&hellip;]\" \/>\n<meta property=\"og:url\" content=\"https:\/\/jonathermal.hu\/en\/vizosszetetel\/\" \/>\n<meta property=\"og:site_name\" content=\"Jonatherm\u00e1l Gy\u00f3gy- \u00e9s \u00c9lm\u00e9nyf\u00fcrd\u0151, Motel, Kemping\" \/>\n<meta property=\"article:publisher\" content=\"https:\/\/www.facebook.com\/Jonathermal\/\" \/>\n<meta property=\"article:modified_time\" content=\"2022-02-16T15:12:57+00:00\" \/>\n<meta name=\"twitter:card\" content=\"summary_large_image\" \/>\n<script type=\"application\/ld+json\" class=\"yoast-schema-graph\">{\"@context\":\"https:\\\/\\\/schema.org\",\"@graph\":[{\"@type\":\"WebPage\",\"@id\":\"https:\\\/\\\/jonathermal.hu\\\/vizosszetetel\\\/\",\"url\":\"https:\\\/\\\/jonathermal.hu\\\/vizosszetetel\\\/\",\"name\":\"V\u00edz\u00f6sszet\u00e9tel - Jonatherm\u00e1l Gy\u00f3gy- \u00e9s \u00c9lm\u00e9nyf\u00fcrd\u0151, Motel, Kemping\",\"isPartOf\":{\"@id\":\"https:\\\/\\\/jonathermal.hu\\\/#website\"},\"datePublished\":\"2022-02-16T14:38:48+00:00\",\"dateModified\":\"2022-02-16T15:12:57+00:00\",\"breadcrumb\":{\"@id\":\"https:\\\/\\\/jonathermal.hu\\\/vizosszetetel\\\/#breadcrumb\"},\"inLanguage\":\"en-US\",\"potentialAction\":[{\"@type\":\"ReadAction\",\"target\":[\"https:\\\/\\\/jonathermal.hu\\\/vizosszetetel\\\/\"]}]},{\"@type\":\"BreadcrumbList\",\"@id\":\"https:\\\/\\\/jonathermal.hu\\\/vizosszetetel\\\/#breadcrumb\",\"itemListElement\":[{\"@type\":\"ListItem\",\"position\":1,\"name\":\"Kezd\u0151lap\",\"item\":\"https:\\\/\\\/jonathermal.hu\\\/\"},{\"@type\":\"ListItem\",\"position\":2,\"name\":\"V\u00edz\u00f6sszet\u00e9tel\"}]},{\"@type\":\"WebSite\",\"@id\":\"https:\\\/\\\/jonathermal.hu\\\/#website\",\"url\":\"https:\\\/\\\/jonathermal.hu\\\/\",\"name\":\"Jonatherm\u00e1l Gy\u00f3gy- \u00e9s \u00c9lm\u00e9nyf\u00fcrd\u0151, Motel, Kemping\",\"description\":\"Kiskunmajsa\",\"publisher\":{\"@id\":\"https:\\\/\\\/jonathermal.hu\\\/#organization\"},\"potentialAction\":[{\"@type\":\"SearchAction\",\"target\":{\"@type\":\"EntryPoint\",\"urlTemplate\":\"https:\\\/\\\/jonathermal.hu\\\/?s={search_term_string}\"},\"query-input\":{\"@type\":\"PropertyValueSpecification\",\"valueRequired\":true,\"valueName\":\"search_term_string\"}}],\"inLanguage\":\"en-US\"},{\"@type\":\"Organization\",\"@id\":\"https:\\\/\\\/jonathermal.hu\\\/#organization\",\"name\":\"Jonatherm\u00e1l Gy\u00f3gy- \u00e9s \u00c9lm\u00e9nyf\u00fcrd\u0151, Motel, Kemping Kiskunmajsa\",\"url\":\"https:\\\/\\\/jonathermal.hu\\\/\",\"logo\":{\"@type\":\"ImageObject\",\"inLanguage\":\"en-US\",\"@id\":\"https:\\\/\\\/jonathermal.hu\\\/#\\\/schema\\\/logo\\\/image\\\/\",\"url\":\"https:\\\/\\\/jonathermal.hu\\\/wp-content\\\/uploads\\\/2022\\\/02\\\/jonatherma\u0301l-logo.png\",\"contentUrl\":\"https:\\\/\\\/jonathermal.hu\\\/wp-content\\\/uploads\\\/2022\\\/02\\\/jonatherma\u0301l-logo.png\",\"width\":200,\"height\":142,\"caption\":\"Jonatherm\u00e1l Gy\u00f3gy- \u00e9s \u00c9lm\u00e9nyf\u00fcrd\u0151, Motel, Kemping Kiskunmajsa\"},\"image\":{\"@id\":\"https:\\\/\\\/jonathermal.hu\\\/#\\\/schema\\\/logo\\\/image\\\/\"},\"sameAs\":[\"https:\\\/\\\/www.facebook.com\\\/Jonathermal\\\/\",\"https:\\\/\\\/www.instagram.com\\\/jonathermal\\\/\",\"https:\\\/\\\/www.youtube.com\\\/channel\\\/UCTAd0tjGBgxWEJfuY378_Qw\\\/featured\"]}]}<\/script>\n<!-- \/ Yoast SEO Premium plugin. -->","yoast_head_json":{"title":"V\u00edz\u00f6sszet\u00e9tel - Jonatherm\u00e1l Gy\u00f3gy- \u00e9s \u00c9lm\u00e9nyf\u00fcrd\u0151, Motel, Kemping","robots":{"index":"index","follow":"follow","max-snippet":"max-snippet:-1","max-image-preview":"max-image-preview:large","max-video-preview":"max-video-preview:-1"},"canonical":"https:\/\/jonathermal.hu\/en\/vizosszetetel\/","og_locale":"en_US","og_type":"article","og_title":"V\u00edz\u00f6sszet\u00e9tel","og_description":"Term\u00e1lviz\u00fcnk \u00f6sszet\u00e9tele Az ion neve: Vegyjele: mg millimolegyen\u00e9rt\u00e9k\u0171ionban kifejezve Than-f\u00e9leegyen\u00e9rt\u00e9k % K\u00e1lium K+ 7,0 0,18 1,00 N\u00e1trium Na+ 399,0 17,35 96,18 Amm\u00f3nium NH4+ 3,2 0,18 1,00 Kalcium Ca2+ 2,9 0,14 0,77 Magn\u00e9zium Mg2+ 2,2 0,18 1,00 Vas Fe2+ 0,23 0,01 0,05 Mang\u00e1n Mn+ &#8211; &#8211; &#8211; A kationok \u00f6sszege: &nbsp; 414,5 18,04 18,04 Nitr\u00e1t NO3- [&hellip;]","og_url":"https:\/\/jonathermal.hu\/en\/vizosszetetel\/","og_site_name":"Jonatherm\u00e1l Gy\u00f3gy- \u00e9s \u00c9lm\u00e9nyf\u00fcrd\u0151, Motel, Kemping","article_publisher":"https:\/\/www.facebook.com\/Jonathermal\/","article_modified_time":"2022-02-16T15:12:57+00:00","twitter_card":"summary_large_image","schema":{"@context":"https:\/\/schema.org","@graph":[{"@type":"WebPage","@id":"https:\/\/jonathermal.hu\/vizosszetetel\/","url":"https:\/\/jonathermal.hu\/vizosszetetel\/","name":"V\u00edz\u00f6sszet\u00e9tel - Jonatherm\u00e1l Gy\u00f3gy- \u00e9s \u00c9lm\u00e9nyf\u00fcrd\u0151, Motel, Kemping","isPartOf":{"@id":"https:\/\/jonathermal.hu\/#website"},"datePublished":"2022-02-16T14:38:48+00:00","dateModified":"2022-02-16T15:12:57+00:00","breadcrumb":{"@id":"https:\/\/jonathermal.hu\/vizosszetetel\/#breadcrumb"},"inLanguage":"en-US","potentialAction":[{"@type":"ReadAction","target":["https:\/\/jonathermal.hu\/vizosszetetel\/"]}]},{"@type":"BreadcrumbList","@id":"https:\/\/jonathermal.hu\/vizosszetetel\/#breadcrumb","itemListElement":[{"@type":"ListItem","position":1,"name":"Kezd\u0151lap","item":"https:\/\/jonathermal.hu\/"},{"@type":"ListItem","position":2,"name":"V\u00edz\u00f6sszet\u00e9tel"}]},{"@type":"WebSite","@id":"https:\/\/jonathermal.hu\/#website","url":"https:\/\/jonathermal.hu\/","name":"Jonatherm\u00e1l Gy\u00f3gy- \u00e9s \u00c9lm\u00e9nyf\u00fcrd\u0151, Motel, Kemping","description":"Kiskunmajsa","publisher":{"@id":"https:\/\/jonathermal.hu\/#organization"},"potentialAction":[{"@type":"SearchAction","target":{"@type":"EntryPoint","urlTemplate":"https:\/\/jonathermal.hu\/?s={search_term_string}"},"query-input":{"@type":"PropertyValueSpecification","valueRequired":true,"valueName":"search_term_string"}}],"inLanguage":"en-US"},{"@type":"Organization","@id":"https:\/\/jonathermal.hu\/#organization","name":"Jonatherm\u00e1l Gy\u00f3gy- \u00e9s \u00c9lm\u00e9nyf\u00fcrd\u0151, Motel, Kemping Kiskunmajsa","url":"https:\/\/jonathermal.hu\/","logo":{"@type":"ImageObject","inLanguage":"en-US","@id":"https:\/\/jonathermal.hu\/#\/schema\/logo\/image\/","url":"https:\/\/jonathermal.hu\/wp-content\/uploads\/2022\/02\/jonatherma\u0301l-logo.png","contentUrl":"https:\/\/jonathermal.hu\/wp-content\/uploads\/2022\/02\/jonatherma\u0301l-logo.png","width":200,"height":142,"caption":"Jonatherm\u00e1l Gy\u00f3gy- \u00e9s \u00c9lm\u00e9nyf\u00fcrd\u0151, Motel, Kemping Kiskunmajsa"},"image":{"@id":"https:\/\/jonathermal.hu\/#\/schema\/logo\/image\/"},"sameAs":["https:\/\/www.facebook.com\/Jonathermal\/","https:\/\/www.instagram.com\/jonathermal\/","https:\/\/www.youtube.com\/channel\/UCTAd0tjGBgxWEJfuY378_Qw\/featured"]}]}},"_links":{"self":[{"href":"https:\/\/jonathermal.hu\/en\/wp-json\/wp\/v2\/pages\/745","targetHints":{"allow":["GET"]}}],"collection":[{"href":"https:\/\/jonathermal.hu\/en\/wp-json\/wp\/v2\/pages"}],"about":[{"href":"https:\/\/jonathermal.hu\/en\/wp-json\/wp\/v2\/types\/page"}],"author":[{"embeddable":true,"href":"https:\/\/jonathermal.hu\/en\/wp-json\/wp\/v2\/users\/1"}],"replies":[{"embeddable":true,"href":"https:\/\/jonathermal.hu\/en\/wp-json\/wp\/v2\/comments?post=745"}],"version-history":[{"count":0,"href":"https:\/\/jonathermal.hu\/en\/wp-json\/wp\/v2\/pages\/745\/revisions"}],"wp:attachment":[{"href":"https:\/\/jonathermal.hu\/en\/wp-json\/wp\/v2\/media?parent=745"}],"curies":[{"name":"wp","href":"https:\/\/api.w.org\/{rel}","templated":true}]}}