{"id":644,"date":"2022-02-16T09:35:01","date_gmt":"2022-02-16T09:35:01","guid":{"rendered":"https:\/\/jonathermal.hu\/?page_id=644"},"modified":"2022-03-14T08:31:42","modified_gmt":"2022-03-14T08:31:42","slug":"introduction","status":"publish","type":"page","link":"https:\/\/jonathermal.hu\/en\/bemutatkozas\/","title":{"rendered":"Introduction"},"content":{"rendered":"<div data-elementor-type=\"wp-page\" data-elementor-id=\"644\" class=\"elementor elementor-644\" data-elementor-post-type=\"page\">\n\t\t\t\t\t\t<section class=\"elementor-section elementor-top-section elementor-element elementor-element-4f424e7 elementor-section-boxed elementor-section-height-default elementor-section-height-default\" data-id=\"4f424e7\" data-element_type=\"section\" data-e-type=\"section\">\n\t\t\t\t\t\t<div class=\"elementor-container elementor-column-gap-default\">\n\t\t\t\t\t<div class=\"elementor-column elementor-col-100 elementor-top-column elementor-element elementor-element-bd118d5\" data-id=\"bd118d5\" data-element_type=\"column\" data-e-type=\"column\">\n\t\t\t<div class=\"elementor-widget-wrap elementor-element-populated\">\n\t\t\t\t\t\t<div class=\"elementor-element elementor-element-a8c685c elementor-widget elementor-widget-text-editor\" data-id=\"a8c685c\" data-element_type=\"widget\" data-e-type=\"widget\" data-no-translation=\"\" data-widget_type=\"text-editor.default\">\n\t\t\t\t<div class=\"elementor-widget-container\">\n\t\t\t\t\t<style>.elementor-element-a8c685c{display:none !important}<\/style>\t\t\t\t<\/div>\n\t\t\t\t<\/div>\n\t\t\t\t<div class=\"elementor-element elementor-element-4e9b310 elementor-widget elementor-widget-text-editor\" data-id=\"4e9b310\" data-element_type=\"widget\" data-e-type=\"widget\" data-no-translation=\"\" data-widget_type=\"text-editor.default\">\n\t\t\t\t<div class=\"elementor-widget-container\">\n\t\t\t\t\t<style>.elementor-element-4e9b310{display:none !important}<\/style>\t\t\t\t<\/div>\n\t\t\t\t<\/div>\n\t\t\t\t<div class=\"elementor-element elementor-element-a2d82f5 elementor-widget elementor-widget-text-editor\" data-id=\"a2d82f5\" data-element_type=\"widget\" data-e-type=\"widget\" data-no-translation=\"\" data-widget_type=\"text-editor.default\">\n\t\t\t\t<div class=\"elementor-widget-container\">\n\t\t\t\t\t\t\t\t\t<p>Dear Visitor!<br \/>A very warm welcome to our website!<br \/>Within this brief summary we present our wide-ranging services provided by<br \/>our spa and Aqua Park, our events and programs organized throughout the<br \/>year, along with our accommodation and dining facilities.<br \/>Jonathermal Spa and Aqua Park with a history of thirty-five years, is located in<br \/>Kiskunmajs, B\u00e1cs-Kiskun County. Jonathermal Motel Campsite and Kiskunmajs<br \/>Holiday Village are located next to the Spa, which together for more than three<br \/>decades have been enthusiastic hosts for those looking to spend their holidays<br \/>here.<\/p><p>Our Spa is a three-generation Spa, which operates constantly throughout the<br \/>year, where all members of the family can find their recreation in the<br \/>landscaped, sporting facilities included environment, in the indoor and outdoor<br \/>Spa, with slides, wave and adventure pools. You can make use of our<br \/>accommodation facilities throughout the year and taste the specialties of<br \/>nearby restaurants as well.<\/p><p>About our Bath services:<br \/>Our Bath is open all-year round. Except for the outdoor pool, most of our<br \/>thermal and spa pools are located in the indoor hall. Next to the huge side<br \/>windows of the hall, there are rows of loungers, sun loungers, allowing<br \/>sunbathing and relaxation.<br \/>Our adventure pool is open for Fridays\u2019 and Saturdays\u2019 night bathing in all<br \/>seasons. Regardless of age it provides an unforgettable experience with all of<br \/>its elements: \u2018hill slides\u2019, bubbly beds, water cave, geyser, hot spring pools,<br \/>water massagers, whitewater corridor, bubbly pools, rock fountain, water<br \/>mushroom&#8230;<\/p><p>Our slide park has two separate pool areas. For the little ones a small slide and<br \/>six experience elements are available with a 30-40cm water depth, while in the<br \/>other area there are four giant slides with different lengths and tilts.<br \/>Our wave pool with a water depth ranging from 10cm to 220 cm, which<br \/>produces waves up to 80cm has a sea-like atmosphere with four experience<br \/>elements.<\/p><p>Our lido with its natural water and deepening from 0-3 meters is usually open<br \/>from the 1st of June to the end of August. It is a popular sand castle building site.<br \/>On the plage thatched roof canopies provide cool shadow, and for the younger<br \/>ones inflatable floating aqua park elements present entertainment.<br \/>Our children\u2019s pool of 20-60 cm water depth has numerous experience<br \/>elements: water hedgehog, tilting bucket, small sized slides to serve the littlest<br \/>ones as well.<\/p><p>For the little ones furthermore, there are two playgrounds along with an indoor<br \/>play center that operates during summer which offers various games and skills<br \/>development opportunities.<br \/>Guests can enjoy therapeutic, refreshing and aroma massages, underwater<br \/>hydro massages, underwater therapeutic group exercise sessions, the sauna<br \/>island in the Spa hall, steam rooms and dipping pools.<br \/>In addition to the above mentioned, there are a number of wellness and sports<br \/>facilities available: various massages, saunas, tanning beds, as well as football<br \/>pitches, volleyball courts, giant chess, playgrounds, swing skittle etc.<br \/>These further broaden the range of services we provide to make the hours and<br \/>days the guests spend with us more exciting.<\/p><p>It is important to mention that throughout the year all pools, slide services,<br \/>saunas, salt caves, and Jacuzzis of the Spa can be used with a single Spa ticket.<br \/>On regular daytime opening hours from 9am to 7pm, and on Fridays\u2019 and<br \/>Saturdays\u2019 night baths from 8pm- 12pm.<\/p><p>Accommodation:<br \/>Quests arriving at Kiskunmajsa can find quality accommodations at the Motel<br \/>or campsite located in the immediate proximity of the Spa. Our 1-2-3 bed Motel<br \/>rooms, all-comfort wooden houses, apartments, holiday-village cottages -which<br \/>is located next to the Spa- and Mustang Ranch Pension are all ideal for families.<br \/>Guests arriving with tents and trailers are more than welcome to visit the<br \/>approximately 5-hectare campsite in a shaded, parkland setting.<\/p><p>Trips, events:<br \/>We await our quests with numerous events such as the Easter Campsitemeeting<br \/>located in the campsite, Lavender Harvest and the Harvest Festival as<br \/>well.<\/p><p>During the stay, our guests can take trips with their own or with rental bicycles.<br \/>From a touristic point of view, the new bike route is quite impressive, as it<br \/>travels through J\u00e1szszentl\u00e1szl\u00f3, M\u00f3ricg\u00e1t, and enters Bugac as well. It connects<br \/>the Kuskunmajsa Spa and Bugacpusztah\u00e1za. Several attractions can be viewed<br \/>during the trips.<\/p><p>Quests of the Spa and Motel are welcome to try the typical cuisine or<br \/>specialties of the area with high-quality service, at favorable rates at the<br \/>Term\u00e1l Bisztr\u00f3 and Restaurant, and at the L\u00f3pofa Cs\u00e1rda as well.<\/p><p>Accessibility:<br \/>Our Spa is easily accessible by car or bus from the M5 motorway. From Szeged,<br \/>from the direction of Kistelek- Budapest, by taking the Kiskunf\u00e9legyh\u00e1za exit.<br \/>Guests arriving by train can get to us by taking the regular services of M\u00c1V with<br \/>a Kiskunf\u00e9legyh\u00e1za interchange.<br \/>We look forward to having you among our guests!<\/p>\t\t\t\t\t\t\t\t<\/div>\n\t\t\t\t<\/div>\n\t\t\t\t<div class=\"elementor-element elementor-element-2b825ae elementor-widget elementor-widget-button\" data-id=\"2b825ae\" data-element_type=\"widget\" data-e-type=\"widget\" data-no-translation=\"\" data-widget_type=\"button.default\">\n\t\t\t\t<div class=\"elementor-widget-container\">\n\t\t\t\t\t<style>.elementor-element-2b825ae{display:none !important}<\/style>\t\t\t\t<\/div>\n\t\t\t\t<\/div>\n\t\t\t\t\t<\/div>\n\t\t<\/div>\n\t\t\t\t\t<\/div>\n\t\t<\/section>\n\t\t\t\t<\/div>","protected":false},"excerpt":{"rendered":"<p>Kedves L\u00e1togat\u00f3! Szeretettel \u00fcdv\u00f6z\u00f6lj\u00fck honlapunkon! Ebben a r\u00f6vid \u00f6sszefoglal\u00f3ban mutatjuk be gy\u00f3gy-\u00e9s \u00e9lm\u00e9nyf\u00fcrd\u0151nk \u00e1ltal ny\u00fajtott sz\u00e9lesk\u00f6r\u0171 szolg\u00e1ltat\u00e1sainkat, eg\u00e9sz \u00e9vben megrendez\u00e9sre ker\u00fcl\u0151 rendezv\u00e9nyeinket \u00e9s programjainkat, valamint az \u00e1ltalunk ny\u00fajtott sz\u00e1ll\u00e1s \u00e9s \u00e9tkez\u00e9si lehet\u0151s\u00e9geket. A harminc\u00f6t \u00e9ves m\u00faltra visszatekint\u0151 Jonatherm\u00e1l Gy\u00f3gy &#8211; \u00e9s \u00c9lm\u00e9nyf\u00fcrd\u0151, Kiskunmajs\u00e1n, B\u00e1cs-Kiskun megy\u00e9ben tal\u00e1lhat\u00f3. A f\u00fcrd\u0151 mellett foglal helyet a Jonatherm\u00e1l Motel Kempingje [&hellip;]<\/p>\n","protected":false},"author":1,"featured_media":0,"parent":0,"menu_order":0,"comment_status":"closed","ping_status":"closed","template":"","meta":{"site-sidebar-layout":"no-sidebar","site-content-layout":"page-builder","ast-site-content-layout":"default","site-content-style":"default","site-sidebar-style":"default","ast-global-header-display":"","ast-banner-title-visibility":"","ast-main-header-display":"","ast-hfb-above-header-display":"","ast-hfb-below-header-display":"","ast-hfb-mobile-header-display":"","site-post-title":"disabled","ast-breadcrumbs-content":"","ast-featured-img":"disabled","footer-sml-layout":"","ast-disable-related-posts":"","theme-transparent-header-meta":"","adv-header-id-meta":"","stick-header-meta":"","header-above-stick-meta":"","header-main-stick-meta":"","header-below-stick-meta":"","astra-migrate-meta-layouts":"default","ast-page-background-enabled":"default","ast-page-background-meta":{"desktop":{"background-color":"var(--ast-global-color-4)","background-image":"","background-repeat":"repeat","background-position":"center center","background-size":"auto","background-attachment":"scroll","background-type":"","background-media":"","overlay-type":"","overlay-color":"","overlay-opacity":"","overlay-gradient":""},"tablet":{"background-color":"","background-image":"","background-repeat":"repeat","background-position":"center center","background-size":"auto","background-attachment":"scroll","background-type":"","background-media":"","overlay-type":"","overlay-color":"","overlay-opacity":"","overlay-gradient":""},"mobile":{"background-color":"","background-image":"","background-repeat":"repeat","background-position":"center center","background-size":"auto","background-attachment":"scroll","background-type":"","background-media":"","overlay-type":"","overlay-color":"","overlay-opacity":"","overlay-gradient":""}},"ast-content-background-meta":{"desktop":{"background-color":"var(--ast-global-color-5)","background-image":"","background-repeat":"repeat","background-position":"center center","background-size":"auto","background-attachment":"scroll","background-type":"","background-media":"","overlay-type":"","overlay-color":"","overlay-opacity":"","overlay-gradient":""},"tablet":{"background-color":"var(--ast-global-color-5)","background-image":"","background-repeat":"repeat","background-position":"center center","background-size":"auto","background-attachment":"scroll","background-type":"","background-media":"","overlay-type":"","overlay-color":"","overlay-opacity":"","overlay-gradient":""},"mobile":{"background-color":"var(--ast-global-color-5)","background-image":"","background-repeat":"repeat","background-position":"center center","background-size":"auto","background-attachment":"scroll","background-type":"","background-media":"","overlay-type":"","overlay-color":"","overlay-opacity":"","overlay-gradient":""}},"footnotes":""},"class_list":["post-644","page","type-page","status-publish","hentry"],"yoast_head":"<!-- This site is optimized with the Yoast SEO Premium plugin v27.4 (Yoast SEO v27.4) - https:\/\/yoast.com\/product\/yoast-seo-premium-wordpress\/ -->\n<title>Bemutatkoz\u00e1s - Jonatherm\u00e1l Gy\u00f3gy- \u00e9s \u00c9lm\u00e9nyf\u00fcrd\u0151, Motel, Kemping<\/title>\n<meta name=\"robots\" content=\"index, follow, max-snippet:-1, max-image-preview:large, max-video-preview:-1\" \/>\n<link rel=\"canonical\" href=\"https:\/\/jonathermal.hu\/en\/introduction\/\" \/>\n<meta property=\"og:locale\" content=\"en_US\" \/>\n<meta property=\"og:type\" content=\"article\" \/>\n<meta property=\"og:title\" content=\"Bemutatkoz\u00e1s\" \/>\n<meta property=\"og:description\" content=\"Kedves L\u00e1togat\u00f3! Szeretettel \u00fcdv\u00f6z\u00f6lj\u00fck honlapunkon! Ebben a r\u00f6vid \u00f6sszefoglal\u00f3ban mutatjuk be gy\u00f3gy-\u00e9s \u00e9lm\u00e9nyf\u00fcrd\u0151nk \u00e1ltal ny\u00fajtott sz\u00e9lesk\u00f6r\u0171 szolg\u00e1ltat\u00e1sainkat, eg\u00e9sz \u00e9vben megrendez\u00e9sre ker\u00fcl\u0151 rendezv\u00e9nyeinket \u00e9s programjainkat, valamint az \u00e1ltalunk ny\u00fajtott sz\u00e1ll\u00e1s \u00e9s \u00e9tkez\u00e9si lehet\u0151s\u00e9geket. A harminc\u00f6t \u00e9ves m\u00faltra visszatekint\u0151 Jonatherm\u00e1l Gy\u00f3gy &#8211; \u00e9s \u00c9lm\u00e9nyf\u00fcrd\u0151, Kiskunmajs\u00e1n, B\u00e1cs-Kiskun megy\u00e9ben tal\u00e1lhat\u00f3. A f\u00fcrd\u0151 mellett foglal helyet a Jonatherm\u00e1l Motel Kempingje [&hellip;]\" \/>\n<meta property=\"og:url\" content=\"https:\/\/jonathermal.hu\/en\/introduction\/\" \/>\n<meta property=\"og:site_name\" content=\"Jonatherm\u00e1l Gy\u00f3gy- \u00e9s \u00c9lm\u00e9nyf\u00fcrd\u0151, Motel, Kemping\" \/>\n<meta property=\"article:publisher\" content=\"https:\/\/www.facebook.com\/Jonathermal\/\" \/>\n<meta property=\"article:modified_time\" content=\"2022-03-14T08:31:42+00:00\" \/>\n<meta name=\"twitter:card\" content=\"summary_large_image\" \/>\n<script type=\"application\/ld+json\" class=\"yoast-schema-graph\">{\"@context\":\"https:\\\/\\\/schema.org\",\"@graph\":[{\"@type\":\"WebPage\",\"@id\":\"https:\\\/\\\/jonathermal.hu\\\/bemutatkozas\\\/\",\"url\":\"https:\\\/\\\/jonathermal.hu\\\/bemutatkozas\\\/\",\"name\":\"Bemutatkoz\u00e1s - Jonatherm\u00e1l Gy\u00f3gy- \u00e9s \u00c9lm\u00e9nyf\u00fcrd\u0151, Motel, Kemping\",\"isPartOf\":{\"@id\":\"https:\\\/\\\/jonathermal.hu\\\/#website\"},\"datePublished\":\"2022-02-16T09:35:01+00:00\",\"dateModified\":\"2022-03-14T08:31:42+00:00\",\"breadcrumb\":{\"@id\":\"https:\\\/\\\/jonathermal.hu\\\/bemutatkozas\\\/#breadcrumb\"},\"inLanguage\":\"en-US\",\"potentialAction\":[{\"@type\":\"ReadAction\",\"target\":[\"https:\\\/\\\/jonathermal.hu\\\/bemutatkozas\\\/\"]}]},{\"@type\":\"BreadcrumbList\",\"@id\":\"https:\\\/\\\/jonathermal.hu\\\/bemutatkozas\\\/#breadcrumb\",\"itemListElement\":[{\"@type\":\"ListItem\",\"position\":1,\"name\":\"Kezd\u0151lap\",\"item\":\"https:\\\/\\\/jonathermal.hu\\\/\"},{\"@type\":\"ListItem\",\"position\":2,\"name\":\"Bemutatkoz\u00e1s\"}]},{\"@type\":\"WebSite\",\"@id\":\"https:\\\/\\\/jonathermal.hu\\\/#website\",\"url\":\"https:\\\/\\\/jonathermal.hu\\\/\",\"name\":\"Jonatherm\u00e1l Gy\u00f3gy- \u00e9s \u00c9lm\u00e9nyf\u00fcrd\u0151, Motel, Kemping\",\"description\":\"Kiskunmajsa\",\"publisher\":{\"@id\":\"https:\\\/\\\/jonathermal.hu\\\/#organization\"},\"potentialAction\":[{\"@type\":\"SearchAction\",\"target\":{\"@type\":\"EntryPoint\",\"urlTemplate\":\"https:\\\/\\\/jonathermal.hu\\\/?s={search_term_string}\"},\"query-input\":{\"@type\":\"PropertyValueSpecification\",\"valueRequired\":true,\"valueName\":\"search_term_string\"}}],\"inLanguage\":\"en-US\"},{\"@type\":\"Organization\",\"@id\":\"https:\\\/\\\/jonathermal.hu\\\/#organization\",\"name\":\"Jonatherm\u00e1l Gy\u00f3gy- \u00e9s \u00c9lm\u00e9nyf\u00fcrd\u0151, Motel, Kemping Kiskunmajsa\",\"url\":\"https:\\\/\\\/jonathermal.hu\\\/\",\"logo\":{\"@type\":\"ImageObject\",\"inLanguage\":\"en-US\",\"@id\":\"https:\\\/\\\/jonathermal.hu\\\/#\\\/schema\\\/logo\\\/image\\\/\",\"url\":\"https:\\\/\\\/jonathermal.hu\\\/wp-content\\\/uploads\\\/2022\\\/02\\\/jonatherma\u0301l-logo.png\",\"contentUrl\":\"https:\\\/\\\/jonathermal.hu\\\/wp-content\\\/uploads\\\/2022\\\/02\\\/jonatherma\u0301l-logo.png\",\"width\":200,\"height\":142,\"caption\":\"Jonatherm\u00e1l Gy\u00f3gy- \u00e9s \u00c9lm\u00e9nyf\u00fcrd\u0151, Motel, Kemping Kiskunmajsa\"},\"image\":{\"@id\":\"https:\\\/\\\/jonathermal.hu\\\/#\\\/schema\\\/logo\\\/image\\\/\"},\"sameAs\":[\"https:\\\/\\\/www.facebook.com\\\/Jonathermal\\\/\",\"https:\\\/\\\/www.instagram.com\\\/jonathermal\\\/\",\"https:\\\/\\\/www.youtube.com\\\/channel\\\/UCTAd0tjGBgxWEJfuY378_Qw\\\/featured\"]}]}<\/script>\n<!-- \/ Yoast SEO Premium plugin. -->","yoast_head_json":{"title":"Bemutatkoz\u00e1s - Jonatherm\u00e1l Gy\u00f3gy- \u00e9s \u00c9lm\u00e9nyf\u00fcrd\u0151, Motel, Kemping","robots":{"index":"index","follow":"follow","max-snippet":"max-snippet:-1","max-image-preview":"max-image-preview:large","max-video-preview":"max-video-preview:-1"},"canonical":"https:\/\/jonathermal.hu\/en\/introduction\/","og_locale":"en_US","og_type":"article","og_title":"Bemutatkoz\u00e1s","og_description":"Kedves L\u00e1togat\u00f3! Szeretettel \u00fcdv\u00f6z\u00f6lj\u00fck honlapunkon! Ebben a r\u00f6vid \u00f6sszefoglal\u00f3ban mutatjuk be gy\u00f3gy-\u00e9s \u00e9lm\u00e9nyf\u00fcrd\u0151nk \u00e1ltal ny\u00fajtott sz\u00e9lesk\u00f6r\u0171 szolg\u00e1ltat\u00e1sainkat, eg\u00e9sz \u00e9vben megrendez\u00e9sre ker\u00fcl\u0151 rendezv\u00e9nyeinket \u00e9s programjainkat, valamint az \u00e1ltalunk ny\u00fajtott sz\u00e1ll\u00e1s \u00e9s \u00e9tkez\u00e9si lehet\u0151s\u00e9geket. A harminc\u00f6t \u00e9ves m\u00faltra visszatekint\u0151 Jonatherm\u00e1l Gy\u00f3gy &#8211; \u00e9s \u00c9lm\u00e9nyf\u00fcrd\u0151, Kiskunmajs\u00e1n, B\u00e1cs-Kiskun megy\u00e9ben tal\u00e1lhat\u00f3. A f\u00fcrd\u0151 mellett foglal helyet a Jonatherm\u00e1l Motel Kempingje [&hellip;]","og_url":"https:\/\/jonathermal.hu\/en\/introduction\/","og_site_name":"Jonatherm\u00e1l Gy\u00f3gy- \u00e9s \u00c9lm\u00e9nyf\u00fcrd\u0151, Motel, Kemping","article_publisher":"https:\/\/www.facebook.com\/Jonathermal\/","article_modified_time":"2022-03-14T08:31:42+00:00","twitter_card":"summary_large_image","schema":{"@context":"https:\/\/schema.org","@graph":[{"@type":"WebPage","@id":"https:\/\/jonathermal.hu\/bemutatkozas\/","url":"https:\/\/jonathermal.hu\/bemutatkozas\/","name":"Bemutatkoz\u00e1s - Jonatherm\u00e1l Gy\u00f3gy- \u00e9s \u00c9lm\u00e9nyf\u00fcrd\u0151, Motel, Kemping","isPartOf":{"@id":"https:\/\/jonathermal.hu\/#website"},"datePublished":"2022-02-16T09:35:01+00:00","dateModified":"2022-03-14T08:31:42+00:00","breadcrumb":{"@id":"https:\/\/jonathermal.hu\/bemutatkozas\/#breadcrumb"},"inLanguage":"en-US","potentialAction":[{"@type":"ReadAction","target":["https:\/\/jonathermal.hu\/bemutatkozas\/"]}]},{"@type":"BreadcrumbList","@id":"https:\/\/jonathermal.hu\/bemutatkozas\/#breadcrumb","itemListElement":[{"@type":"ListItem","position":1,"name":"Kezd\u0151lap","item":"https:\/\/jonathermal.hu\/"},{"@type":"ListItem","position":2,"name":"Bemutatkoz\u00e1s"}]},{"@type":"WebSite","@id":"https:\/\/jonathermal.hu\/#website","url":"https:\/\/jonathermal.hu\/","name":"Jonatherm\u00e1l Gy\u00f3gy- \u00e9s \u00c9lm\u00e9nyf\u00fcrd\u0151, Motel, Kemping","description":"Kiskunmajsa","publisher":{"@id":"https:\/\/jonathermal.hu\/#organization"},"potentialAction":[{"@type":"SearchAction","target":{"@type":"EntryPoint","urlTemplate":"https:\/\/jonathermal.hu\/?s={search_term_string}"},"query-input":{"@type":"PropertyValueSpecification","valueRequired":true,"valueName":"search_term_string"}}],"inLanguage":"en-US"},{"@type":"Organization","@id":"https:\/\/jonathermal.hu\/#organization","name":"Jonatherm\u00e1l Gy\u00f3gy- \u00e9s \u00c9lm\u00e9nyf\u00fcrd\u0151, Motel, Kemping Kiskunmajsa","url":"https:\/\/jonathermal.hu\/","logo":{"@type":"ImageObject","inLanguage":"en-US","@id":"https:\/\/jonathermal.hu\/#\/schema\/logo\/image\/","url":"https:\/\/jonathermal.hu\/wp-content\/uploads\/2022\/02\/jonatherma\u0301l-logo.png","contentUrl":"https:\/\/jonathermal.hu\/wp-content\/uploads\/2022\/02\/jonatherma\u0301l-logo.png","width":200,"height":142,"caption":"Jonatherm\u00e1l Gy\u00f3gy- \u00e9s \u00c9lm\u00e9nyf\u00fcrd\u0151, Motel, Kemping Kiskunmajsa"},"image":{"@id":"https:\/\/jonathermal.hu\/#\/schema\/logo\/image\/"},"sameAs":["https:\/\/www.facebook.com\/Jonathermal\/","https:\/\/www.instagram.com\/jonathermal\/","https:\/\/www.youtube.com\/channel\/UCTAd0tjGBgxWEJfuY378_Qw\/featured"]}]}},"_links":{"self":[{"href":"https:\/\/jonathermal.hu\/en\/wp-json\/wp\/v2\/pages\/644","targetHints":{"allow":["GET"]}}],"collection":[{"href":"https:\/\/jonathermal.hu\/en\/wp-json\/wp\/v2\/pages"}],"about":[{"href":"https:\/\/jonathermal.hu\/en\/wp-json\/wp\/v2\/types\/page"}],"author":[{"embeddable":true,"href":"https:\/\/jonathermal.hu\/en\/wp-json\/wp\/v2\/users\/1"}],"replies":[{"embeddable":true,"href":"https:\/\/jonathermal.hu\/en\/wp-json\/wp\/v2\/comments?post=644"}],"version-history":[{"count":0,"href":"https:\/\/jonathermal.hu\/en\/wp-json\/wp\/v2\/pages\/644\/revisions"}],"wp:attachment":[{"href":"https:\/\/jonathermal.hu\/en\/wp-json\/wp\/v2\/media?parent=644"}],"curies":[{"name":"wp","href":"https:\/\/api.w.org\/{rel}","templated":true}]}}