{"id":564,"date":"2022-02-16T08:45:26","date_gmt":"2022-02-16T08:45:26","guid":{"rendered":"https:\/\/jonathermal.hu\/?page_id=564"},"modified":"2024-05-14T08:36:14","modified_gmt":"2024-05-14T08:36:14","slug":"furdo","status":"publish","type":"page","link":"https:\/\/jonathermal.hu\/en\/furdo\/","title":{"rendered":"Bath"},"content":{"rendered":"\t\t<div data-elementor-type=\"wp-page\" data-elementor-id=\"564\" class=\"elementor elementor-564\" data-elementor-post-type=\"page\">\n\t\t\t\t\t\t<section class=\"elementor-section elementor-top-section elementor-element elementor-element-cd40c4a elementor-section-boxed elementor-section-height-default elementor-section-height-default elementor-invisible\" data-id=\"cd40c4a\" data-element_type=\"section\" data-e-type=\"section\" data-settings=\"{&quot;background_background&quot;:&quot;slideshow&quot;,&quot;background_slideshow_gallery&quot;:[{&quot;id&quot;:2786,&quot;url&quot;:&quot;https:\\\/\\\/jonathermal.hu\\\/wp-content\\\/uploads\\\/2022\\\/03\\\/jonathermal-cover1.jpg&quot;},{&quot;id&quot;:2787,&quot;url&quot;:&quot;https:\\\/\\\/jonathermal.hu\\\/wp-content\\\/uploads\\\/2022\\\/03\\\/jonathermal-cover2.jpg&quot;},{&quot;id&quot;:2788,&quot;url&quot;:&quot;https:\\\/\\\/jonathermal.hu\\\/wp-content\\\/uploads\\\/2022\\\/03\\\/jonathermal-cover3.jpg&quot;},{&quot;id&quot;:2789,&quot;url&quot;:&quot;https:\\\/\\\/jonathermal.hu\\\/wp-content\\\/uploads\\\/2022\\\/03\\\/jonathermal-cover4.jpg&quot;},{&quot;id&quot;:2790,&quot;url&quot;:&quot;https:\\\/\\\/jonathermal.hu\\\/wp-content\\\/uploads\\\/2022\\\/03\\\/jonathermal-cover5.jpg&quot;}],&quot;background_slideshow_transition_duration&quot;:600,&quot;background_slideshow_ken_burns&quot;:&quot;yes&quot;,&quot;animation&quot;:&quot;fadeIn&quot;,&quot;background_slideshow_loop&quot;:&quot;yes&quot;,&quot;background_slideshow_slide_duration&quot;:5000,&quot;background_slideshow_slide_transition&quot;:&quot;fade&quot;,&quot;background_slideshow_ken_burns_zoom_direction&quot;:&quot;in&quot;}\">\n\t\t\t\t\t\t\t<div class=\"elementor-background-overlay\"><\/div>\n\t\t\t\t\t\t\t<div class=\"elementor-container elementor-column-gap-default\">\n\t\t\t\t\t<div class=\"elementor-column elementor-col-100 elementor-top-column elementor-element elementor-element-c6aa260\" data-id=\"c6aa260\" data-element_type=\"column\" data-e-type=\"column\">\n\t\t\t<div class=\"elementor-widget-wrap elementor-element-populated\">\n\t\t\t\t\t\t<div class=\"elementor-element elementor-element-5244a56 elementor-widget elementor-widget-woocommerce-breadcrumb\" data-id=\"5244a56\" data-element_type=\"widget\" data-e-type=\"widget\" data-widget_type=\"woocommerce-breadcrumb.default\">\n\t\t\t\t<div class=\"elementor-widget-container\">\n\t\t\t\t\t<nav class=\"woocommerce-breadcrumb\" aria-label=\"Breadcrumb\">Home<\/nav>\t\t\t\t<\/div>\n\t\t\t\t<\/div>\n\t\t\t\t\t<\/div>\n\t\t<\/div>\n\t\t\t\t\t<\/div>\n\t\t<\/section>\n\t\t\t\t<section class=\"elementor-section elementor-top-section elementor-element elementor-element-5a8eeedb elementor-section-boxed elementor-section-height-default elementor-section-height-default\" data-id=\"5a8eeedb\" data-element_type=\"section\" data-e-type=\"section\">\n\t\t\t\t\t\t<div class=\"elementor-container elementor-column-gap-default\">\n\t\t\t\t\t<div class=\"elementor-column elementor-col-33 elementor-top-column elementor-element elementor-element-16dbbe84\" data-id=\"16dbbe84\" data-element_type=\"column\" data-e-type=\"column\">\n\t\t\t<div class=\"elementor-widget-wrap elementor-element-populated\">\n\t\t\t\t\t\t<section class=\"elementor-section elementor-inner-section elementor-element elementor-element-6007bbfd elementor-section-boxed elementor-section-height-default elementor-section-height-default\" data-id=\"6007bbfd\" data-element_type=\"section\" data-e-type=\"section\" data-settings=\"{&quot;background_background&quot;:&quot;classic&quot;}\">\n\t\t\t\t\t\t<div class=\"elementor-container elementor-column-gap-default\">\n\t\t\t\t\t<div class=\"elementor-column elementor-col-100 elementor-inner-column elementor-element elementor-element-565a9284\" data-id=\"565a9284\" data-element_type=\"column\" data-e-type=\"column\" data-settings=\"{&quot;background_background&quot;:&quot;classic&quot;}\">\n\t\t\t<div class=\"elementor-widget-wrap elementor-element-populated\">\n\t\t\t\t\t\t<div class=\"elementor-element elementor-element-64a32f90 elementor-widget elementor-widget-heading\" data-id=\"64a32f90\" data-element_type=\"widget\" data-e-type=\"widget\" data-widget_type=\"heading.default\">\n\t\t\t\t<div class=\"elementor-widget-container\">\n\t\t\t\t\t<h3 class=\"elementor-heading-title elementor-size-default\"><a href=\"https:\/\/jonathermal.hu\/furdo\/gyogyfurdo\/\">Gy\u00f3gyf\u00fcrd\u0151<\/a><\/h3>\t\t\t\t<\/div>\n\t\t\t\t<\/div>\n\t\t\t\t\t<\/div>\n\t\t<\/div>\n\t\t\t\t\t<\/div>\n\t\t<\/section>\n\t\t\t\t\t<\/div>\n\t\t<\/div>\n\t\t\t\t<div class=\"elementor-column elementor-col-33 elementor-top-column elementor-element elementor-element-13f8580d\" data-id=\"13f8580d\" data-element_type=\"column\" data-e-type=\"column\">\n\t\t\t<div class=\"elementor-widget-wrap elementor-element-populated\">\n\t\t\t\t\t\t<section class=\"elementor-section elementor-inner-section elementor-element elementor-element-29bd5521 elementor-section-boxed elementor-section-height-default elementor-section-height-default\" data-id=\"29bd5521\" data-element_type=\"section\" data-e-type=\"section\" data-settings=\"{&quot;background_background&quot;:&quot;classic&quot;}\">\n\t\t\t\t\t\t<div class=\"elementor-container elementor-column-gap-default\">\n\t\t\t\t\t<div class=\"elementor-column elementor-col-100 elementor-inner-column elementor-element elementor-element-5a45e626\" data-id=\"5a45e626\" data-element_type=\"column\" data-e-type=\"column\" data-settings=\"{&quot;background_background&quot;:&quot;classic&quot;}\">\n\t\t\t<div class=\"elementor-widget-wrap elementor-element-populated\">\n\t\t\t\t\t\t<div class=\"elementor-element elementor-element-29b9ec5f elementor-widget elementor-widget-heading\" data-id=\"29b9ec5f\" data-element_type=\"widget\" data-e-type=\"widget\" data-widget_type=\"heading.default\">\n\t\t\t\t<div class=\"elementor-widget-container\">\n\t\t\t\t\t<h3 class=\"elementor-heading-title elementor-size-default\"><a href=\"https:\/\/jonathermal.hu\/furdo\/elmenyfurdo\/\">\u00c9lm\u00e9nyf\u00fcrd\u0151<\/a><\/h3>\t\t\t\t<\/div>\n\t\t\t\t<\/div>\n\t\t\t\t\t<\/div>\n\t\t<\/div>\n\t\t\t\t\t<\/div>\n\t\t<\/section>\n\t\t\t\t\t<\/div>\n\t\t<\/div>\n\t\t\t\t<div class=\"elementor-column elementor-col-33 elementor-top-column elementor-element elementor-element-605064dd\" data-id=\"605064dd\" data-element_type=\"column\" data-e-type=\"column\">\n\t\t\t<div class=\"elementor-widget-wrap elementor-element-populated\">\n\t\t\t\t\t\t<section class=\"elementor-section elementor-inner-section elementor-element elementor-element-73a03aaa elementor-section-boxed elementor-section-height-default elementor-section-height-default\" data-id=\"73a03aaa\" data-element_type=\"section\" data-e-type=\"section\" data-settings=\"{&quot;background_background&quot;:&quot;classic&quot;}\">\n\t\t\t\t\t\t<div class=\"elementor-container elementor-column-gap-default\">\n\t\t\t\t\t<div class=\"elementor-column elementor-col-100 elementor-inner-column elementor-element elementor-element-1b7e91f2\" data-id=\"1b7e91f2\" data-element_type=\"column\" data-e-type=\"column\" data-settings=\"{&quot;background_background&quot;:&quot;classic&quot;}\">\n\t\t\t<div class=\"elementor-widget-wrap elementor-element-populated\">\n\t\t\t\t\t\t<div class=\"elementor-element elementor-element-28bc8553 elementor-widget elementor-widget-heading\" data-id=\"28bc8553\" data-element_type=\"widget\" data-e-type=\"widget\" data-widget_type=\"heading.default\">\n\t\t\t\t<div class=\"elementor-widget-container\">\n\t\t\t\t\t<h3 class=\"elementor-heading-title elementor-size-default\"><a href=\"https:\/\/jonathermal.hu\/furdo\/csuszdapark\/\">Cs\u00faszdapark<\/a><\/h3>\t\t\t\t<\/div>\n\t\t\t\t<\/div>\n\t\t\t\t\t<\/div>\n\t\t<\/div>\n\t\t\t\t\t<\/div>\n\t\t<\/section>\n\t\t\t\t\t<\/div>\n\t\t<\/div>\n\t\t\t\t\t<\/div>\n\t\t<\/section>\n\t\t\t\t<section class=\"elementor-section elementor-top-section elementor-element elementor-element-c2f4055 elementor-section-boxed elementor-section-height-default elementor-section-height-default\" data-id=\"c2f4055\" data-element_type=\"section\" data-e-type=\"section\">\n\t\t\t\t\t\t<div class=\"elementor-container elementor-column-gap-default\">\n\t\t\t\t\t<div class=\"elementor-column elementor-col-33 elementor-top-column elementor-element elementor-element-17204f8\" data-id=\"17204f8\" data-element_type=\"column\" data-e-type=\"column\">\n\t\t\t<div class=\"elementor-widget-wrap elementor-element-populated\">\n\t\t\t\t\t\t<section class=\"elementor-section elementor-inner-section elementor-element elementor-element-fed8a45 elementor-section-boxed elementor-section-height-default elementor-section-height-default\" data-id=\"fed8a45\" data-element_type=\"section\" data-e-type=\"section\" data-settings=\"{&quot;background_background&quot;:&quot;classic&quot;}\">\n\t\t\t\t\t\t<div class=\"elementor-container elementor-column-gap-default\">\n\t\t\t\t\t<div class=\"elementor-column elementor-col-100 elementor-inner-column elementor-element elementor-element-ba44bea\" data-id=\"ba44bea\" data-element_type=\"column\" data-e-type=\"column\" data-settings=\"{&quot;background_background&quot;:&quot;classic&quot;}\">\n\t\t\t<div class=\"elementor-widget-wrap elementor-element-populated\">\n\t\t\t\t\t\t<div class=\"elementor-element elementor-element-37eaaee elementor-widget elementor-widget-heading\" data-id=\"37eaaee\" data-element_type=\"widget\" data-e-type=\"widget\" data-widget_type=\"heading.default\">\n\t\t\t\t<div class=\"elementor-widget-container\">\n\t\t\t\t\t<h3 class=\"elementor-heading-title elementor-size-default\"><a href=\"https:\/\/jonathermal.hu\/furdo\/hullamfurdo\/\">Hull\u00e1mf\u00fcrd\u0151<\/a><\/h3>\t\t\t\t<\/div>\n\t\t\t\t<\/div>\n\t\t\t\t\t<\/div>\n\t\t<\/div>\n\t\t\t\t\t<\/div>\n\t\t<\/section>\n\t\t\t\t\t<\/div>\n\t\t<\/div>\n\t\t\t\t<div class=\"elementor-column elementor-col-33 elementor-top-column elementor-element elementor-element-a3d8525\" data-id=\"a3d8525\" data-element_type=\"column\" data-e-type=\"column\">\n\t\t\t<div class=\"elementor-widget-wrap elementor-element-populated\">\n\t\t\t\t\t\t<section class=\"elementor-section elementor-inner-section elementor-element elementor-element-d9f00c9 elementor-section-boxed elementor-section-height-default elementor-section-height-default\" data-id=\"d9f00c9\" data-element_type=\"section\" data-e-type=\"section\" data-settings=\"{&quot;background_background&quot;:&quot;classic&quot;}\">\n\t\t\t\t\t\t<div class=\"elementor-container elementor-column-gap-default\">\n\t\t\t\t\t<div class=\"elementor-column elementor-col-100 elementor-inner-column elementor-element elementor-element-8e5325e\" data-id=\"8e5325e\" data-element_type=\"column\" data-e-type=\"column\" data-settings=\"{&quot;background_background&quot;:&quot;classic&quot;}\">\n\t\t\t<div class=\"elementor-widget-wrap elementor-element-populated\">\n\t\t\t\t\t\t<div class=\"elementor-element elementor-element-6bacfa7 elementor-widget elementor-widget-heading\" data-id=\"6bacfa7\" data-element_type=\"widget\" data-e-type=\"widget\" data-widget_type=\"heading.default\">\n\t\t\t\t<div class=\"elementor-widget-container\">\n\t\t\t\t\t<h3 class=\"elementor-heading-title elementor-size-default\"><a href=\"https:\/\/jonathermal.hu\/furdo\/gyermekmedence\/\">Gyermekmedence<\/a><\/h3>\t\t\t\t<\/div>\n\t\t\t\t<\/div>\n\t\t\t\t\t<\/div>\n\t\t<\/div>\n\t\t\t\t\t<\/div>\n\t\t<\/section>\n\t\t\t\t\t<\/div>\n\t\t<\/div>\n\t\t\t\t<div class=\"elementor-column elementor-col-33 elementor-top-column elementor-element elementor-element-385ed1b\" data-id=\"385ed1b\" data-element_type=\"column\" data-e-type=\"column\">\n\t\t\t<div class=\"elementor-widget-wrap elementor-element-populated\">\n\t\t\t\t\t\t<section class=\"elementor-section elementor-inner-section elementor-element elementor-element-4d2a537 elementor-section-boxed elementor-section-height-default elementor-section-height-default\" data-id=\"4d2a537\" data-element_type=\"section\" data-e-type=\"section\" data-settings=\"{&quot;background_background&quot;:&quot;classic&quot;}\">\n\t\t\t\t\t\t<div class=\"elementor-container elementor-column-gap-default\">\n\t\t\t\t\t<div class=\"elementor-column elementor-col-100 elementor-inner-column elementor-element elementor-element-7b160f1\" data-id=\"7b160f1\" data-element_type=\"column\" data-e-type=\"column\" data-settings=\"{&quot;background_background&quot;:&quot;classic&quot;}\">\n\t\t\t<div class=\"elementor-widget-wrap elementor-element-populated\">\n\t\t\t\t\t\t<div class=\"elementor-element elementor-element-9472334 elementor-widget elementor-widget-heading\" data-id=\"9472334\" data-element_type=\"widget\" data-e-type=\"widget\" data-widget_type=\"heading.default\">\n\t\t\t\t<div class=\"elementor-widget-container\">\n\t\t\t\t\t<h3 class=\"elementor-heading-title elementor-size-default\"><a href=\"https:\/\/jonathermal.hu\/furdo\/uszoda\/\">Uszoda<\/a><\/h3>\t\t\t\t<\/div>\n\t\t\t\t<\/div>\n\t\t\t\t\t<\/div>\n\t\t<\/div>\n\t\t\t\t\t<\/div>\n\t\t<\/section>\n\t\t\t\t\t<\/div>\n\t\t<\/div>\n\t\t\t\t\t<\/div>\n\t\t<\/section>\n\t\t\t\t<section class=\"elementor-section elementor-top-section elementor-element elementor-element-4c80a1c elementor-section-boxed elementor-section-height-default elementor-section-height-default\" data-id=\"4c80a1c\" data-element_type=\"section\" data-e-type=\"section\">\n\t\t\t\t\t\t<div class=\"elementor-container elementor-column-gap-default\">\n\t\t\t\t\t<div class=\"elementor-column elementor-col-33 elementor-top-column elementor-element elementor-element-bd171e6\" data-id=\"bd171e6\" data-element_type=\"column\" data-e-type=\"column\">\n\t\t\t<div class=\"elementor-widget-wrap elementor-element-populated\">\n\t\t\t\t\t\t<section class=\"elementor-section elementor-inner-section elementor-element elementor-element-c0e0d12 elementor-section-boxed elementor-section-height-default elementor-section-height-default\" data-id=\"c0e0d12\" data-element_type=\"section\" data-e-type=\"section\" data-settings=\"{&quot;background_background&quot;:&quot;classic&quot;}\">\n\t\t\t\t\t\t<div class=\"elementor-container elementor-column-gap-default\">\n\t\t\t\t\t<div class=\"elementor-column elementor-col-100 elementor-inner-column elementor-element elementor-element-31b2f59\" data-id=\"31b2f59\" data-element_type=\"column\" data-e-type=\"column\" data-settings=\"{&quot;background_background&quot;:&quot;classic&quot;}\">\n\t\t\t<div class=\"elementor-widget-wrap elementor-element-populated\">\n\t\t\t\t\t\t<div class=\"elementor-element elementor-element-b607dc8 elementor-widget elementor-widget-heading\" data-id=\"b607dc8\" data-element_type=\"widget\" data-e-type=\"widget\" data-widget_type=\"heading.default\">\n\t\t\t\t<div class=\"elementor-widget-container\">\n\t\t\t\t\t<h3 class=\"elementor-heading-title elementor-size-default\"><a href=\"https:\/\/jonathermal.hu\/furdo\/uszo-aquapark-es-strandfurdo\/\">\u00dasz\u00f3 aquapark \u00e9s strandf\u00fcrd\u0151<\/a><\/h3>\t\t\t\t<\/div>\n\t\t\t\t<\/div>\n\t\t\t\t\t<\/div>\n\t\t<\/div>\n\t\t\t\t\t<\/div>\n\t\t<\/section>\n\t\t\t\t\t<\/div>\n\t\t<\/div>\n\t\t\t\t<div class=\"elementor-column elementor-col-33 elementor-top-column elementor-element elementor-element-951932f\" data-id=\"951932f\" data-element_type=\"column\" data-e-type=\"column\">\n\t\t\t<div class=\"elementor-widget-wrap\">\n\t\t\t\t\t\t\t<\/div>\n\t\t<\/div>\n\t\t\t\t<div class=\"elementor-column elementor-col-33 elementor-top-column elementor-element elementor-element-d027ff0\" data-id=\"d027ff0\" data-element_type=\"column\" data-e-type=\"column\">\n\t\t\t<div class=\"elementor-widget-wrap\">\n\t\t\t\t\t\t\t<\/div>\n\t\t<\/div>\n\t\t\t\t\t<\/div>\n\t\t<\/section>\n\t\t\t\t<\/div>\n\t\t","protected":false},"excerpt":{"rendered":"<p>Gy\u00f3gyf\u00fcrd\u0151 \u00c9lm\u00e9nyf\u00fcrd\u0151 Cs\u00faszdapark Hull\u00e1mf\u00fcrd\u0151 Gyermekmedence Uszoda \u00dasz\u00f3 aquapark \u00e9s strandf\u00fcrd\u0151<\/p>","protected":false},"author":1,"featured_media":0,"parent":0,"menu_order":0,"comment_status":"closed","ping_status":"closed","template":"elementor_header_footer","meta":{"site-sidebar-layout":"no-sidebar","site-content-layout":"page-builder","ast-site-content-layout":"default","site-content-style":"default","site-sidebar-style":"default","ast-global-header-display":"","ast-banner-title-visibility":"","ast-main-header-display":"","ast-hfb-above-header-display":"","ast-hfb-below-header-display":"","ast-hfb-mobile-header-display":"","site-post-title":"disabled","ast-breadcrumbs-content":"","ast-featured-img":"disabled","footer-sml-layout":"","ast-disable-related-posts":"","theme-transparent-header-meta":"","adv-header-id-meta":"","stick-header-meta":"","header-above-stick-meta":"","header-main-stick-meta":"","header-below-stick-meta":"","astra-migrate-meta-layouts":"default","ast-page-background-enabled":"default","ast-page-background-meta":{"desktop":{"background-color":"var(--ast-global-color-4)","background-image":"","background-repeat":"repeat","background-position":"center center","background-size":"auto","background-attachment":"scroll","background-type":"","background-media":"","overlay-type":"","overlay-color":"","overlay-opacity":"","overlay-gradient":""},"tablet":{"background-color":"","background-image":"","background-repeat":"repeat","background-position":"center center","background-size":"auto","background-attachment":"scroll","background-type":"","background-media":"","overlay-type":"","overlay-color":"","overlay-opacity":"","overlay-gradient":""},"mobile":{"background-color":"","background-image":"","background-repeat":"repeat","background-position":"center center","background-size":"auto","background-attachment":"scroll","background-type":"","background-media":"","overlay-type":"","overlay-color":"","overlay-opacity":"","overlay-gradient":""}},"ast-content-background-meta":{"desktop":{"background-color":"var(--ast-global-color-5)","background-image":"","background-repeat":"repeat","background-position":"center center","background-size":"auto","background-attachment":"scroll","background-type":"","background-media":"","overlay-type":"","overlay-color":"","overlay-opacity":"","overlay-gradient":""},"tablet":{"background-color":"var(--ast-global-color-5)","background-image":"","background-repeat":"repeat","background-position":"center center","background-size":"auto","background-attachment":"scroll","background-type":"","background-media":"","overlay-type":"","overlay-color":"","overlay-opacity":"","overlay-gradient":""},"mobile":{"background-color":"var(--ast-global-color-5)","background-image":"","background-repeat":"repeat","background-position":"center center","background-size":"auto","background-attachment":"scroll","background-type":"","background-media":"","overlay-type":"","overlay-color":"","overlay-opacity":"","overlay-gradient":""}},"footnotes":""},"class_list":["post-564","page","type-page","status-publish","hentry"],"yoast_head":"<!-- This site is optimized with the Yoast SEO Premium plugin v27.4 (Yoast SEO v27.4) - https:\/\/yoast.com\/product\/yoast-seo-premium-wordpress\/ -->\n<title>F\u00fcrd\u0151 - Jonatherm\u00e1l Gy\u00f3gy- \u00e9s \u00c9lm\u00e9nyf\u00fcrd\u0151, Motel, Kemping<\/title>\n<meta name=\"robots\" content=\"index, follow, max-snippet:-1, max-image-preview:large, max-video-preview:-1\" \/>\n<link rel=\"canonical\" href=\"https:\/\/jonathermal.hu\/en\/furdo\/\" \/>\n<meta property=\"og:locale\" content=\"en_US\" \/>\n<meta property=\"og:type\" content=\"article\" \/>\n<meta property=\"og:title\" content=\"F\u00fcrd\u0151\" \/>\n<meta property=\"og:description\" content=\"Gy\u00f3gyf\u00fcrd\u0151 \u00c9lm\u00e9nyf\u00fcrd\u0151 Cs\u00faszdapark Hull\u00e1mf\u00fcrd\u0151 Gyermekmedence Uszoda \u00dasz\u00f3 aquapark \u00e9s strandf\u00fcrd\u0151\" \/>\n<meta property=\"og:url\" content=\"https:\/\/jonathermal.hu\/en\/furdo\/\" \/>\n<meta property=\"og:site_name\" content=\"Jonatherm\u00e1l Gy\u00f3gy- \u00e9s \u00c9lm\u00e9nyf\u00fcrd\u0151, Motel, Kemping\" \/>\n<meta property=\"article:publisher\" content=\"https:\/\/www.facebook.com\/Jonathermal\/\" \/>\n<meta property=\"article:modified_time\" content=\"2024-05-14T08:36:14+00:00\" \/>\n<meta name=\"twitter:card\" content=\"summary_large_image\" \/>\n<script type=\"application\/ld+json\" class=\"yoast-schema-graph\">{\"@context\":\"https:\\\/\\\/schema.org\",\"@graph\":[{\"@type\":\"WebPage\",\"@id\":\"https:\\\/\\\/jonathermal.hu\\\/furdo\\\/\",\"url\":\"https:\\\/\\\/jonathermal.hu\\\/furdo\\\/\",\"name\":\"F\u00fcrd\u0151 - Jonatherm\u00e1l Gy\u00f3gy- \u00e9s \u00c9lm\u00e9nyf\u00fcrd\u0151, Motel, Kemping\",\"isPartOf\":{\"@id\":\"https:\\\/\\\/jonathermal.hu\\\/#website\"},\"datePublished\":\"2022-02-16T08:45:26+00:00\",\"dateModified\":\"2024-05-14T08:36:14+00:00\",\"breadcrumb\":{\"@id\":\"https:\\\/\\\/jonathermal.hu\\\/furdo\\\/#breadcrumb\"},\"inLanguage\":\"en-US\",\"potentialAction\":[{\"@type\":\"ReadAction\",\"target\":[\"https:\\\/\\\/jonathermal.hu\\\/furdo\\\/\"]}]},{\"@type\":\"BreadcrumbList\",\"@id\":\"https:\\\/\\\/jonathermal.hu\\\/furdo\\\/#breadcrumb\",\"itemListElement\":[{\"@type\":\"ListItem\",\"position\":1,\"name\":\"Kezd\u0151lap\",\"item\":\"https:\\\/\\\/jonathermal.hu\\\/\"},{\"@type\":\"ListItem\",\"position\":2,\"name\":\"F\u00fcrd\u0151\"}]},{\"@type\":\"WebSite\",\"@id\":\"https:\\\/\\\/jonathermal.hu\\\/#website\",\"url\":\"https:\\\/\\\/jonathermal.hu\\\/\",\"name\":\"Jonatherm\u00e1l Gy\u00f3gy- \u00e9s \u00c9lm\u00e9nyf\u00fcrd\u0151, Motel, Kemping\",\"description\":\"Kiskunmajsa\",\"publisher\":{\"@id\":\"https:\\\/\\\/jonathermal.hu\\\/#organization\"},\"potentialAction\":[{\"@type\":\"SearchAction\",\"target\":{\"@type\":\"EntryPoint\",\"urlTemplate\":\"https:\\\/\\\/jonathermal.hu\\\/?s={search_term_string}\"},\"query-input\":{\"@type\":\"PropertyValueSpecification\",\"valueRequired\":true,\"valueName\":\"search_term_string\"}}],\"inLanguage\":\"en-US\"},{\"@type\":\"Organization\",\"@id\":\"https:\\\/\\\/jonathermal.hu\\\/#organization\",\"name\":\"Jonatherm\u00e1l Gy\u00f3gy- \u00e9s \u00c9lm\u00e9nyf\u00fcrd\u0151, Motel, Kemping Kiskunmajsa\",\"url\":\"https:\\\/\\\/jonathermal.hu\\\/\",\"logo\":{\"@type\":\"ImageObject\",\"inLanguage\":\"en-US\",\"@id\":\"https:\\\/\\\/jonathermal.hu\\\/#\\\/schema\\\/logo\\\/image\\\/\",\"url\":\"https:\\\/\\\/jonathermal.hu\\\/wp-content\\\/uploads\\\/2022\\\/02\\\/jonatherma\u0301l-logo.png\",\"contentUrl\":\"https:\\\/\\\/jonathermal.hu\\\/wp-content\\\/uploads\\\/2022\\\/02\\\/jonatherma\u0301l-logo.png\",\"width\":200,\"height\":142,\"caption\":\"Jonatherm\u00e1l Gy\u00f3gy- \u00e9s \u00c9lm\u00e9nyf\u00fcrd\u0151, Motel, Kemping Kiskunmajsa\"},\"image\":{\"@id\":\"https:\\\/\\\/jonathermal.hu\\\/#\\\/schema\\\/logo\\\/image\\\/\"},\"sameAs\":[\"https:\\\/\\\/www.facebook.com\\\/Jonathermal\\\/\",\"https:\\\/\\\/www.instagram.com\\\/jonathermal\\\/\",\"https:\\\/\\\/www.youtube.com\\\/channel\\\/UCTAd0tjGBgxWEJfuY378_Qw\\\/featured\"]}]}<\/script>\n<!-- \/ Yoast SEO Premium plugin. -->","yoast_head_json":{"title":"F\u00fcrd\u0151 - Jonatherm\u00e1l Gy\u00f3gy- \u00e9s \u00c9lm\u00e9nyf\u00fcrd\u0151, Motel, Kemping","robots":{"index":"index","follow":"follow","max-snippet":"max-snippet:-1","max-image-preview":"max-image-preview:large","max-video-preview":"max-video-preview:-1"},"canonical":"https:\/\/jonathermal.hu\/en\/furdo\/","og_locale":"en_US","og_type":"article","og_title":"F\u00fcrd\u0151","og_description":"Gy\u00f3gyf\u00fcrd\u0151 \u00c9lm\u00e9nyf\u00fcrd\u0151 Cs\u00faszdapark Hull\u00e1mf\u00fcrd\u0151 Gyermekmedence Uszoda \u00dasz\u00f3 aquapark \u00e9s strandf\u00fcrd\u0151","og_url":"https:\/\/jonathermal.hu\/en\/furdo\/","og_site_name":"Jonatherm\u00e1l Gy\u00f3gy- \u00e9s \u00c9lm\u00e9nyf\u00fcrd\u0151, Motel, Kemping","article_publisher":"https:\/\/www.facebook.com\/Jonathermal\/","article_modified_time":"2024-05-14T08:36:14+00:00","twitter_card":"summary_large_image","schema":{"@context":"https:\/\/schema.org","@graph":[{"@type":"WebPage","@id":"https:\/\/jonathermal.hu\/furdo\/","url":"https:\/\/jonathermal.hu\/furdo\/","name":"F\u00fcrd\u0151 - Jonatherm\u00e1l Gy\u00f3gy- \u00e9s \u00c9lm\u00e9nyf\u00fcrd\u0151, Motel, Kemping","isPartOf":{"@id":"https:\/\/jonathermal.hu\/#website"},"datePublished":"2022-02-16T08:45:26+00:00","dateModified":"2024-05-14T08:36:14+00:00","breadcrumb":{"@id":"https:\/\/jonathermal.hu\/furdo\/#breadcrumb"},"inLanguage":"en-US","potentialAction":[{"@type":"ReadAction","target":["https:\/\/jonathermal.hu\/furdo\/"]}]},{"@type":"BreadcrumbList","@id":"https:\/\/jonathermal.hu\/furdo\/#breadcrumb","itemListElement":[{"@type":"ListItem","position":1,"name":"Kezd\u0151lap","item":"https:\/\/jonathermal.hu\/"},{"@type":"ListItem","position":2,"name":"F\u00fcrd\u0151"}]},{"@type":"WebSite","@id":"https:\/\/jonathermal.hu\/#website","url":"https:\/\/jonathermal.hu\/","name":"Jonatherm\u00e1l Gy\u00f3gy- \u00e9s \u00c9lm\u00e9nyf\u00fcrd\u0151, Motel, Kemping","description":"Kiskunmajsa","publisher":{"@id":"https:\/\/jonathermal.hu\/#organization"},"potentialAction":[{"@type":"SearchAction","target":{"@type":"EntryPoint","urlTemplate":"https:\/\/jonathermal.hu\/?s={search_term_string}"},"query-input":{"@type":"PropertyValueSpecification","valueRequired":true,"valueName":"search_term_string"}}],"inLanguage":"en-US"},{"@type":"Organization","@id":"https:\/\/jonathermal.hu\/#organization","name":"Jonatherm\u00e1l Gy\u00f3gy- \u00e9s \u00c9lm\u00e9nyf\u00fcrd\u0151, Motel, Kemping Kiskunmajsa","url":"https:\/\/jonathermal.hu\/","logo":{"@type":"ImageObject","inLanguage":"en-US","@id":"https:\/\/jonathermal.hu\/#\/schema\/logo\/image\/","url":"https:\/\/jonathermal.hu\/wp-content\/uploads\/2022\/02\/jonatherma\u0301l-logo.png","contentUrl":"https:\/\/jonathermal.hu\/wp-content\/uploads\/2022\/02\/jonatherma\u0301l-logo.png","width":200,"height":142,"caption":"Jonatherm\u00e1l Gy\u00f3gy- \u00e9s \u00c9lm\u00e9nyf\u00fcrd\u0151, Motel, Kemping Kiskunmajsa"},"image":{"@id":"https:\/\/jonathermal.hu\/#\/schema\/logo\/image\/"},"sameAs":["https:\/\/www.facebook.com\/Jonathermal\/","https:\/\/www.instagram.com\/jonathermal\/","https:\/\/www.youtube.com\/channel\/UCTAd0tjGBgxWEJfuY378_Qw\/featured"]}]}},"_links":{"self":[{"href":"https:\/\/jonathermal.hu\/en\/wp-json\/wp\/v2\/pages\/564","targetHints":{"allow":["GET"]}}],"collection":[{"href":"https:\/\/jonathermal.hu\/en\/wp-json\/wp\/v2\/pages"}],"about":[{"href":"https:\/\/jonathermal.hu\/en\/wp-json\/wp\/v2\/types\/page"}],"author":[{"embeddable":true,"href":"https:\/\/jonathermal.hu\/en\/wp-json\/wp\/v2\/users\/1"}],"replies":[{"embeddable":true,"href":"https:\/\/jonathermal.hu\/en\/wp-json\/wp\/v2\/comments?post=564"}],"version-history":[{"count":0,"href":"https:\/\/jonathermal.hu\/en\/wp-json\/wp\/v2\/pages\/564\/revisions"}],"wp:attachment":[{"href":"https:\/\/jonathermal.hu\/en\/wp-json\/wp\/v2\/media?parent=564"}],"curies":[{"name":"wp","href":"https:\/\/api.w.org\/{rel}","templated":true}]}}