{"id":1869,"date":"2022-02-22T08:42:56","date_gmt":"2022-02-22T08:42:56","guid":{"rendered":"https:\/\/jonathermal.hu\/?page_id=1869"},"modified":"2024-07-22T06:38:31","modified_gmt":"2024-07-22T06:38:31","slug":"ajandekutalvanyok","status":"publish","type":"page","link":"https:\/\/jonathermal.hu\/en\/ajandekutalvanyok\/","title":{"rendered":"Gift certificates"},"content":{"rendered":"<div data-elementor-type=\"wp-page\" data-elementor-id=\"1869\" class=\"elementor elementor-1869\" data-elementor-post-type=\"page\">\n\t\t\t\t\t\t<section class=\"elementor-section elementor-top-section elementor-element elementor-element-c33b1e9 elementor-section-boxed elementor-section-height-default elementor-section-height-default\" data-id=\"c33b1e9\" data-element_type=\"section\" data-e-type=\"section\">\n\t\t\t\t\t\t<div class=\"elementor-container elementor-column-gap-default\">\n\t\t\t\t\t<div class=\"elementor-column elementor-col-100 elementor-top-column elementor-element elementor-element-86322c6\" data-id=\"86322c6\" data-element_type=\"column\" data-e-type=\"column\">\n\t\t\t<div class=\"elementor-widget-wrap elementor-element-populated\">\n\t\t\t\t\t\t<div class=\"elementor-element elementor-element-4d2f948 elementor-widget elementor-widget-text-editor\" data-id=\"4d2f948\" data-element_type=\"widget\" data-e-type=\"widget\" data-widget_type=\"text-editor.default\">\n\t\t\t\t<div class=\"elementor-widget-container\">\n\t\t\t\t\t\t\t\t\t<p>Ne v\u00edv\u00f3djon az aj\u00e1nd\u00e9koz\u00e1ssal!<\/p><p><strong>Az aj\u00e1nd\u00e9koz\u00e1s sokszor nem k\u00f6nny\u0171 feladat, engedje meg, hogy a seg\u00edts\u00e9g\u00e9re legy\u00fcnk!<\/strong><\/p><p>\u00d6n tal\u00e1n m\u00e1r\u00a0ismeri f\u00fcrd\u0151nk szolg\u00e1ltat\u00e1sait, \u00e9s rem\u00e9lj\u00fck \u00fagy gondolja, csal\u00e1dtagjai, bar\u00e1tai is sz\u00edvesen t\u00f6lten\u00e9k el n\u00e1lunk szabadidej\u00fcket. Lepje meg \u0151ket\u00a0a Jonatherm\u00e1l Zrt. \u00e1ltal kibocs\u00e1tott Aj\u00e1nd\u00e9kutalv\u00e1nnyal , \u00e9s b\u00edzza r\u00e1juk a v\u00e1laszt\u00e1st!<\/p><p>Az aj\u00e1nd\u00e9kutalv\u00e1nyokat a Jonatherm\u00e1l webshopban tudja megv\u00e1s\u00e1rolni:<\/p>\t\t\t\t\t\t\t\t<\/div>\n\t\t\t\t<\/div>\n\t\t\t\t<div class=\"elementor-element elementor-element-585c89c elementor-widget elementor-widget-button\" data-id=\"585c89c\" data-element_type=\"widget\" data-e-type=\"widget\" data-widget_type=\"button.default\">\n\t\t\t\t<div class=\"elementor-widget-container\">\n\t\t\t\t\t\t\t\t\t<div class=\"elementor-button-wrapper\">\n\t\t\t\t\t<a class=\"elementor-button elementor-button-link elementor-size-sm\" href=\"https:\/\/webshop.jonathermal.hu\/\">\n\t\t\t\t\t\t<span class=\"elementor-button-content-wrapper\">\n\t\t\t\t\t\t\t\t\t<span class=\"elementor-button-text\">Tov\u00e1bb a webshopra<\/span>\n\t\t\t\t\t<\/span>\n\t\t\t\t\t<\/a>\n\t\t\t\t<\/div>\n\t\t\t\t\t\t\t\t<\/div>\n\t\t\t\t<\/div>\n\t\t\t\t<div class=\"elementor-element elementor-element-9b1f7ed elementor-widget elementor-widget-text-editor\" data-id=\"9b1f7ed\" data-element_type=\"widget\" data-e-type=\"widget\" data-widget_type=\"text-editor.default\">\n\t\t\t\t<div class=\"elementor-widget-container\">\n\t\t\t\t\t\t\t\t\t<p><span style=\"font-style: inherit; font-weight: inherit; color: var(--ast-global-color-0);\">Az Utalv\u00e1nyt tulajdonosa a felt\u00fcntetett id\u0151pontig haszn\u00e1lhatja fel mind a F\u00fcrd\u0151, mind a Motel \u00e9s Kemping sz\u00e1ll\u00e1s-szolg\u00e1ltat\u00e1sainak ig\u00e9nybe v\u00e9tel\u00e9re. (Az Aj\u00e1nd\u00e9kutalv\u00e1ny felhaszn\u00e1l\u00e1si \u00e9s egy\u00e9b szab\u00e1lyair\u00f3l teljesk\u00f6r\u0171 t\u00e1j\u00e9koztat\u00e1ssal a F\u00fcrd\u0151 p\u00e9nzt\u00e1r\u00e1ban, illetve a Motel \u00e9s Kemping recepci\u00f3j\u00e1n szolg\u00e1lnak.)<\/span><\/p><p>Ne feledje, ez egy hasznos aj\u00e1nd\u00e9k, mellyel szerettei eg\u00e9szs\u00e9g\u00e9t \u00f3vja, pihen\u00e9s\u00e9t szolg\u00e1lja az \u00e9v b\u00e1rmely napj\u00e1n!<\/p><p>Kellemes pihen\u00e9st k\u00edv\u00e1nunk!<\/p>\t\t\t\t\t\t\t\t<\/div>\n\t\t\t\t<\/div>\n\t\t\t\t\t<\/div>\n\t\t<\/div>\n\t\t\t\t\t<\/div>\n\t\t<\/section>\n\t\t\t\t<\/div>","protected":false},"excerpt":{"rendered":"<p>Ne v\u00edv\u00f3djon az aj\u00e1nd\u00e9koz\u00e1ssal! Az aj\u00e1nd\u00e9koz\u00e1s sokszor nem k\u00f6nny\u0171 feladat, engedje meg, hogy a seg\u00edts\u00e9g\u00e9re legy\u00fcnk! \u00d6n tal\u00e1n m\u00e1r\u00a0ismeri f\u00fcrd\u0151nk szolg\u00e1ltat\u00e1sait, \u00e9s rem\u00e9lj\u00fck \u00fagy gondolja, csal\u00e1dtagjai, bar\u00e1tai is sz\u00edvesen t\u00f6lten\u00e9k el n\u00e1lunk szabadidej\u00fcket. Lepje meg \u0151ket\u00a0a Jonatherm\u00e1l Zrt. \u00e1ltal kibocs\u00e1tott Aj\u00e1nd\u00e9kutalv\u00e1nnyal , \u00e9s b\u00edzza r\u00e1juk a v\u00e1laszt\u00e1st! Az aj\u00e1nd\u00e9kutalv\u00e1nyokat a Jonatherm\u00e1l webshopban tudja megv\u00e1s\u00e1rolni: Tov\u00e1bb [&hellip;]<\/p>\n","protected":false},"author":1,"featured_media":0,"parent":0,"menu_order":0,"comment_status":"closed","ping_status":"closed","template":"","meta":{"site-sidebar-layout":"no-sidebar","site-content-layout":"page-builder","ast-site-content-layout":"full-width-container","site-content-style":"unboxed","site-sidebar-style":"unboxed","ast-global-header-display":"","ast-banner-title-visibility":"","ast-main-header-display":"","ast-hfb-above-header-display":"","ast-hfb-below-header-display":"","ast-hfb-mobile-header-display":"","site-post-title":"disabled","ast-breadcrumbs-content":"","ast-featured-img":"disabled","footer-sml-layout":"","ast-disable-related-posts":"","theme-transparent-header-meta":"","adv-header-id-meta":"","stick-header-meta":"","header-above-stick-meta":"","header-main-stick-meta":"","header-below-stick-meta":"","astra-migrate-meta-layouts":"set","ast-page-background-enabled":"default","ast-page-background-meta":{"desktop":{"background-color":"var(--ast-global-color-4)","background-image":"","background-repeat":"repeat","background-position":"center center","background-size":"auto","background-attachment":"scroll","background-type":"","background-media":"","overlay-type":"","overlay-color":"","overlay-opacity":"","overlay-gradient":""},"tablet":{"background-color":"","background-image":"","background-repeat":"repeat","background-position":"center center","background-size":"auto","background-attachment":"scroll","background-type":"","background-media":"","overlay-type":"","overlay-color":"","overlay-opacity":"","overlay-gradient":""},"mobile":{"background-color":"","background-image":"","background-repeat":"repeat","background-position":"center center","background-size":"auto","background-attachment":"scroll","background-type":"","background-media":"","overlay-type":"","overlay-color":"","overlay-opacity":"","overlay-gradient":""}},"ast-content-background-meta":{"desktop":{"background-color":"var(--ast-global-color-5)","background-image":"","background-repeat":"repeat","background-position":"center center","background-size":"auto","background-attachment":"scroll","background-type":"","background-media":"","overlay-type":"","overlay-color":"","overlay-opacity":"","overlay-gradient":""},"tablet":{"background-color":"var(--ast-global-color-5)","background-image":"","background-repeat":"repeat","background-position":"center center","background-size":"auto","background-attachment":"scroll","background-type":"","background-media":"","overlay-type":"","overlay-color":"","overlay-opacity":"","overlay-gradient":""},"mobile":{"background-color":"var(--ast-global-color-5)","background-image":"","background-repeat":"repeat","background-position":"center center","background-size":"auto","background-attachment":"scroll","background-type":"","background-media":"","overlay-type":"","overlay-color":"","overlay-opacity":"","overlay-gradient":""}},"footnotes":""},"class_list":["post-1869","page","type-page","status-publish","hentry"],"yoast_head":"<!-- This site is optimized with the Yoast SEO Premium plugin v27.4 (Yoast SEO v27.4) - https:\/\/yoast.com\/product\/yoast-seo-premium-wordpress\/ -->\n<title>Aj\u00e1nd\u00e9kutalv\u00e1nyok - Jonatherm\u00e1l Gy\u00f3gy- \u00e9s \u00c9lm\u00e9nyf\u00fcrd\u0151, Motel, Kemping<\/title>\n<meta name=\"robots\" content=\"index, follow, max-snippet:-1, max-image-preview:large, max-video-preview:-1\" \/>\n<link rel=\"canonical\" href=\"https:\/\/jonathermal.hu\/en\/ajandekutalvanyok\/\" \/>\n<meta property=\"og:locale\" content=\"en_US\" \/>\n<meta property=\"og:type\" content=\"article\" \/>\n<meta property=\"og:title\" content=\"Aj\u00e1nd\u00e9kutalv\u00e1nyok\" \/>\n<meta property=\"og:description\" content=\"Ne v\u00edv\u00f3djon az aj\u00e1nd\u00e9koz\u00e1ssal! Az aj\u00e1nd\u00e9koz\u00e1s sokszor nem k\u00f6nny\u0171 feladat, engedje meg, hogy a seg\u00edts\u00e9g\u00e9re legy\u00fcnk! \u00d6n tal\u00e1n m\u00e1r\u00a0ismeri f\u00fcrd\u0151nk szolg\u00e1ltat\u00e1sait, \u00e9s rem\u00e9lj\u00fck \u00fagy gondolja, csal\u00e1dtagjai, bar\u00e1tai is sz\u00edvesen t\u00f6lten\u00e9k el n\u00e1lunk szabadidej\u00fcket. Lepje meg \u0151ket\u00a0a Jonatherm\u00e1l Zrt. \u00e1ltal kibocs\u00e1tott Aj\u00e1nd\u00e9kutalv\u00e1nnyal , \u00e9s b\u00edzza r\u00e1juk a v\u00e1laszt\u00e1st! Az aj\u00e1nd\u00e9kutalv\u00e1nyokat a Jonatherm\u00e1l webshopban tudja megv\u00e1s\u00e1rolni: Tov\u00e1bb [&hellip;]\" \/>\n<meta property=\"og:url\" content=\"https:\/\/jonathermal.hu\/en\/ajandekutalvanyok\/\" \/>\n<meta property=\"og:site_name\" content=\"Jonatherm\u00e1l Gy\u00f3gy- \u00e9s \u00c9lm\u00e9nyf\u00fcrd\u0151, Motel, Kemping\" \/>\n<meta property=\"article:publisher\" content=\"https:\/\/www.facebook.com\/Jonathermal\/\" \/>\n<meta property=\"article:modified_time\" content=\"2024-07-22T06:38:31+00:00\" \/>\n<meta name=\"twitter:card\" content=\"summary_large_image\" \/>\n<script type=\"application\/ld+json\" class=\"yoast-schema-graph\">{\"@context\":\"https:\\\/\\\/schema.org\",\"@graph\":[{\"@type\":\"WebPage\",\"@id\":\"https:\\\/\\\/jonathermal.hu\\\/ajandekutalvanyok\\\/\",\"url\":\"https:\\\/\\\/jonathermal.hu\\\/ajandekutalvanyok\\\/\",\"name\":\"Aj\u00e1nd\u00e9kutalv\u00e1nyok - Jonatherm\u00e1l Gy\u00f3gy- \u00e9s \u00c9lm\u00e9nyf\u00fcrd\u0151, Motel, Kemping\",\"isPartOf\":{\"@id\":\"https:\\\/\\\/jonathermal.hu\\\/#website\"},\"datePublished\":\"2022-02-22T08:42:56+00:00\",\"dateModified\":\"2024-07-22T06:38:31+00:00\",\"breadcrumb\":{\"@id\":\"https:\\\/\\\/jonathermal.hu\\\/ajandekutalvanyok\\\/#breadcrumb\"},\"inLanguage\":\"en-US\",\"potentialAction\":[{\"@type\":\"ReadAction\",\"target\":[\"https:\\\/\\\/jonathermal.hu\\\/ajandekutalvanyok\\\/\"]}]},{\"@type\":\"BreadcrumbList\",\"@id\":\"https:\\\/\\\/jonathermal.hu\\\/ajandekutalvanyok\\\/#breadcrumb\",\"itemListElement\":[{\"@type\":\"ListItem\",\"position\":1,\"name\":\"Kezd\u0151lap\",\"item\":\"https:\\\/\\\/jonathermal.hu\\\/\"},{\"@type\":\"ListItem\",\"position\":2,\"name\":\"Aj\u00e1nd\u00e9kutalv\u00e1nyok\"}]},{\"@type\":\"WebSite\",\"@id\":\"https:\\\/\\\/jonathermal.hu\\\/#website\",\"url\":\"https:\\\/\\\/jonathermal.hu\\\/\",\"name\":\"Jonatherm\u00e1l Gy\u00f3gy- \u00e9s \u00c9lm\u00e9nyf\u00fcrd\u0151, Motel, Kemping\",\"description\":\"Kiskunmajsa\",\"publisher\":{\"@id\":\"https:\\\/\\\/jonathermal.hu\\\/#organization\"},\"potentialAction\":[{\"@type\":\"SearchAction\",\"target\":{\"@type\":\"EntryPoint\",\"urlTemplate\":\"https:\\\/\\\/jonathermal.hu\\\/?s={search_term_string}\"},\"query-input\":{\"@type\":\"PropertyValueSpecification\",\"valueRequired\":true,\"valueName\":\"search_term_string\"}}],\"inLanguage\":\"en-US\"},{\"@type\":\"Organization\",\"@id\":\"https:\\\/\\\/jonathermal.hu\\\/#organization\",\"name\":\"Jonatherm\u00e1l Gy\u00f3gy- \u00e9s \u00c9lm\u00e9nyf\u00fcrd\u0151, Motel, Kemping Kiskunmajsa\",\"url\":\"https:\\\/\\\/jonathermal.hu\\\/\",\"logo\":{\"@type\":\"ImageObject\",\"inLanguage\":\"en-US\",\"@id\":\"https:\\\/\\\/jonathermal.hu\\\/#\\\/schema\\\/logo\\\/image\\\/\",\"url\":\"https:\\\/\\\/jonathermal.hu\\\/wp-content\\\/uploads\\\/2022\\\/02\\\/jonatherma\u0301l-logo.png\",\"contentUrl\":\"https:\\\/\\\/jonathermal.hu\\\/wp-content\\\/uploads\\\/2022\\\/02\\\/jonatherma\u0301l-logo.png\",\"width\":200,\"height\":142,\"caption\":\"Jonatherm\u00e1l Gy\u00f3gy- \u00e9s \u00c9lm\u00e9nyf\u00fcrd\u0151, Motel, Kemping Kiskunmajsa\"},\"image\":{\"@id\":\"https:\\\/\\\/jonathermal.hu\\\/#\\\/schema\\\/logo\\\/image\\\/\"},\"sameAs\":[\"https:\\\/\\\/www.facebook.com\\\/Jonathermal\\\/\",\"https:\\\/\\\/www.instagram.com\\\/jonathermal\\\/\",\"https:\\\/\\\/www.youtube.com\\\/channel\\\/UCTAd0tjGBgxWEJfuY378_Qw\\\/featured\"]}]}<\/script>\n<!-- \/ Yoast SEO Premium plugin. -->","yoast_head_json":{"title":"Aj\u00e1nd\u00e9kutalv\u00e1nyok - Jonatherm\u00e1l Gy\u00f3gy- \u00e9s \u00c9lm\u00e9nyf\u00fcrd\u0151, Motel, Kemping","robots":{"index":"index","follow":"follow","max-snippet":"max-snippet:-1","max-image-preview":"max-image-preview:large","max-video-preview":"max-video-preview:-1"},"canonical":"https:\/\/jonathermal.hu\/en\/ajandekutalvanyok\/","og_locale":"en_US","og_type":"article","og_title":"Aj\u00e1nd\u00e9kutalv\u00e1nyok","og_description":"Ne v\u00edv\u00f3djon az aj\u00e1nd\u00e9koz\u00e1ssal! Az aj\u00e1nd\u00e9koz\u00e1s sokszor nem k\u00f6nny\u0171 feladat, engedje meg, hogy a seg\u00edts\u00e9g\u00e9re legy\u00fcnk! \u00d6n tal\u00e1n m\u00e1r\u00a0ismeri f\u00fcrd\u0151nk szolg\u00e1ltat\u00e1sait, \u00e9s rem\u00e9lj\u00fck \u00fagy gondolja, csal\u00e1dtagjai, bar\u00e1tai is sz\u00edvesen t\u00f6lten\u00e9k el n\u00e1lunk szabadidej\u00fcket. Lepje meg \u0151ket\u00a0a Jonatherm\u00e1l Zrt. \u00e1ltal kibocs\u00e1tott Aj\u00e1nd\u00e9kutalv\u00e1nnyal , \u00e9s b\u00edzza r\u00e1juk a v\u00e1laszt\u00e1st! Az aj\u00e1nd\u00e9kutalv\u00e1nyokat a Jonatherm\u00e1l webshopban tudja megv\u00e1s\u00e1rolni: Tov\u00e1bb [&hellip;]","og_url":"https:\/\/jonathermal.hu\/en\/ajandekutalvanyok\/","og_site_name":"Jonatherm\u00e1l Gy\u00f3gy- \u00e9s \u00c9lm\u00e9nyf\u00fcrd\u0151, Motel, Kemping","article_publisher":"https:\/\/www.facebook.com\/Jonathermal\/","article_modified_time":"2024-07-22T06:38:31+00:00","twitter_card":"summary_large_image","schema":{"@context":"https:\/\/schema.org","@graph":[{"@type":"WebPage","@id":"https:\/\/jonathermal.hu\/ajandekutalvanyok\/","url":"https:\/\/jonathermal.hu\/ajandekutalvanyok\/","name":"Aj\u00e1nd\u00e9kutalv\u00e1nyok - Jonatherm\u00e1l Gy\u00f3gy- \u00e9s \u00c9lm\u00e9nyf\u00fcrd\u0151, Motel, Kemping","isPartOf":{"@id":"https:\/\/jonathermal.hu\/#website"},"datePublished":"2022-02-22T08:42:56+00:00","dateModified":"2024-07-22T06:38:31+00:00","breadcrumb":{"@id":"https:\/\/jonathermal.hu\/ajandekutalvanyok\/#breadcrumb"},"inLanguage":"en-US","potentialAction":[{"@type":"ReadAction","target":["https:\/\/jonathermal.hu\/ajandekutalvanyok\/"]}]},{"@type":"BreadcrumbList","@id":"https:\/\/jonathermal.hu\/ajandekutalvanyok\/#breadcrumb","itemListElement":[{"@type":"ListItem","position":1,"name":"Kezd\u0151lap","item":"https:\/\/jonathermal.hu\/"},{"@type":"ListItem","position":2,"name":"Aj\u00e1nd\u00e9kutalv\u00e1nyok"}]},{"@type":"WebSite","@id":"https:\/\/jonathermal.hu\/#website","url":"https:\/\/jonathermal.hu\/","name":"Jonatherm\u00e1l Gy\u00f3gy- \u00e9s \u00c9lm\u00e9nyf\u00fcrd\u0151, Motel, Kemping","description":"Kiskunmajsa","publisher":{"@id":"https:\/\/jonathermal.hu\/#organization"},"potentialAction":[{"@type":"SearchAction","target":{"@type":"EntryPoint","urlTemplate":"https:\/\/jonathermal.hu\/?s={search_term_string}"},"query-input":{"@type":"PropertyValueSpecification","valueRequired":true,"valueName":"search_term_string"}}],"inLanguage":"en-US"},{"@type":"Organization","@id":"https:\/\/jonathermal.hu\/#organization","name":"Jonatherm\u00e1l Gy\u00f3gy- \u00e9s \u00c9lm\u00e9nyf\u00fcrd\u0151, Motel, Kemping Kiskunmajsa","url":"https:\/\/jonathermal.hu\/","logo":{"@type":"ImageObject","inLanguage":"en-US","@id":"https:\/\/jonathermal.hu\/#\/schema\/logo\/image\/","url":"https:\/\/jonathermal.hu\/wp-content\/uploads\/2022\/02\/jonatherma\u0301l-logo.png","contentUrl":"https:\/\/jonathermal.hu\/wp-content\/uploads\/2022\/02\/jonatherma\u0301l-logo.png","width":200,"height":142,"caption":"Jonatherm\u00e1l Gy\u00f3gy- \u00e9s \u00c9lm\u00e9nyf\u00fcrd\u0151, Motel, Kemping Kiskunmajsa"},"image":{"@id":"https:\/\/jonathermal.hu\/#\/schema\/logo\/image\/"},"sameAs":["https:\/\/www.facebook.com\/Jonathermal\/","https:\/\/www.instagram.com\/jonathermal\/","https:\/\/www.youtube.com\/channel\/UCTAd0tjGBgxWEJfuY378_Qw\/featured"]}]}},"_links":{"self":[{"href":"https:\/\/jonathermal.hu\/en\/wp-json\/wp\/v2\/pages\/1869","targetHints":{"allow":["GET"]}}],"collection":[{"href":"https:\/\/jonathermal.hu\/en\/wp-json\/wp\/v2\/pages"}],"about":[{"href":"https:\/\/jonathermal.hu\/en\/wp-json\/wp\/v2\/types\/page"}],"author":[{"embeddable":true,"href":"https:\/\/jonathermal.hu\/en\/wp-json\/wp\/v2\/users\/1"}],"replies":[{"embeddable":true,"href":"https:\/\/jonathermal.hu\/en\/wp-json\/wp\/v2\/comments?post=1869"}],"version-history":[{"count":0,"href":"https:\/\/jonathermal.hu\/en\/wp-json\/wp\/v2\/pages\/1869\/revisions"}],"wp:attachment":[{"href":"https:\/\/jonathermal.hu\/en\/wp-json\/wp\/v2\/media?parent=1869"}],"curies":[{"name":"wp","href":"https:\/\/api.w.org\/{rel}","templated":true}]}}