{"id":1768,"date":"2022-02-21T16:46:45","date_gmt":"2022-02-21T16:46:45","guid":{"rendered":"https:\/\/jonathermal.hu\/?page_id=1768"},"modified":"2023-02-13T15:57:16","modified_gmt":"2023-02-13T15:57:16","slug":"partnereink","status":"publish","type":"page","link":"https:\/\/jonathermal.hu\/en\/partnereink\/","title":{"rendered":"Partners"},"content":{"rendered":"<div data-elementor-type=\"wp-page\" data-elementor-id=\"1768\" class=\"elementor elementor-1768\" data-elementor-post-type=\"page\">\n\t\t\t\t\t\t<section class=\"elementor-section elementor-top-section elementor-element elementor-element-6bf2204 elementor-section-boxed elementor-section-height-default elementor-section-height-default\" data-id=\"6bf2204\" data-element_type=\"section\" data-e-type=\"section\">\n\t\t\t\t\t\t<div class=\"elementor-container elementor-column-gap-default\">\n\t\t\t\t\t<div class=\"elementor-column elementor-col-100 elementor-top-column elementor-element elementor-element-b9685a0\" data-id=\"b9685a0\" data-element_type=\"column\" data-e-type=\"column\">\n\t\t\t<div class=\"elementor-widget-wrap elementor-element-populated\">\n\t\t\t\t\t\t<div class=\"elementor-element elementor-element-ea60988 elementor-position-top elementor-widget elementor-widget-image-box\" data-id=\"ea60988\" data-element_type=\"widget\" data-e-type=\"widget\" data-widget_type=\"image-box.default\">\n\t\t\t\t<div class=\"elementor-widget-container\">\n\t\t\t\t\t<div class=\"elementor-image-box-wrapper\"><figure class=\"elementor-image-box-img\"><img decoding=\"async\" width=\"98\" height=\"100\" src=\"https:\/\/jonathermal.hu\/wp-content\/uploads\/2022\/02\/makeoslogo.jpg\" class=\"attachment-full size-full wp-image-1795\" alt=\"\" \/><\/figure><div class=\"elementor-image-box-content\"><h3 class=\"elementor-image-box-title\">Magyar Kemping Egyes\u00fcletek Orsz\u00e1gos Sz\u00f6vets\u00e9ge<\/h3><\/div><\/div>\t\t\t\t<\/div>\n\t\t\t\t<\/div>\n\t\t\t\t<div class=\"elementor-element elementor-element-99a5eae elementor-position-top elementor-widget elementor-widget-image-box\" data-id=\"99a5eae\" data-element_type=\"widget\" data-e-type=\"widget\" data-widget_type=\"image-box.default\">\n\t\t\t\t<div class=\"elementor-widget-container\">\n\t\t\t\t\t<div class=\"elementor-image-box-wrapper\"><figure class=\"elementor-image-box-img\"><a href=\"https:\/\/mhkk.hu\/\" tabindex=\"-1\"><img decoding=\"async\" width=\"150\" height=\"112\" src=\"https:\/\/jonathermal.hu\/wp-content\/uploads\/2022\/02\/mhkk.jpg\" class=\"attachment-full size-full wp-image-1794\" alt=\"\" \/><\/a><\/figure><div class=\"elementor-image-box-content\"><h3 class=\"elementor-image-box-title\"><a href=\"https:\/\/mhkk.hu\/\">Magyar Hagyom\u00e1nyos Kemping Klub<\/a><\/h3><\/div><\/div>\t\t\t\t<\/div>\n\t\t\t\t<\/div>\n\t\t\t\t<div class=\"elementor-element elementor-element-4e713a4 elementor-position-top elementor-widget elementor-widget-image-box\" data-id=\"4e713a4\" data-element_type=\"widget\" data-e-type=\"widget\" data-widget_type=\"image-box.default\">\n\t\t\t\t<div class=\"elementor-widget-container\">\n\t\t\t\t\t<div class=\"elementor-image-box-wrapper\"><figure class=\"elementor-image-box-img\"><a href=\"http:\/\/www.mccc.mediacenter4.hu\/\" tabindex=\"-1\"><img fetchpriority=\"high\" decoding=\"async\" width=\"300\" height=\"300\" src=\"https:\/\/jonathermal.hu\/wp-content\/uploads\/2022\/02\/mccclogo.jpg\" class=\"attachment-full size-full wp-image-1793\" alt=\"\" srcset=\"https:\/\/jonathermal.hu\/wp-content\/uploads\/2022\/02\/mccclogo.jpg 300w, https:\/\/jonathermal.hu\/wp-content\/uploads\/2022\/02\/mccclogo-150x150.jpg 150w, https:\/\/jonathermal.hu\/wp-content\/uploads\/2022\/02\/mccclogo-100x100.jpg 100w\" sizes=\"(max-width: 300px) 100vw, 300px\" \/><\/a><\/figure><div class=\"elementor-image-box-content\"><h3 class=\"elementor-image-box-title\"><a href=\"http:\/\/www.mccc.mediacenter4.hu\/\">Magyar Camping \u00e9s Caravanning Club<\/a><\/h3><\/div><\/div>\t\t\t\t<\/div>\n\t\t\t\t<\/div>\n\t\t\t\t<div class=\"elementor-element elementor-element-9b71ba9 elementor-position-top elementor-widget elementor-widget-image-box\" data-id=\"9b71ba9\" data-element_type=\"widget\" data-e-type=\"widget\" data-widget_type=\"image-box.default\">\n\t\t\t\t<div class=\"elementor-widget-container\">\n\t\t\t\t\t<div class=\"elementor-image-box-wrapper\"><figure class=\"elementor-image-box-img\"><a href=\"http:\/\/www.campingclub.hu\/\" tabindex=\"-1\"><img loading=\"lazy\" decoding=\"async\" width=\"118\" height=\"118\" src=\"https:\/\/jonathermal.hu\/wp-content\/uploads\/2022\/02\/bcc.jpg\" class=\"attachment-full size-full wp-image-1792\" alt=\"\" srcset=\"https:\/\/jonathermal.hu\/wp-content\/uploads\/2022\/02\/bcc.jpg 118w, https:\/\/jonathermal.hu\/wp-content\/uploads\/2022\/02\/bcc-100x100.jpg 100w\" sizes=\"(max-width: 118px) 100vw, 118px\" \/><\/a><\/figure><div class=\"elementor-image-box-content\"><h3 class=\"elementor-image-box-title\"><a href=\"http:\/\/www.campingclub.hu\/\">Baranyai Camping Club<\/a><\/h3><\/div><\/div>\t\t\t\t<\/div>\n\t\t\t\t<\/div>\n\t\t\t\t<div class=\"elementor-element elementor-element-050ae0f elementor-position-top elementor-widget elementor-widget-image-box\" data-id=\"050ae0f\" data-element_type=\"widget\" data-e-type=\"widget\" data-widget_type=\"image-box.default\">\n\t\t\t\t<div class=\"elementor-widget-container\">\n\t\t\t\t\t<div class=\"elementor-image-box-wrapper\"><figure class=\"elementor-image-box-img\"><img loading=\"lazy\" decoding=\"async\" width=\"258\" height=\"245\" src=\"https:\/\/jonathermal.hu\/wp-content\/uploads\/2022\/02\/tte.jpg\" class=\"attachment-full size-full wp-image-1791\" alt=\"\" \/><\/figure><div class=\"elementor-image-box-content\"><h3 class=\"elementor-image-box-title\">T\u00e1boroz\u00f3 Term\u00e9szetbar\u00e1tok Egyes\u00fclete<\/h3><\/div><\/div>\t\t\t\t<\/div>\n\t\t\t\t<\/div>\n\t\t\t\t<div class=\"elementor-element elementor-element-b7945cc elementor-position-top elementor-widget elementor-widget-image-box\" data-id=\"b7945cc\" data-element_type=\"widget\" data-e-type=\"widget\" data-widget_type=\"image-box.default\">\n\t\t\t\t<div class=\"elementor-widget-container\">\n\t\t\t\t\t<div class=\"elementor-image-box-wrapper\"><figure class=\"elementor-image-box-img\"><a href=\"http:\/\/www.smkk.hu\/\" tabindex=\"-1\"><img loading=\"lazy\" decoding=\"async\" width=\"200\" height=\"185\" src=\"https:\/\/jonathermal.hu\/wp-content\/uploads\/2022\/02\/somogy_megyei.jpg\" class=\"attachment-full size-full wp-image-1790\" alt=\"\" \/><\/a><\/figure><div class=\"elementor-image-box-content\"><h3 class=\"elementor-image-box-title\"><a href=\"http:\/\/www.smkk.hu\/\">Somogy Megyei Kempingez\u0151 Klub honlapja<\/a><\/h3><\/div><\/div>\t\t\t\t<\/div>\n\t\t\t\t<\/div>\n\t\t\t\t<div class=\"elementor-element elementor-element-ccf63cc elementor-position-top elementor-widget elementor-widget-image-box\" data-id=\"ccf63cc\" data-element_type=\"widget\" data-e-type=\"widget\" data-widget_type=\"image-box.default\">\n\t\t\t\t<div class=\"elementor-widget-container\">\n\t\t\t\t\t<div class=\"elementor-image-box-wrapper\"><figure class=\"elementor-image-box-img\"><a href=\"http:\/\/www.vasikemping.hu\/\" tabindex=\"-1\"><img loading=\"lazy\" decoding=\"async\" width=\"870\" height=\"870\" src=\"https:\/\/jonathermal.hu\/wp-content\/uploads\/2022\/02\/vasi_kempingez_plus_k_e1_logo.jpg\" class=\"attachment-full size-full wp-image-1789\" alt=\"\" srcset=\"https:\/\/jonathermal.hu\/wp-content\/uploads\/2022\/02\/vasi_kempingez_plus_k_e1_logo.jpg 870w, https:\/\/jonathermal.hu\/wp-content\/uploads\/2022\/02\/vasi_kempingez_plus_k_e1_logo-300x300.jpg 300w, https:\/\/jonathermal.hu\/wp-content\/uploads\/2022\/02\/vasi_kempingez_plus_k_e1_logo-150x150.jpg 150w, https:\/\/jonathermal.hu\/wp-content\/uploads\/2022\/02\/vasi_kempingez_plus_k_e1_logo-768x768.jpg 768w, https:\/\/jonathermal.hu\/wp-content\/uploads\/2022\/02\/vasi_kempingez_plus_k_e1_logo-600x600.jpg 600w, https:\/\/jonathermal.hu\/wp-content\/uploads\/2022\/02\/vasi_kempingez_plus_k_e1_logo-100x100.jpg 100w\" sizes=\"(max-width: 870px) 100vw, 870px\" \/><\/a><\/figure><div class=\"elementor-image-box-content\"><h3 class=\"elementor-image-box-title\"><a href=\"http:\/\/www.vasikemping.hu\/\">Vasi Kempingez\u0151k egyes\u00fclete<\/a><\/h3><\/div><\/div>\t\t\t\t<\/div>\n\t\t\t\t<\/div>\n\t\t\t\t<div class=\"elementor-element elementor-element-770c4d2 elementor-position-top elementor-widget elementor-widget-image-box\" data-id=\"770c4d2\" data-element_type=\"widget\" data-e-type=\"widget\" data-widget_type=\"image-box.default\">\n\t\t\t\t<div class=\"elementor-widget-container\">\n\t\t\t\t\t<div class=\"elementor-image-box-wrapper\"><figure class=\"elementor-image-box-img\"><a href=\"http:\/\/www.campinform.eu\/\" tabindex=\"-1\"><img loading=\"lazy\" decoding=\"async\" width=\"304\" height=\"67\" src=\"https:\/\/jonathermal.hu\/wp-content\/uploads\/2022\/02\/campinform.jpg\" class=\"attachment-full size-full wp-image-1788\" alt=\"\" srcset=\"https:\/\/jonathermal.hu\/wp-content\/uploads\/2022\/02\/campinform.jpg 304w, https:\/\/jonathermal.hu\/wp-content\/uploads\/2022\/02\/campinform-300x67.jpg 300w\" sizes=\"(max-width: 304px) 100vw, 304px\" \/><\/a><\/figure><div class=\"elementor-image-box-content\"><h3 class=\"elementor-image-box-title\"><a href=\"http:\/\/www.campinform.eu\/\">Magyarorsz\u00e1gi kemping inform\u00e1ci\u00f3s adatb\u00e1zis<\/a><\/h3><\/div><\/div>\t\t\t\t<\/div>\n\t\t\t\t<\/div>\n\t\t\t\t<div class=\"elementor-element elementor-element-6f78ef9 elementor-position-top elementor-widget elementor-widget-image-box\" data-id=\"6f78ef9\" data-element_type=\"widget\" data-e-type=\"widget\" data-widget_type=\"image-box.default\">\n\t\t\t\t<div class=\"elementor-widget-container\">\n\t\t\t\t\t<div class=\"elementor-image-box-wrapper\"><figure class=\"elementor-image-box-img\"><a href=\"http:\/\/www.baratikaravanklub.hu\/\" tabindex=\"-1\"><img loading=\"lazy\" decoding=\"async\" width=\"120\" height=\"62\" src=\"https:\/\/jonathermal.hu\/wp-content\/uploads\/2022\/02\/bkk_logo.jpg\" class=\"attachment-full size-full wp-image-1786\" alt=\"\" \/><\/a><\/figure><div class=\"elementor-image-box-content\"><h3 class=\"elementor-image-box-title\"><a href=\"http:\/\/www.baratikaravanklub.hu\/\">Bar\u00e1ti Karav\u00e1n Klub<\/a><\/h3><\/div><\/div>\t\t\t\t<\/div>\n\t\t\t\t<\/div>\n\t\t\t\t<div class=\"elementor-element elementor-element-848f53a elementor-widget elementor-widget-heading\" data-id=\"848f53a\" data-element_type=\"widget\" data-e-type=\"widget\" data-widget_type=\"heading.default\">\n\t\t\t\t<div class=\"elementor-widget-container\">\n\t\t\t\t\t<h2 class=\"elementor-heading-title elementor-size-default\">Eg\u00e9szs\u00e9gp\u00e9nzt\u00e1ri partnerek<\/h2>\t\t\t\t<\/div>\n\t\t\t\t<\/div>\n\t\t\t\t<div class=\"elementor-element elementor-element-6477813 elementor-widget elementor-widget-text-editor\" data-id=\"6477813\" data-element_type=\"widget\" data-e-type=\"widget\" data-widget_type=\"text-editor.default\">\n\t\t\t\t<div class=\"elementor-widget-container\">\n\t\t\t\t\t\t\t\t\t<p>&#8211; Adoszt Eg\u00e9szs\u00e9gp\u00e9nzt\u00e1r<\/p><p>&#8211; Allianz Hung\u00e1ria Eg\u00e9szs\u00e9gp\u00e9nzt\u00e1r<\/p><p>&#8211; Aranykor Eg\u00e9szs\u00e9gp\u00e9nzt\u00e1r<\/p><p>&#8211; AXA Eg\u00e9szs\u00e9gp\u00e9nzt\u00e1r 2007. febru\u00e1r 1-t\u0151l (Winterthur helyett)<\/p><p>&#8211; Balzsam Eg\u00e9szs\u00e9gp\u00e9nzt\u00e1r<\/p><p>&#8211; Dimenzi\u00f3 Eg\u00e9szs\u00e9gp\u00e9nzt\u00e1r<\/p><p>&#8211; Fitt Eg\u00e9szs\u00e9gp\u00e9nzt\u00e1r<\/p><p>&#8211; Generali Eg\u00e9szs\u00e9gp\u00e9nzt\u00e1r<\/p><p>&#8211; Harm\u00f3nia Eg\u00e9szs\u00e9gp\u00e9nzt\u00e1r<\/p><p>&#8211; Herendi Porcel\u00e1nmanufakt\u00fara Rt. Eg\u00e9szs\u00e9gp\u00e9nzt\u00e1ra<\/p><p>&#8211; Honv\u00e9d Eg\u00e9szs\u00e9gp\u00e9nzt\u00e1r<\/p><p>&#8211; Izys Eg\u00e9szs\u00e9gp\u00e9nzt\u00e1r<\/p><p>&#8211; K &amp; H Medicina Eg\u00e9szs\u00e9gp\u00e9nzt\u00e1r<\/p><p>&#8211; Komfort Eg\u00e9szs\u00e9gp\u00e9nzt\u00e1r<\/p><p>&#8211; Krist\u00e1ly \u00d6nk\u00e9ntes K\u00f6lcs\u00f6n\u00f6s Kieg\u00e9sz\u00edt\u0151 Eg\u00e9szs\u00e9gp\u00e9nzt\u00e1r<\/p><p>&#8211; MKB (Talizm\u00e1n) Eg\u00e9szs\u00e9gp\u00e9nzt\u00e1r<\/p><p>&#8211; OTP Orsz\u00e1gos Eg\u00e9szs\u00e9gp\u00e9nzt\u00e1r<\/p><p>&#8211; Patika \u00d6nk\u00e9ntes K\u00f6lcs\u00f6n\u00f6s Eg\u00e9szs\u00e9gp\u00e9nzt\u00e1r<\/p><p>&#8211; Pro Vita Eg\u00e9szs\u00e9gp\u00e9nzt\u00e1r<\/p><p>&#8211; Questor Orsz\u00e1gos Eg\u00e9szs\u00e9gp\u00e9nzt\u00e1r<\/p><p>&#8211; Tempo Eg\u00e9szs\u00e9gp\u00e9nzt\u00e1r<\/p><p>&#8211; Uniqa Eg\u00e9szs\u00e9gp\u00e9nzt\u00e1r<\/p><p>&#8211; Vasutas Eg\u00e9szs\u00e9gp\u00e9nzt\u00e1r<\/p><p>&#8211; Vitamin Eg\u00e9szs\u00e9gp\u00e9nzt\u00e1r<\/p><p>&#8211; Wellness Orsz\u00e1gos \u00d6nk\u00e9ntes Eg\u00e9szs\u00e9gp\u00e9nzt\u00e1r<\/p>\t\t\t\t\t\t\t\t<\/div>\n\t\t\t\t<\/div>\n\t\t\t\t\t<\/div>\n\t\t<\/div>\n\t\t\t\t\t<\/div>\n\t\t<\/section>\n\t\t\t\t<\/div>","protected":false},"excerpt":{"rendered":"<p>Magyar Kemping Egyes\u00fcletek Orsz\u00e1gos Sz\u00f6vets\u00e9ge Magyar Hagyom\u00e1nyos Kemping Klub Magyar Camping \u00e9s Caravanning Club Baranyai Camping Club T\u00e1boroz\u00f3 Term\u00e9szetbar\u00e1tok Egyes\u00fclete Somogy Megyei Kempingez\u0151 Klub honlapja Vasi Kempingez\u0151k egyes\u00fclete Magyarorsz\u00e1gi kemping inform\u00e1ci\u00f3s adatb\u00e1zis Bar\u00e1ti Karav\u00e1n Klub Eg\u00e9szs\u00e9gp\u00e9nzt\u00e1ri partnerek &#8211; Adoszt Eg\u00e9szs\u00e9gp\u00e9nzt\u00e1r &#8211; Allianz Hung\u00e1ria Eg\u00e9szs\u00e9gp\u00e9nzt\u00e1r &#8211; Aranykor Eg\u00e9szs\u00e9gp\u00e9nzt\u00e1r &#8211; AXA Eg\u00e9szs\u00e9gp\u00e9nzt\u00e1r 2007. febru\u00e1r 1-t\u0151l (Winterthur helyett) [&hellip;]<\/p>\n","protected":false},"author":1,"featured_media":0,"parent":0,"menu_order":0,"comment_status":"closed","ping_status":"closed","template":"","meta":{"site-sidebar-layout":"no-sidebar","site-content-layout":"page-builder","ast-site-content-layout":"default","site-content-style":"default","site-sidebar-style":"default","ast-global-header-display":"","ast-banner-title-visibility":"","ast-main-header-display":"","ast-hfb-above-header-display":"","ast-hfb-below-header-display":"","ast-hfb-mobile-header-display":"","site-post-title":"disabled","ast-breadcrumbs-content":"","ast-featured-img":"disabled","footer-sml-layout":"","ast-disable-related-posts":"","theme-transparent-header-meta":"","adv-header-id-meta":"","stick-header-meta":"","header-above-stick-meta":"","header-main-stick-meta":"","header-below-stick-meta":"","astra-migrate-meta-layouts":"default","ast-page-background-enabled":"default","ast-page-background-meta":{"desktop":{"background-color":"var(--ast-global-color-4)","background-image":"","background-repeat":"repeat","background-position":"center center","background-size":"auto","background-attachment":"scroll","background-type":"","background-media":"","overlay-type":"","overlay-color":"","overlay-opacity":"","overlay-gradient":""},"tablet":{"background-color":"","background-image":"","background-repeat":"repeat","background-position":"center center","background-size":"auto","background-attachment":"scroll","background-type":"","background-media":"","overlay-type":"","overlay-color":"","overlay-opacity":"","overlay-gradient":""},"mobile":{"background-color":"","background-image":"","background-repeat":"repeat","background-position":"center center","background-size":"auto","background-attachment":"scroll","background-type":"","background-media":"","overlay-type":"","overlay-color":"","overlay-opacity":"","overlay-gradient":""}},"ast-content-background-meta":{"desktop":{"background-color":"var(--ast-global-color-5)","background-image":"","background-repeat":"repeat","background-position":"center center","background-size":"auto","background-attachment":"scroll","background-type":"","background-media":"","overlay-type":"","overlay-color":"","overlay-opacity":"","overlay-gradient":""},"tablet":{"background-color":"var(--ast-global-color-5)","background-image":"","background-repeat":"repeat","background-position":"center center","background-size":"auto","background-attachment":"scroll","background-type":"","background-media":"","overlay-type":"","overlay-color":"","overlay-opacity":"","overlay-gradient":""},"mobile":{"background-color":"var(--ast-global-color-5)","background-image":"","background-repeat":"repeat","background-position":"center center","background-size":"auto","background-attachment":"scroll","background-type":"","background-media":"","overlay-type":"","overlay-color":"","overlay-opacity":"","overlay-gradient":""}},"footnotes":""},"class_list":["post-1768","page","type-page","status-publish","hentry"],"yoast_head":"<!-- This site is optimized with the Yoast SEO Premium plugin v27.4 (Yoast SEO v27.4) - https:\/\/yoast.com\/product\/yoast-seo-premium-wordpress\/ -->\n<title>Partnereink - Jonatherm\u00e1l Gy\u00f3gy- \u00e9s \u00c9lm\u00e9nyf\u00fcrd\u0151, Motel, Kemping<\/title>\n<meta name=\"robots\" content=\"index, follow, max-snippet:-1, max-image-preview:large, max-video-preview:-1\" \/>\n<link rel=\"canonical\" href=\"https:\/\/jonathermal.hu\/en\/partnereink\/\" \/>\n<meta property=\"og:locale\" content=\"en_US\" \/>\n<meta property=\"og:type\" content=\"article\" \/>\n<meta property=\"og:title\" content=\"Partnereink\" \/>\n<meta property=\"og:description\" content=\"Magyar Kemping Egyes\u00fcletek Orsz\u00e1gos Sz\u00f6vets\u00e9ge Magyar Hagyom\u00e1nyos Kemping Klub Magyar Camping \u00e9s Caravanning Club Baranyai Camping Club T\u00e1boroz\u00f3 Term\u00e9szetbar\u00e1tok Egyes\u00fclete Somogy Megyei Kempingez\u0151 Klub honlapja Vasi Kempingez\u0151k egyes\u00fclete Magyarorsz\u00e1gi kemping inform\u00e1ci\u00f3s adatb\u00e1zis Bar\u00e1ti Karav\u00e1n Klub Eg\u00e9szs\u00e9gp\u00e9nzt\u00e1ri partnerek &#8211; Adoszt Eg\u00e9szs\u00e9gp\u00e9nzt\u00e1r &#8211; Allianz Hung\u00e1ria Eg\u00e9szs\u00e9gp\u00e9nzt\u00e1r &#8211; Aranykor Eg\u00e9szs\u00e9gp\u00e9nzt\u00e1r &#8211; AXA Eg\u00e9szs\u00e9gp\u00e9nzt\u00e1r 2007. febru\u00e1r 1-t\u0151l (Winterthur helyett) [&hellip;]\" \/>\n<meta property=\"og:url\" content=\"https:\/\/jonathermal.hu\/en\/partnereink\/\" \/>\n<meta property=\"og:site_name\" content=\"Jonatherm\u00e1l Gy\u00f3gy- \u00e9s \u00c9lm\u00e9nyf\u00fcrd\u0151, Motel, Kemping\" \/>\n<meta property=\"article:publisher\" content=\"https:\/\/www.facebook.com\/Jonathermal\/\" \/>\n<meta property=\"article:modified_time\" content=\"2023-02-13T15:57:16+00:00\" \/>\n<meta property=\"og:image\" content=\"https:\/\/jonathermal.hu\/wp-content\/uploads\/2022\/02\/makeoslogo.jpg\" \/>\n<meta name=\"twitter:card\" content=\"summary_large_image\" \/>\n<script type=\"application\/ld+json\" class=\"yoast-schema-graph\">{\"@context\":\"https:\\\/\\\/schema.org\",\"@graph\":[{\"@type\":\"WebPage\",\"@id\":\"https:\\\/\\\/jonathermal.hu\\\/partnereink\\\/\",\"url\":\"https:\\\/\\\/jonathermal.hu\\\/partnereink\\\/\",\"name\":\"Partnereink - Jonatherm\u00e1l Gy\u00f3gy- \u00e9s \u00c9lm\u00e9nyf\u00fcrd\u0151, Motel, Kemping\",\"isPartOf\":{\"@id\":\"https:\\\/\\\/jonathermal.hu\\\/#website\"},\"primaryImageOfPage\":{\"@id\":\"https:\\\/\\\/jonathermal.hu\\\/partnereink\\\/#primaryimage\"},\"image\":{\"@id\":\"https:\\\/\\\/jonathermal.hu\\\/partnereink\\\/#primaryimage\"},\"thumbnailUrl\":\"https:\\\/\\\/jonathermal.hu\\\/wp-content\\\/uploads\\\/2022\\\/02\\\/makeoslogo.jpg\",\"datePublished\":\"2022-02-21T16:46:45+00:00\",\"dateModified\":\"2023-02-13T15:57:16+00:00\",\"breadcrumb\":{\"@id\":\"https:\\\/\\\/jonathermal.hu\\\/partnereink\\\/#breadcrumb\"},\"inLanguage\":\"en-US\",\"potentialAction\":[{\"@type\":\"ReadAction\",\"target\":[\"https:\\\/\\\/jonathermal.hu\\\/partnereink\\\/\"]}]},{\"@type\":\"ImageObject\",\"inLanguage\":\"en-US\",\"@id\":\"https:\\\/\\\/jonathermal.hu\\\/partnereink\\\/#primaryimage\",\"url\":\"https:\\\/\\\/jonathermal.hu\\\/wp-content\\\/uploads\\\/2022\\\/02\\\/makeoslogo.jpg\",\"contentUrl\":\"https:\\\/\\\/jonathermal.hu\\\/wp-content\\\/uploads\\\/2022\\\/02\\\/makeoslogo.jpg\"},{\"@type\":\"BreadcrumbList\",\"@id\":\"https:\\\/\\\/jonathermal.hu\\\/partnereink\\\/#breadcrumb\",\"itemListElement\":[{\"@type\":\"ListItem\",\"position\":1,\"name\":\"Kezd\u0151lap\",\"item\":\"https:\\\/\\\/jonathermal.hu\\\/\"},{\"@type\":\"ListItem\",\"position\":2,\"name\":\"Partnereink\"}]},{\"@type\":\"WebSite\",\"@id\":\"https:\\\/\\\/jonathermal.hu\\\/#website\",\"url\":\"https:\\\/\\\/jonathermal.hu\\\/\",\"name\":\"Jonatherm\u00e1l Gy\u00f3gy- \u00e9s \u00c9lm\u00e9nyf\u00fcrd\u0151, Motel, Kemping\",\"description\":\"Kiskunmajsa\",\"publisher\":{\"@id\":\"https:\\\/\\\/jonathermal.hu\\\/#organization\"},\"potentialAction\":[{\"@type\":\"SearchAction\",\"target\":{\"@type\":\"EntryPoint\",\"urlTemplate\":\"https:\\\/\\\/jonathermal.hu\\\/?s={search_term_string}\"},\"query-input\":{\"@type\":\"PropertyValueSpecification\",\"valueRequired\":true,\"valueName\":\"search_term_string\"}}],\"inLanguage\":\"en-US\"},{\"@type\":\"Organization\",\"@id\":\"https:\\\/\\\/jonathermal.hu\\\/#organization\",\"name\":\"Jonatherm\u00e1l Gy\u00f3gy- \u00e9s \u00c9lm\u00e9nyf\u00fcrd\u0151, Motel, Kemping Kiskunmajsa\",\"url\":\"https:\\\/\\\/jonathermal.hu\\\/\",\"logo\":{\"@type\":\"ImageObject\",\"inLanguage\":\"en-US\",\"@id\":\"https:\\\/\\\/jonathermal.hu\\\/#\\\/schema\\\/logo\\\/image\\\/\",\"url\":\"https:\\\/\\\/jonathermal.hu\\\/wp-content\\\/uploads\\\/2022\\\/02\\\/jonatherma\u0301l-logo.png\",\"contentUrl\":\"https:\\\/\\\/jonathermal.hu\\\/wp-content\\\/uploads\\\/2022\\\/02\\\/jonatherma\u0301l-logo.png\",\"width\":200,\"height\":142,\"caption\":\"Jonatherm\u00e1l Gy\u00f3gy- \u00e9s \u00c9lm\u00e9nyf\u00fcrd\u0151, Motel, Kemping Kiskunmajsa\"},\"image\":{\"@id\":\"https:\\\/\\\/jonathermal.hu\\\/#\\\/schema\\\/logo\\\/image\\\/\"},\"sameAs\":[\"https:\\\/\\\/www.facebook.com\\\/Jonathermal\\\/\",\"https:\\\/\\\/www.instagram.com\\\/jonathermal\\\/\",\"https:\\\/\\\/www.youtube.com\\\/channel\\\/UCTAd0tjGBgxWEJfuY378_Qw\\\/featured\"]}]}<\/script>\n<!-- \/ Yoast SEO Premium plugin. -->","yoast_head_json":{"title":"Partnereink - Jonatherm\u00e1l Gy\u00f3gy- \u00e9s \u00c9lm\u00e9nyf\u00fcrd\u0151, Motel, Kemping","robots":{"index":"index","follow":"follow","max-snippet":"max-snippet:-1","max-image-preview":"max-image-preview:large","max-video-preview":"max-video-preview:-1"},"canonical":"https:\/\/jonathermal.hu\/en\/partnereink\/","og_locale":"en_US","og_type":"article","og_title":"Partnereink","og_description":"Magyar Kemping Egyes\u00fcletek Orsz\u00e1gos Sz\u00f6vets\u00e9ge Magyar Hagyom\u00e1nyos Kemping Klub Magyar Camping \u00e9s Caravanning Club Baranyai Camping Club T\u00e1boroz\u00f3 Term\u00e9szetbar\u00e1tok Egyes\u00fclete Somogy Megyei Kempingez\u0151 Klub honlapja Vasi Kempingez\u0151k egyes\u00fclete Magyarorsz\u00e1gi kemping inform\u00e1ci\u00f3s adatb\u00e1zis Bar\u00e1ti Karav\u00e1n Klub Eg\u00e9szs\u00e9gp\u00e9nzt\u00e1ri partnerek &#8211; Adoszt Eg\u00e9szs\u00e9gp\u00e9nzt\u00e1r &#8211; Allianz Hung\u00e1ria Eg\u00e9szs\u00e9gp\u00e9nzt\u00e1r &#8211; Aranykor Eg\u00e9szs\u00e9gp\u00e9nzt\u00e1r &#8211; AXA Eg\u00e9szs\u00e9gp\u00e9nzt\u00e1r 2007. febru\u00e1r 1-t\u0151l (Winterthur helyett) [&hellip;]","og_url":"https:\/\/jonathermal.hu\/en\/partnereink\/","og_site_name":"Jonatherm\u00e1l Gy\u00f3gy- \u00e9s \u00c9lm\u00e9nyf\u00fcrd\u0151, Motel, Kemping","article_publisher":"https:\/\/www.facebook.com\/Jonathermal\/","article_modified_time":"2023-02-13T15:57:16+00:00","og_image":[{"url":"https:\/\/jonathermal.hu\/wp-content\/uploads\/2022\/02\/makeoslogo.jpg","type":"","width":"","height":""}],"twitter_card":"summary_large_image","schema":{"@context":"https:\/\/schema.org","@graph":[{"@type":"WebPage","@id":"https:\/\/jonathermal.hu\/partnereink\/","url":"https:\/\/jonathermal.hu\/partnereink\/","name":"Partnereink - Jonatherm\u00e1l Gy\u00f3gy- \u00e9s \u00c9lm\u00e9nyf\u00fcrd\u0151, Motel, Kemping","isPartOf":{"@id":"https:\/\/jonathermal.hu\/#website"},"primaryImageOfPage":{"@id":"https:\/\/jonathermal.hu\/partnereink\/#primaryimage"},"image":{"@id":"https:\/\/jonathermal.hu\/partnereink\/#primaryimage"},"thumbnailUrl":"https:\/\/jonathermal.hu\/wp-content\/uploads\/2022\/02\/makeoslogo.jpg","datePublished":"2022-02-21T16:46:45+00:00","dateModified":"2023-02-13T15:57:16+00:00","breadcrumb":{"@id":"https:\/\/jonathermal.hu\/partnereink\/#breadcrumb"},"inLanguage":"en-US","potentialAction":[{"@type":"ReadAction","target":["https:\/\/jonathermal.hu\/partnereink\/"]}]},{"@type":"ImageObject","inLanguage":"en-US","@id":"https:\/\/jonathermal.hu\/partnereink\/#primaryimage","url":"https:\/\/jonathermal.hu\/wp-content\/uploads\/2022\/02\/makeoslogo.jpg","contentUrl":"https:\/\/jonathermal.hu\/wp-content\/uploads\/2022\/02\/makeoslogo.jpg"},{"@type":"BreadcrumbList","@id":"https:\/\/jonathermal.hu\/partnereink\/#breadcrumb","itemListElement":[{"@type":"ListItem","position":1,"name":"Kezd\u0151lap","item":"https:\/\/jonathermal.hu\/"},{"@type":"ListItem","position":2,"name":"Partnereink"}]},{"@type":"WebSite","@id":"https:\/\/jonathermal.hu\/#website","url":"https:\/\/jonathermal.hu\/","name":"Jonatherm\u00e1l Gy\u00f3gy- \u00e9s \u00c9lm\u00e9nyf\u00fcrd\u0151, Motel, Kemping","description":"Kiskunmajsa","publisher":{"@id":"https:\/\/jonathermal.hu\/#organization"},"potentialAction":[{"@type":"SearchAction","target":{"@type":"EntryPoint","urlTemplate":"https:\/\/jonathermal.hu\/?s={search_term_string}"},"query-input":{"@type":"PropertyValueSpecification","valueRequired":true,"valueName":"search_term_string"}}],"inLanguage":"en-US"},{"@type":"Organization","@id":"https:\/\/jonathermal.hu\/#organization","name":"Jonatherm\u00e1l Gy\u00f3gy- \u00e9s \u00c9lm\u00e9nyf\u00fcrd\u0151, Motel, Kemping Kiskunmajsa","url":"https:\/\/jonathermal.hu\/","logo":{"@type":"ImageObject","inLanguage":"en-US","@id":"https:\/\/jonathermal.hu\/#\/schema\/logo\/image\/","url":"https:\/\/jonathermal.hu\/wp-content\/uploads\/2022\/02\/jonatherma\u0301l-logo.png","contentUrl":"https:\/\/jonathermal.hu\/wp-content\/uploads\/2022\/02\/jonatherma\u0301l-logo.png","width":200,"height":142,"caption":"Jonatherm\u00e1l Gy\u00f3gy- \u00e9s \u00c9lm\u00e9nyf\u00fcrd\u0151, Motel, Kemping Kiskunmajsa"},"image":{"@id":"https:\/\/jonathermal.hu\/#\/schema\/logo\/image\/"},"sameAs":["https:\/\/www.facebook.com\/Jonathermal\/","https:\/\/www.instagram.com\/jonathermal\/","https:\/\/www.youtube.com\/channel\/UCTAd0tjGBgxWEJfuY378_Qw\/featured"]}]}},"_links":{"self":[{"href":"https:\/\/jonathermal.hu\/en\/wp-json\/wp\/v2\/pages\/1768","targetHints":{"allow":["GET"]}}],"collection":[{"href":"https:\/\/jonathermal.hu\/en\/wp-json\/wp\/v2\/pages"}],"about":[{"href":"https:\/\/jonathermal.hu\/en\/wp-json\/wp\/v2\/types\/page"}],"author":[{"embeddable":true,"href":"https:\/\/jonathermal.hu\/en\/wp-json\/wp\/v2\/users\/1"}],"replies":[{"embeddable":true,"href":"https:\/\/jonathermal.hu\/en\/wp-json\/wp\/v2\/comments?post=1768"}],"version-history":[{"count":0,"href":"https:\/\/jonathermal.hu\/en\/wp-json\/wp\/v2\/pages\/1768\/revisions"}],"wp:attachment":[{"href":"https:\/\/jonathermal.hu\/en\/wp-json\/wp\/v2\/media?parent=1768"}],"curies":[{"name":"wp","href":"https:\/\/api.w.org\/{rel}","templated":true}]}}