{"id":1713,"date":"2022-02-21T16:24:40","date_gmt":"2022-02-21T16:24:40","guid":{"rendered":"https:\/\/jonathermal.hu\/?page_id=1713"},"modified":"2022-03-14T12:54:41","modified_gmt":"2022-03-14T12:54:41","slug":"megkozelites","status":"publish","type":"page","link":"https:\/\/jonathermal.hu\/en\/megkozelites\/","title":{"rendered":"Access"},"content":{"rendered":"<div data-elementor-type=\"wp-page\" data-elementor-id=\"1713\" class=\"elementor elementor-1713\" data-elementor-post-type=\"page\">\n\t\t\t\t\t\t<section class=\"elementor-section elementor-top-section elementor-element elementor-element-6bf2204 elementor-section-boxed elementor-section-height-default elementor-section-height-default\" data-id=\"6bf2204\" data-element_type=\"section\" data-e-type=\"section\">\n\t\t\t\t\t\t<div class=\"elementor-container elementor-column-gap-default\">\n\t\t\t\t\t<div class=\"elementor-column elementor-col-100 elementor-top-column elementor-element elementor-element-b9685a0\" data-id=\"b9685a0\" data-element_type=\"column\" data-e-type=\"column\">\n\t\t\t<div class=\"elementor-widget-wrap elementor-element-populated\">\n\t\t\t\t\t\t<div class=\"elementor-element elementor-element-1bafd79 elementor-widget elementor-widget-text-editor\" data-id=\"1bafd79\" data-element_type=\"widget\" data-e-type=\"widget\" data-widget_type=\"text-editor.default\">\n\t\t\t\t<div class=\"elementor-widget-container\">\n\t\t\t\t\t\t\t\t\t<p><strong>Kiskunmajsa<\/strong><\/p><p>Kiskunmajsa az Alf\u00f6ld d\u00e9li r\u00e9sz\u00e9n, B\u00e1cs-Kiskun megy\u00e9ben elhelyezked\u0151 kisv\u00e1ros. Ter\u00fclete k\u00f6r\u00fclbel\u00fcl 222 km<sup>2<\/sup>, lak\u00f3inak sz\u00e1ma megk\u00f6zel\u00edt\u0151leg 12 ezer f\u0151.<\/p>\t\t\t\t\t\t\t\t<\/div>\n\t\t\t\t<\/div>\n\t\t\t\t<div class=\"elementor-element elementor-element-2020e6b elementor-widget elementor-widget-text-editor\" data-id=\"2020e6b\" data-element_type=\"widget\" data-e-type=\"widget\" data-no-translation=\"\" data-widget_type=\"text-editor.default\">\n\t\t\t\t<div class=\"elementor-widget-container\">\n\t\t\t\t\t<style>.elementor-element-2020e6b{display:none !important}<\/style>\t\t\t\t<\/div>\n\t\t\t\t<\/div>\n\t\t\t\t<div class=\"elementor-element elementor-element-5529565 elementor-widget elementor-widget-image\" data-id=\"5529565\" data-element_type=\"widget\" data-e-type=\"widget\" data-widget_type=\"image.default\">\n\t\t\t\t<div class=\"elementor-widget-container\">\n\t\t\t\t\t\t\t\t\t\t\t\t\t\t\t<img fetchpriority=\"high\" decoding=\"async\" width=\"683\" height=\"1024\" src=\"https:\/\/jonathermal.hu\/wp-content\/uploads\/2022\/02\/jonathermaltermekepn-kozeli-orszagos-683x1024.jpeg\" class=\"attachment-large size-large wp-image-1716\" alt=\"\" srcset=\"https:\/\/jonathermal.hu\/wp-content\/uploads\/2022\/02\/jonathermaltermekepn-kozeli-orszagos-683x1024.jpeg 683w, https:\/\/jonathermal.hu\/wp-content\/uploads\/2022\/02\/jonathermaltermekepn-kozeli-orszagos-200x300.jpeg 200w, https:\/\/jonathermal.hu\/wp-content\/uploads\/2022\/02\/jonathermaltermekepn-kozeli-orszagos-768x1151.jpeg 768w, https:\/\/jonathermal.hu\/wp-content\/uploads\/2022\/02\/jonathermaltermekepn-kozeli-orszagos-600x899.jpeg 600w, https:\/\/jonathermal.hu\/wp-content\/uploads\/2022\/02\/jonathermaltermekepn-kozeli-orszagos.jpeg 814w\" sizes=\"(max-width: 683px) 100vw, 683px\" \/>\t\t\t\t\t\t\t\t\t\t\t\t\t\t\t<\/div>\n\t\t\t\t<\/div>\n\t\t\t\t<div class=\"elementor-element elementor-element-43159c3 elementor-widget elementor-widget-text-editor\" data-id=\"43159c3\" data-element_type=\"widget\" data-e-type=\"widget\" data-widget_type=\"text-editor.default\">\n\t\t\t\t<div class=\"elementor-widget-container\">\n\t\t\t\t\t\t\t\t\t<p>GPS<\/p><p><span data-mce-mark=\"1\">46.521039, 19.746796<br \/>+46\u00b0 31&#8242; 15.74&#8243;, +19\u00b0 44&#8242; 48.47&#8243;<\/span><\/p><p><strong>Access<\/strong><\/p><p><strong>Aut\u00f3val<\/strong><br \/>A v\u00e1ros Kiskunf\u00e9legyh\u00e1z\u00e1t\u00f3l 22 km-re d\u00e9lre, Szeged-Kiskundorozsm\u00e1t\u00f3l kb. 33 km-re \u00e9szaknyugatra helyezkedik el.\u00a0<\/p><p>Az M5-\u00f6s aut\u00f3p\u00e1ly\u00e1n mind Budapestr\u0151l, mind Szeged fel\u0151l j\u00f3l megk\u00f6zel\u00edthet\u0151.\u00a0<br \/>Budapest ir\u00e1ny\u00e1b\u00f3l kiskunf\u00e9legyh\u00e1zi lehajt\u00f3n\u00e1l kell let\u00e9rni az aut\u00f3p\u00e1ly\u00e1r\u00f3l. Szeged ir\u00e1ny\u00e1b\u00f3l a kisteleki lehajt\u00f3n\u00e1l is lehet\u0151s\u00e9g van let\u00e9rni az aut\u00f3p\u00e1ly\u00e1r\u00f3l.<\/p><p>A Dun\u00e1nt\u00falr\u00f3l duna\u00fajv\u00e1rosi, dunaf\u00f6ldv\u00e1ri, szeksz\u00e1rdi, bajai\u00a0Duna-hidakon is megk\u00f6zel\u00edthet\u0151, a Tiszt\u00e1nt\u00falr\u00f3l pedig a szolnoki, lakitelek-tiszaugi, csongr\u00e1di, szegedi hidakon kereszt\u00fcl.<br \/><strong>Kiskunmajsa \u00e9s Kiskunf\u00e9legyh\u00e1za k\u00f6z\u00f6tt 2012-ben teljesen fel\u00faj\u00edtott \u00e9s \u00fajraaszfaltozott \u00faton biztons\u00e1gosan \u00e9s k\u00e9nyelmesen utazhatnak az aut\u00f3sok.<\/strong><\/p><p><strong>Vonattal<\/strong>\u00a0on\u00a0<a href=\"http:\/\/elvira.mav-start.hu\/\" target=\"_blank\" rel=\"noopener\">M\u00c1V menetrendje<\/a>\u00a0szerint Baja \u00e9s Kecskem\u00e9t k\u00f6z\u00f6tt k\u00f6zleked\u0151 interr\u00e9gi\u00f3 vonatokkal lehet eljutni Kiskunmajs\u00e1ra.<br \/>Budapest \u00e9s Szeged ir\u00e1ny\u00e1b\u00f3l is Kiskunf\u00e9legyh\u00e1z\u00e1n kell \u00e1tsz\u00e1llni a Kiskunmajsa ir\u00e1ny\u00e1ba k\u00f6zleked\u0151 szem\u00e9lyvonatokra.<br \/>A Jonatherm\u00e1l Motel \u00e9s Kemping ingyenes transzfert biztos\u00edt sz\u00e1ll\u00e1st foglalt vend\u00e9geinek a\u00a0kiskunmajsai vas\u00fat\u00e1llom\u00e1s \u00e9s Motel k\u00f6z\u00f6tt, ha a sz\u00e1ll\u00e1st legal\u00e1bb 4 \u00e9jszak\u00e1ra foglalt\u00e1k \u00e9s legal\u00e1bb 4 f\u0151 \u00e9rkezik (max. 8 f\u0151). Az ig\u00e9nyt el\u0151re jelezni kell a pontos \u00e9rkez\u00e9si id\u0151pont megad\u00e1s\u00e1val.<\/p><p><strong>Busszal<\/strong>\u00a0a megk\u00f6zel\u00edthet\u0151 az orsz\u00e1g sz\u00e1mos telep\u00fcl\u00e9s\u00e9r\u0151l indul\u00f3 menetrendszeri busszal. A r\u00e9szletes menetrendek\u00e9rt l\u00e1togasson el a\u00a0<a href=\"http:\/\/ujmenetrend.cdata.hu\/uj_menetrend\/volan\/\" target=\"_blank\" rel=\"noopener\">Menetrendek.hu<\/a>\u00a0weboldalra.<\/p><p>Menetrend szerinti aut\u00f3buszok\u00a0<strong>indulnak Kiskunmajs\u00e1ra<\/strong>:<br \/><strong>Baja:<\/strong>\u00a0mindennap 05:15, 13:45 (F\u00fcrd\u0151 el\u0151tt is meg\u00e1llnak)\u00a0<br \/><strong>Csongr\u00e1d:<\/strong>\u00a0mindennap 05:55; a hetek els\u0151 tan\u00edt\u00e1si napj\u00e1t megel\u0151z\u0151 nap kiv\u00e9tel\u00e9vel naponta 13:00 (F\u00fcrd\u0151 el\u0151tt is meg\u00e1llnak)\u00a0<br \/><strong>Gy\u0151r:<\/strong>\u00a0mindennap 05:40<br \/><strong>Kalocsa:<\/strong>\u00a0munkanap 05:50, 06:15; mindennap 14:30, 16:30<br \/><strong>Kecskem\u00e9t:<\/strong>\u00a0munkanap 09:30; mindennap 16:00; munkanapokon, (F\u00fcrd\u0151 el\u0151tt is meg\u00e1llnak);\u00a0<br \/>valamint szabad- \u00e9s munkasz\u00fcneti napokon a MERCEDES-gy\u00e1r munkarendje szerint 16:40<br \/><strong>P\u00e1pa:<\/strong>\u00a0mindennap 04:25<br \/><strong>Szentes:<\/strong>\u00a0mindennap 05:40; a hetek els\u0151 tan\u00edt\u00e1si napj\u00e1t megel\u0151z\u0151 nap kiv\u00e9tel\u00e9vel naponta 12:45 (F\u00fcrd\u0151 el\u0151tt is meg\u00e1llnak)\u00a0<br \/><strong>Szeged:<\/strong>\u00a0mindennap 05:20, 05:35, 06:20, 09:45, 11:15, 11:45, 12:45, 13:45, 15:05, 15:40, 15:45, 16:15, 17:45, 18:45, 22:45<br \/><strong>Sz\u00e9kesfeh\u00e9rv\u00e1r:\u00a0<\/strong>mindennap 07:40<br \/><strong>Veszpr\u00e9m:<\/strong>\u00a0mindennap 05:40, 14:50<\/p><p><strong>Kiskunmajsa aut\u00f3busz-v\u00e1r\u00f3teremt\u0151l<\/strong>\u00a0a Term\u00e1lf\u00fcrd\u0151 fel\u00e9 k\u00f6zleked\u0151 menetrendszerinti aut\u00f3busz j\u00e1ratok:<br \/>munkanap 04:45, 06:00, 09:20, 10:35, 11:05, 12:10, 12:30, 12:45, 13:20, 14:49, 16:30, 20:35, 23:05;<br \/>mindennap 06:59, 07:33, 08:50, 15:35;<br \/>iskolai el\u0151ad\u00e1si napokon 06:45, 15:20, 17:15;<br \/>munkasz\u00fcneti napok kiv\u00e9tel\u00e9vel naponta 08:45<\/p>\t\t\t\t\t\t\t\t<\/div>\n\t\t\t\t<\/div>\n\t\t\t\t\t<\/div>\n\t\t<\/div>\n\t\t\t\t\t<\/div>\n\t\t<\/section>\n\t\t\t\t<section class=\"elementor-section elementor-top-section elementor-element elementor-element-7445d66 elementor-section-full_width elementor-section-height-default elementor-section-height-default\" data-id=\"7445d66\" data-element_type=\"section\" data-e-type=\"section\">\n\t\t\t\t\t\t<div class=\"elementor-container elementor-column-gap-no\">\n\t\t\t\t\t<div class=\"elementor-column elementor-col-100 elementor-top-column elementor-element elementor-element-3a8c90e\" data-id=\"3a8c90e\" data-element_type=\"column\" data-e-type=\"column\" data-settings=\"{&quot;background_background&quot;:&quot;classic&quot;}\">\n\t\t\t<div class=\"elementor-widget-wrap elementor-element-populated\">\n\t\t\t\t\t\t<div class=\"elementor-element elementor-element-4a5dd60 elementor-widget elementor-widget-google_maps\" data-id=\"4a5dd60\" data-element_type=\"widget\" data-e-type=\"widget\" data-widget_type=\"google_maps.default\">\n\t\t\t\t<div class=\"elementor-widget-container\">\n\t\t\t\t\t\t\t<div class=\"elementor-custom-embed\">\n\t\t\t<iframe loading=\"lazy\"\n\t\t\t\t\tsrc=\"https:\/\/maps.google.com\/maps?q=jonatherm%C3%A1l%20gy%C3%B3gy&#038;t=m&#038;z=9&#038;output=embed&#038;iwloc=near\"\n\t\t\t\t\ttitle=\"jonatherm\u00e1l gy\u00f3gy\"\n\t\t\t\t\taria-label=\"jonatherm\u00e1l gy\u00f3gy\"\n\t\t\t><\/iframe>\n\t\t<\/div>\n\t\t\t\t\t\t<\/div>\n\t\t\t\t<\/div>\n\t\t\t\t\t<\/div>\n\t\t<\/div>\n\t\t\t\t\t<\/div>\n\t\t<\/section>\n\t\t\t\t<\/div>","protected":false},"excerpt":{"rendered":"<p>Kiskunmajsa Kiskunmajsa az Alf\u00f6ld d\u00e9li r\u00e9sz\u00e9n, B\u00e1cs-Kiskun megy\u00e9ben elhelyezked\u0151 kisv\u00e1ros. Ter\u00fclete k\u00f6r\u00fclbel\u00fcl 222 km2, lak\u00f3inak sz\u00e1ma megk\u00f6zel\u00edt\u0151leg 12 ezer f\u0151. AWie kommen Sie nach Kiskunmajsa? Unter folgenden Adressen k\u00f6nnen Sie einen genauen Routenplan erstellen, ganz gleich, ob Sie aus dem In- oder dem Ausland eintreffen. http:\/\/www.auskunft.ch\/routenplaner\/http:\/\/www.routenplaner-online.com Geographische Lage von Kiskunmajsa und der Jonatherm\u00e1l AG (Bad): [&hellip;]<\/p>\n","protected":false},"author":1,"featured_media":0,"parent":0,"menu_order":0,"comment_status":"closed","ping_status":"closed","template":"","meta":{"site-sidebar-layout":"no-sidebar","site-content-layout":"page-builder","ast-site-content-layout":"default","site-content-style":"default","site-sidebar-style":"default","ast-global-header-display":"","ast-banner-title-visibility":"","ast-main-header-display":"","ast-hfb-above-header-display":"","ast-hfb-below-header-display":"","ast-hfb-mobile-header-display":"","site-post-title":"disabled","ast-breadcrumbs-content":"","ast-featured-img":"disabled","footer-sml-layout":"","ast-disable-related-posts":"","theme-transparent-header-meta":"","adv-header-id-meta":"","stick-header-meta":"","header-above-stick-meta":"","header-main-stick-meta":"","header-below-stick-meta":"","astra-migrate-meta-layouts":"default","ast-page-background-enabled":"default","ast-page-background-meta":{"desktop":{"background-color":"var(--ast-global-color-4)","background-image":"","background-repeat":"repeat","background-position":"center center","background-size":"auto","background-attachment":"scroll","background-type":"","background-media":"","overlay-type":"","overlay-color":"","overlay-opacity":"","overlay-gradient":""},"tablet":{"background-color":"","background-image":"","background-repeat":"repeat","background-position":"center center","background-size":"auto","background-attachment":"scroll","background-type":"","background-media":"","overlay-type":"","overlay-color":"","overlay-opacity":"","overlay-gradient":""},"mobile":{"background-color":"","background-image":"","background-repeat":"repeat","background-position":"center center","background-size":"auto","background-attachment":"scroll","background-type":"","background-media":"","overlay-type":"","overlay-color":"","overlay-opacity":"","overlay-gradient":""}},"ast-content-background-meta":{"desktop":{"background-color":"var(--ast-global-color-5)","background-image":"","background-repeat":"repeat","background-position":"center center","background-size":"auto","background-attachment":"scroll","background-type":"","background-media":"","overlay-type":"","overlay-color":"","overlay-opacity":"","overlay-gradient":""},"tablet":{"background-color":"var(--ast-global-color-5)","background-image":"","background-repeat":"repeat","background-position":"center center","background-size":"auto","background-attachment":"scroll","background-type":"","background-media":"","overlay-type":"","overlay-color":"","overlay-opacity":"","overlay-gradient":""},"mobile":{"background-color":"var(--ast-global-color-5)","background-image":"","background-repeat":"repeat","background-position":"center center","background-size":"auto","background-attachment":"scroll","background-type":"","background-media":"","overlay-type":"","overlay-color":"","overlay-opacity":"","overlay-gradient":""}},"footnotes":""},"class_list":["post-1713","page","type-page","status-publish","hentry"],"yoast_head":"<!-- This site is optimized with the Yoast SEO Premium plugin v27.4 (Yoast SEO v27.4) - https:\/\/yoast.com\/product\/yoast-seo-premium-wordpress\/ -->\n<title>Megk\u00f6zel\u00edt\u00e9s - Jonatherm\u00e1l Gy\u00f3gy- \u00e9s \u00c9lm\u00e9nyf\u00fcrd\u0151, Motel, Kemping<\/title>\n<meta name=\"robots\" content=\"index, follow, max-snippet:-1, max-image-preview:large, max-video-preview:-1\" \/>\n<link rel=\"canonical\" href=\"https:\/\/jonathermal.hu\/en\/megkozelites\/\" \/>\n<meta property=\"og:locale\" content=\"en_US\" \/>\n<meta property=\"og:type\" content=\"article\" \/>\n<meta property=\"og:title\" content=\"Megk\u00f6zel\u00edt\u00e9s\" \/>\n<meta property=\"og:description\" content=\"Kiskunmajsa Kiskunmajsa az Alf\u00f6ld d\u00e9li r\u00e9sz\u00e9n, B\u00e1cs-Kiskun megy\u00e9ben elhelyezked\u0151 kisv\u00e1ros. Ter\u00fclete k\u00f6r\u00fclbel\u00fcl 222 km2, lak\u00f3inak sz\u00e1ma megk\u00f6zel\u00edt\u0151leg 12 ezer f\u0151. AWie kommen Sie nach Kiskunmajsa? Unter folgenden Adressen k\u00f6nnen Sie einen genauen Routenplan erstellen, ganz gleich, ob Sie aus dem In- oder dem Ausland eintreffen. http:\/\/www.auskunft.ch\/routenplaner\/http:\/\/www.routenplaner-online.com Geographische Lage von Kiskunmajsa und der Jonatherm\u00e1l AG (Bad): [&hellip;]\" \/>\n<meta property=\"og:url\" content=\"https:\/\/jonathermal.hu\/en\/megkozelites\/\" \/>\n<meta property=\"og:site_name\" content=\"Jonatherm\u00e1l Gy\u00f3gy- \u00e9s \u00c9lm\u00e9nyf\u00fcrd\u0151, Motel, Kemping\" \/>\n<meta property=\"article:publisher\" content=\"https:\/\/www.facebook.com\/Jonathermal\/\" \/>\n<meta property=\"article:modified_time\" content=\"2022-03-14T12:54:41+00:00\" \/>\n<meta property=\"og:image\" content=\"https:\/\/jonathermal.hu\/wp-content\/uploads\/2022\/02\/jonathermaltermekepn-kozeli-orszagos-683x1024.jpeg\" \/>\n<meta name=\"twitter:card\" content=\"summary_large_image\" \/>\n<script type=\"application\/ld+json\" class=\"yoast-schema-graph\">{\"@context\":\"https:\\\/\\\/schema.org\",\"@graph\":[{\"@type\":\"WebPage\",\"@id\":\"https:\\\/\\\/jonathermal.hu\\\/megkozelites\\\/\",\"url\":\"https:\\\/\\\/jonathermal.hu\\\/megkozelites\\\/\",\"name\":\"Megk\u00f6zel\u00edt\u00e9s - Jonatherm\u00e1l Gy\u00f3gy- \u00e9s \u00c9lm\u00e9nyf\u00fcrd\u0151, Motel, Kemping\",\"isPartOf\":{\"@id\":\"https:\\\/\\\/jonathermal.hu\\\/#website\"},\"primaryImageOfPage\":{\"@id\":\"https:\\\/\\\/jonathermal.hu\\\/megkozelites\\\/#primaryimage\"},\"image\":{\"@id\":\"https:\\\/\\\/jonathermal.hu\\\/megkozelites\\\/#primaryimage\"},\"thumbnailUrl\":\"https:\\\/\\\/jonathermal.hu\\\/wp-content\\\/uploads\\\/2022\\\/02\\\/jonathermaltermekepn-kozeli-orszagos-683x1024.jpeg\",\"datePublished\":\"2022-02-21T16:24:40+00:00\",\"dateModified\":\"2022-03-14T12:54:41+00:00\",\"breadcrumb\":{\"@id\":\"https:\\\/\\\/jonathermal.hu\\\/megkozelites\\\/#breadcrumb\"},\"inLanguage\":\"en-US\",\"potentialAction\":[{\"@type\":\"ReadAction\",\"target\":[\"https:\\\/\\\/jonathermal.hu\\\/megkozelites\\\/\"]}]},{\"@type\":\"ImageObject\",\"inLanguage\":\"en-US\",\"@id\":\"https:\\\/\\\/jonathermal.hu\\\/megkozelites\\\/#primaryimage\",\"url\":\"https:\\\/\\\/jonathermal.hu\\\/wp-content\\\/uploads\\\/2022\\\/02\\\/jonathermaltermekepn-kozeli-orszagos-683x1024.jpeg\",\"contentUrl\":\"https:\\\/\\\/jonathermal.hu\\\/wp-content\\\/uploads\\\/2022\\\/02\\\/jonathermaltermekepn-kozeli-orszagos-683x1024.jpeg\"},{\"@type\":\"BreadcrumbList\",\"@id\":\"https:\\\/\\\/jonathermal.hu\\\/megkozelites\\\/#breadcrumb\",\"itemListElement\":[{\"@type\":\"ListItem\",\"position\":1,\"name\":\"Kezd\u0151lap\",\"item\":\"https:\\\/\\\/jonathermal.hu\\\/\"},{\"@type\":\"ListItem\",\"position\":2,\"name\":\"Megk\u00f6zel\u00edt\u00e9s\"}]},{\"@type\":\"WebSite\",\"@id\":\"https:\\\/\\\/jonathermal.hu\\\/#website\",\"url\":\"https:\\\/\\\/jonathermal.hu\\\/\",\"name\":\"Jonatherm\u00e1l Gy\u00f3gy- \u00e9s \u00c9lm\u00e9nyf\u00fcrd\u0151, Motel, Kemping\",\"description\":\"Kiskunmajsa\",\"publisher\":{\"@id\":\"https:\\\/\\\/jonathermal.hu\\\/#organization\"},\"potentialAction\":[{\"@type\":\"SearchAction\",\"target\":{\"@type\":\"EntryPoint\",\"urlTemplate\":\"https:\\\/\\\/jonathermal.hu\\\/?s={search_term_string}\"},\"query-input\":{\"@type\":\"PropertyValueSpecification\",\"valueRequired\":true,\"valueName\":\"search_term_string\"}}],\"inLanguage\":\"en-US\"},{\"@type\":\"Organization\",\"@id\":\"https:\\\/\\\/jonathermal.hu\\\/#organization\",\"name\":\"Jonatherm\u00e1l Gy\u00f3gy- \u00e9s \u00c9lm\u00e9nyf\u00fcrd\u0151, Motel, Kemping Kiskunmajsa\",\"url\":\"https:\\\/\\\/jonathermal.hu\\\/\",\"logo\":{\"@type\":\"ImageObject\",\"inLanguage\":\"en-US\",\"@id\":\"https:\\\/\\\/jonathermal.hu\\\/#\\\/schema\\\/logo\\\/image\\\/\",\"url\":\"https:\\\/\\\/jonathermal.hu\\\/wp-content\\\/uploads\\\/2022\\\/02\\\/jonatherma\u0301l-logo.png\",\"contentUrl\":\"https:\\\/\\\/jonathermal.hu\\\/wp-content\\\/uploads\\\/2022\\\/02\\\/jonatherma\u0301l-logo.png\",\"width\":200,\"height\":142,\"caption\":\"Jonatherm\u00e1l Gy\u00f3gy- \u00e9s \u00c9lm\u00e9nyf\u00fcrd\u0151, Motel, Kemping Kiskunmajsa\"},\"image\":{\"@id\":\"https:\\\/\\\/jonathermal.hu\\\/#\\\/schema\\\/logo\\\/image\\\/\"},\"sameAs\":[\"https:\\\/\\\/www.facebook.com\\\/Jonathermal\\\/\",\"https:\\\/\\\/www.instagram.com\\\/jonathermal\\\/\",\"https:\\\/\\\/www.youtube.com\\\/channel\\\/UCTAd0tjGBgxWEJfuY378_Qw\\\/featured\"]}]}<\/script>\n<!-- \/ Yoast SEO Premium plugin. -->","yoast_head_json":{"title":"Megk\u00f6zel\u00edt\u00e9s - Jonatherm\u00e1l Gy\u00f3gy- \u00e9s \u00c9lm\u00e9nyf\u00fcrd\u0151, Motel, Kemping","robots":{"index":"index","follow":"follow","max-snippet":"max-snippet:-1","max-image-preview":"max-image-preview:large","max-video-preview":"max-video-preview:-1"},"canonical":"https:\/\/jonathermal.hu\/en\/megkozelites\/","og_locale":"en_US","og_type":"article","og_title":"Megk\u00f6zel\u00edt\u00e9s","og_description":"Kiskunmajsa Kiskunmajsa az Alf\u00f6ld d\u00e9li r\u00e9sz\u00e9n, B\u00e1cs-Kiskun megy\u00e9ben elhelyezked\u0151 kisv\u00e1ros. Ter\u00fclete k\u00f6r\u00fclbel\u00fcl 222 km2, lak\u00f3inak sz\u00e1ma megk\u00f6zel\u00edt\u0151leg 12 ezer f\u0151. AWie kommen Sie nach Kiskunmajsa? Unter folgenden Adressen k\u00f6nnen Sie einen genauen Routenplan erstellen, ganz gleich, ob Sie aus dem In- oder dem Ausland eintreffen. http:\/\/www.auskunft.ch\/routenplaner\/http:\/\/www.routenplaner-online.com Geographische Lage von Kiskunmajsa und der Jonatherm\u00e1l AG (Bad): [&hellip;]","og_url":"https:\/\/jonathermal.hu\/en\/megkozelites\/","og_site_name":"Jonatherm\u00e1l Gy\u00f3gy- \u00e9s \u00c9lm\u00e9nyf\u00fcrd\u0151, Motel, Kemping","article_publisher":"https:\/\/www.facebook.com\/Jonathermal\/","article_modified_time":"2022-03-14T12:54:41+00:00","og_image":[{"url":"https:\/\/jonathermal.hu\/wp-content\/uploads\/2022\/02\/jonathermaltermekepn-kozeli-orszagos-683x1024.jpeg","type":"","width":"","height":""}],"twitter_card":"summary_large_image","schema":{"@context":"https:\/\/schema.org","@graph":[{"@type":"WebPage","@id":"https:\/\/jonathermal.hu\/megkozelites\/","url":"https:\/\/jonathermal.hu\/megkozelites\/","name":"Megk\u00f6zel\u00edt\u00e9s - Jonatherm\u00e1l Gy\u00f3gy- \u00e9s \u00c9lm\u00e9nyf\u00fcrd\u0151, Motel, Kemping","isPartOf":{"@id":"https:\/\/jonathermal.hu\/#website"},"primaryImageOfPage":{"@id":"https:\/\/jonathermal.hu\/megkozelites\/#primaryimage"},"image":{"@id":"https:\/\/jonathermal.hu\/megkozelites\/#primaryimage"},"thumbnailUrl":"https:\/\/jonathermal.hu\/wp-content\/uploads\/2022\/02\/jonathermaltermekepn-kozeli-orszagos-683x1024.jpeg","datePublished":"2022-02-21T16:24:40+00:00","dateModified":"2022-03-14T12:54:41+00:00","breadcrumb":{"@id":"https:\/\/jonathermal.hu\/megkozelites\/#breadcrumb"},"inLanguage":"en-US","potentialAction":[{"@type":"ReadAction","target":["https:\/\/jonathermal.hu\/megkozelites\/"]}]},{"@type":"ImageObject","inLanguage":"en-US","@id":"https:\/\/jonathermal.hu\/megkozelites\/#primaryimage","url":"https:\/\/jonathermal.hu\/wp-content\/uploads\/2022\/02\/jonathermaltermekepn-kozeli-orszagos-683x1024.jpeg","contentUrl":"https:\/\/jonathermal.hu\/wp-content\/uploads\/2022\/02\/jonathermaltermekepn-kozeli-orszagos-683x1024.jpeg"},{"@type":"BreadcrumbList","@id":"https:\/\/jonathermal.hu\/megkozelites\/#breadcrumb","itemListElement":[{"@type":"ListItem","position":1,"name":"Kezd\u0151lap","item":"https:\/\/jonathermal.hu\/"},{"@type":"ListItem","position":2,"name":"Megk\u00f6zel\u00edt\u00e9s"}]},{"@type":"WebSite","@id":"https:\/\/jonathermal.hu\/#website","url":"https:\/\/jonathermal.hu\/","name":"Jonatherm\u00e1l Gy\u00f3gy- \u00e9s \u00c9lm\u00e9nyf\u00fcrd\u0151, Motel, Kemping","description":"Kiskunmajsa","publisher":{"@id":"https:\/\/jonathermal.hu\/#organization"},"potentialAction":[{"@type":"SearchAction","target":{"@type":"EntryPoint","urlTemplate":"https:\/\/jonathermal.hu\/?s={search_term_string}"},"query-input":{"@type":"PropertyValueSpecification","valueRequired":true,"valueName":"search_term_string"}}],"inLanguage":"en-US"},{"@type":"Organization","@id":"https:\/\/jonathermal.hu\/#organization","name":"Jonatherm\u00e1l Gy\u00f3gy- \u00e9s \u00c9lm\u00e9nyf\u00fcrd\u0151, Motel, Kemping Kiskunmajsa","url":"https:\/\/jonathermal.hu\/","logo":{"@type":"ImageObject","inLanguage":"en-US","@id":"https:\/\/jonathermal.hu\/#\/schema\/logo\/image\/","url":"https:\/\/jonathermal.hu\/wp-content\/uploads\/2022\/02\/jonatherma\u0301l-logo.png","contentUrl":"https:\/\/jonathermal.hu\/wp-content\/uploads\/2022\/02\/jonatherma\u0301l-logo.png","width":200,"height":142,"caption":"Jonatherm\u00e1l Gy\u00f3gy- \u00e9s \u00c9lm\u00e9nyf\u00fcrd\u0151, Motel, Kemping Kiskunmajsa"},"image":{"@id":"https:\/\/jonathermal.hu\/#\/schema\/logo\/image\/"},"sameAs":["https:\/\/www.facebook.com\/Jonathermal\/","https:\/\/www.instagram.com\/jonathermal\/","https:\/\/www.youtube.com\/channel\/UCTAd0tjGBgxWEJfuY378_Qw\/featured"]}]}},"_links":{"self":[{"href":"https:\/\/jonathermal.hu\/en\/wp-json\/wp\/v2\/pages\/1713","targetHints":{"allow":["GET"]}}],"collection":[{"href":"https:\/\/jonathermal.hu\/en\/wp-json\/wp\/v2\/pages"}],"about":[{"href":"https:\/\/jonathermal.hu\/en\/wp-json\/wp\/v2\/types\/page"}],"author":[{"embeddable":true,"href":"https:\/\/jonathermal.hu\/en\/wp-json\/wp\/v2\/users\/1"}],"replies":[{"embeddable":true,"href":"https:\/\/jonathermal.hu\/en\/wp-json\/wp\/v2\/comments?post=1713"}],"version-history":[{"count":0,"href":"https:\/\/jonathermal.hu\/en\/wp-json\/wp\/v2\/pages\/1713\/revisions"}],"wp:attachment":[{"href":"https:\/\/jonathermal.hu\/en\/wp-json\/wp\/v2\/media?parent=1713"}],"curies":[{"name":"wp","href":"https:\/\/api.w.org\/{rel}","templated":true}]}}