{"id":1693,"date":"2022-02-21T15:55:25","date_gmt":"2022-02-21T15:55:25","guid":{"rendered":"https:\/\/jonathermal.hu\/?page_id=1693"},"modified":"2022-04-28T08:54:58","modified_gmt":"2022-04-28T08:54:58","slug":"nyitva-tartas","status":"publish","type":"page","link":"https:\/\/jonathermal.hu\/en\/nyitva-tartas\/","title":{"rendered":"Opening Hours"},"content":{"rendered":"<div data-elementor-type=\"wp-page\" data-elementor-id=\"1693\" class=\"elementor elementor-1693\" data-elementor-post-type=\"page\">\n\t\t\t\t\t\t<section class=\"elementor-section elementor-top-section elementor-element elementor-element-9c4d10f elementor-section-boxed elementor-section-height-default elementor-section-height-default\" data-id=\"9c4d10f\" data-element_type=\"section\" data-e-type=\"section\">\n\t\t\t\t\t\t<div class=\"elementor-container elementor-column-gap-default\">\n\t\t\t\t\t<div class=\"elementor-column elementor-col-100 elementor-top-column elementor-element elementor-element-3be1c5a\" data-id=\"3be1c5a\" data-element_type=\"column\" data-e-type=\"column\">\n\t\t\t<div class=\"elementor-widget-wrap elementor-element-populated\">\n\t\t\t\t\t\t<div class=\"elementor-element elementor-element-1063cd6 elementor-widget elementor-widget-text-editor\" data-id=\"1063cd6\" data-element_type=\"widget\" data-e-type=\"widget\" data-widget_type=\"text-editor.default\">\n\t\t\t\t<div class=\"elementor-widget-container\">\n\t\t\t\t\t\t\t\t\t<p>Dear Guests!<\/p><p>The spa, motel and campsite await guests throughout the year (on a public holiday) as follows:\u00a0<\/p>\t\t\t\t\t\t\t\t<\/div>\n\t\t\t\t<\/div>\n\t\t\t\t<div class=\"elementor-element elementor-element-d8111e2 elementor-widget elementor-widget-text-editor\" data-id=\"d8111e2\" data-element_type=\"widget\" data-e-type=\"widget\" data-no-translation=\"\" data-widget_type=\"text-editor.default\">\n\t\t\t\t<div class=\"elementor-widget-container\">\n\t\t\t\t\t<style>.elementor-element-d8111e2{display:none !important}<\/style>\t\t\t\t<\/div>\n\t\t\t\t<\/div>\n\t\t\t\t<div class=\"elementor-element elementor-element-4f5a8ac elementor-widget elementor-widget-heading\" data-id=\"4f5a8ac\" data-element_type=\"widget\" data-e-type=\"widget\" data-widget_type=\"heading.default\">\n\t\t\t\t<div class=\"elementor-widget-container\">\n\t\t\t\t\t<h2 class=\"elementor-heading-title elementor-size-default\">Bath<\/h2>\t\t\t\t<\/div>\n\t\t\t\t<\/div>\n\t\t\t\t<div class=\"elementor-element elementor-element-a0517e3 elementor-widget elementor-widget-text-editor\" data-id=\"a0517e3\" data-element_type=\"widget\" data-e-type=\"widget\" data-widget_type=\"text-editor.default\">\n\t\t\t\t<div class=\"elementor-widget-container\">\n\t\t\t\t\t\t\t\t\t<table cellspacing=\"0\" cellpadding=\"7\" border=\"0\">\n<tbody>\n<tr>\n<td width=\"400\">Spa<\/td>\n<td width=\"178\" valign=\"top\">Open all year<\/td>\n<td width=\"178\">9:00-19:00<\/td>\n<\/tr>\n<tr>\n<td width=\"400\">Aqua Park&nbsp;<strong><br><\/strong><\/td>\n<td width=\"178\" valign=\"top\">Open all year<\/td>\n<td width=\"178\">9:00-19:00<\/td>\n<\/tr>\n<tr>\n<td colspan=\"3\" width=\"604\">&nbsp;<\/td>\n<\/tr>\n<tr>\n<td width=\"400\">Aquapark (wave pool, slide park, children's pool, paddling pool)<\/td>\n<td width=\"178\">05. 07. \u2013&nbsp;09. 16.<\/td>\n<td width=\"178\">9:00-19:00<\/td>\n<\/tr>\n<tr>\n<td width=\"400\">Beach (lake, inflatable aquapark and iceberg)<\/td>\n<td width=\"178\" valign=\"top\">06. 01. \u2013 08. 20.<\/td>\n<td width=\"178\">9:00-19:00<\/td>\n<\/tr>\n<tr>\n<td width=\"400\">Wellness treatments<\/td>\n<td width=\"178\" valign=\"top\">Open all year<\/td>\n<td width=\"178\">9:00-18:30<\/td>\n<\/tr>\n<tr>\n<td width=\"400\">Medicine<\/td>\n<td width=\"178\" valign=\"top\">Open all year<\/td>\n<td width=\"178\">9:00-18:30<\/td>\n<\/tr>\n<tr>\n<td rowspan=\"2\" width=\"400\">Night Bath (Friday, Saturday)<strong>&nbsp;<\/strong><\/td>\n<td width=\"178\" valign=\"top\">05. 01. -08. 31.<\/td>\n<td width=\"178\">20:00-24:00<\/td>\n<\/tr>\n<tr>\n<td width=\"178\" valign=\"top\">09. 01. &#8211; 04. 30.<\/td>\n<td width=\"178\">19.30 &#8211; 24:00<\/td>\n<\/tr>\n<\/tbody>\n<\/table>\t\t\t\t\t\t\t\t<\/div>\n\t\t\t\t<\/div>\n\t\t\t\t<div class=\"elementor-element elementor-element-c99064d elementor-widget elementor-widget-heading\" data-id=\"c99064d\" data-element_type=\"widget\" data-e-type=\"widget\" data-widget_type=\"heading.default\">\n\t\t\t\t<div class=\"elementor-widget-container\">\n\t\t\t\t\t<h2 class=\"elementor-heading-title elementor-size-default\">Motel, camping<\/h2>\t\t\t\t<\/div>\n\t\t\t\t<\/div>\n\t\t\t\t<div class=\"elementor-element elementor-element-f5c12bd elementor-widget elementor-widget-text-editor\" data-id=\"f5c12bd\" data-element_type=\"widget\" data-e-type=\"widget\" data-widget_type=\"text-editor.default\">\n\t\t\t\t<div class=\"elementor-widget-container\">\n\t\t\t\t\t\t\t\t\t<table border=\"0\" cellspacing=\"0\" cellpadding=\"7\"><tbody><tr><td width=\"300\">Motel rooms<\/td><td colspan=\"2\" valign=\"top\">Open all year<\/td><\/tr><tr><td width=\"300\">Big wooden house with all the modern conveniences<\/td><td colspan=\"2\" valign=\"top\">Open all year<\/td><\/tr><tr><td width=\"300\">Substandard small wooden house<\/td><td colspan=\"2\" valign=\"top\">04. 01. \u2013 10. 15.<\/td><\/tr><tr><td width=\"300\">Apartments<\/td><td colspan=\"2\" valign=\"top\">Open all year<\/td><\/tr><tr><td width=\"300\">Camping<\/td><td colspan=\"2\" valign=\"top\">Open all year<\/td><\/tr><tr><td width=\"300\">Reception: 0:00-24:00 hour<\/td><td colspan=\"2\" valign=\"top\">Open all year<\/td><\/tr><tr><td width=\"300\">Opening of entrance gate:<\/td><td colspan=\"2\" valign=\"top\">6:00-22:00<br \/>Arrival at a different time please leave at the reception to leave.<\/td><\/tr><\/tbody><\/table>\t\t\t\t\t\t\t\t<\/div>\n\t\t\t\t<\/div>\n\t\t\t\t\t<\/div>\n\t\t<\/div>\n\t\t\t\t\t<\/div>\n\t\t<\/section>\n\t\t\t\t<\/div>","protected":false},"excerpt":{"rendered":"<p>Kedves Vend\u00e9geink! A f\u00fcrd\u0151, motel \u00e9s kemping eg\u00e9sz \u00e9vben v\u00e1rja vend\u00e9geit (\u00fcnnepnapon is), az al\u00e1bbiak szerint.:\u00a0 Das Spa, das Motel und der Campingplatz erwarten Sie das ganze Jahr (an Feiertagen) wie folgt: F\u00fcrd\u0151 Gy\u00f3gyf\u00fcrd\u0151 Eg\u00e9sz \u00e9vben nyitva 9:00-19:00 \u00c9lm\u00e9nyf\u00fcrd\u0151&nbsp; Eg\u00e9sz \u00e9vben nyitva 9:00-19:00 &nbsp; Aquapark (hull\u00e1mmedence, cs\u00faszdapark, gyermekmedence, gyerekpancsol\u00f3) 05. 07. \u2013&nbsp;09. 16. 9:00-19:00 Strandf\u00fcrd\u0151 [&hellip;]<\/p>\n","protected":false},"author":1,"featured_media":0,"parent":0,"menu_order":0,"comment_status":"closed","ping_status":"closed","template":"","meta":{"site-sidebar-layout":"no-sidebar","site-content-layout":"page-builder","ast-site-content-layout":"default","site-content-style":"default","site-sidebar-style":"default","ast-global-header-display":"","ast-banner-title-visibility":"","ast-main-header-display":"","ast-hfb-above-header-display":"","ast-hfb-below-header-display":"","ast-hfb-mobile-header-display":"","site-post-title":"disabled","ast-breadcrumbs-content":"","ast-featured-img":"disabled","footer-sml-layout":"","ast-disable-related-posts":"","theme-transparent-header-meta":"","adv-header-id-meta":"","stick-header-meta":"","header-above-stick-meta":"","header-main-stick-meta":"","header-below-stick-meta":"","astra-migrate-meta-layouts":"default","ast-page-background-enabled":"default","ast-page-background-meta":{"desktop":{"background-color":"var(--ast-global-color-4)","background-image":"","background-repeat":"repeat","background-position":"center center","background-size":"auto","background-attachment":"scroll","background-type":"","background-media":"","overlay-type":"","overlay-color":"","overlay-opacity":"","overlay-gradient":""},"tablet":{"background-color":"","background-image":"","background-repeat":"repeat","background-position":"center center","background-size":"auto","background-attachment":"scroll","background-type":"","background-media":"","overlay-type":"","overlay-color":"","overlay-opacity":"","overlay-gradient":""},"mobile":{"background-color":"","background-image":"","background-repeat":"repeat","background-position":"center center","background-size":"auto","background-attachment":"scroll","background-type":"","background-media":"","overlay-type":"","overlay-color":"","overlay-opacity":"","overlay-gradient":""}},"ast-content-background-meta":{"desktop":{"background-color":"var(--ast-global-color-5)","background-image":"","background-repeat":"repeat","background-position":"center center","background-size":"auto","background-attachment":"scroll","background-type":"","background-media":"","overlay-type":"","overlay-color":"","overlay-opacity":"","overlay-gradient":""},"tablet":{"background-color":"var(--ast-global-color-5)","background-image":"","background-repeat":"repeat","background-position":"center center","background-size":"auto","background-attachment":"scroll","background-type":"","background-media":"","overlay-type":"","overlay-color":"","overlay-opacity":"","overlay-gradient":""},"mobile":{"background-color":"var(--ast-global-color-5)","background-image":"","background-repeat":"repeat","background-position":"center center","background-size":"auto","background-attachment":"scroll","background-type":"","background-media":"","overlay-type":"","overlay-color":"","overlay-opacity":"","overlay-gradient":""}},"footnotes":""},"class_list":["post-1693","page","type-page","status-publish","hentry"],"yoast_head":"<!-- This site is optimized with the Yoast SEO Premium plugin v27.4 (Yoast SEO v27.4) - https:\/\/yoast.com\/product\/yoast-seo-premium-wordpress\/ -->\n<title>Nyitva tart\u00e1s - Jonatherm\u00e1l Gy\u00f3gy- \u00e9s \u00c9lm\u00e9nyf\u00fcrd\u0151, Motel, Kemping<\/title>\n<meta name=\"robots\" content=\"index, follow, max-snippet:-1, max-image-preview:large, max-video-preview:-1\" \/>\n<link rel=\"canonical\" href=\"https:\/\/jonathermal.hu\/en\/nyitva-tartas\/\" \/>\n<meta property=\"og:locale\" content=\"en_US\" \/>\n<meta property=\"og:type\" content=\"article\" \/>\n<meta property=\"og:title\" content=\"Nyitva tart\u00e1s\" \/>\n<meta property=\"og:description\" content=\"Kedves Vend\u00e9geink! A f\u00fcrd\u0151, motel \u00e9s kemping eg\u00e9sz \u00e9vben v\u00e1rja vend\u00e9geit (\u00fcnnepnapon is), az al\u00e1bbiak szerint.:\u00a0 Das Spa, das Motel und der Campingplatz erwarten Sie das ganze Jahr (an Feiertagen) wie folgt: F\u00fcrd\u0151 Gy\u00f3gyf\u00fcrd\u0151 Eg\u00e9sz \u00e9vben nyitva 9:00-19:00 \u00c9lm\u00e9nyf\u00fcrd\u0151&nbsp; Eg\u00e9sz \u00e9vben nyitva 9:00-19:00 &nbsp; Aquapark (hull\u00e1mmedence, cs\u00faszdapark, gyermekmedence, gyerekpancsol\u00f3) 05. 07. \u2013&nbsp;09. 16. 9:00-19:00 Strandf\u00fcrd\u0151 [&hellip;]\" \/>\n<meta property=\"og:url\" content=\"https:\/\/jonathermal.hu\/en\/nyitva-tartas\/\" \/>\n<meta property=\"og:site_name\" content=\"Jonatherm\u00e1l Gy\u00f3gy- \u00e9s \u00c9lm\u00e9nyf\u00fcrd\u0151, Motel, Kemping\" \/>\n<meta property=\"article:publisher\" content=\"https:\/\/www.facebook.com\/Jonathermal\/\" \/>\n<meta property=\"article:modified_time\" content=\"2022-04-28T08:54:58+00:00\" \/>\n<meta name=\"twitter:card\" content=\"summary_large_image\" \/>\n<script type=\"application\/ld+json\" class=\"yoast-schema-graph\">{\"@context\":\"https:\\\/\\\/schema.org\",\"@graph\":[{\"@type\":\"WebPage\",\"@id\":\"https:\\\/\\\/jonathermal.hu\\\/nyitva-tartas\\\/\",\"url\":\"https:\\\/\\\/jonathermal.hu\\\/nyitva-tartas\\\/\",\"name\":\"Nyitva tart\u00e1s - Jonatherm\u00e1l Gy\u00f3gy- \u00e9s \u00c9lm\u00e9nyf\u00fcrd\u0151, Motel, Kemping\",\"isPartOf\":{\"@id\":\"https:\\\/\\\/jonathermal.hu\\\/#website\"},\"datePublished\":\"2022-02-21T15:55:25+00:00\",\"dateModified\":\"2022-04-28T08:54:58+00:00\",\"breadcrumb\":{\"@id\":\"https:\\\/\\\/jonathermal.hu\\\/nyitva-tartas\\\/#breadcrumb\"},\"inLanguage\":\"en-US\",\"potentialAction\":[{\"@type\":\"ReadAction\",\"target\":[\"https:\\\/\\\/jonathermal.hu\\\/nyitva-tartas\\\/\"]}]},{\"@type\":\"BreadcrumbList\",\"@id\":\"https:\\\/\\\/jonathermal.hu\\\/nyitva-tartas\\\/#breadcrumb\",\"itemListElement\":[{\"@type\":\"ListItem\",\"position\":1,\"name\":\"Kezd\u0151lap\",\"item\":\"https:\\\/\\\/jonathermal.hu\\\/\"},{\"@type\":\"ListItem\",\"position\":2,\"name\":\"Nyitva tart\u00e1s\"}]},{\"@type\":\"WebSite\",\"@id\":\"https:\\\/\\\/jonathermal.hu\\\/#website\",\"url\":\"https:\\\/\\\/jonathermal.hu\\\/\",\"name\":\"Jonatherm\u00e1l Gy\u00f3gy- \u00e9s \u00c9lm\u00e9nyf\u00fcrd\u0151, Motel, Kemping\",\"description\":\"Kiskunmajsa\",\"publisher\":{\"@id\":\"https:\\\/\\\/jonathermal.hu\\\/#organization\"},\"potentialAction\":[{\"@type\":\"SearchAction\",\"target\":{\"@type\":\"EntryPoint\",\"urlTemplate\":\"https:\\\/\\\/jonathermal.hu\\\/?s={search_term_string}\"},\"query-input\":{\"@type\":\"PropertyValueSpecification\",\"valueRequired\":true,\"valueName\":\"search_term_string\"}}],\"inLanguage\":\"en-US\"},{\"@type\":\"Organization\",\"@id\":\"https:\\\/\\\/jonathermal.hu\\\/#organization\",\"name\":\"Jonatherm\u00e1l Gy\u00f3gy- \u00e9s \u00c9lm\u00e9nyf\u00fcrd\u0151, Motel, Kemping Kiskunmajsa\",\"url\":\"https:\\\/\\\/jonathermal.hu\\\/\",\"logo\":{\"@type\":\"ImageObject\",\"inLanguage\":\"en-US\",\"@id\":\"https:\\\/\\\/jonathermal.hu\\\/#\\\/schema\\\/logo\\\/image\\\/\",\"url\":\"https:\\\/\\\/jonathermal.hu\\\/wp-content\\\/uploads\\\/2022\\\/02\\\/jonatherma\u0301l-logo.png\",\"contentUrl\":\"https:\\\/\\\/jonathermal.hu\\\/wp-content\\\/uploads\\\/2022\\\/02\\\/jonatherma\u0301l-logo.png\",\"width\":200,\"height\":142,\"caption\":\"Jonatherm\u00e1l Gy\u00f3gy- \u00e9s \u00c9lm\u00e9nyf\u00fcrd\u0151, Motel, Kemping Kiskunmajsa\"},\"image\":{\"@id\":\"https:\\\/\\\/jonathermal.hu\\\/#\\\/schema\\\/logo\\\/image\\\/\"},\"sameAs\":[\"https:\\\/\\\/www.facebook.com\\\/Jonathermal\\\/\",\"https:\\\/\\\/www.instagram.com\\\/jonathermal\\\/\",\"https:\\\/\\\/www.youtube.com\\\/channel\\\/UCTAd0tjGBgxWEJfuY378_Qw\\\/featured\"]}]}<\/script>\n<!-- \/ Yoast SEO Premium plugin. -->","yoast_head_json":{"title":"Nyitva tart\u00e1s - Jonatherm\u00e1l Gy\u00f3gy- \u00e9s \u00c9lm\u00e9nyf\u00fcrd\u0151, Motel, Kemping","robots":{"index":"index","follow":"follow","max-snippet":"max-snippet:-1","max-image-preview":"max-image-preview:large","max-video-preview":"max-video-preview:-1"},"canonical":"https:\/\/jonathermal.hu\/en\/nyitva-tartas\/","og_locale":"en_US","og_type":"article","og_title":"Nyitva tart\u00e1s","og_description":"Kedves Vend\u00e9geink! A f\u00fcrd\u0151, motel \u00e9s kemping eg\u00e9sz \u00e9vben v\u00e1rja vend\u00e9geit (\u00fcnnepnapon is), az al\u00e1bbiak szerint.:\u00a0 Das Spa, das Motel und der Campingplatz erwarten Sie das ganze Jahr (an Feiertagen) wie folgt: F\u00fcrd\u0151 Gy\u00f3gyf\u00fcrd\u0151 Eg\u00e9sz \u00e9vben nyitva 9:00-19:00 \u00c9lm\u00e9nyf\u00fcrd\u0151&nbsp; Eg\u00e9sz \u00e9vben nyitva 9:00-19:00 &nbsp; Aquapark (hull\u00e1mmedence, cs\u00faszdapark, gyermekmedence, gyerekpancsol\u00f3) 05. 07. \u2013&nbsp;09. 16. 9:00-19:00 Strandf\u00fcrd\u0151 [&hellip;]","og_url":"https:\/\/jonathermal.hu\/en\/nyitva-tartas\/","og_site_name":"Jonatherm\u00e1l Gy\u00f3gy- \u00e9s \u00c9lm\u00e9nyf\u00fcrd\u0151, Motel, Kemping","article_publisher":"https:\/\/www.facebook.com\/Jonathermal\/","article_modified_time":"2022-04-28T08:54:58+00:00","twitter_card":"summary_large_image","schema":{"@context":"https:\/\/schema.org","@graph":[{"@type":"WebPage","@id":"https:\/\/jonathermal.hu\/nyitva-tartas\/","url":"https:\/\/jonathermal.hu\/nyitva-tartas\/","name":"Nyitva tart\u00e1s - Jonatherm\u00e1l Gy\u00f3gy- \u00e9s \u00c9lm\u00e9nyf\u00fcrd\u0151, Motel, Kemping","isPartOf":{"@id":"https:\/\/jonathermal.hu\/#website"},"datePublished":"2022-02-21T15:55:25+00:00","dateModified":"2022-04-28T08:54:58+00:00","breadcrumb":{"@id":"https:\/\/jonathermal.hu\/nyitva-tartas\/#breadcrumb"},"inLanguage":"en-US","potentialAction":[{"@type":"ReadAction","target":["https:\/\/jonathermal.hu\/nyitva-tartas\/"]}]},{"@type":"BreadcrumbList","@id":"https:\/\/jonathermal.hu\/nyitva-tartas\/#breadcrumb","itemListElement":[{"@type":"ListItem","position":1,"name":"Kezd\u0151lap","item":"https:\/\/jonathermal.hu\/"},{"@type":"ListItem","position":2,"name":"Nyitva tart\u00e1s"}]},{"@type":"WebSite","@id":"https:\/\/jonathermal.hu\/#website","url":"https:\/\/jonathermal.hu\/","name":"Jonatherm\u00e1l Gy\u00f3gy- \u00e9s \u00c9lm\u00e9nyf\u00fcrd\u0151, Motel, Kemping","description":"Kiskunmajsa","publisher":{"@id":"https:\/\/jonathermal.hu\/#organization"},"potentialAction":[{"@type":"SearchAction","target":{"@type":"EntryPoint","urlTemplate":"https:\/\/jonathermal.hu\/?s={search_term_string}"},"query-input":{"@type":"PropertyValueSpecification","valueRequired":true,"valueName":"search_term_string"}}],"inLanguage":"en-US"},{"@type":"Organization","@id":"https:\/\/jonathermal.hu\/#organization","name":"Jonatherm\u00e1l Gy\u00f3gy- \u00e9s \u00c9lm\u00e9nyf\u00fcrd\u0151, Motel, Kemping Kiskunmajsa","url":"https:\/\/jonathermal.hu\/","logo":{"@type":"ImageObject","inLanguage":"en-US","@id":"https:\/\/jonathermal.hu\/#\/schema\/logo\/image\/","url":"https:\/\/jonathermal.hu\/wp-content\/uploads\/2022\/02\/jonatherma\u0301l-logo.png","contentUrl":"https:\/\/jonathermal.hu\/wp-content\/uploads\/2022\/02\/jonatherma\u0301l-logo.png","width":200,"height":142,"caption":"Jonatherm\u00e1l Gy\u00f3gy- \u00e9s \u00c9lm\u00e9nyf\u00fcrd\u0151, Motel, Kemping Kiskunmajsa"},"image":{"@id":"https:\/\/jonathermal.hu\/#\/schema\/logo\/image\/"},"sameAs":["https:\/\/www.facebook.com\/Jonathermal\/","https:\/\/www.instagram.com\/jonathermal\/","https:\/\/www.youtube.com\/channel\/UCTAd0tjGBgxWEJfuY378_Qw\/featured"]}]}},"_links":{"self":[{"href":"https:\/\/jonathermal.hu\/en\/wp-json\/wp\/v2\/pages\/1693","targetHints":{"allow":["GET"]}}],"collection":[{"href":"https:\/\/jonathermal.hu\/en\/wp-json\/wp\/v2\/pages"}],"about":[{"href":"https:\/\/jonathermal.hu\/en\/wp-json\/wp\/v2\/types\/page"}],"author":[{"embeddable":true,"href":"https:\/\/jonathermal.hu\/en\/wp-json\/wp\/v2\/users\/1"}],"replies":[{"embeddable":true,"href":"https:\/\/jonathermal.hu\/en\/wp-json\/wp\/v2\/comments?post=1693"}],"version-history":[{"count":0,"href":"https:\/\/jonathermal.hu\/en\/wp-json\/wp\/v2\/pages\/1693\/revisions"}],"wp:attachment":[{"href":"https:\/\/jonathermal.hu\/en\/wp-json\/wp\/v2\/media?parent=1693"}],"curies":[{"name":"wp","href":"https:\/\/api.w.org\/{rel}","templated":true}]}}