{"id":1572,"date":"2022-02-21T15:03:41","date_gmt":"2022-02-21T15:03:41","guid":{"rendered":"https:\/\/jonathermal.hu\/?page_id=1572"},"modified":"2022-02-21T15:05:37","modified_gmt":"2022-02-21T15:05:37","slug":"betyar-olimpia-csapatepito-trening","status":"publish","type":"page","link":"https:\/\/jonathermal.hu\/en\/betyar-olimpia-csapatepito-trening\/","title":{"rendered":"Bety\u00e1r-Olimpia team building training"},"content":{"rendered":"<div data-elementor-type=\"wp-page\" data-elementor-id=\"1572\" class=\"elementor elementor-1572\" data-elementor-post-type=\"page\">\n\t\t\t\t\t\t<section class=\"elementor-section elementor-top-section elementor-element elementor-element-360386d elementor-section-boxed elementor-section-height-default elementor-section-height-default\" data-id=\"360386d\" data-element_type=\"section\" data-e-type=\"section\">\n\t\t\t\t\t\t<div class=\"elementor-container elementor-column-gap-default\">\n\t\t\t\t\t<div class=\"elementor-column elementor-col-100 elementor-top-column elementor-element elementor-element-03fb130\" data-id=\"03fb130\" data-element_type=\"column\" data-e-type=\"column\">\n\t\t\t<div class=\"elementor-widget-wrap elementor-element-populated\">\n\t\t\t\t\t\t<div class=\"elementor-element elementor-element-c3d7ada elementor-widget elementor-widget-text-editor\" data-id=\"c3d7ada\" data-element_type=\"widget\" data-e-type=\"widget\" data-widget_type=\"text-editor.default\">\n\t\t\t\t<div class=\"elementor-widget-container\">\n\t\t\t\t\t\t\t\t\t<p><strong>\u201eBETY\u00c1R-OLIMPIA&#8221; Csapat\u00e9p\u00edt\u0151 tr\u00e9ning a Jonatherm\u00e1lban, Kiskunmajs\u00e1n!<\/strong><\/p><p>Puszta SPA \u2013 Wellness &#8211; \u00e9s Konferencia egy helyen!<\/p><p>Igazi pr\u00f3bat\u00e9tel, hangulatos csapatj\u00e1t\u00e9kok \u00e9s l\u00e1tv\u00e1nyos \u00fcgyess\u00e9gi feladatok a L\u00f3pofa cs\u00e1rda \u201eBety\u00e1r Udvar\u00e1ban&#8221;, k\u00f6zvetlen\u00fcl a kiskunmajsai Jonatherm\u00e1l Gy\u00f3gy-\u00e9s \u00c9lm\u00e9nyf\u00fcrd\u0151, Motel-Kemping szomsz\u00e9ds\u00e1g\u00e1ban.<\/p><p>Mozgalmas \u00e9s lend\u00fcletes csapat\u00e9p\u00edt\u0151 program, melyben munkat\u00e1rsai megismerkedhetnek a paraszti \u00e9let jellegzetes eszk\u00f6zeivel \u00e9s haszn\u00e1lat\u00e1val.<\/p><p><strong>A csapatok ig\u00e9nyeit\u0151l f\u00fcgg\u0151en sz\u00e1mos lehet\u0151s\u00e9g k\u00f6z\u00fcl v\u00e1laszthatnak, mint pl:<\/strong><\/p><p>\u00a0<\/p><ul><li>K\u00e9zm\u0171ves t\u00e1bor \u00e9s foglalkoz\u00e1sok (v\u00e1lyogvet\u00e9s, agyagoz\u00e1s, kov\u00e1csol\u00e1s)<\/li><li>F\u0151z\u0151verseny (bogr\u00e1csoz\u00e1s, grillez\u00e9s)<\/li><li>Bety\u00e1r-Olimpia (j\u00e1t\u00e9kos pusztai vet\u00e9lked\u0151 csapatoknak)<\/li><li>Sportl\u00f6v\u00e9szet<\/li><li>\u00cdj\u00e1szat<\/li><li>Homokbucka t\u00fara<\/li><li>Solym\u00e1sz bemutat\u00f3<\/li><li>Lovas bemutat\u00f3<\/li><li>Lovaskocsis bork\u00f3stol\u00f3<\/li><li>stb.<\/li><\/ul><p><strong style=\"font-style: inherit; color: var(--ast-global-color-0);\">Rendezv\u00e9nyhelysz\u00edn a f\u00fcrd\u0151ben:<\/strong><\/p><p>F\u0151leg c\u00e9ges, vagy nagyobb l\u00e9tsz\u00e1m\u00fa rendezv\u00e9nyek eset\u00e9n &#8211; p\u00e9ld\u00e1ul maj\u00e1lis, juni\u00e1lis &#8211; kiv\u00e1l\u00f3 helysz\u00edn a f\u00fcrd\u0151 ter\u00fclete, ahol a f\u00fcrd\u0151z\u00e9sen k\u00edv\u00fcl sok m\u00e1s kikapcsol\u00f3d\u00e1si, sz\u00f3rakoz\u00e1si lehet\u0151s\u00e9g is k\u00edn\u00e1lkozik.<\/p><p>Sportokat \u00e9s mozg\u00e1st kedvel\u0151 vend\u00e9geink kisp\u00e1ly\u00e1s futballban, vagy kos\u00e1rlabd\u00e1ban m\u00e9rhetik \u00f6ssze erej\u00fcket, ami egy c\u00e9g eset\u00e9n ak\u00e1r nagyon hat\u00e1sos csapat\u00e9p\u00edt\u0151 program is lehet.<\/p><p>A kev\u00e9sb\u00e9 akt\u00edv r\u00e9sztvev\u0151k sem maradnak -sport- n\u00e9lk\u00fcl, \u0151ket az \u00f3ri\u00e1s-sakk, mini-golf, csocs\u00f3, ping-pong \u00e9s leng\u0151teke izgalmai v\u00e1rj\u00e1k.<\/p><p>A kimer\u00edt\u0151 mozg\u00e1s ut\u00e1n mindenki p\u00f3tolhatja elveszett energi\u00e1it, hiszen a f\u00fcrd\u0151 ter\u00fclet\u00e9n lehet\u0151s\u00e9g van szabadt\u00e9ri bogr\u00e1csoz\u00e1sra, f\u0151z\u00e9sre is.<\/p><p><strong>Rendezv\u00e9ny \u00e9s konferenciaterm\u00fcnk:<\/strong><\/p><p>A motel f\u0151\u00e9p\u00fclet\u00e9ben tal\u00e1lhat\u00f3 2002-ben \u00e9p\u00fclt rendezv\u00e9nyterm\u00fcnk praktikus \u00e9s eszt\u00e9tikus kialak\u00edt\u00e1sa r\u00e9v\u00e9n kiv\u00e1l\u00f3an alkalmas a legk\u00fcl\u00f6nf\u00e9l\u00e9bb esem\u00e9nyek lebonyol\u00edt\u00e1s\u00e1ra.<\/p><p>Az elm\u00falt \u00e9vek sor\u00e1n t\u00f6bb sz\u00e1z sikeres rendezv\u00e9nynek adott otthont, csal\u00e1di eb\u00e9dt\u0151l a csapat\u00e9p\u00edt\u0151 tr\u00e9ningen \u00e1t a nemzetk\u00f6zi konferenci\u00e1ig, de itt ker\u00fcl megrendez\u00e9sre minden \u00e9v utols\u00f3 napj\u00e1n hagyom\u00e1nyos szilveszteri b\u00e1lunk is.<\/p><p>A kellemes, harmonikus k\u00f6rnyezet, a vid\u00e9ki l\u00e9gk\u00f6r \u00e9s az \u00e9lm\u00e9nyf\u00fcrd\u0151 k\u00f6zels\u00e9ge teszi igaz\u00e1n vonz\u00f3 rendezv\u00e9nyhelysz\u00ednn\u00e9 a kiskunmajsai Jonatherm\u00e1l Motel rendezv\u00e9nyterm\u00e9t.<\/p><p>A terem technikailag k\u00e9t r\u00e9szre k\u00fcl\u00f6n\u00fcl: egy kisebb fogad\u00f3t\u00e9rre \u00e9s a rendezv\u00e9ny t\u00e9nyleges helysz\u00edn\u00e9\u00fcl szolg\u00e1l\u00f3 teremr\u00e9szre.<\/p><p><strong>Befogad\u00f3k\u00e9pess\u00e9g: 120 f\u0151<\/strong><\/p><p><strong>Technikai felszerelts\u00e9g:<\/strong><\/p><p>\u00a0<\/p><ul><li>projektor<\/li><li>vet\u00edt\u0151v\u00e1szon<\/li><li>laptop<\/li><li>hangos\u00edt\u00e1s (vezet\u00e9k n\u00e9lk\u00fcli mikrofon, mikroport)<\/li><li>CD-lej\u00e1tsz\u00f3<\/li><li>videomagn\u00f3<\/li><li>telev\u00edzi\u00f3<\/li><li>\u00edr\u00e1svet\u00edt\u0151<\/li><li>flip-chart<\/li><\/ul><p>A rendezv\u00e9nytermet egy k\u00f6zleked\u0151 kapcsolja \u00f6ssze a f\u0151\u00e9p\u00fclet el\u0151ter\u00e9ben kialak\u00edtott, hangulatos terasszal, amely f\u0151k\u00e9nt sz\u00e9p id\u0151ben szint\u00e9n nagyon kellemes rendezv\u00e9nyhelysz\u00edn, de alkalmas arra is, hogy a rendezv\u00e9nyteremben tartott esem\u00e9ny kieg\u00e9sz\u00edt\u0151 helysz\u00edne legyen<\/p><p><strong>Sz\u00e1ll\u00e1slehet\u0151s\u00e9geink:<\/strong><\/p><p><strong><a href=\"http:\/\/mustangranch.hu\/\" target=\"_blank\" rel=\"noopener\">Mustang Ranch Panzi\u00f3<\/a><\/strong><\/p><p>A Must\u00e1ng Ranch \u201ekiskast\u00e9ly&#8221; j\u00f3 buli hely, ahol nem sz\u00f3l r\u00e1d sem a szomsz\u00e9d, sem a h\u00e1zmester.<\/p><p>Ak\u00e1r ez is lehetne a szlogenje ennek a panzi\u00f3nak, mely 2012-t\u0151l m\u00e1r a Jonatherm\u00e1l Zrt. \u00fczemelteti, hiszen a k\u00e9tszintes \u00e9p\u00fclet csendes, vadreg\u00e9nyes k\u00f6rnyezetben helyezkedik el a f\u00fcrd\u0151, a motel \u00e9s kemping valamint a L\u00f3pofa Cs\u00e1rda szomsz\u00e9ds\u00e1g\u00e1ban.<\/p><p>Az igazi alf\u00f6ldi hangulatot id\u00e9z\u0151 t\u00e1jban legfeljebb a t\u00fccsk\u00f6k ciripel\u00e9se zavarhatja meg a pihen\u00e9st, vagy ak\u00e1r a hajnalig tart\u00f3 kerti partit.<\/p><p>Az \u00e9p\u00fclet ide\u00e1lis ak\u00e1r 30 f\u0151s bar\u00e1ti t\u00e1rsas\u00e1gok sz\u00e1m\u00e1ra, akik m\u00e1sokt\u00f3l nem zavartatva \u00e9s m\u00e1sokat nem zavarva szeretn\u00e9nek n\u00e9h\u00e1ny kellemes est\u00e9t elt\u00f6lteni az \u00e9p\u00fclet terasz\u00e1n, vagy a kertben \u00fcld\u00f6g\u00e9lve finom alf\u00f6ldi borokat kortyolgatva a sz\u0151l\u0151 lugasok \u201e\u00e1rny\u00e9k\u00e1ban&#8221;.<\/p>\t\t\t\t\t\t\t\t<\/div>\n\t\t\t\t<\/div>\n\t\t\t\t\t<\/div>\n\t\t<\/div>\n\t\t\t\t\t<\/div>\n\t\t<\/section>\n\t\t\t\t<\/div>","protected":false},"excerpt":{"rendered":"<p>\u201eBETY\u00c1R-OLIMPIA&#8221; Csapat\u00e9p\u00edt\u0151 tr\u00e9ning a Jonatherm\u00e1lban, Kiskunmajs\u00e1n! Puszta SPA \u2013 Wellness &#8211; \u00e9s Konferencia egy helyen! Igazi pr\u00f3bat\u00e9tel, hangulatos csapatj\u00e1t\u00e9kok \u00e9s l\u00e1tv\u00e1nyos \u00fcgyess\u00e9gi feladatok a L\u00f3pofa cs\u00e1rda \u201eBety\u00e1r Udvar\u00e1ban&#8221;, k\u00f6zvetlen\u00fcl a kiskunmajsai Jonatherm\u00e1l Gy\u00f3gy-\u00e9s \u00c9lm\u00e9nyf\u00fcrd\u0151, Motel-Kemping szomsz\u00e9ds\u00e1g\u00e1ban. Mozgalmas \u00e9s lend\u00fcletes csapat\u00e9p\u00edt\u0151 program, melyben munkat\u00e1rsai megismerkedhetnek a paraszti \u00e9let jellegzetes eszk\u00f6zeivel \u00e9s haszn\u00e1lat\u00e1val. A csapatok ig\u00e9nyeit\u0151l f\u00fcgg\u0151en [&hellip;]<\/p>\n","protected":false},"author":1,"featured_media":0,"parent":0,"menu_order":0,"comment_status":"closed","ping_status":"closed","template":"","meta":{"site-sidebar-layout":"no-sidebar","site-content-layout":"page-builder","ast-site-content-layout":"default","site-content-style":"default","site-sidebar-style":"default","ast-global-header-display":"","ast-banner-title-visibility":"","ast-main-header-display":"","ast-hfb-above-header-display":"","ast-hfb-below-header-display":"","ast-hfb-mobile-header-display":"","site-post-title":"disabled","ast-breadcrumbs-content":"","ast-featured-img":"disabled","footer-sml-layout":"","ast-disable-related-posts":"","theme-transparent-header-meta":"","adv-header-id-meta":"","stick-header-meta":"","header-above-stick-meta":"","header-main-stick-meta":"","header-below-stick-meta":"","astra-migrate-meta-layouts":"default","ast-page-background-enabled":"default","ast-page-background-meta":{"desktop":{"background-color":"var(--ast-global-color-4)","background-image":"","background-repeat":"repeat","background-position":"center center","background-size":"auto","background-attachment":"scroll","background-type":"","background-media":"","overlay-type":"","overlay-color":"","overlay-opacity":"","overlay-gradient":""},"tablet":{"background-color":"","background-image":"","background-repeat":"repeat","background-position":"center center","background-size":"auto","background-attachment":"scroll","background-type":"","background-media":"","overlay-type":"","overlay-color":"","overlay-opacity":"","overlay-gradient":""},"mobile":{"background-color":"","background-image":"","background-repeat":"repeat","background-position":"center center","background-size":"auto","background-attachment":"scroll","background-type":"","background-media":"","overlay-type":"","overlay-color":"","overlay-opacity":"","overlay-gradient":""}},"ast-content-background-meta":{"desktop":{"background-color":"var(--ast-global-color-5)","background-image":"","background-repeat":"repeat","background-position":"center center","background-size":"auto","background-attachment":"scroll","background-type":"","background-media":"","overlay-type":"","overlay-color":"","overlay-opacity":"","overlay-gradient":""},"tablet":{"background-color":"var(--ast-global-color-5)","background-image":"","background-repeat":"repeat","background-position":"center center","background-size":"auto","background-attachment":"scroll","background-type":"","background-media":"","overlay-type":"","overlay-color":"","overlay-opacity":"","overlay-gradient":""},"mobile":{"background-color":"var(--ast-global-color-5)","background-image":"","background-repeat":"repeat","background-position":"center center","background-size":"auto","background-attachment":"scroll","background-type":"","background-media":"","overlay-type":"","overlay-color":"","overlay-opacity":"","overlay-gradient":""}},"footnotes":""},"class_list":["post-1572","page","type-page","status-publish","hentry"],"yoast_head":"<!-- This site is optimized with the Yoast SEO Premium plugin v27.4 (Yoast SEO v27.4) - https:\/\/yoast.com\/product\/yoast-seo-premium-wordpress\/ -->\n<title>Bety\u00e1r-Olimpia csapat\u00e9p\u00edt\u0151 tr\u00e9ning - Jonatherm\u00e1l Gy\u00f3gy- \u00e9s \u00c9lm\u00e9nyf\u00fcrd\u0151, Motel, Kemping<\/title>\n<meta name=\"robots\" content=\"index, follow, max-snippet:-1, max-image-preview:large, max-video-preview:-1\" \/>\n<link rel=\"canonical\" href=\"https:\/\/jonathermal.hu\/en\/betyar-olimpia-csapatepito-trening\/\" \/>\n<meta property=\"og:locale\" content=\"en_US\" \/>\n<meta property=\"og:type\" content=\"article\" \/>\n<meta property=\"og:title\" content=\"Bety\u00e1r-Olimpia csapat\u00e9p\u00edt\u0151 tr\u00e9ning\" \/>\n<meta property=\"og:description\" content=\"\u201eBETY\u00c1R-OLIMPIA&#8221; Csapat\u00e9p\u00edt\u0151 tr\u00e9ning a Jonatherm\u00e1lban, Kiskunmajs\u00e1n! Puszta SPA \u2013 Wellness &#8211; \u00e9s Konferencia egy helyen! Igazi pr\u00f3bat\u00e9tel, hangulatos csapatj\u00e1t\u00e9kok \u00e9s l\u00e1tv\u00e1nyos \u00fcgyess\u00e9gi feladatok a L\u00f3pofa cs\u00e1rda \u201eBety\u00e1r Udvar\u00e1ban&#8221;, k\u00f6zvetlen\u00fcl a kiskunmajsai Jonatherm\u00e1l Gy\u00f3gy-\u00e9s \u00c9lm\u00e9nyf\u00fcrd\u0151, Motel-Kemping szomsz\u00e9ds\u00e1g\u00e1ban. Mozgalmas \u00e9s lend\u00fcletes csapat\u00e9p\u00edt\u0151 program, melyben munkat\u00e1rsai megismerkedhetnek a paraszti \u00e9let jellegzetes eszk\u00f6zeivel \u00e9s haszn\u00e1lat\u00e1val. A csapatok ig\u00e9nyeit\u0151l f\u00fcgg\u0151en [&hellip;]\" \/>\n<meta property=\"og:url\" content=\"https:\/\/jonathermal.hu\/en\/betyar-olimpia-csapatepito-trening\/\" \/>\n<meta property=\"og:site_name\" content=\"Jonatherm\u00e1l Gy\u00f3gy- \u00e9s \u00c9lm\u00e9nyf\u00fcrd\u0151, Motel, Kemping\" \/>\n<meta property=\"article:publisher\" content=\"https:\/\/www.facebook.com\/Jonathermal\/\" \/>\n<meta property=\"article:modified_time\" content=\"2022-02-21T15:05:37+00:00\" \/>\n<meta name=\"twitter:card\" content=\"summary_large_image\" \/>\n<script type=\"application\/ld+json\" class=\"yoast-schema-graph\">{\"@context\":\"https:\\\/\\\/schema.org\",\"@graph\":[{\"@type\":\"WebPage\",\"@id\":\"https:\\\/\\\/jonathermal.hu\\\/betyar-olimpia-csapatepito-trening\\\/\",\"url\":\"https:\\\/\\\/jonathermal.hu\\\/betyar-olimpia-csapatepito-trening\\\/\",\"name\":\"Bety\u00e1r-Olimpia csapat\u00e9p\u00edt\u0151 tr\u00e9ning - Jonatherm\u00e1l Gy\u00f3gy- \u00e9s \u00c9lm\u00e9nyf\u00fcrd\u0151, Motel, Kemping\",\"isPartOf\":{\"@id\":\"https:\\\/\\\/jonathermal.hu\\\/#website\"},\"datePublished\":\"2022-02-21T15:03:41+00:00\",\"dateModified\":\"2022-02-21T15:05:37+00:00\",\"breadcrumb\":{\"@id\":\"https:\\\/\\\/jonathermal.hu\\\/betyar-olimpia-csapatepito-trening\\\/#breadcrumb\"},\"inLanguage\":\"en-US\",\"potentialAction\":[{\"@type\":\"ReadAction\",\"target\":[\"https:\\\/\\\/jonathermal.hu\\\/betyar-olimpia-csapatepito-trening\\\/\"]}]},{\"@type\":\"BreadcrumbList\",\"@id\":\"https:\\\/\\\/jonathermal.hu\\\/betyar-olimpia-csapatepito-trening\\\/#breadcrumb\",\"itemListElement\":[{\"@type\":\"ListItem\",\"position\":1,\"name\":\"Kezd\u0151lap\",\"item\":\"https:\\\/\\\/jonathermal.hu\\\/\"},{\"@type\":\"ListItem\",\"position\":2,\"name\":\"Bety\u00e1r-Olimpia csapat\u00e9p\u00edt\u0151 tr\u00e9ning\"}]},{\"@type\":\"WebSite\",\"@id\":\"https:\\\/\\\/jonathermal.hu\\\/#website\",\"url\":\"https:\\\/\\\/jonathermal.hu\\\/\",\"name\":\"Jonatherm\u00e1l Gy\u00f3gy- \u00e9s \u00c9lm\u00e9nyf\u00fcrd\u0151, Motel, Kemping\",\"description\":\"Kiskunmajsa\",\"publisher\":{\"@id\":\"https:\\\/\\\/jonathermal.hu\\\/#organization\"},\"potentialAction\":[{\"@type\":\"SearchAction\",\"target\":{\"@type\":\"EntryPoint\",\"urlTemplate\":\"https:\\\/\\\/jonathermal.hu\\\/?s={search_term_string}\"},\"query-input\":{\"@type\":\"PropertyValueSpecification\",\"valueRequired\":true,\"valueName\":\"search_term_string\"}}],\"inLanguage\":\"en-US\"},{\"@type\":\"Organization\",\"@id\":\"https:\\\/\\\/jonathermal.hu\\\/#organization\",\"name\":\"Jonatherm\u00e1l Gy\u00f3gy- \u00e9s \u00c9lm\u00e9nyf\u00fcrd\u0151, Motel, Kemping Kiskunmajsa\",\"url\":\"https:\\\/\\\/jonathermal.hu\\\/\",\"logo\":{\"@type\":\"ImageObject\",\"inLanguage\":\"en-US\",\"@id\":\"https:\\\/\\\/jonathermal.hu\\\/#\\\/schema\\\/logo\\\/image\\\/\",\"url\":\"https:\\\/\\\/jonathermal.hu\\\/wp-content\\\/uploads\\\/2022\\\/02\\\/jonatherma\u0301l-logo.png\",\"contentUrl\":\"https:\\\/\\\/jonathermal.hu\\\/wp-content\\\/uploads\\\/2022\\\/02\\\/jonatherma\u0301l-logo.png\",\"width\":200,\"height\":142,\"caption\":\"Jonatherm\u00e1l Gy\u00f3gy- \u00e9s \u00c9lm\u00e9nyf\u00fcrd\u0151, Motel, Kemping Kiskunmajsa\"},\"image\":{\"@id\":\"https:\\\/\\\/jonathermal.hu\\\/#\\\/schema\\\/logo\\\/image\\\/\"},\"sameAs\":[\"https:\\\/\\\/www.facebook.com\\\/Jonathermal\\\/\",\"https:\\\/\\\/www.instagram.com\\\/jonathermal\\\/\",\"https:\\\/\\\/www.youtube.com\\\/channel\\\/UCTAd0tjGBgxWEJfuY378_Qw\\\/featured\"]}]}<\/script>\n<!-- \/ Yoast SEO Premium plugin. -->","yoast_head_json":{"title":"Bety\u00e1r-Olimpia csapat\u00e9p\u00edt\u0151 tr\u00e9ning - Jonatherm\u00e1l Gy\u00f3gy- \u00e9s \u00c9lm\u00e9nyf\u00fcrd\u0151, Motel, Kemping","robots":{"index":"index","follow":"follow","max-snippet":"max-snippet:-1","max-image-preview":"max-image-preview:large","max-video-preview":"max-video-preview:-1"},"canonical":"https:\/\/jonathermal.hu\/en\/betyar-olimpia-csapatepito-trening\/","og_locale":"en_US","og_type":"article","og_title":"Bety\u00e1r-Olimpia csapat\u00e9p\u00edt\u0151 tr\u00e9ning","og_description":"\u201eBETY\u00c1R-OLIMPIA&#8221; Csapat\u00e9p\u00edt\u0151 tr\u00e9ning a Jonatherm\u00e1lban, Kiskunmajs\u00e1n! Puszta SPA \u2013 Wellness &#8211; \u00e9s Konferencia egy helyen! Igazi pr\u00f3bat\u00e9tel, hangulatos csapatj\u00e1t\u00e9kok \u00e9s l\u00e1tv\u00e1nyos \u00fcgyess\u00e9gi feladatok a L\u00f3pofa cs\u00e1rda \u201eBety\u00e1r Udvar\u00e1ban&#8221;, k\u00f6zvetlen\u00fcl a kiskunmajsai Jonatherm\u00e1l Gy\u00f3gy-\u00e9s \u00c9lm\u00e9nyf\u00fcrd\u0151, Motel-Kemping szomsz\u00e9ds\u00e1g\u00e1ban. Mozgalmas \u00e9s lend\u00fcletes csapat\u00e9p\u00edt\u0151 program, melyben munkat\u00e1rsai megismerkedhetnek a paraszti \u00e9let jellegzetes eszk\u00f6zeivel \u00e9s haszn\u00e1lat\u00e1val. A csapatok ig\u00e9nyeit\u0151l f\u00fcgg\u0151en [&hellip;]","og_url":"https:\/\/jonathermal.hu\/en\/betyar-olimpia-csapatepito-trening\/","og_site_name":"Jonatherm\u00e1l Gy\u00f3gy- \u00e9s \u00c9lm\u00e9nyf\u00fcrd\u0151, Motel, Kemping","article_publisher":"https:\/\/www.facebook.com\/Jonathermal\/","article_modified_time":"2022-02-21T15:05:37+00:00","twitter_card":"summary_large_image","schema":{"@context":"https:\/\/schema.org","@graph":[{"@type":"WebPage","@id":"https:\/\/jonathermal.hu\/betyar-olimpia-csapatepito-trening\/","url":"https:\/\/jonathermal.hu\/betyar-olimpia-csapatepito-trening\/","name":"Bety\u00e1r-Olimpia csapat\u00e9p\u00edt\u0151 tr\u00e9ning - Jonatherm\u00e1l Gy\u00f3gy- \u00e9s \u00c9lm\u00e9nyf\u00fcrd\u0151, Motel, Kemping","isPartOf":{"@id":"https:\/\/jonathermal.hu\/#website"},"datePublished":"2022-02-21T15:03:41+00:00","dateModified":"2022-02-21T15:05:37+00:00","breadcrumb":{"@id":"https:\/\/jonathermal.hu\/betyar-olimpia-csapatepito-trening\/#breadcrumb"},"inLanguage":"en-US","potentialAction":[{"@type":"ReadAction","target":["https:\/\/jonathermal.hu\/betyar-olimpia-csapatepito-trening\/"]}]},{"@type":"BreadcrumbList","@id":"https:\/\/jonathermal.hu\/betyar-olimpia-csapatepito-trening\/#breadcrumb","itemListElement":[{"@type":"ListItem","position":1,"name":"Kezd\u0151lap","item":"https:\/\/jonathermal.hu\/"},{"@type":"ListItem","position":2,"name":"Bety\u00e1r-Olimpia csapat\u00e9p\u00edt\u0151 tr\u00e9ning"}]},{"@type":"WebSite","@id":"https:\/\/jonathermal.hu\/#website","url":"https:\/\/jonathermal.hu\/","name":"Jonatherm\u00e1l Gy\u00f3gy- \u00e9s \u00c9lm\u00e9nyf\u00fcrd\u0151, Motel, Kemping","description":"Kiskunmajsa","publisher":{"@id":"https:\/\/jonathermal.hu\/#organization"},"potentialAction":[{"@type":"SearchAction","target":{"@type":"EntryPoint","urlTemplate":"https:\/\/jonathermal.hu\/?s={search_term_string}"},"query-input":{"@type":"PropertyValueSpecification","valueRequired":true,"valueName":"search_term_string"}}],"inLanguage":"en-US"},{"@type":"Organization","@id":"https:\/\/jonathermal.hu\/#organization","name":"Jonatherm\u00e1l Gy\u00f3gy- \u00e9s \u00c9lm\u00e9nyf\u00fcrd\u0151, Motel, Kemping Kiskunmajsa","url":"https:\/\/jonathermal.hu\/","logo":{"@type":"ImageObject","inLanguage":"en-US","@id":"https:\/\/jonathermal.hu\/#\/schema\/logo\/image\/","url":"https:\/\/jonathermal.hu\/wp-content\/uploads\/2022\/02\/jonatherma\u0301l-logo.png","contentUrl":"https:\/\/jonathermal.hu\/wp-content\/uploads\/2022\/02\/jonatherma\u0301l-logo.png","width":200,"height":142,"caption":"Jonatherm\u00e1l Gy\u00f3gy- \u00e9s \u00c9lm\u00e9nyf\u00fcrd\u0151, Motel, Kemping Kiskunmajsa"},"image":{"@id":"https:\/\/jonathermal.hu\/#\/schema\/logo\/image\/"},"sameAs":["https:\/\/www.facebook.com\/Jonathermal\/","https:\/\/www.instagram.com\/jonathermal\/","https:\/\/www.youtube.com\/channel\/UCTAd0tjGBgxWEJfuY378_Qw\/featured"]}]}},"_links":{"self":[{"href":"https:\/\/jonathermal.hu\/en\/wp-json\/wp\/v2\/pages\/1572","targetHints":{"allow":["GET"]}}],"collection":[{"href":"https:\/\/jonathermal.hu\/en\/wp-json\/wp\/v2\/pages"}],"about":[{"href":"https:\/\/jonathermal.hu\/en\/wp-json\/wp\/v2\/types\/page"}],"author":[{"embeddable":true,"href":"https:\/\/jonathermal.hu\/en\/wp-json\/wp\/v2\/users\/1"}],"replies":[{"embeddable":true,"href":"https:\/\/jonathermal.hu\/en\/wp-json\/wp\/v2\/comments?post=1572"}],"version-history":[{"count":0,"href":"https:\/\/jonathermal.hu\/en\/wp-json\/wp\/v2\/pages\/1572\/revisions"}],"wp:attachment":[{"href":"https:\/\/jonathermal.hu\/en\/wp-json\/wp\/v2\/media?parent=1572"}],"curies":[{"name":"wp","href":"https:\/\/api.w.org\/{rel}","templated":true}]}}