{"id":1561,"date":"2022-02-21T15:00:06","date_gmt":"2022-02-21T15:00:06","guid":{"rendered":"https:\/\/jonathermal.hu\/?page_id=1561"},"modified":"2022-02-21T15:02:43","modified_gmt":"2022-02-21T15:02:43","slug":"kerekparral-a-del-alfoldon","status":"publish","type":"page","link":"https:\/\/jonathermal.hu\/en\/kerekparral-a-del-alfoldon\/","title":{"rendered":"By bike in the Southern Great Plain"},"content":{"rendered":"<div data-elementor-type=\"wp-page\" data-elementor-id=\"1561\" class=\"elementor elementor-1561\" data-elementor-post-type=\"page\">\n\t\t\t\t\t\t<section class=\"elementor-section elementor-top-section elementor-element elementor-element-360386d elementor-section-boxed elementor-section-height-default elementor-section-height-default\" data-id=\"360386d\" data-element_type=\"section\" data-e-type=\"section\">\n\t\t\t\t\t\t<div class=\"elementor-container elementor-column-gap-default\">\n\t\t\t\t\t<div class=\"elementor-column elementor-col-100 elementor-top-column elementor-element elementor-element-03fb130\" data-id=\"03fb130\" data-element_type=\"column\" data-e-type=\"column\">\n\t\t\t<div class=\"elementor-widget-wrap elementor-element-populated\">\n\t\t\t\t\t\t<div class=\"elementor-element elementor-element-c3d7ada elementor-widget elementor-widget-text-editor\" data-id=\"c3d7ada\" data-element_type=\"widget\" data-e-type=\"widget\" data-widget_type=\"text-editor.default\">\n\t\t\t\t<div class=\"elementor-widget-container\">\n\t\t\t\t\t\t\t\t\t<p><strong>Ker\u00e9kp\u00e1rozzon n\u00e1lunk!<\/strong><\/p><p>2009. augusztus 18-\u00e1n,\u00a0\u00a0<strong>kedden d\u00e9lel\u0151tt J\u00e1szszentl\u00e1szl\u00f3n \u00fcnnep\u00e9lyes keretek k\u00f6z\u00f6tt adt\u00e1k \u00e1t, a t\u00f6bb mint h\u00fasz kilom\u00e9ter hossz\u00fa ker\u00e9kp\u00e1rutat, mely \u00f6t telep\u00fcl\u00e9st k\u00f6t \u00f6ssze.<\/strong><\/p><p>Vend\u00e9geink imm\u00e1r a n\u00e1lunk tart\u00f3zkod\u00e1suk alkalm\u00e1val kir\u00e1ndul\u00e1sokat is tehetnek saj\u00e1t vagy n\u00e1lunk k\u00f6lcs\u00f6n\u00f6zhet\u0151 ker\u00e9kp\u00e1rral\/tandem ker\u00e9kp\u00e1rral az \u00e1tadott ker\u00e9kp\u00e1r\u00faton, mely a kiskunmajsai gy\u00f3gyf\u00fcrd\u0151t \u00e9s Bugacpusztah\u00e1z\u00e1t k\u00f6ti \u00f6ssze. Turisztikai szempontb\u00f3l is igen jelent\u0151s az \u00fat, mert v\u00e9gighalad J\u00e1szszentl\u00e1szl\u00f3n, M\u00f3ricg\u00e1ton, \u00e9s bet\u00e9r Bugacra is. \u00datk\u00f6zben k\u00fcl\u00f6nf\u00e9le l\u00e1tnival\u00f3k is megtekinthet\u0151k.<\/p><p><strong>J\u00f6jj\u00f6n el, pr\u00f3b\u00e1lja ki mag\u00e1t \u00e9s gy\u00f6ny\u00f6rk\u00f6dj\u00f6n az alf\u00f6ldi t\u00e1j sz\u00e9ps\u00e9g\u00e9ben!<\/strong><\/p>\t\t\t\t\t\t\t\t<\/div>\n\t\t\t\t<\/div>\n\t\t\t\t\t<\/div>\n\t\t<\/div>\n\t\t\t\t\t<\/div>\n\t\t<\/section>\n\t\t\t\t<section class=\"elementor-section elementor-top-section elementor-element elementor-element-07aecbe elementor-section-boxed elementor-section-height-default elementor-section-height-default\" data-id=\"07aecbe\" data-element_type=\"section\" data-e-type=\"section\">\n\t\t\t\t\t\t<div class=\"elementor-container elementor-column-gap-default\">\n\t\t\t\t\t<div class=\"elementor-column elementor-col-100 elementor-top-column elementor-element elementor-element-a055628\" data-id=\"a055628\" data-element_type=\"column\" data-e-type=\"column\">\n\t\t\t<div class=\"elementor-widget-wrap elementor-element-populated\">\n\t\t\t\t\t\t<div class=\"elementor-element elementor-element-719223a elementor-widget elementor-widget-gallery\" data-id=\"719223a\" data-element_type=\"widget\" data-e-type=\"widget\" data-settings=\"{&quot;gallery_layout&quot;:&quot;justified&quot;,&quot;lazyload&quot;:&quot;yes&quot;,&quot;ideal_row_height&quot;:{&quot;unit&quot;:&quot;px&quot;,&quot;size&quot;:200,&quot;sizes&quot;:[]},&quot;ideal_row_height_tablet&quot;:{&quot;unit&quot;:&quot;px&quot;,&quot;size&quot;:150,&quot;sizes&quot;:[]},&quot;ideal_row_height_mobile&quot;:{&quot;unit&quot;:&quot;px&quot;,&quot;size&quot;:150,&quot;sizes&quot;:[]},&quot;gap&quot;:{&quot;unit&quot;:&quot;px&quot;,&quot;size&quot;:10,&quot;sizes&quot;:[]},&quot;gap_tablet&quot;:{&quot;unit&quot;:&quot;px&quot;,&quot;size&quot;:10,&quot;sizes&quot;:[]},&quot;gap_mobile&quot;:{&quot;unit&quot;:&quot;px&quot;,&quot;size&quot;:10,&quot;sizes&quot;:[]},&quot;link_to&quot;:&quot;file&quot;,&quot;overlay_background&quot;:&quot;yes&quot;,&quot;content_hover_animation&quot;:&quot;fade-in&quot;}\" data-widget_type=\"gallery.default\">\n\t\t\t\t<div class=\"elementor-widget-container\">\n\t\t\t\t\t\t\t<div class=\"elementor-gallery__container\">\n\t\t\t\t\t\t\t<a class=\"e-gallery-item elementor-gallery-item elementor-animated-content\" href=\"https:\/\/jonathermal.hu\/wp-content\/uploads\/2022\/02\/kerekparozas1.jpeg\" data-elementor-open-lightbox=\"yes\" data-elementor-lightbox-slideshow=\"719223a\" data-elementor-lightbox-title=\"kerekparozas1\" data-e-action-hash=\"#elementor-action%3Aaction%3Dlightbox%26settings%3DeyJpZCI6MTU2MywidXJsIjoiaHR0cHM6XC9cL2pvbmF0aGVybWFsLmh1XC93cC1jb250ZW50XC91cGxvYWRzXC8yMDIyXC8wMlwva2VyZWtwYXJvemFzMS5qcGVnIiwic2xpZGVzaG93IjoiNzE5MjIzYSJ9\">\n\t\t\t\t\t<div class=\"e-gallery-image elementor-gallery-item__image\" data-thumbnail=\"https:\/\/jonathermal.hu\/wp-content\/uploads\/2022\/02\/kerekparozas1-300x225.jpeg\" data-width=\"300\" data-height=\"225\" aria-label=\"\" role=\"img\" ><\/div>\n\t\t\t\t\t\t\t\t\t\t\t<div class=\"elementor-gallery-item__overlay\"><\/div>\n\t\t\t\t\t\t\t\t\t\t\t\t\t\t<\/a>\n\t\t\t\t\t\t\t<a class=\"e-gallery-item elementor-gallery-item elementor-animated-content\" href=\"https:\/\/jonathermal.hu\/wp-content\/uploads\/2022\/02\/kerekparozas2.jpeg\" data-elementor-open-lightbox=\"yes\" data-elementor-lightbox-slideshow=\"719223a\" data-elementor-lightbox-title=\"kerekparozas2\" data-e-action-hash=\"#elementor-action%3Aaction%3Dlightbox%26settings%3DeyJpZCI6MTU2NCwidXJsIjoiaHR0cHM6XC9cL2pvbmF0aGVybWFsLmh1XC93cC1jb250ZW50XC91cGxvYWRzXC8yMDIyXC8wMlwva2VyZWtwYXJvemFzMi5qcGVnIiwic2xpZGVzaG93IjoiNzE5MjIzYSJ9\">\n\t\t\t\t\t<div class=\"e-gallery-image elementor-gallery-item__image\" data-thumbnail=\"https:\/\/jonathermal.hu\/wp-content\/uploads\/2022\/02\/kerekparozas2-300x225.jpeg\" data-width=\"300\" data-height=\"225\" aria-label=\"\" role=\"img\" ><\/div>\n\t\t\t\t\t\t\t\t\t\t\t<div class=\"elementor-gallery-item__overlay\"><\/div>\n\t\t\t\t\t\t\t\t\t\t\t\t\t\t<\/a>\n\t\t\t\t\t\t\t<a class=\"e-gallery-item elementor-gallery-item elementor-animated-content\" href=\"https:\/\/jonathermal.hu\/wp-content\/uploads\/2022\/02\/kerekparozas3.jpeg\" data-elementor-open-lightbox=\"yes\" data-elementor-lightbox-slideshow=\"719223a\" data-elementor-lightbox-title=\"kerekparozas3\" data-e-action-hash=\"#elementor-action%3Aaction%3Dlightbox%26settings%3DeyJpZCI6MTU2NSwidXJsIjoiaHR0cHM6XC9cL2pvbmF0aGVybWFsLmh1XC93cC1jb250ZW50XC91cGxvYWRzXC8yMDIyXC8wMlwva2VyZWtwYXJvemFzMy5qcGVnIiwic2xpZGVzaG93IjoiNzE5MjIzYSJ9\">\n\t\t\t\t\t<div class=\"e-gallery-image elementor-gallery-item__image\" data-thumbnail=\"https:\/\/jonathermal.hu\/wp-content\/uploads\/2022\/02\/kerekparozas3-225x300.jpeg\" data-width=\"225\" data-height=\"300\" aria-label=\"\" role=\"img\" ><\/div>\n\t\t\t\t\t\t\t\t\t\t\t<div class=\"elementor-gallery-item__overlay\"><\/div>\n\t\t\t\t\t\t\t\t\t\t\t\t\t\t<\/a>\n\t\t\t\t\t\t\t<a class=\"e-gallery-item elementor-gallery-item elementor-animated-content\" href=\"https:\/\/jonathermal.hu\/wp-content\/uploads\/2022\/02\/kerekparozas4.jpeg\" data-elementor-open-lightbox=\"yes\" data-elementor-lightbox-slideshow=\"719223a\" data-elementor-lightbox-title=\"kerekparozas4\" data-e-action-hash=\"#elementor-action%3Aaction%3Dlightbox%26settings%3DeyJpZCI6MTU2NiwidXJsIjoiaHR0cHM6XC9cL2pvbmF0aGVybWFsLmh1XC93cC1jb250ZW50XC91cGxvYWRzXC8yMDIyXC8wMlwva2VyZWtwYXJvemFzNC5qcGVnIiwic2xpZGVzaG93IjoiNzE5MjIzYSJ9\">\n\t\t\t\t\t<div class=\"e-gallery-image elementor-gallery-item__image\" data-thumbnail=\"https:\/\/jonathermal.hu\/wp-content\/uploads\/2022\/02\/kerekparozas4-300x225.jpeg\" data-width=\"300\" data-height=\"225\" aria-label=\"\" role=\"img\" ><\/div>\n\t\t\t\t\t\t\t\t\t\t\t<div class=\"elementor-gallery-item__overlay\"><\/div>\n\t\t\t\t\t\t\t\t\t\t\t\t\t\t<\/a>\n\t\t\t\t\t\t\t<a class=\"e-gallery-item elementor-gallery-item elementor-animated-content\" href=\"https:\/\/jonathermal.hu\/wp-content\/uploads\/2022\/02\/kerekparozas5.jpeg\" data-elementor-open-lightbox=\"yes\" data-elementor-lightbox-slideshow=\"719223a\" data-elementor-lightbox-title=\"kerekparozas5\" data-e-action-hash=\"#elementor-action%3Aaction%3Dlightbox%26settings%3DeyJpZCI6MTU2NywidXJsIjoiaHR0cHM6XC9cL2pvbmF0aGVybWFsLmh1XC93cC1jb250ZW50XC91cGxvYWRzXC8yMDIyXC8wMlwva2VyZWtwYXJvemFzNS5qcGVnIiwic2xpZGVzaG93IjoiNzE5MjIzYSJ9\">\n\t\t\t\t\t<div class=\"e-gallery-image elementor-gallery-item__image\" data-thumbnail=\"https:\/\/jonathermal.hu\/wp-content\/uploads\/2022\/02\/kerekparozas5-225x300.jpeg\" data-width=\"225\" data-height=\"300\" aria-label=\"\" role=\"img\" ><\/div>\n\t\t\t\t\t\t\t\t\t\t\t<div class=\"elementor-gallery-item__overlay\"><\/div>\n\t\t\t\t\t\t\t\t\t\t\t\t\t\t<\/a>\n\t\t\t\t\t<\/div>\n\t\t\t\t\t<\/div>\n\t\t\t\t<\/div>\n\t\t\t\t\t<\/div>\n\t\t<\/div>\n\t\t\t\t\t<\/div>\n\t\t<\/section>\n\t\t\t\t<\/div>","protected":false},"excerpt":{"rendered":"<p>Ker\u00e9kp\u00e1rozzon n\u00e1lunk! 2009. augusztus 18-\u00e1n,\u00a0\u00a0kedden d\u00e9lel\u0151tt J\u00e1szszentl\u00e1szl\u00f3n \u00fcnnep\u00e9lyes keretek k\u00f6z\u00f6tt adt\u00e1k \u00e1t, a t\u00f6bb mint h\u00fasz kilom\u00e9ter hossz\u00fa ker\u00e9kp\u00e1rutat, mely \u00f6t telep\u00fcl\u00e9st k\u00f6t \u00f6ssze. Vend\u00e9geink imm\u00e1r a n\u00e1lunk tart\u00f3zkod\u00e1suk alkalm\u00e1val kir\u00e1ndul\u00e1sokat is tehetnek saj\u00e1t vagy n\u00e1lunk k\u00f6lcs\u00f6n\u00f6zhet\u0151 ker\u00e9kp\u00e1rral\/tandem ker\u00e9kp\u00e1rral az \u00e1tadott ker\u00e9kp\u00e1r\u00faton, mely a kiskunmajsai gy\u00f3gyf\u00fcrd\u0151t \u00e9s Bugacpusztah\u00e1z\u00e1t k\u00f6ti \u00f6ssze. Turisztikai szempontb\u00f3l is igen jelent\u0151s [&hellip;]<\/p>\n","protected":false},"author":1,"featured_media":0,"parent":0,"menu_order":0,"comment_status":"closed","ping_status":"closed","template":"","meta":{"site-sidebar-layout":"no-sidebar","site-content-layout":"page-builder","ast-site-content-layout":"default","site-content-style":"default","site-sidebar-style":"default","ast-global-header-display":"","ast-banner-title-visibility":"","ast-main-header-display":"","ast-hfb-above-header-display":"","ast-hfb-below-header-display":"","ast-hfb-mobile-header-display":"","site-post-title":"disabled","ast-breadcrumbs-content":"","ast-featured-img":"disabled","footer-sml-layout":"","ast-disable-related-posts":"","theme-transparent-header-meta":"","adv-header-id-meta":"","stick-header-meta":"","header-above-stick-meta":"","header-main-stick-meta":"","header-below-stick-meta":"","astra-migrate-meta-layouts":"default","ast-page-background-enabled":"default","ast-page-background-meta":{"desktop":{"background-color":"var(--ast-global-color-4)","background-image":"","background-repeat":"repeat","background-position":"center center","background-size":"auto","background-attachment":"scroll","background-type":"","background-media":"","overlay-type":"","overlay-color":"","overlay-opacity":"","overlay-gradient":""},"tablet":{"background-color":"","background-image":"","background-repeat":"repeat","background-position":"center center","background-size":"auto","background-attachment":"scroll","background-type":"","background-media":"","overlay-type":"","overlay-color":"","overlay-opacity":"","overlay-gradient":""},"mobile":{"background-color":"","background-image":"","background-repeat":"repeat","background-position":"center center","background-size":"auto","background-attachment":"scroll","background-type":"","background-media":"","overlay-type":"","overlay-color":"","overlay-opacity":"","overlay-gradient":""}},"ast-content-background-meta":{"desktop":{"background-color":"var(--ast-global-color-5)","background-image":"","background-repeat":"repeat","background-position":"center center","background-size":"auto","background-attachment":"scroll","background-type":"","background-media":"","overlay-type":"","overlay-color":"","overlay-opacity":"","overlay-gradient":""},"tablet":{"background-color":"var(--ast-global-color-5)","background-image":"","background-repeat":"repeat","background-position":"center center","background-size":"auto","background-attachment":"scroll","background-type":"","background-media":"","overlay-type":"","overlay-color":"","overlay-opacity":"","overlay-gradient":""},"mobile":{"background-color":"var(--ast-global-color-5)","background-image":"","background-repeat":"repeat","background-position":"center center","background-size":"auto","background-attachment":"scroll","background-type":"","background-media":"","overlay-type":"","overlay-color":"","overlay-opacity":"","overlay-gradient":""}},"footnotes":""},"class_list":["post-1561","page","type-page","status-publish","hentry"],"yoast_head":"<!-- This site is optimized with the Yoast SEO Premium plugin v27.4 (Yoast SEO v27.4) - https:\/\/yoast.com\/product\/yoast-seo-premium-wordpress\/ -->\n<title>Ker\u00e9kp\u00e1rral a D\u00e9l-Alf\u00f6ld\u00f6n - Jonatherm\u00e1l Gy\u00f3gy- \u00e9s \u00c9lm\u00e9nyf\u00fcrd\u0151, Motel, Kemping<\/title>\n<meta name=\"robots\" content=\"index, follow, max-snippet:-1, max-image-preview:large, max-video-preview:-1\" \/>\n<link rel=\"canonical\" href=\"https:\/\/jonathermal.hu\/en\/kerekparral-a-del-alfoldon\/\" \/>\n<meta property=\"og:locale\" content=\"en_US\" \/>\n<meta property=\"og:type\" content=\"article\" \/>\n<meta property=\"og:title\" content=\"Ker\u00e9kp\u00e1rral a D\u00e9l-Alf\u00f6ld\u00f6n\" \/>\n<meta property=\"og:description\" content=\"Ker\u00e9kp\u00e1rozzon n\u00e1lunk! 2009. augusztus 18-\u00e1n,\u00a0\u00a0kedden d\u00e9lel\u0151tt J\u00e1szszentl\u00e1szl\u00f3n \u00fcnnep\u00e9lyes keretek k\u00f6z\u00f6tt adt\u00e1k \u00e1t, a t\u00f6bb mint h\u00fasz kilom\u00e9ter hossz\u00fa ker\u00e9kp\u00e1rutat, mely \u00f6t telep\u00fcl\u00e9st k\u00f6t \u00f6ssze. Vend\u00e9geink imm\u00e1r a n\u00e1lunk tart\u00f3zkod\u00e1suk alkalm\u00e1val kir\u00e1ndul\u00e1sokat is tehetnek saj\u00e1t vagy n\u00e1lunk k\u00f6lcs\u00f6n\u00f6zhet\u0151 ker\u00e9kp\u00e1rral\/tandem ker\u00e9kp\u00e1rral az \u00e1tadott ker\u00e9kp\u00e1r\u00faton, mely a kiskunmajsai gy\u00f3gyf\u00fcrd\u0151t \u00e9s Bugacpusztah\u00e1z\u00e1t k\u00f6ti \u00f6ssze. Turisztikai szempontb\u00f3l is igen jelent\u0151s [&hellip;]\" \/>\n<meta property=\"og:url\" content=\"https:\/\/jonathermal.hu\/en\/kerekparral-a-del-alfoldon\/\" \/>\n<meta property=\"og:site_name\" content=\"Jonatherm\u00e1l Gy\u00f3gy- \u00e9s \u00c9lm\u00e9nyf\u00fcrd\u0151, Motel, Kemping\" \/>\n<meta property=\"article:publisher\" content=\"https:\/\/www.facebook.com\/Jonathermal\/\" \/>\n<meta property=\"article:modified_time\" content=\"2022-02-21T15:02:43+00:00\" \/>\n<meta name=\"twitter:card\" content=\"summary_large_image\" \/>\n<script type=\"application\/ld+json\" class=\"yoast-schema-graph\">{\"@context\":\"https:\\\/\\\/schema.org\",\"@graph\":[{\"@type\":\"WebPage\",\"@id\":\"https:\\\/\\\/jonathermal.hu\\\/kerekparral-a-del-alfoldon\\\/\",\"url\":\"https:\\\/\\\/jonathermal.hu\\\/kerekparral-a-del-alfoldon\\\/\",\"name\":\"Ker\u00e9kp\u00e1rral a D\u00e9l-Alf\u00f6ld\u00f6n - Jonatherm\u00e1l Gy\u00f3gy- \u00e9s \u00c9lm\u00e9nyf\u00fcrd\u0151, Motel, Kemping\",\"isPartOf\":{\"@id\":\"https:\\\/\\\/jonathermal.hu\\\/#website\"},\"datePublished\":\"2022-02-21T15:00:06+00:00\",\"dateModified\":\"2022-02-21T15:02:43+00:00\",\"breadcrumb\":{\"@id\":\"https:\\\/\\\/jonathermal.hu\\\/kerekparral-a-del-alfoldon\\\/#breadcrumb\"},\"inLanguage\":\"en-US\",\"potentialAction\":[{\"@type\":\"ReadAction\",\"target\":[\"https:\\\/\\\/jonathermal.hu\\\/kerekparral-a-del-alfoldon\\\/\"]}]},{\"@type\":\"BreadcrumbList\",\"@id\":\"https:\\\/\\\/jonathermal.hu\\\/kerekparral-a-del-alfoldon\\\/#breadcrumb\",\"itemListElement\":[{\"@type\":\"ListItem\",\"position\":1,\"name\":\"Kezd\u0151lap\",\"item\":\"https:\\\/\\\/jonathermal.hu\\\/\"},{\"@type\":\"ListItem\",\"position\":2,\"name\":\"Ker\u00e9kp\u00e1rral a D\u00e9l-Alf\u00f6ld\u00f6n\"}]},{\"@type\":\"WebSite\",\"@id\":\"https:\\\/\\\/jonathermal.hu\\\/#website\",\"url\":\"https:\\\/\\\/jonathermal.hu\\\/\",\"name\":\"Jonatherm\u00e1l Gy\u00f3gy- \u00e9s \u00c9lm\u00e9nyf\u00fcrd\u0151, Motel, Kemping\",\"description\":\"Kiskunmajsa\",\"publisher\":{\"@id\":\"https:\\\/\\\/jonathermal.hu\\\/#organization\"},\"potentialAction\":[{\"@type\":\"SearchAction\",\"target\":{\"@type\":\"EntryPoint\",\"urlTemplate\":\"https:\\\/\\\/jonathermal.hu\\\/?s={search_term_string}\"},\"query-input\":{\"@type\":\"PropertyValueSpecification\",\"valueRequired\":true,\"valueName\":\"search_term_string\"}}],\"inLanguage\":\"en-US\"},{\"@type\":\"Organization\",\"@id\":\"https:\\\/\\\/jonathermal.hu\\\/#organization\",\"name\":\"Jonatherm\u00e1l Gy\u00f3gy- \u00e9s \u00c9lm\u00e9nyf\u00fcrd\u0151, Motel, Kemping Kiskunmajsa\",\"url\":\"https:\\\/\\\/jonathermal.hu\\\/\",\"logo\":{\"@type\":\"ImageObject\",\"inLanguage\":\"en-US\",\"@id\":\"https:\\\/\\\/jonathermal.hu\\\/#\\\/schema\\\/logo\\\/image\\\/\",\"url\":\"https:\\\/\\\/jonathermal.hu\\\/wp-content\\\/uploads\\\/2022\\\/02\\\/jonatherma\u0301l-logo.png\",\"contentUrl\":\"https:\\\/\\\/jonathermal.hu\\\/wp-content\\\/uploads\\\/2022\\\/02\\\/jonatherma\u0301l-logo.png\",\"width\":200,\"height\":142,\"caption\":\"Jonatherm\u00e1l Gy\u00f3gy- \u00e9s \u00c9lm\u00e9nyf\u00fcrd\u0151, Motel, Kemping Kiskunmajsa\"},\"image\":{\"@id\":\"https:\\\/\\\/jonathermal.hu\\\/#\\\/schema\\\/logo\\\/image\\\/\"},\"sameAs\":[\"https:\\\/\\\/www.facebook.com\\\/Jonathermal\\\/\",\"https:\\\/\\\/www.instagram.com\\\/jonathermal\\\/\",\"https:\\\/\\\/www.youtube.com\\\/channel\\\/UCTAd0tjGBgxWEJfuY378_Qw\\\/featured\"]}]}<\/script>\n<!-- \/ Yoast SEO Premium plugin. -->","yoast_head_json":{"title":"Ker\u00e9kp\u00e1rral a D\u00e9l-Alf\u00f6ld\u00f6n - Jonatherm\u00e1l Gy\u00f3gy- \u00e9s \u00c9lm\u00e9nyf\u00fcrd\u0151, Motel, Kemping","robots":{"index":"index","follow":"follow","max-snippet":"max-snippet:-1","max-image-preview":"max-image-preview:large","max-video-preview":"max-video-preview:-1"},"canonical":"https:\/\/jonathermal.hu\/en\/kerekparral-a-del-alfoldon\/","og_locale":"en_US","og_type":"article","og_title":"Ker\u00e9kp\u00e1rral a D\u00e9l-Alf\u00f6ld\u00f6n","og_description":"Ker\u00e9kp\u00e1rozzon n\u00e1lunk! 2009. augusztus 18-\u00e1n,\u00a0\u00a0kedden d\u00e9lel\u0151tt J\u00e1szszentl\u00e1szl\u00f3n \u00fcnnep\u00e9lyes keretek k\u00f6z\u00f6tt adt\u00e1k \u00e1t, a t\u00f6bb mint h\u00fasz kilom\u00e9ter hossz\u00fa ker\u00e9kp\u00e1rutat, mely \u00f6t telep\u00fcl\u00e9st k\u00f6t \u00f6ssze. Vend\u00e9geink imm\u00e1r a n\u00e1lunk tart\u00f3zkod\u00e1suk alkalm\u00e1val kir\u00e1ndul\u00e1sokat is tehetnek saj\u00e1t vagy n\u00e1lunk k\u00f6lcs\u00f6n\u00f6zhet\u0151 ker\u00e9kp\u00e1rral\/tandem ker\u00e9kp\u00e1rral az \u00e1tadott ker\u00e9kp\u00e1r\u00faton, mely a kiskunmajsai gy\u00f3gyf\u00fcrd\u0151t \u00e9s Bugacpusztah\u00e1z\u00e1t k\u00f6ti \u00f6ssze. Turisztikai szempontb\u00f3l is igen jelent\u0151s [&hellip;]","og_url":"https:\/\/jonathermal.hu\/en\/kerekparral-a-del-alfoldon\/","og_site_name":"Jonatherm\u00e1l Gy\u00f3gy- \u00e9s \u00c9lm\u00e9nyf\u00fcrd\u0151, Motel, Kemping","article_publisher":"https:\/\/www.facebook.com\/Jonathermal\/","article_modified_time":"2022-02-21T15:02:43+00:00","twitter_card":"summary_large_image","schema":{"@context":"https:\/\/schema.org","@graph":[{"@type":"WebPage","@id":"https:\/\/jonathermal.hu\/kerekparral-a-del-alfoldon\/","url":"https:\/\/jonathermal.hu\/kerekparral-a-del-alfoldon\/","name":"Ker\u00e9kp\u00e1rral a D\u00e9l-Alf\u00f6ld\u00f6n - Jonatherm\u00e1l Gy\u00f3gy- \u00e9s \u00c9lm\u00e9nyf\u00fcrd\u0151, Motel, Kemping","isPartOf":{"@id":"https:\/\/jonathermal.hu\/#website"},"datePublished":"2022-02-21T15:00:06+00:00","dateModified":"2022-02-21T15:02:43+00:00","breadcrumb":{"@id":"https:\/\/jonathermal.hu\/kerekparral-a-del-alfoldon\/#breadcrumb"},"inLanguage":"en-US","potentialAction":[{"@type":"ReadAction","target":["https:\/\/jonathermal.hu\/kerekparral-a-del-alfoldon\/"]}]},{"@type":"BreadcrumbList","@id":"https:\/\/jonathermal.hu\/kerekparral-a-del-alfoldon\/#breadcrumb","itemListElement":[{"@type":"ListItem","position":1,"name":"Kezd\u0151lap","item":"https:\/\/jonathermal.hu\/"},{"@type":"ListItem","position":2,"name":"Ker\u00e9kp\u00e1rral a D\u00e9l-Alf\u00f6ld\u00f6n"}]},{"@type":"WebSite","@id":"https:\/\/jonathermal.hu\/#website","url":"https:\/\/jonathermal.hu\/","name":"Jonatherm\u00e1l Gy\u00f3gy- \u00e9s \u00c9lm\u00e9nyf\u00fcrd\u0151, Motel, Kemping","description":"Kiskunmajsa","publisher":{"@id":"https:\/\/jonathermal.hu\/#organization"},"potentialAction":[{"@type":"SearchAction","target":{"@type":"EntryPoint","urlTemplate":"https:\/\/jonathermal.hu\/?s={search_term_string}"},"query-input":{"@type":"PropertyValueSpecification","valueRequired":true,"valueName":"search_term_string"}}],"inLanguage":"en-US"},{"@type":"Organization","@id":"https:\/\/jonathermal.hu\/#organization","name":"Jonatherm\u00e1l Gy\u00f3gy- \u00e9s \u00c9lm\u00e9nyf\u00fcrd\u0151, Motel, Kemping Kiskunmajsa","url":"https:\/\/jonathermal.hu\/","logo":{"@type":"ImageObject","inLanguage":"en-US","@id":"https:\/\/jonathermal.hu\/#\/schema\/logo\/image\/","url":"https:\/\/jonathermal.hu\/wp-content\/uploads\/2022\/02\/jonatherma\u0301l-logo.png","contentUrl":"https:\/\/jonathermal.hu\/wp-content\/uploads\/2022\/02\/jonatherma\u0301l-logo.png","width":200,"height":142,"caption":"Jonatherm\u00e1l Gy\u00f3gy- \u00e9s \u00c9lm\u00e9nyf\u00fcrd\u0151, Motel, Kemping Kiskunmajsa"},"image":{"@id":"https:\/\/jonathermal.hu\/#\/schema\/logo\/image\/"},"sameAs":["https:\/\/www.facebook.com\/Jonathermal\/","https:\/\/www.instagram.com\/jonathermal\/","https:\/\/www.youtube.com\/channel\/UCTAd0tjGBgxWEJfuY378_Qw\/featured"]}]}},"_links":{"self":[{"href":"https:\/\/jonathermal.hu\/en\/wp-json\/wp\/v2\/pages\/1561","targetHints":{"allow":["GET"]}}],"collection":[{"href":"https:\/\/jonathermal.hu\/en\/wp-json\/wp\/v2\/pages"}],"about":[{"href":"https:\/\/jonathermal.hu\/en\/wp-json\/wp\/v2\/types\/page"}],"author":[{"embeddable":true,"href":"https:\/\/jonathermal.hu\/en\/wp-json\/wp\/v2\/users\/1"}],"replies":[{"embeddable":true,"href":"https:\/\/jonathermal.hu\/en\/wp-json\/wp\/v2\/comments?post=1561"}],"version-history":[{"count":0,"href":"https:\/\/jonathermal.hu\/en\/wp-json\/wp\/v2\/pages\/1561\/revisions"}],"wp:attachment":[{"href":"https:\/\/jonathermal.hu\/en\/wp-json\/wp\/v2\/media?parent=1561"}],"curies":[{"name":"wp","href":"https:\/\/api.w.org\/{rel}","templated":true}]}}