{"id":1556,"date":"2022-02-21T14:58:32","date_gmt":"2022-02-21T14:58:32","guid":{"rendered":"https:\/\/jonathermal.hu\/?page_id=1556"},"modified":"2022-03-21T08:30:58","modified_gmt":"2022-03-21T08:30:58","slug":"kirandulasok-a-kornyekben","status":"publish","type":"page","link":"https:\/\/jonathermal.hu\/en\/kirandulasok-a-kornyekben\/","title":{"rendered":"Excursions in the area"},"content":{"rendered":"<div data-elementor-type=\"wp-page\" data-elementor-id=\"1556\" class=\"elementor elementor-1556\" data-elementor-post-type=\"page\">\n\t\t\t\t\t\t<section class=\"elementor-section elementor-top-section elementor-element elementor-element-360386d elementor-section-boxed elementor-section-height-default elementor-section-height-default\" data-id=\"360386d\" data-element_type=\"section\" data-e-type=\"section\">\n\t\t\t\t\t\t<div class=\"elementor-container elementor-column-gap-default\">\n\t\t\t\t\t<div class=\"elementor-column elementor-col-100 elementor-top-column elementor-element elementor-element-03fb130\" data-id=\"03fb130\" data-element_type=\"column\" data-e-type=\"column\">\n\t\t\t<div class=\"elementor-widget-wrap elementor-element-populated\">\n\t\t\t\t\t\t<div class=\"elementor-element elementor-element-c3d7ada elementor-widget elementor-widget-text-editor\" data-id=\"c3d7ada\" data-element_type=\"widget\" data-e-type=\"widget\" data-no-translation=\"\" data-widget_type=\"text-editor.default\">\n\t\t\t\t<div class=\"elementor-widget-container\">\n\t\t\t\t\t<style>.elementor-element-c3d7ada{display:none !important}<\/style>\t\t\t\t<\/div>\n\t\t\t\t<\/div>\n\t\t\t\t<div class=\"elementor-element elementor-element-90634ea elementor-widget elementor-widget-text-editor\" data-id=\"90634ea\" data-element_type=\"widget\" data-e-type=\"widget\" data-no-translation=\"\" data-widget_type=\"text-editor.default\">\n\t\t\t\t<div class=\"elementor-widget-container\">\n\t\t\t\t\t<style>.elementor-element-90634ea{display:none !important}<\/style>\t\t\t\t<\/div>\n\t\t\t\t<\/div>\n\t\t\t\t\t<\/div>\n\t\t<\/div>\n\t\t\t\t\t<\/div>\n\t\t<\/section>\n\t\t\t\t<\/div>","protected":false},"excerpt":{"rendered":"<p>Konecsni Gy\u00f6rgy Helyt\u00f6rt\u00e9neti Gy\u0171jtem\u00e9nyA m\u00fazeum Kiskunmajsa v\u00e1ros m\u00faltj\u00e1hoz k\u00f6t\u0151d\u0151 dokumentumokat, eml\u00e9kt\u00e1rgyakat, valamint a paraszti \u00e9letforma \u00e9s n\u00e9pszok\u00e1sok jellegzetes t\u00e1rgyait, n\u00e9pi- \u00e9s k\u00e9pz\u0151m\u0171v\u00e9szeti alkot\u00e1sokat mutat be. Az \u00e1lland\u00f3 ki\u00e1ll\u00edt\u00e1son szerepelnek m\u00e9g a Kiskunmajs\u00e1n sz\u00fcletett \u00e9s eur\u00f3pai h\u00edrnevet szerzett grafikusm\u0171v\u00e9sz, Konecsni Gy\u00f6rgy k\u00e9pz\u0151m\u0171v\u00e9szeti alkot\u00e1sai.A m\u00fazeumhoz szorosan k\u00f6t\u0151dik a\u00a0T\u00e1jh\u00e1z, amely a v\u00e1ros egyik legr\u00e9gebbi, a Kiskuns\u00e1g jellegzetes n\u00e9pi [&hellip;]<\/p>\n","protected":false},"author":1,"featured_media":0,"parent":0,"menu_order":0,"comment_status":"closed","ping_status":"closed","template":"","meta":{"site-sidebar-layout":"no-sidebar","site-content-layout":"page-builder","ast-site-content-layout":"default","site-content-style":"default","site-sidebar-style":"default","ast-global-header-display":"","ast-banner-title-visibility":"","ast-main-header-display":"","ast-hfb-above-header-display":"","ast-hfb-below-header-display":"","ast-hfb-mobile-header-display":"","site-post-title":"disabled","ast-breadcrumbs-content":"","ast-featured-img":"disabled","footer-sml-layout":"","ast-disable-related-posts":"","theme-transparent-header-meta":"","adv-header-id-meta":"","stick-header-meta":"","header-above-stick-meta":"","header-main-stick-meta":"","header-below-stick-meta":"","astra-migrate-meta-layouts":"default","ast-page-background-enabled":"default","ast-page-background-meta":{"desktop":{"background-color":"var(--ast-global-color-4)","background-image":"","background-repeat":"repeat","background-position":"center center","background-size":"auto","background-attachment":"scroll","background-type":"","background-media":"","overlay-type":"","overlay-color":"","overlay-opacity":"","overlay-gradient":""},"tablet":{"background-color":"","background-image":"","background-repeat":"repeat","background-position":"center center","background-size":"auto","background-attachment":"scroll","background-type":"","background-media":"","overlay-type":"","overlay-color":"","overlay-opacity":"","overlay-gradient":""},"mobile":{"background-color":"","background-image":"","background-repeat":"repeat","background-position":"center center","background-size":"auto","background-attachment":"scroll","background-type":"","background-media":"","overlay-type":"","overlay-color":"","overlay-opacity":"","overlay-gradient":""}},"ast-content-background-meta":{"desktop":{"background-color":"var(--ast-global-color-5)","background-image":"","background-repeat":"repeat","background-position":"center center","background-size":"auto","background-attachment":"scroll","background-type":"","background-media":"","overlay-type":"","overlay-color":"","overlay-opacity":"","overlay-gradient":""},"tablet":{"background-color":"var(--ast-global-color-5)","background-image":"","background-repeat":"repeat","background-position":"center center","background-size":"auto","background-attachment":"scroll","background-type":"","background-media":"","overlay-type":"","overlay-color":"","overlay-opacity":"","overlay-gradient":""},"mobile":{"background-color":"var(--ast-global-color-5)","background-image":"","background-repeat":"repeat","background-position":"center center","background-size":"auto","background-attachment":"scroll","background-type":"","background-media":"","overlay-type":"","overlay-color":"","overlay-opacity":"","overlay-gradient":""}},"footnotes":""},"class_list":["post-1556","page","type-page","status-publish","hentry"],"yoast_head":"<!-- This site is optimized with the Yoast SEO Premium plugin v27.5 (Yoast SEO v27.5) - https:\/\/yoast.com\/product\/yoast-seo-premium-wordpress\/ -->\n<title>Kir\u00e1ndul\u00e1sok a k\u00f6rny\u00e9kben - Jonatherm\u00e1l Gy\u00f3gy- \u00e9s \u00c9lm\u00e9nyf\u00fcrd\u0151, Motel, Kemping<\/title>\n<meta name=\"robots\" content=\"index, follow, max-snippet:-1, max-image-preview:large, max-video-preview:-1\" \/>\n<link rel=\"canonical\" href=\"https:\/\/jonathermal.hu\/en\/kirandulasok-a-kornyekben\/\" \/>\n<meta property=\"og:locale\" content=\"en_US\" \/>\n<meta property=\"og:type\" content=\"article\" \/>\n<meta property=\"og:title\" content=\"Kir\u00e1ndul\u00e1sok a k\u00f6rny\u00e9kben\" \/>\n<meta property=\"og:description\" content=\"Konecsni Gy\u00f6rgy Helyt\u00f6rt\u00e9neti Gy\u0171jtem\u00e9nyA m\u00fazeum Kiskunmajsa v\u00e1ros m\u00faltj\u00e1hoz k\u00f6t\u0151d\u0151 dokumentumokat, eml\u00e9kt\u00e1rgyakat, valamint a paraszti \u00e9letforma \u00e9s n\u00e9pszok\u00e1sok jellegzetes t\u00e1rgyait, n\u00e9pi- \u00e9s k\u00e9pz\u0151m\u0171v\u00e9szeti alkot\u00e1sokat mutat be. Az \u00e1lland\u00f3 ki\u00e1ll\u00edt\u00e1son szerepelnek m\u00e9g a Kiskunmajs\u00e1n sz\u00fcletett \u00e9s eur\u00f3pai h\u00edrnevet szerzett grafikusm\u0171v\u00e9sz, Konecsni Gy\u00f6rgy k\u00e9pz\u0151m\u0171v\u00e9szeti alkot\u00e1sai.A m\u00fazeumhoz szorosan k\u00f6t\u0151dik a\u00a0T\u00e1jh\u00e1z, amely a v\u00e1ros egyik legr\u00e9gebbi, a Kiskuns\u00e1g jellegzetes n\u00e9pi [&hellip;]\" \/>\n<meta property=\"og:url\" content=\"https:\/\/jonathermal.hu\/en\/kirandulasok-a-kornyekben\/\" \/>\n<meta property=\"og:site_name\" content=\"Jonatherm\u00e1l Gy\u00f3gy- \u00e9s \u00c9lm\u00e9nyf\u00fcrd\u0151, Motel, Kemping\" \/>\n<meta property=\"article:publisher\" content=\"https:\/\/www.facebook.com\/Jonathermal\/\" \/>\n<meta property=\"article:modified_time\" content=\"2022-03-21T08:30:58+00:00\" \/>\n<meta name=\"twitter:card\" content=\"summary_large_image\" \/>\n<script type=\"application\/ld+json\" class=\"yoast-schema-graph\">{\"@context\":\"https:\\\/\\\/schema.org\",\"@graph\":[{\"@type\":\"WebPage\",\"@id\":\"https:\\\/\\\/jonathermal.hu\\\/kirandulasok-a-kornyekben\\\/\",\"url\":\"https:\\\/\\\/jonathermal.hu\\\/kirandulasok-a-kornyekben\\\/\",\"name\":\"Kir\u00e1ndul\u00e1sok a k\u00f6rny\u00e9kben - Jonatherm\u00e1l Gy\u00f3gy- \u00e9s \u00c9lm\u00e9nyf\u00fcrd\u0151, Motel, Kemping\",\"isPartOf\":{\"@id\":\"https:\\\/\\\/jonathermal.hu\\\/#website\"},\"datePublished\":\"2022-02-21T14:58:32+00:00\",\"dateModified\":\"2022-03-21T08:30:58+00:00\",\"breadcrumb\":{\"@id\":\"https:\\\/\\\/jonathermal.hu\\\/kirandulasok-a-kornyekben\\\/#breadcrumb\"},\"inLanguage\":\"en-US\",\"potentialAction\":[{\"@type\":\"ReadAction\",\"target\":[\"https:\\\/\\\/jonathermal.hu\\\/kirandulasok-a-kornyekben\\\/\"]}]},{\"@type\":\"BreadcrumbList\",\"@id\":\"https:\\\/\\\/jonathermal.hu\\\/kirandulasok-a-kornyekben\\\/#breadcrumb\",\"itemListElement\":[{\"@type\":\"ListItem\",\"position\":1,\"name\":\"Kezd\u0151lap\",\"item\":\"https:\\\/\\\/jonathermal.hu\\\/\"},{\"@type\":\"ListItem\",\"position\":2,\"name\":\"Kir\u00e1ndul\u00e1sok a k\u00f6rny\u00e9kben\"}]},{\"@type\":\"WebSite\",\"@id\":\"https:\\\/\\\/jonathermal.hu\\\/#website\",\"url\":\"https:\\\/\\\/jonathermal.hu\\\/\",\"name\":\"Jonatherm\u00e1l Gy\u00f3gy- \u00e9s \u00c9lm\u00e9nyf\u00fcrd\u0151, Motel, Kemping\",\"description\":\"Kiskunmajsa\",\"publisher\":{\"@id\":\"https:\\\/\\\/jonathermal.hu\\\/#organization\"},\"potentialAction\":[{\"@type\":\"SearchAction\",\"target\":{\"@type\":\"EntryPoint\",\"urlTemplate\":\"https:\\\/\\\/jonathermal.hu\\\/?s={search_term_string}\"},\"query-input\":{\"@type\":\"PropertyValueSpecification\",\"valueRequired\":true,\"valueName\":\"search_term_string\"}}],\"inLanguage\":\"en-US\"},{\"@type\":\"Organization\",\"@id\":\"https:\\\/\\\/jonathermal.hu\\\/#organization\",\"name\":\"Jonatherm\u00e1l Gy\u00f3gy- \u00e9s \u00c9lm\u00e9nyf\u00fcrd\u0151, Motel, Kemping Kiskunmajsa\",\"url\":\"https:\\\/\\\/jonathermal.hu\\\/\",\"logo\":{\"@type\":\"ImageObject\",\"inLanguage\":\"en-US\",\"@id\":\"https:\\\/\\\/jonathermal.hu\\\/#\\\/schema\\\/logo\\\/image\\\/\",\"url\":\"https:\\\/\\\/jonathermal.hu\\\/wp-content\\\/uploads\\\/2022\\\/02\\\/jonatherma\u0301l-logo.png\",\"contentUrl\":\"https:\\\/\\\/jonathermal.hu\\\/wp-content\\\/uploads\\\/2022\\\/02\\\/jonatherma\u0301l-logo.png\",\"width\":200,\"height\":142,\"caption\":\"Jonatherm\u00e1l Gy\u00f3gy- \u00e9s \u00c9lm\u00e9nyf\u00fcrd\u0151, Motel, Kemping Kiskunmajsa\"},\"image\":{\"@id\":\"https:\\\/\\\/jonathermal.hu\\\/#\\\/schema\\\/logo\\\/image\\\/\"},\"sameAs\":[\"https:\\\/\\\/www.facebook.com\\\/Jonathermal\\\/\",\"https:\\\/\\\/www.instagram.com\\\/jonathermal\\\/\",\"https:\\\/\\\/www.youtube.com\\\/channel\\\/UCTAd0tjGBgxWEJfuY378_Qw\\\/featured\"]}]}<\/script>\n<!-- \/ Yoast SEO Premium plugin. -->","yoast_head_json":{"title":"Kir\u00e1ndul\u00e1sok a k\u00f6rny\u00e9kben - Jonatherm\u00e1l Gy\u00f3gy- \u00e9s \u00c9lm\u00e9nyf\u00fcrd\u0151, Motel, Kemping","robots":{"index":"index","follow":"follow","max-snippet":"max-snippet:-1","max-image-preview":"max-image-preview:large","max-video-preview":"max-video-preview:-1"},"canonical":"https:\/\/jonathermal.hu\/en\/kirandulasok-a-kornyekben\/","og_locale":"en_US","og_type":"article","og_title":"Kir\u00e1ndul\u00e1sok a k\u00f6rny\u00e9kben","og_description":"Konecsni Gy\u00f6rgy Helyt\u00f6rt\u00e9neti Gy\u0171jtem\u00e9nyA m\u00fazeum Kiskunmajsa v\u00e1ros m\u00faltj\u00e1hoz k\u00f6t\u0151d\u0151 dokumentumokat, eml\u00e9kt\u00e1rgyakat, valamint a paraszti \u00e9letforma \u00e9s n\u00e9pszok\u00e1sok jellegzetes t\u00e1rgyait, n\u00e9pi- \u00e9s k\u00e9pz\u0151m\u0171v\u00e9szeti alkot\u00e1sokat mutat be. Az \u00e1lland\u00f3 ki\u00e1ll\u00edt\u00e1son szerepelnek m\u00e9g a Kiskunmajs\u00e1n sz\u00fcletett \u00e9s eur\u00f3pai h\u00edrnevet szerzett grafikusm\u0171v\u00e9sz, Konecsni Gy\u00f6rgy k\u00e9pz\u0151m\u0171v\u00e9szeti alkot\u00e1sai.A m\u00fazeumhoz szorosan k\u00f6t\u0151dik a\u00a0T\u00e1jh\u00e1z, amely a v\u00e1ros egyik legr\u00e9gebbi, a Kiskuns\u00e1g jellegzetes n\u00e9pi [&hellip;]","og_url":"https:\/\/jonathermal.hu\/en\/kirandulasok-a-kornyekben\/","og_site_name":"Jonatherm\u00e1l Gy\u00f3gy- \u00e9s \u00c9lm\u00e9nyf\u00fcrd\u0151, Motel, Kemping","article_publisher":"https:\/\/www.facebook.com\/Jonathermal\/","article_modified_time":"2022-03-21T08:30:58+00:00","twitter_card":"summary_large_image","schema":{"@context":"https:\/\/schema.org","@graph":[{"@type":"WebPage","@id":"https:\/\/jonathermal.hu\/kirandulasok-a-kornyekben\/","url":"https:\/\/jonathermal.hu\/kirandulasok-a-kornyekben\/","name":"Kir\u00e1ndul\u00e1sok a k\u00f6rny\u00e9kben - Jonatherm\u00e1l Gy\u00f3gy- \u00e9s \u00c9lm\u00e9nyf\u00fcrd\u0151, Motel, Kemping","isPartOf":{"@id":"https:\/\/jonathermal.hu\/#website"},"datePublished":"2022-02-21T14:58:32+00:00","dateModified":"2022-03-21T08:30:58+00:00","breadcrumb":{"@id":"https:\/\/jonathermal.hu\/kirandulasok-a-kornyekben\/#breadcrumb"},"inLanguage":"en-US","potentialAction":[{"@type":"ReadAction","target":["https:\/\/jonathermal.hu\/kirandulasok-a-kornyekben\/"]}]},{"@type":"BreadcrumbList","@id":"https:\/\/jonathermal.hu\/kirandulasok-a-kornyekben\/#breadcrumb","itemListElement":[{"@type":"ListItem","position":1,"name":"Kezd\u0151lap","item":"https:\/\/jonathermal.hu\/"},{"@type":"ListItem","position":2,"name":"Kir\u00e1ndul\u00e1sok a k\u00f6rny\u00e9kben"}]},{"@type":"WebSite","@id":"https:\/\/jonathermal.hu\/#website","url":"https:\/\/jonathermal.hu\/","name":"Jonatherm\u00e1l Gy\u00f3gy- \u00e9s \u00c9lm\u00e9nyf\u00fcrd\u0151, Motel, Kemping","description":"Kiskunmajsa","publisher":{"@id":"https:\/\/jonathermal.hu\/#organization"},"potentialAction":[{"@type":"SearchAction","target":{"@type":"EntryPoint","urlTemplate":"https:\/\/jonathermal.hu\/?s={search_term_string}"},"query-input":{"@type":"PropertyValueSpecification","valueRequired":true,"valueName":"search_term_string"}}],"inLanguage":"en-US"},{"@type":"Organization","@id":"https:\/\/jonathermal.hu\/#organization","name":"Jonatherm\u00e1l Gy\u00f3gy- \u00e9s \u00c9lm\u00e9nyf\u00fcrd\u0151, Motel, Kemping Kiskunmajsa","url":"https:\/\/jonathermal.hu\/","logo":{"@type":"ImageObject","inLanguage":"en-US","@id":"https:\/\/jonathermal.hu\/#\/schema\/logo\/image\/","url":"https:\/\/jonathermal.hu\/wp-content\/uploads\/2022\/02\/jonatherma\u0301l-logo.png","contentUrl":"https:\/\/jonathermal.hu\/wp-content\/uploads\/2022\/02\/jonatherma\u0301l-logo.png","width":200,"height":142,"caption":"Jonatherm\u00e1l Gy\u00f3gy- \u00e9s \u00c9lm\u00e9nyf\u00fcrd\u0151, Motel, Kemping Kiskunmajsa"},"image":{"@id":"https:\/\/jonathermal.hu\/#\/schema\/logo\/image\/"},"sameAs":["https:\/\/www.facebook.com\/Jonathermal\/","https:\/\/www.instagram.com\/jonathermal\/","https:\/\/www.youtube.com\/channel\/UCTAd0tjGBgxWEJfuY378_Qw\/featured"]}]}},"_links":{"self":[{"href":"https:\/\/jonathermal.hu\/en\/wp-json\/wp\/v2\/pages\/1556","targetHints":{"allow":["GET"]}}],"collection":[{"href":"https:\/\/jonathermal.hu\/en\/wp-json\/wp\/v2\/pages"}],"about":[{"href":"https:\/\/jonathermal.hu\/en\/wp-json\/wp\/v2\/types\/page"}],"author":[{"embeddable":true,"href":"https:\/\/jonathermal.hu\/en\/wp-json\/wp\/v2\/users\/1"}],"replies":[{"embeddable":true,"href":"https:\/\/jonathermal.hu\/en\/wp-json\/wp\/v2\/comments?post=1556"}],"version-history":[{"count":0,"href":"https:\/\/jonathermal.hu\/en\/wp-json\/wp\/v2\/pages\/1556\/revisions"}],"wp:attachment":[{"href":"https:\/\/jonathermal.hu\/en\/wp-json\/wp\/v2\/media?parent=1556"}],"curies":[{"name":"wp","href":"https:\/\/api.w.org\/{rel}","templated":true}]}}