{"id":1354,"date":"2022-02-21T13:39:21","date_gmt":"2022-02-21T13:39:21","guid":{"rendered":"https:\/\/jonathermal.hu\/?page_id=1354"},"modified":"2024-08-30T06:56:20","modified_gmt":"2024-08-30T06:56:20","slug":"rendezveny-helyszin","status":"publish","type":"page","link":"https:\/\/jonathermal.hu\/en\/rendezveny-helyszin\/","title":{"rendered":"Event venue"},"content":{"rendered":"\t\t<div data-elementor-type=\"wp-page\" data-elementor-id=\"1354\" class=\"elementor elementor-1354\" data-elementor-post-type=\"page\">\n\t\t\t\t\t\t<section class=\"elementor-section elementor-top-section elementor-element elementor-element-73e8340 elementor-section-boxed elementor-section-height-default elementor-section-height-default\" data-id=\"73e8340\" data-element_type=\"section\" data-e-type=\"section\">\n\t\t\t\t\t\t<div class=\"elementor-container elementor-column-gap-default\">\n\t\t\t\t\t<div class=\"elementor-column elementor-col-100 elementor-top-column elementor-element elementor-element-dbc6667\" data-id=\"dbc6667\" data-element_type=\"column\" data-e-type=\"column\">\n\t\t\t<div class=\"elementor-widget-wrap elementor-element-populated\">\n\t\t\t\t\t\t<div class=\"elementor-element elementor-element-a7b8fc5 elementor-widget elementor-widget-image\" data-id=\"a7b8fc5\" data-element_type=\"widget\" data-e-type=\"widget\" data-widget_type=\"image.default\">\n\t\t\t\t<div class=\"elementor-widget-container\">\n\t\t\t\t\t\t\t\t\t\t\t\t\t\t\t<img fetchpriority=\"high\" decoding=\"async\" width=\"1080\" height=\"1080\" src=\"https:\/\/jonathermal.hu\/wp-content\/uploads\/2023\/12\/rendezvennyterem.jpg\" class=\"attachment-full size-full wp-image-5813\" alt=\"\" srcset=\"https:\/\/jonathermal.hu\/wp-content\/uploads\/2023\/12\/rendezvennyterem.jpg 1080w, https:\/\/jonathermal.hu\/wp-content\/uploads\/2023\/12\/rendezvennyterem-300x300.jpg 300w, https:\/\/jonathermal.hu\/wp-content\/uploads\/2023\/12\/rendezvennyterem-1024x1024.jpg 1024w, https:\/\/jonathermal.hu\/wp-content\/uploads\/2023\/12\/rendezvennyterem-150x150.jpg 150w, https:\/\/jonathermal.hu\/wp-content\/uploads\/2023\/12\/rendezvennyterem-768x768.jpg 768w, https:\/\/jonathermal.hu\/wp-content\/uploads\/2023\/12\/rendezvennyterem-12x12.jpg 12w, https:\/\/jonathermal.hu\/wp-content\/uploads\/2023\/12\/rendezvennyterem-600x600.jpg 600w, https:\/\/jonathermal.hu\/wp-content\/uploads\/2023\/12\/rendezvennyterem-100x100.jpg 100w\" sizes=\"(max-width: 1080px) 100vw, 1080px\" \/>\t\t\t\t\t\t\t\t\t\t\t\t\t\t\t<\/div>\n\t\t\t\t<\/div>\n\t\t\t\t<div class=\"elementor-element elementor-element-6e43878 elementor-widget elementor-widget-text-editor\" data-id=\"6e43878\" data-element_type=\"widget\" data-e-type=\"widget\" data-no-translation=\"\" data-widget_type=\"text-editor.default\">\n\t\t\t\t<div class=\"elementor-widget-container\">\n\t\t\t\t\t<style>.elementor-element-6e43878{display:none !important}<\/style>\t\t\t\t<\/div>\n\t\t\t\t<\/div>\n\t\t\t\t<div class=\"elementor-element elementor-element-b0dd969 elementor-widget elementor-widget-heading\" data-id=\"b0dd969\" data-element_type=\"widget\" data-e-type=\"widget\" data-widget_type=\"heading.default\">\n\t\t\t\t<div class=\"elementor-widget-container\">\n\t\t\t\t\t<h2 class=\"elementor-heading-title elementor-size-default\">Aj\u00e1nlatk\u00e9r\u00e9s<\/h2>\t\t\t\t<\/div>\n\t\t\t\t<\/div>\n\t\t\t\t<div class=\"elementor-element elementor-element-bf902ea elementor-button-align-stretch elementor-widget elementor-widget-form\" data-id=\"bf902ea\" data-element_type=\"widget\" data-e-type=\"widget\" data-settings=\"{&quot;step_next_label&quot;:&quot;K\\u00f6vetkez\\u0151&quot;,&quot;step_previous_label&quot;:&quot;El\\u0151z\\u0151&quot;,&quot;button_width&quot;:&quot;100&quot;,&quot;step_type&quot;:&quot;number_text&quot;,&quot;step_icon_shape&quot;:&quot;circle&quot;}\" data-widget_type=\"form.default\">\n\t\t\t\t<div class=\"elementor-widget-container\">\n\t\t\t\t\t\t\t<form class=\"elementor-form\" method=\"post\" name=\"Rendezv\u00e9nyterem aj\u00e1nlatk\u00e9r\u00e9s\" aria-label=\"Rendezv\u00e9nyterem aj\u00e1nlatk\u00e9r\u00e9s\">\n\t\t\t<input type=\"hidden\" name=\"post_id\" value=\"1354\"\/>\n\t\t\t<input type=\"hidden\" name=\"form_id\" value=\"bf902ea\"\/>\n\t\t\t<input type=\"hidden\" name=\"referer_title\" value=\"Rendezv\u00e9ny helysz\u00edn - Jonatherm\u00e1l Gy\u00f3gy- \u00e9s \u00c9lm\u00e9nyf\u00fcrd\u0151, Motel, Kemping\" \/>\n\n\t\t\t\t\t\t\t<input type=\"hidden\" name=\"queried_id\" value=\"1354\"\/>\n\t\t\t\n\t\t\t<div class=\"elementor-form-fields-wrapper elementor-labels-above\">\n\t\t\t\t\t\t\t\t<div class=\"elementor-field-type-text elementor-field-group elementor-column elementor-field-group-name elementor-col-100 elementor-field-required\">\n\t\t\t\t\t\t\t\t\t\t\t\t<label for=\"form-field-name\" class=\"elementor-field-label\">\n\t\t\t\t\t\t\t\tN\u00e9v\t\t\t\t\t\t\t<\/label>\n\t\t\t\t\t\t\t\t\t\t\t\t\t\t<input size=\"1\" type=\"text\" name=\"form_fields[name]\" id=\"form-field-name\" class=\"elementor-field elementor-size-sm  elementor-field-textual\" placeholder=\"N\u00e9v\" required=\"required\">\n\t\t\t\t\t\t\t\t\t\t\t<\/div>\n\t\t\t\t\t\t\t\t<div class=\"elementor-field-type-email elementor-field-group elementor-column elementor-field-group-email elementor-col-100 elementor-field-required\">\n\t\t\t\t\t\t\t\t\t\t\t\t<label for=\"form-field-email\" class=\"elementor-field-label\">\n\t\t\t\t\t\t\t\tEmail\t\t\t\t\t\t\t<\/label>\n\t\t\t\t\t\t\t\t\t\t\t\t\t\t<input size=\"1\" type=\"email\" name=\"form_fields[email]\" id=\"form-field-email\" class=\"elementor-field elementor-size-sm  elementor-field-textual\" placeholder=\"Email\" required=\"required\">\n\t\t\t\t\t\t\t\t\t\t\t<\/div>\n\t\t\t\t\t\t\t\t<div class=\"elementor-field-type-textarea elementor-field-group elementor-column elementor-field-group-message elementor-col-100 elementor-field-required\">\n\t\t\t\t\t\t\t\t\t\t\t\t<label for=\"form-field-message\" class=\"elementor-field-label\">\n\t\t\t\t\t\t\t\t\u00dczenet\t\t\t\t\t\t\t<\/label>\n\t\t\t\t\t\t<textarea class=\"elementor-field-textual elementor-field  elementor-size-sm\" name=\"form_fields[message]\" id=\"form-field-message\" rows=\"10\" placeholder=\"\u00dczenet\" required=\"required\"><\/textarea>\t\t\t\t<\/div>\n\t\t\t\t\t\t\t\t<div class=\"elementor-field-group elementor-column elementor-field-type-submit elementor-col-100 e-form__buttons\">\n\t\t\t\t\t<button class=\"elementor-button elementor-size-sm\" type=\"submit\">\n\t\t\t\t\t\t<span class=\"elementor-button-content-wrapper\">\n\t\t\t\t\t\t\t\t\t\t\t\t\t\t\t\t\t\t\t\t\t\t<span class=\"elementor-button-text\">K\u00fcld\u00e9s<\/span>\n\t\t\t\t\t\t\t\t\t\t\t\t\t<\/span>\n\t\t\t\t\t<\/button>\n\t\t\t\t<\/div>\n\t\t\t<\/div>\n\t\t<\/form>\n\t\t\t\t\t\t<\/div>\n\t\t\t\t<\/div>\n\t\t\t\t\t<\/div>\n\t\t<\/div>\n\t\t\t\t\t<\/div>\n\t\t<\/section>\n\t\t\t\t<\/div>\n\t\t","protected":false},"excerpt":{"rendered":"<p>Rendezv\u00e9nyterem A motel f\u0151\u00e9p\u00fclet\u00e9ben tal\u00e1lhat\u00f3 2002-ben \u00e9p\u00fclt rendezv\u00e9nyterm\u00fcnk praktikus \u00e9s eszt\u00e9tikus kialak\u00edt\u00e1sa r\u00e9v\u00e9n kiv\u00e1l\u00f3an alkalmas a legk\u00fcl\u00f6nf\u00e9l\u00e9bb esem\u00e9nyek, c\u00e9ges \u00e9s csal\u00e1di rendezv\u00e9nyek, konferenci\u00e1k, ki\u00e1ll\u00edt\u00e1sok, el\u0151ad\u00e1sok, esk\u00fcv\u0151k, kihelyezett t\u00e1rgyal\u00e1sok lebonyol\u00edt\u00e1s\u00e1ra. \u00a0 A kellemes, harmonikus k\u00f6rnyezet, a vid\u00e9ki l\u00e9gk\u00f6r \u00e9s az \u00e9lm\u00e9nyf\u00fcrd\u0151 k\u00f6zels\u00e9ge teszi igaz\u00e1n vonz\u00f3 rendezv\u00e9nyhelysz\u00ednn\u00e9 a kiskunmajsai Jonatherm\u00e1l Motel rendezv\u00e9nyterm\u00e9t. \u00a0 Garant\u00e1ljuk az esem\u00e9ny z\u00f6kken\u0151mentes [&hellip;]<\/p>\n","protected":false},"author":1,"featured_media":0,"parent":0,"menu_order":0,"comment_status":"closed","ping_status":"closed","template":"","meta":{"site-sidebar-layout":"no-sidebar","site-content-layout":"page-builder","ast-site-content-layout":"full-width-container","site-content-style":"unboxed","site-sidebar-style":"unboxed","ast-global-header-display":"","ast-banner-title-visibility":"","ast-main-header-display":"","ast-hfb-above-header-display":"","ast-hfb-below-header-display":"","ast-hfb-mobile-header-display":"","site-post-title":"disabled","ast-breadcrumbs-content":"","ast-featured-img":"disabled","footer-sml-layout":"","ast-disable-related-posts":"","theme-transparent-header-meta":"","adv-header-id-meta":"","stick-header-meta":"","header-above-stick-meta":"","header-main-stick-meta":"","header-below-stick-meta":"","astra-migrate-meta-layouts":"set","ast-page-background-enabled":"default","ast-page-background-meta":{"desktop":{"background-color":"var(--ast-global-color-4)","background-image":"","background-repeat":"repeat","background-position":"center center","background-size":"auto","background-attachment":"scroll","background-type":"","background-media":"","overlay-type":"","overlay-color":"","overlay-opacity":"","overlay-gradient":""},"tablet":{"background-color":"","background-image":"","background-repeat":"repeat","background-position":"center center","background-size":"auto","background-attachment":"scroll","background-type":"","background-media":"","overlay-type":"","overlay-color":"","overlay-opacity":"","overlay-gradient":""},"mobile":{"background-color":"","background-image":"","background-repeat":"repeat","background-position":"center center","background-size":"auto","background-attachment":"scroll","background-type":"","background-media":"","overlay-type":"","overlay-color":"","overlay-opacity":"","overlay-gradient":""}},"ast-content-background-meta":{"desktop":{"background-color":"var(--ast-global-color-5)","background-image":"","background-repeat":"repeat","background-position":"center center","background-size":"auto","background-attachment":"scroll","background-type":"","background-media":"","overlay-type":"","overlay-color":"","overlay-opacity":"","overlay-gradient":""},"tablet":{"background-color":"var(--ast-global-color-5)","background-image":"","background-repeat":"repeat","background-position":"center center","background-size":"auto","background-attachment":"scroll","background-type":"","background-media":"","overlay-type":"","overlay-color":"","overlay-opacity":"","overlay-gradient":""},"mobile":{"background-color":"var(--ast-global-color-5)","background-image":"","background-repeat":"repeat","background-position":"center center","background-size":"auto","background-attachment":"scroll","background-type":"","background-media":"","overlay-type":"","overlay-color":"","overlay-opacity":"","overlay-gradient":""}},"footnotes":""},"class_list":["post-1354","page","type-page","status-publish","hentry"],"yoast_head":"<!-- This site is optimized with the Yoast SEO Premium plugin v27.4 (Yoast SEO v27.4) - https:\/\/yoast.com\/product\/yoast-seo-premium-wordpress\/ -->\n<title>Rendezv\u00e9ny helysz\u00edn - Jonatherm\u00e1l Gy\u00f3gy- \u00e9s \u00c9lm\u00e9nyf\u00fcrd\u0151, Motel, Kemping<\/title>\n<meta name=\"robots\" content=\"index, follow, max-snippet:-1, max-image-preview:large, max-video-preview:-1\" \/>\n<link rel=\"canonical\" href=\"https:\/\/jonathermal.hu\/en\/rendezveny-helyszin\/\" \/>\n<meta property=\"og:locale\" content=\"en_US\" \/>\n<meta property=\"og:type\" content=\"article\" \/>\n<meta property=\"og:title\" content=\"Rendezv\u00e9ny helysz\u00edn\" \/>\n<meta property=\"og:description\" content=\"Rendezv\u00e9nyterem A motel f\u0151\u00e9p\u00fclet\u00e9ben tal\u00e1lhat\u00f3 2002-ben \u00e9p\u00fclt rendezv\u00e9nyterm\u00fcnk praktikus \u00e9s eszt\u00e9tikus kialak\u00edt\u00e1sa r\u00e9v\u00e9n kiv\u00e1l\u00f3an alkalmas a legk\u00fcl\u00f6nf\u00e9l\u00e9bb esem\u00e9nyek, c\u00e9ges \u00e9s csal\u00e1di rendezv\u00e9nyek, konferenci\u00e1k, ki\u00e1ll\u00edt\u00e1sok, el\u0151ad\u00e1sok, esk\u00fcv\u0151k, kihelyezett t\u00e1rgyal\u00e1sok lebonyol\u00edt\u00e1s\u00e1ra. \u00a0 A kellemes, harmonikus k\u00f6rnyezet, a vid\u00e9ki l\u00e9gk\u00f6r \u00e9s az \u00e9lm\u00e9nyf\u00fcrd\u0151 k\u00f6zels\u00e9ge teszi igaz\u00e1n vonz\u00f3 rendezv\u00e9nyhelysz\u00ednn\u00e9 a kiskunmajsai Jonatherm\u00e1l Motel rendezv\u00e9nyterm\u00e9t. \u00a0 Garant\u00e1ljuk az esem\u00e9ny z\u00f6kken\u0151mentes [&hellip;]\" \/>\n<meta property=\"og:url\" content=\"https:\/\/jonathermal.hu\/en\/rendezveny-helyszin\/\" \/>\n<meta property=\"og:site_name\" content=\"Jonatherm\u00e1l Gy\u00f3gy- \u00e9s \u00c9lm\u00e9nyf\u00fcrd\u0151, Motel, Kemping\" \/>\n<meta property=\"article:publisher\" content=\"https:\/\/www.facebook.com\/Jonathermal\/\" \/>\n<meta property=\"article:modified_time\" content=\"2024-08-30T06:56:20+00:00\" \/>\n<meta property=\"og:image\" content=\"https:\/\/jonathermal.hu\/wp-content\/uploads\/2023\/12\/rendezvennyterem.jpg\" \/>\n<meta name=\"twitter:card\" content=\"summary_large_image\" \/>\n<script type=\"application\/ld+json\" class=\"yoast-schema-graph\">{\"@context\":\"https:\\\/\\\/schema.org\",\"@graph\":[{\"@type\":\"WebPage\",\"@id\":\"https:\\\/\\\/jonathermal.hu\\\/rendezveny-helyszin\\\/\",\"url\":\"https:\\\/\\\/jonathermal.hu\\\/rendezveny-helyszin\\\/\",\"name\":\"Rendezv\u00e9ny helysz\u00edn - Jonatherm\u00e1l Gy\u00f3gy- \u00e9s \u00c9lm\u00e9nyf\u00fcrd\u0151, Motel, Kemping\",\"isPartOf\":{\"@id\":\"https:\\\/\\\/jonathermal.hu\\\/#website\"},\"primaryImageOfPage\":{\"@id\":\"https:\\\/\\\/jonathermal.hu\\\/rendezveny-helyszin\\\/#primaryimage\"},\"image\":{\"@id\":\"https:\\\/\\\/jonathermal.hu\\\/rendezveny-helyszin\\\/#primaryimage\"},\"thumbnailUrl\":\"https:\\\/\\\/jonathermal.hu\\\/wp-content\\\/uploads\\\/2023\\\/12\\\/rendezvennyterem.jpg\",\"datePublished\":\"2022-02-21T13:39:21+00:00\",\"dateModified\":\"2024-08-30T06:56:20+00:00\",\"breadcrumb\":{\"@id\":\"https:\\\/\\\/jonathermal.hu\\\/rendezveny-helyszin\\\/#breadcrumb\"},\"inLanguage\":\"en-US\",\"potentialAction\":[{\"@type\":\"ReadAction\",\"target\":[\"https:\\\/\\\/jonathermal.hu\\\/rendezveny-helyszin\\\/\"]}]},{\"@type\":\"ImageObject\",\"inLanguage\":\"en-US\",\"@id\":\"https:\\\/\\\/jonathermal.hu\\\/rendezveny-helyszin\\\/#primaryimage\",\"url\":\"https:\\\/\\\/jonathermal.hu\\\/wp-content\\\/uploads\\\/2023\\\/12\\\/rendezvennyterem.jpg\",\"contentUrl\":\"https:\\\/\\\/jonathermal.hu\\\/wp-content\\\/uploads\\\/2023\\\/12\\\/rendezvennyterem.jpg\"},{\"@type\":\"BreadcrumbList\",\"@id\":\"https:\\\/\\\/jonathermal.hu\\\/rendezveny-helyszin\\\/#breadcrumb\",\"itemListElement\":[{\"@type\":\"ListItem\",\"position\":1,\"name\":\"Kezd\u0151lap\",\"item\":\"https:\\\/\\\/jonathermal.hu\\\/\"},{\"@type\":\"ListItem\",\"position\":2,\"name\":\"Rendezv\u00e9ny helysz\u00edn\"}]},{\"@type\":\"WebSite\",\"@id\":\"https:\\\/\\\/jonathermal.hu\\\/#website\",\"url\":\"https:\\\/\\\/jonathermal.hu\\\/\",\"name\":\"Jonatherm\u00e1l Gy\u00f3gy- \u00e9s \u00c9lm\u00e9nyf\u00fcrd\u0151, Motel, Kemping\",\"description\":\"Kiskunmajsa\",\"publisher\":{\"@id\":\"https:\\\/\\\/jonathermal.hu\\\/#organization\"},\"potentialAction\":[{\"@type\":\"SearchAction\",\"target\":{\"@type\":\"EntryPoint\",\"urlTemplate\":\"https:\\\/\\\/jonathermal.hu\\\/?s={search_term_string}\"},\"query-input\":{\"@type\":\"PropertyValueSpecification\",\"valueRequired\":true,\"valueName\":\"search_term_string\"}}],\"inLanguage\":\"en-US\"},{\"@type\":\"Organization\",\"@id\":\"https:\\\/\\\/jonathermal.hu\\\/#organization\",\"name\":\"Jonatherm\u00e1l Gy\u00f3gy- \u00e9s \u00c9lm\u00e9nyf\u00fcrd\u0151, Motel, Kemping Kiskunmajsa\",\"url\":\"https:\\\/\\\/jonathermal.hu\\\/\",\"logo\":{\"@type\":\"ImageObject\",\"inLanguage\":\"en-US\",\"@id\":\"https:\\\/\\\/jonathermal.hu\\\/#\\\/schema\\\/logo\\\/image\\\/\",\"url\":\"https:\\\/\\\/jonathermal.hu\\\/wp-content\\\/uploads\\\/2022\\\/02\\\/jonatherma\u0301l-logo.png\",\"contentUrl\":\"https:\\\/\\\/jonathermal.hu\\\/wp-content\\\/uploads\\\/2022\\\/02\\\/jonatherma\u0301l-logo.png\",\"width\":200,\"height\":142,\"caption\":\"Jonatherm\u00e1l Gy\u00f3gy- \u00e9s \u00c9lm\u00e9nyf\u00fcrd\u0151, Motel, Kemping Kiskunmajsa\"},\"image\":{\"@id\":\"https:\\\/\\\/jonathermal.hu\\\/#\\\/schema\\\/logo\\\/image\\\/\"},\"sameAs\":[\"https:\\\/\\\/www.facebook.com\\\/Jonathermal\\\/\",\"https:\\\/\\\/www.instagram.com\\\/jonathermal\\\/\",\"https:\\\/\\\/www.youtube.com\\\/channel\\\/UCTAd0tjGBgxWEJfuY378_Qw\\\/featured\"]}]}<\/script>\n<!-- \/ Yoast SEO Premium plugin. -->","yoast_head_json":{"title":"Rendezv\u00e9ny helysz\u00edn - Jonatherm\u00e1l Gy\u00f3gy- \u00e9s \u00c9lm\u00e9nyf\u00fcrd\u0151, Motel, Kemping","robots":{"index":"index","follow":"follow","max-snippet":"max-snippet:-1","max-image-preview":"max-image-preview:large","max-video-preview":"max-video-preview:-1"},"canonical":"https:\/\/jonathermal.hu\/en\/rendezveny-helyszin\/","og_locale":"en_US","og_type":"article","og_title":"Rendezv\u00e9ny helysz\u00edn","og_description":"Rendezv\u00e9nyterem A motel f\u0151\u00e9p\u00fclet\u00e9ben tal\u00e1lhat\u00f3 2002-ben \u00e9p\u00fclt rendezv\u00e9nyterm\u00fcnk praktikus \u00e9s eszt\u00e9tikus kialak\u00edt\u00e1sa r\u00e9v\u00e9n kiv\u00e1l\u00f3an alkalmas a legk\u00fcl\u00f6nf\u00e9l\u00e9bb esem\u00e9nyek, c\u00e9ges \u00e9s csal\u00e1di rendezv\u00e9nyek, konferenci\u00e1k, ki\u00e1ll\u00edt\u00e1sok, el\u0151ad\u00e1sok, esk\u00fcv\u0151k, kihelyezett t\u00e1rgyal\u00e1sok lebonyol\u00edt\u00e1s\u00e1ra. \u00a0 A kellemes, harmonikus k\u00f6rnyezet, a vid\u00e9ki l\u00e9gk\u00f6r \u00e9s az \u00e9lm\u00e9nyf\u00fcrd\u0151 k\u00f6zels\u00e9ge teszi igaz\u00e1n vonz\u00f3 rendezv\u00e9nyhelysz\u00ednn\u00e9 a kiskunmajsai Jonatherm\u00e1l Motel rendezv\u00e9nyterm\u00e9t. \u00a0 Garant\u00e1ljuk az esem\u00e9ny z\u00f6kken\u0151mentes [&hellip;]","og_url":"https:\/\/jonathermal.hu\/en\/rendezveny-helyszin\/","og_site_name":"Jonatherm\u00e1l Gy\u00f3gy- \u00e9s \u00c9lm\u00e9nyf\u00fcrd\u0151, Motel, Kemping","article_publisher":"https:\/\/www.facebook.com\/Jonathermal\/","article_modified_time":"2024-08-30T06:56:20+00:00","og_image":[{"url":"https:\/\/jonathermal.hu\/wp-content\/uploads\/2023\/12\/rendezvennyterem.jpg","type":"","width":"","height":""}],"twitter_card":"summary_large_image","schema":{"@context":"https:\/\/schema.org","@graph":[{"@type":"WebPage","@id":"https:\/\/jonathermal.hu\/rendezveny-helyszin\/","url":"https:\/\/jonathermal.hu\/rendezveny-helyszin\/","name":"Rendezv\u00e9ny helysz\u00edn - Jonatherm\u00e1l Gy\u00f3gy- \u00e9s \u00c9lm\u00e9nyf\u00fcrd\u0151, Motel, Kemping","isPartOf":{"@id":"https:\/\/jonathermal.hu\/#website"},"primaryImageOfPage":{"@id":"https:\/\/jonathermal.hu\/rendezveny-helyszin\/#primaryimage"},"image":{"@id":"https:\/\/jonathermal.hu\/rendezveny-helyszin\/#primaryimage"},"thumbnailUrl":"https:\/\/jonathermal.hu\/wp-content\/uploads\/2023\/12\/rendezvennyterem.jpg","datePublished":"2022-02-21T13:39:21+00:00","dateModified":"2024-08-30T06:56:20+00:00","breadcrumb":{"@id":"https:\/\/jonathermal.hu\/rendezveny-helyszin\/#breadcrumb"},"inLanguage":"en-US","potentialAction":[{"@type":"ReadAction","target":["https:\/\/jonathermal.hu\/rendezveny-helyszin\/"]}]},{"@type":"ImageObject","inLanguage":"en-US","@id":"https:\/\/jonathermal.hu\/rendezveny-helyszin\/#primaryimage","url":"https:\/\/jonathermal.hu\/wp-content\/uploads\/2023\/12\/rendezvennyterem.jpg","contentUrl":"https:\/\/jonathermal.hu\/wp-content\/uploads\/2023\/12\/rendezvennyterem.jpg"},{"@type":"BreadcrumbList","@id":"https:\/\/jonathermal.hu\/rendezveny-helyszin\/#breadcrumb","itemListElement":[{"@type":"ListItem","position":1,"name":"Kezd\u0151lap","item":"https:\/\/jonathermal.hu\/"},{"@type":"ListItem","position":2,"name":"Rendezv\u00e9ny helysz\u00edn"}]},{"@type":"WebSite","@id":"https:\/\/jonathermal.hu\/#website","url":"https:\/\/jonathermal.hu\/","name":"Jonatherm\u00e1l Gy\u00f3gy- \u00e9s \u00c9lm\u00e9nyf\u00fcrd\u0151, Motel, Kemping","description":"Kiskunmajsa","publisher":{"@id":"https:\/\/jonathermal.hu\/#organization"},"potentialAction":[{"@type":"SearchAction","target":{"@type":"EntryPoint","urlTemplate":"https:\/\/jonathermal.hu\/?s={search_term_string}"},"query-input":{"@type":"PropertyValueSpecification","valueRequired":true,"valueName":"search_term_string"}}],"inLanguage":"en-US"},{"@type":"Organization","@id":"https:\/\/jonathermal.hu\/#organization","name":"Jonatherm\u00e1l Gy\u00f3gy- \u00e9s \u00c9lm\u00e9nyf\u00fcrd\u0151, Motel, Kemping Kiskunmajsa","url":"https:\/\/jonathermal.hu\/","logo":{"@type":"ImageObject","inLanguage":"en-US","@id":"https:\/\/jonathermal.hu\/#\/schema\/logo\/image\/","url":"https:\/\/jonathermal.hu\/wp-content\/uploads\/2022\/02\/jonatherma\u0301l-logo.png","contentUrl":"https:\/\/jonathermal.hu\/wp-content\/uploads\/2022\/02\/jonatherma\u0301l-logo.png","width":200,"height":142,"caption":"Jonatherm\u00e1l Gy\u00f3gy- \u00e9s \u00c9lm\u00e9nyf\u00fcrd\u0151, Motel, Kemping Kiskunmajsa"},"image":{"@id":"https:\/\/jonathermal.hu\/#\/schema\/logo\/image\/"},"sameAs":["https:\/\/www.facebook.com\/Jonathermal\/","https:\/\/www.instagram.com\/jonathermal\/","https:\/\/www.youtube.com\/channel\/UCTAd0tjGBgxWEJfuY378_Qw\/featured"]}]}},"_links":{"self":[{"href":"https:\/\/jonathermal.hu\/en\/wp-json\/wp\/v2\/pages\/1354","targetHints":{"allow":["GET"]}}],"collection":[{"href":"https:\/\/jonathermal.hu\/en\/wp-json\/wp\/v2\/pages"}],"about":[{"href":"https:\/\/jonathermal.hu\/en\/wp-json\/wp\/v2\/types\/page"}],"author":[{"embeddable":true,"href":"https:\/\/jonathermal.hu\/en\/wp-json\/wp\/v2\/users\/1"}],"replies":[{"embeddable":true,"href":"https:\/\/jonathermal.hu\/en\/wp-json\/wp\/v2\/comments?post=1354"}],"version-history":[{"count":0,"href":"https:\/\/jonathermal.hu\/en\/wp-json\/wp\/v2\/pages\/1354\/revisions"}],"wp:attachment":[{"href":"https:\/\/jonathermal.hu\/en\/wp-json\/wp\/v2\/media?parent=1354"}],"curies":[{"name":"wp","href":"https:\/\/api.w.org\/{rel}","templated":true}]}}