{"id":8011,"date":"2026-04-14T15:47:53","date_gmt":"2026-04-14T15:47:53","guid":{"rendered":"https:\/\/jonathermal.hu\/?post_type=product&#038;p=8011"},"modified":"2026-04-14T15:49:35","modified_gmt":"2026-04-14T15:49:35","slug":"berelheto-lakokocsi-4-fos","status":"publish","type":"product","link":"https:\/\/jonathermal.hu\/de\/szallas\/berelheto-lakokocsi-4-fos\/","title":{"rendered":"Standard Wohnwagen zu vermieten f\u00fcr 4 Personen"},"content":{"rendered":"<p>A lak\u00f3kocsikat a kemping f\u00fcrd\u0151h\u00f6z legk\u00f6zelebbi r\u00e9sz\u00e9n helyezt\u00fck el,<br \/>\n\u00edgy a sz\u00e1ll\u00e1s\u00e1t\u00f3l val\u00f3ban csup\u00e1n n\u00e9h\u00e1ny l\u00e9p\u00e9s a f\u00fcrd\u0151 bej\u00e1rat.<\/p>\n<p>A lak\u00f3kocsik felszerelts\u00e9ge:<br \/>\nH\u0171t\u0151, mikrohull\u00e1m\u00fa s\u00fct\u0151, \u00e9tk\u00e9szlet.<br \/>\nAz \u00e1gynem\u0171t (paplant, p\u00e1rn\u00e1t) mi biztos\u00edtjuk, \u00d6nnek csup\u00e1n a leped\u0151t,<br \/>\n\u00e1gynem\u0171 huzatot kell mag\u00e1val hoznia. A lak\u00f3kocsik mellett tal\u00e1lhat\u00f3 a<br \/>\nk\u00f6z\u00f6s konyha \u00e9s a vizesblokk, ahol mos\u00f3g\u00e9p haszn\u00e1lati lehet\u0151s\u00e9g is van.<\/p>","protected":false},"excerpt":{"rendered":"<div class=\"szolgaltatasikon\">\n<div class=\"szolgaltatasikon\">\n<div class=\"szolgaltatasikon\">\u00a0<img decoding=\"async\" class=\"alignnone size-full wp-image-1969\" src=\"https:\/\/jonathermal.hu\/wp-content\/uploads\/2022\/02\/reception.png\" alt=\"\" width=\"24\" height=\"24\" \/>0-24 Uhr Rezeption<\/div>\n<div class=\"szolgaltatasikon\"><img decoding=\"async\" class=\"alignnone size-full wp-image-1968\" src=\"https:\/\/jonathermal.hu\/wp-content\/uploads\/2022\/02\/parking.png\" alt=\"\" width=\"24\" height=\"24\" \/>\u00a0Kostenloser Parkplatz<\/div>\n<div class=\"szolgaltatasikon\"><img decoding=\"async\" class=\"alignnone size-full wp-image-1967\" src=\"https:\/\/jonathermal.hu\/wp-content\/uploads\/2022\/02\/wifi.png\" alt=\"\" width=\"24\" height=\"24\" \/> Freie Wi-Fi an der Rezeption<\/div>\n<div class=\"szolgaltatasikon\"><img loading=\"lazy\" decoding=\"async\" class=\"alignnone size-full wp-image-1965\" src=\"https:\/\/jonathermal.hu\/wp-content\/uploads\/2022\/02\/bicycle.png\" alt=\"\" width=\"24\" height=\"24\" \/>\u00a0Fahrradvermietung<\/div>\n<div class=\"szolgaltatasikon\"><img loading=\"lazy\" decoding=\"async\" class=\"alignnone size-full wp-image-1963\" src=\"https:\/\/jonathermal.hu\/wp-content\/uploads\/2022\/02\/campfire.png\" alt=\"\" width=\"24\" height=\"24\" \/>\u00a0Feuerstellenm\u00f6glichkeit auf dem Gel\u00e4nde des Campings<\/div>\n<div class=\"szolgaltatasikon\"><img loading=\"lazy\" decoding=\"async\" class=\"alignnone size-full wp-image-1962\" src=\"https:\/\/jonathermal.hu\/wp-content\/uploads\/2022\/02\/dinner.png\" alt=\"\" width=\"24\" height=\"24\" \/>\u00a0Restaurants in der N\u00e4he<\/div>\n<div class=\"szolgaltatasikon\"><img loading=\"lazy\" decoding=\"async\" class=\"alignnone size-full wp-image-1961\" src=\"https:\/\/jonathermal.hu\/wp-content\/uploads\/2022\/02\/english-receptionist.png\" alt=\"\" width=\"24\" height=\"24\" \/>\u00a0Wir sprechen Ungarisch, Englisch, Deutsch<\/div>\n<div class=\"szolgaltatasikon\"><img loading=\"lazy\" decoding=\"async\" class=\"alignnone size-full wp-image-1960\" src=\"https:\/\/jonathermal.hu\/wp-content\/uploads\/2022\/02\/fishing.png\" alt=\"\" width=\"24\" height=\"24\" \/>\u00a0Angelm\u00f6glichkeit<\/div>\n<div class=\"szolgaltatasikon\"><img loading=\"lazy\" decoding=\"async\" class=\"alignnone size-full wp-image-1954\" src=\"https:\/\/jonathermal.hu\/wp-content\/uploads\/2022\/02\/grill.png\" alt=\"\" width=\"24\" height=\"24\" \/>\u00a0Grillm\u00f6glichkeit<\/div>\n<div class=\"szolgaltatasikon\"><img loading=\"lazy\" decoding=\"async\" class=\"alignnone size-full wp-image-1955\" src=\"https:\/\/jonathermal.hu\/wp-content\/uploads\/2022\/02\/hot-food-in-a-bowl.png\" alt=\"\" width=\"24\" height=\"24\" \/>\u00a0Kochm\u00f6glichkeit auf der Kochplatte der gemeinsamen K\u00fcche<\/div>\n<div class=\"szolgaltatasikon\"><img loading=\"lazy\" decoding=\"async\" class=\"alignnone size-full wp-image-1956\" src=\"https:\/\/jonathermal.hu\/wp-content\/uploads\/2022\/02\/jacuzzi.png\" alt=\"\" width=\"24\" height=\"24\" \/>\u00a0Heil- und Erlebnisbad<\/div>\n<div class=\"szolgaltatasikon\"><img loading=\"lazy\" decoding=\"async\" class=\"alignnone size-full wp-image-1957\" src=\"https:\/\/jonathermal.hu\/wp-content\/uploads\/2022\/02\/massage-session.png\" alt=\"\" width=\"24\" height=\"24\" \/>\u00a0Wellnessleistungen<\/div>\n<div class=\"szolgaltatasikon\"><img loading=\"lazy\" decoding=\"async\" class=\"alignnone size-full wp-image-1958\" src=\"https:\/\/jonathermal.hu\/wp-content\/uploads\/2022\/02\/szechenyi.png\" alt=\"\" width=\"24\" height=\"24\" \/>\u00a0Zahlung mit SZ\u00c9P-Karte wird angenommen OTP, MKB, K&amp;H (Freizeit, Bewirtungsleistungen, Unterkunft)<\/div>\n<div class=\"szolgaltatasikon\"><img loading=\"lazy\" decoding=\"async\" class=\"alignnone size-full wp-image-1959\" src=\"https:\/\/jonathermal.hu\/wp-content\/uploads\/2022\/02\/playground.png\" alt=\"\" width=\"24\" height=\"24\" \/>\u00a0Spielplatz<\/div>\n<div class=\"szolgaltatasikon\"><img loading=\"lazy\" decoding=\"async\" class=\"alignnone size-full wp-image-1952\" src=\"https:\/\/jonathermal.hu\/wp-content\/uploads\/2022\/02\/shower.png\" alt=\"\" width=\"24\" height=\"24\" \/> Dusche in gemeinsamen Baderaum<\/div>\n<\/div>\n<\/div>","protected":false},"featured_media":2144,"template":"","meta":{"site-sidebar-layout":"default","site-content-layout":"default","ast-site-content-layout":"default","site-content-style":"default","site-sidebar-style":"default","ast-global-header-display":"","ast-banner-title-visibility":"","ast-main-header-display":"","ast-hfb-above-header-display":"","ast-hfb-below-header-display":"","ast-hfb-mobile-header-display":"","site-post-title":"","ast-breadcrumbs-content":"","ast-featured-img":"","footer-sml-layout":"","ast-disable-related-posts":"","theme-transparent-header-meta":"default","adv-header-id-meta":"","stick-header-meta":"","header-above-stick-meta":"","header-main-stick-meta":"","header-below-stick-meta":"","astra-migrate-meta-layouts":"set","ast-page-background-enabled":"default","ast-page-background-meta":{"desktop":{"background-color":"var(--ast-global-color-4)","background-image":"","background-repeat":"repeat","background-position":"center center","background-size":"auto","background-attachment":"scroll","background-type":"","background-media":"","overlay-type":"","overlay-color":"","overlay-opacity":"","overlay-gradient":""},"tablet":{"background-color":"","background-image":"","background-repeat":"repeat","background-position":"center center","background-size":"auto","background-attachment":"scroll","background-type":"","background-media":"","overlay-type":"","overlay-color":"","overlay-opacity":"","overlay-gradient":""},"mobile":{"background-color":"","background-image":"","background-repeat":"repeat","background-position":"center center","background-size":"auto","background-attachment":"scroll","background-type":"","background-media":"","overlay-type":"","overlay-color":"","overlay-opacity":"","overlay-gradient":""}},"ast-content-background-meta":{"desktop":{"background-color":"var(--ast-global-color-5)","background-image":"","background-repeat":"repeat","background-position":"center center","background-size":"auto","background-attachment":"scroll","background-type":"","background-media":"","overlay-type":"","overlay-color":"","overlay-opacity":"","overlay-gradient":""},"tablet":{"background-color":"var(--ast-global-color-5)","background-image":"","background-repeat":"repeat","background-position":"center center","background-size":"auto","background-attachment":"scroll","background-type":"","background-media":"","overlay-type":"","overlay-color":"","overlay-opacity":"","overlay-gradient":""},"mobile":{"background-color":"var(--ast-global-color-5)","background-image":"","background-repeat":"repeat","background-position":"center center","background-size":"auto","background-attachment":"scroll","background-type":"","background-media":"","overlay-type":"","overlay-color":"","overlay-opacity":"","overlay-gradient":""}}},"product_brand":[],"product_cat":[35],"product_tag":[32],"class_list":{"0":"post-8011","1":"product","2":"type-product","3":"status-publish","4":"has-post-thumbnail","6":"product_cat-berelheto-lakokocsi","7":"product_tag-szallas","8":"desktop-align-left","9":"tablet-align-left","10":"mobile-align-left","11":"ast-product-gallery-layout-horizontal-slider","12":"ast-product-tabs-layout-horizontal","14":"first","15":"instock","16":"virtual","17":"product-type-simple"},"yoast_head":"<!-- This site is optimized with the Yoast SEO Premium plugin v27.4 (Yoast SEO v27.4) - https:\/\/yoast.com\/product\/yoast-seo-premium-wordpress\/ -->\n<title>B\u00e9relhet\u0151 lak\u00f3kocsi 4 f\u0151s - Jonatherm\u00e1l Gy\u00f3gy- \u00e9s \u00c9lm\u00e9nyf\u00fcrd\u0151, Motel, Kemping<\/title>\n<meta name=\"robots\" content=\"index, follow, max-snippet:-1, max-image-preview:large, max-video-preview:-1\" \/>\n<link rel=\"canonical\" href=\"https:\/\/jonathermal.hu\/de\/unterkunft\/berelheto-lakokocsi-4-fos\/\" \/>\n<meta property=\"og:locale\" content=\"de_DE\" \/>\n<meta property=\"og:type\" content=\"article\" \/>\n<meta property=\"og:title\" content=\"B\u00e9relhet\u0151 lak\u00f3kocsi 4 f\u0151s\" \/>\n<meta property=\"og:description\" content=\"\u00a00-24 \u00f3r\u00e1s recepci\u00f3 \u00a0Ingyenes parkol\u00e1s  Ingyenes wifi a recepci\u00f3n\u00e1l \u00a0Ker\u00e9kp\u00e1r b\u00e9rl\u00e9s \u00a0T\u0171zrak\u00e1si lehet\u0151s\u00e9g a kemping ter\u00fclet\u00e9n \u00a0\u00c9ttermek a k\u00f6zelben \u00a0Besz\u00e9lt nyelvek: Magyar, Angol, N\u00e9met \u00a0Horg\u00e1sz\u00e1si lehet\u0151s\u00e9g \u00a0Grillez\u00e9si lehet\u0151s\u00e9g \u00a0F\u0151z\u00e9si lehet\u0151s\u00e9g a k\u00f6z\u00f6s konyha rezs\u00f3j\u00e1n \u00a0Gy\u00f3gy- \u00e9s \u00c9lm\u00e9nyf\u00fcrd\u0151 a recepci\u00f3 \u00e9p\u00fclet\u00e9t\u0151l 100 m\u00e9terre \u00a0Wellness szolg\u00e1ltat\u00e1sok \u00a0SZ\u00c9P k\u00e1rtya elfogad\u00f3hely: OTP, MKB, K&amp;H (Szabadid\u0151, Vend\u00e9gl\u00e1t\u00e1s, Sz\u00e1ll\u00e1shely) \u00a0J\u00e1tsz\u00f3t\u00e9r  Zuhanyz\u00f3 k\u00f6z\u00f6s f\u00fcrd\u0151 helyis\u00e9gben\" \/>\n<meta property=\"og:url\" content=\"https:\/\/jonathermal.hu\/de\/unterkunft\/berelheto-lakokocsi-4-fos\/\" \/>\n<meta property=\"og:site_name\" content=\"Jonatherm\u00e1l Gy\u00f3gy- \u00e9s \u00c9lm\u00e9nyf\u00fcrd\u0151, Motel, Kemping\" \/>\n<meta property=\"article:publisher\" content=\"https:\/\/www.facebook.com\/Jonathermal\/\" \/>\n<meta property=\"article:modified_time\" content=\"2026-04-14T15:49:35+00:00\" \/>\n<meta property=\"og:image\" content=\"https:\/\/jonathermal.hu\/wp-content\/uploads\/2022\/02\/46-1494336393-lakokocsi-kivulrol.jpeg\" \/>\n\t<meta property=\"og:image:width\" content=\"2048\" \/>\n\t<meta property=\"og:image:height\" content=\"1536\" \/>\n\t<meta property=\"og:image:type\" content=\"image\/jpeg\" \/>\n<meta name=\"twitter:card\" content=\"summary_large_image\" \/>\n<script type=\"application\/ld+json\" class=\"yoast-schema-graph\">{\"@context\":\"https:\\\/\\\/schema.org\",\"@graph\":[{\"@type\":\"WebPage\",\"@id\":\"https:\\\/\\\/jonathermal.hu\\\/szallas\\\/berelheto-lakokocsi-4-fos\\\/\",\"url\":\"https:\\\/\\\/jonathermal.hu\\\/szallas\\\/berelheto-lakokocsi-4-fos\\\/\",\"name\":\"B\u00e9relhet\u0151 lak\u00f3kocsi 4 f\u0151s - Jonatherm\u00e1l Gy\u00f3gy- \u00e9s \u00c9lm\u00e9nyf\u00fcrd\u0151, Motel, Kemping\",\"isPartOf\":{\"@id\":\"https:\\\/\\\/jonathermal.hu\\\/#website\"},\"primaryImageOfPage\":{\"@id\":\"https:\\\/\\\/jonathermal.hu\\\/szallas\\\/berelheto-lakokocsi-4-fos\\\/#primaryimage\"},\"image\":{\"@id\":\"https:\\\/\\\/jonathermal.hu\\\/szallas\\\/berelheto-lakokocsi-4-fos\\\/#primaryimage\"},\"thumbnailUrl\":\"https:\\\/\\\/jonathermal.hu\\\/wp-content\\\/uploads\\\/2022\\\/02\\\/46-1494336393-lakokocsi-kivulrol.jpeg\",\"datePublished\":\"2026-04-14T15:47:53+00:00\",\"dateModified\":\"2026-04-14T15:49:35+00:00\",\"breadcrumb\":{\"@id\":\"https:\\\/\\\/jonathermal.hu\\\/szallas\\\/berelheto-lakokocsi-4-fos\\\/#breadcrumb\"},\"inLanguage\":\"de\",\"potentialAction\":[{\"@type\":\"ReadAction\",\"target\":[\"https:\\\/\\\/jonathermal.hu\\\/szallas\\\/berelheto-lakokocsi-4-fos\\\/\"]}]},{\"@type\":\"ImageObject\",\"inLanguage\":\"de\",\"@id\":\"https:\\\/\\\/jonathermal.hu\\\/szallas\\\/berelheto-lakokocsi-4-fos\\\/#primaryimage\",\"url\":\"https:\\\/\\\/jonathermal.hu\\\/wp-content\\\/uploads\\\/2022\\\/02\\\/46-1494336393-lakokocsi-kivulrol.jpeg\",\"contentUrl\":\"https:\\\/\\\/jonathermal.hu\\\/wp-content\\\/uploads\\\/2022\\\/02\\\/46-1494336393-lakokocsi-kivulrol.jpeg\",\"width\":2048,\"height\":1536},{\"@type\":\"BreadcrumbList\",\"@id\":\"https:\\\/\\\/jonathermal.hu\\\/szallas\\\/berelheto-lakokocsi-4-fos\\\/#breadcrumb\",\"itemListElement\":[{\"@type\":\"ListItem\",\"position\":1,\"name\":\"Kezd\u0151lap\",\"item\":\"https:\\\/\\\/jonathermal.hu\\\/\"},{\"@type\":\"ListItem\",\"position\":2,\"name\":\"\u00dczlet\",\"item\":\"https:\\\/\\\/jonathermal.hu\\\/en\\\/uzlet\\\/\"},{\"@type\":\"ListItem\",\"position\":3,\"name\":\"B\u00e9relhet\u0151 lak\u00f3kocsi 4 f\u0151s\"}]},{\"@type\":\"WebSite\",\"@id\":\"https:\\\/\\\/jonathermal.hu\\\/#website\",\"url\":\"https:\\\/\\\/jonathermal.hu\\\/\",\"name\":\"Jonatherm\u00e1l Gy\u00f3gy- \u00e9s \u00c9lm\u00e9nyf\u00fcrd\u0151, Motel, Kemping\",\"description\":\"Kiskunmajsa\",\"publisher\":{\"@id\":\"https:\\\/\\\/jonathermal.hu\\\/#organization\"},\"potentialAction\":[{\"@type\":\"SearchAction\",\"target\":{\"@type\":\"EntryPoint\",\"urlTemplate\":\"https:\\\/\\\/jonathermal.hu\\\/?s={search_term_string}\"},\"query-input\":{\"@type\":\"PropertyValueSpecification\",\"valueRequired\":true,\"valueName\":\"search_term_string\"}}],\"inLanguage\":\"de\"},{\"@type\":\"Organization\",\"@id\":\"https:\\\/\\\/jonathermal.hu\\\/#organization\",\"name\":\"Jonatherm\u00e1l Gy\u00f3gy- \u00e9s \u00c9lm\u00e9nyf\u00fcrd\u0151, Motel, Kemping Kiskunmajsa\",\"url\":\"https:\\\/\\\/jonathermal.hu\\\/\",\"logo\":{\"@type\":\"ImageObject\",\"inLanguage\":\"de\",\"@id\":\"https:\\\/\\\/jonathermal.hu\\\/#\\\/schema\\\/logo\\\/image\\\/\",\"url\":\"https:\\\/\\\/jonathermal.hu\\\/wp-content\\\/uploads\\\/2022\\\/02\\\/jonatherma\u0301l-logo.png\",\"contentUrl\":\"https:\\\/\\\/jonathermal.hu\\\/wp-content\\\/uploads\\\/2022\\\/02\\\/jonatherma\u0301l-logo.png\",\"width\":200,\"height\":142,\"caption\":\"Jonatherm\u00e1l Gy\u00f3gy- \u00e9s \u00c9lm\u00e9nyf\u00fcrd\u0151, Motel, Kemping Kiskunmajsa\"},\"image\":{\"@id\":\"https:\\\/\\\/jonathermal.hu\\\/#\\\/schema\\\/logo\\\/image\\\/\"},\"sameAs\":[\"https:\\\/\\\/www.facebook.com\\\/Jonathermal\\\/\",\"https:\\\/\\\/www.instagram.com\\\/jonathermal\\\/\",\"https:\\\/\\\/www.youtube.com\\\/channel\\\/UCTAd0tjGBgxWEJfuY378_Qw\\\/featured\"]}]}<\/script>\n<!-- \/ Yoast SEO Premium plugin. -->","yoast_head_json":{"title":"B\u00e9relhet\u0151 lak\u00f3kocsi 4 f\u0151s - Jonatherm\u00e1l Gy\u00f3gy- \u00e9s \u00c9lm\u00e9nyf\u00fcrd\u0151, Motel, Kemping","robots":{"index":"index","follow":"follow","max-snippet":"max-snippet:-1","max-image-preview":"max-image-preview:large","max-video-preview":"max-video-preview:-1"},"canonical":"https:\/\/jonathermal.hu\/de\/unterkunft\/berelheto-lakokocsi-4-fos\/","og_locale":"de_DE","og_type":"article","og_title":"B\u00e9relhet\u0151 lak\u00f3kocsi 4 f\u0151s","og_description":"\u00a00-24 \u00f3r\u00e1s recepci\u00f3 \u00a0Ingyenes parkol\u00e1s  Ingyenes wifi a recepci\u00f3n\u00e1l \u00a0Ker\u00e9kp\u00e1r b\u00e9rl\u00e9s \u00a0T\u0171zrak\u00e1si lehet\u0151s\u00e9g a kemping ter\u00fclet\u00e9n \u00a0\u00c9ttermek a k\u00f6zelben \u00a0Besz\u00e9lt nyelvek: Magyar, Angol, N\u00e9met \u00a0Horg\u00e1sz\u00e1si lehet\u0151s\u00e9g \u00a0Grillez\u00e9si lehet\u0151s\u00e9g \u00a0F\u0151z\u00e9si lehet\u0151s\u00e9g a k\u00f6z\u00f6s konyha rezs\u00f3j\u00e1n \u00a0Gy\u00f3gy- \u00e9s \u00c9lm\u00e9nyf\u00fcrd\u0151 a recepci\u00f3 \u00e9p\u00fclet\u00e9t\u0151l 100 m\u00e9terre \u00a0Wellness szolg\u00e1ltat\u00e1sok \u00a0SZ\u00c9P k\u00e1rtya elfogad\u00f3hely: OTP, MKB, K&amp;H (Szabadid\u0151, Vend\u00e9gl\u00e1t\u00e1s, Sz\u00e1ll\u00e1shely) \u00a0J\u00e1tsz\u00f3t\u00e9r  Zuhanyz\u00f3 k\u00f6z\u00f6s f\u00fcrd\u0151 helyis\u00e9gben","og_url":"https:\/\/jonathermal.hu\/de\/unterkunft\/berelheto-lakokocsi-4-fos\/","og_site_name":"Jonatherm\u00e1l Gy\u00f3gy- \u00e9s \u00c9lm\u00e9nyf\u00fcrd\u0151, Motel, Kemping","article_publisher":"https:\/\/www.facebook.com\/Jonathermal\/","article_modified_time":"2026-04-14T15:49:35+00:00","og_image":[{"width":2048,"height":1536,"url":"https:\/\/jonathermal.hu\/wp-content\/uploads\/2022\/02\/46-1494336393-lakokocsi-kivulrol.jpeg","type":"image\/jpeg"}],"twitter_card":"summary_large_image","schema":{"@context":"https:\/\/schema.org","@graph":[{"@type":"WebPage","@id":"https:\/\/jonathermal.hu\/szallas\/berelheto-lakokocsi-4-fos\/","url":"https:\/\/jonathermal.hu\/szallas\/berelheto-lakokocsi-4-fos\/","name":"B\u00e9relhet\u0151 lak\u00f3kocsi 4 f\u0151s - Jonatherm\u00e1l Gy\u00f3gy- \u00e9s \u00c9lm\u00e9nyf\u00fcrd\u0151, Motel, Kemping","isPartOf":{"@id":"https:\/\/jonathermal.hu\/#website"},"primaryImageOfPage":{"@id":"https:\/\/jonathermal.hu\/szallas\/berelheto-lakokocsi-4-fos\/#primaryimage"},"image":{"@id":"https:\/\/jonathermal.hu\/szallas\/berelheto-lakokocsi-4-fos\/#primaryimage"},"thumbnailUrl":"https:\/\/jonathermal.hu\/wp-content\/uploads\/2022\/02\/46-1494336393-lakokocsi-kivulrol.jpeg","datePublished":"2026-04-14T15:47:53+00:00","dateModified":"2026-04-14T15:49:35+00:00","breadcrumb":{"@id":"https:\/\/jonathermal.hu\/szallas\/berelheto-lakokocsi-4-fos\/#breadcrumb"},"inLanguage":"de","potentialAction":[{"@type":"ReadAction","target":["https:\/\/jonathermal.hu\/szallas\/berelheto-lakokocsi-4-fos\/"]}]},{"@type":"ImageObject","inLanguage":"de","@id":"https:\/\/jonathermal.hu\/szallas\/berelheto-lakokocsi-4-fos\/#primaryimage","url":"https:\/\/jonathermal.hu\/wp-content\/uploads\/2022\/02\/46-1494336393-lakokocsi-kivulrol.jpeg","contentUrl":"https:\/\/jonathermal.hu\/wp-content\/uploads\/2022\/02\/46-1494336393-lakokocsi-kivulrol.jpeg","width":2048,"height":1536},{"@type":"BreadcrumbList","@id":"https:\/\/jonathermal.hu\/szallas\/berelheto-lakokocsi-4-fos\/#breadcrumb","itemListElement":[{"@type":"ListItem","position":1,"name":"Kezd\u0151lap","item":"https:\/\/jonathermal.hu\/"},{"@type":"ListItem","position":2,"name":"\u00dczlet","item":"https:\/\/jonathermal.hu\/en\/uzlet\/"},{"@type":"ListItem","position":3,"name":"B\u00e9relhet\u0151 lak\u00f3kocsi 4 f\u0151s"}]},{"@type":"WebSite","@id":"https:\/\/jonathermal.hu\/#website","url":"https:\/\/jonathermal.hu\/","name":"Jonatherm\u00e1l Gy\u00f3gy- \u00e9s \u00c9lm\u00e9nyf\u00fcrd\u0151, Motel, Kemping","description":"Kiskunmajsa","publisher":{"@id":"https:\/\/jonathermal.hu\/#organization"},"potentialAction":[{"@type":"SearchAction","target":{"@type":"EntryPoint","urlTemplate":"https:\/\/jonathermal.hu\/?s={search_term_string}"},"query-input":{"@type":"PropertyValueSpecification","valueRequired":true,"valueName":"search_term_string"}}],"inLanguage":"de"},{"@type":"Organization","@id":"https:\/\/jonathermal.hu\/#organization","name":"Jonatherm\u00e1l Gy\u00f3gy- \u00e9s \u00c9lm\u00e9nyf\u00fcrd\u0151, Motel, Kemping Kiskunmajsa","url":"https:\/\/jonathermal.hu\/","logo":{"@type":"ImageObject","inLanguage":"de","@id":"https:\/\/jonathermal.hu\/#\/schema\/logo\/image\/","url":"https:\/\/jonathermal.hu\/wp-content\/uploads\/2022\/02\/jonatherma\u0301l-logo.png","contentUrl":"https:\/\/jonathermal.hu\/wp-content\/uploads\/2022\/02\/jonatherma\u0301l-logo.png","width":200,"height":142,"caption":"Jonatherm\u00e1l Gy\u00f3gy- \u00e9s \u00c9lm\u00e9nyf\u00fcrd\u0151, Motel, Kemping Kiskunmajsa"},"image":{"@id":"https:\/\/jonathermal.hu\/#\/schema\/logo\/image\/"},"sameAs":["https:\/\/www.facebook.com\/Jonathermal\/","https:\/\/www.instagram.com\/jonathermal\/","https:\/\/www.youtube.com\/channel\/UCTAd0tjGBgxWEJfuY378_Qw\/featured"]}]}},"_links":{"self":[{"href":"https:\/\/jonathermal.hu\/de\/wp-json\/wp\/v2\/product\/8011","targetHints":{"allow":["GET"]}}],"collection":[{"href":"https:\/\/jonathermal.hu\/de\/wp-json\/wp\/v2\/product"}],"about":[{"href":"https:\/\/jonathermal.hu\/de\/wp-json\/wp\/v2\/types\/product"}],"version-history":[{"count":2,"href":"https:\/\/jonathermal.hu\/de\/wp-json\/wp\/v2\/product\/8011\/revisions"}],"predecessor-version":[{"id":8015,"href":"https:\/\/jonathermal.hu\/de\/wp-json\/wp\/v2\/product\/8011\/revisions\/8015"}],"wp:featuredmedia":[{"embeddable":true,"href":"https:\/\/jonathermal.hu\/de\/wp-json\/wp\/v2\/media\/2144"}],"wp:attachment":[{"href":"https:\/\/jonathermal.hu\/de\/wp-json\/wp\/v2\/media?parent=8011"}],"wp:term":[{"taxonomy":"product_brand","embeddable":true,"href":"https:\/\/jonathermal.hu\/de\/wp-json\/wp\/v2\/product_brand?post=8011"},{"taxonomy":"product_cat","embeddable":true,"href":"https:\/\/jonathermal.hu\/de\/wp-json\/wp\/v2\/product_cat?post=8011"},{"taxonomy":"product_tag","embeddable":true,"href":"https:\/\/jonathermal.hu\/de\/wp-json\/wp\/v2\/product_tag?post=8011"}],"curies":[{"name":"wp","href":"https:\/\/api.w.org\/{rel}","templated":true}]}}