{"id":2309,"date":"2022-02-23T16:49:55","date_gmt":"2022-02-23T16:49:55","guid":{"rendered":"https:\/\/jonathermal.hu\/?post_type=product&#038;p=2309"},"modified":"2026-04-14T15:40:46","modified_gmt":"2026-04-14T15:40:46","slug":"delibab-u-20-standard-apartman","status":"publish","type":"product","link":"https:\/\/jonathermal.hu\/de\/szallas\/delibab-u-20-standard-apartman\/","title":{"rendered":"D\u00e9lib\u00e1b u. 20. Standard Apartman"},"content":{"rendered":"<div data-elementor-type=\"product-post\" data-elementor-id=\"2309\" class=\"elementor elementor-2309\" data-elementor-post-type=\"product\">\n\t\t\t\t\t\t<\/div>","protected":false},"excerpt":{"rendered":"<div class=\"szolgaltatasikon\">\n<div class=\"szolgaltatasikon\">\n<div class=\"szolgaltatasikon\">\u00a0<img decoding=\"async\" class=\"alignnone size-full wp-image-1969\" src=\"https:\/\/jonathermal.hu\/wp-content\/uploads\/2022\/02\/reception.png\" alt=\"\" width=\"24\" height=\"24\" \/>0-24 Uhr Rezeption<\/div>\n<div class=\"szolgaltatasikon\"><img decoding=\"async\" class=\"alignnone size-full wp-image-1968\" src=\"https:\/\/jonathermal.hu\/wp-content\/uploads\/2022\/02\/parking.png\" alt=\"\" width=\"24\" height=\"24\" \/>\u00a0Kostenloser Parkplatz<\/div>\n<div class=\"szolgaltatasikon\"><img decoding=\"async\" class=\"alignnone size-full wp-image-1967\" src=\"https:\/\/jonathermal.hu\/wp-content\/uploads\/2022\/02\/wifi.png\" alt=\"\" width=\"24\" height=\"24\" \/> Freie Wi-Fi an der Rezeption<\/div>\n<div>\n<div class=\"szolgaltatasikon\"><img loading=\"lazy\" decoding=\"async\" class=\"alignnone size-full wp-image-1964\" src=\"https:\/\/jonathermal.hu\/wp-content\/uploads\/2022\/02\/baby.png\" alt=\"\" width=\"24\" height=\"24\" \/>\u00a0Babyfreundliche Unterkunft<\/div>\n<\/div>\n<div class=\"szolgaltatasikon\"><img loading=\"lazy\" decoding=\"async\" class=\"alignnone size-full wp-image-1965\" src=\"https:\/\/jonathermal.hu\/wp-content\/uploads\/2022\/02\/bicycle.png\" alt=\"\" width=\"24\" height=\"24\" \/>\u00a0Fahrradvermietung<\/div>\n<div><img loading=\"lazy\" decoding=\"async\" class=\"alignnone size-full wp-image-1966\" src=\"https:\/\/jonathermal.hu\/wp-content\/uploads\/2022\/02\/bowl-in-a-microwave.png\" alt=\"\" width=\"24\" height=\"24\" \/> Mikrowelle im Zimmer<\/div>\n<div class=\"szolgaltatasikon\"><img loading=\"lazy\" decoding=\"async\" class=\"alignnone size-full wp-image-1963\" src=\"https:\/\/jonathermal.hu\/wp-content\/uploads\/2022\/02\/campfire.png\" alt=\"\" width=\"24\" height=\"24\" \/>\u00a0Feuerstellenm\u00f6glichkeit auf dem Gel\u00e4nde des Campings<\/div>\n<div class=\"szolgaltatasikon\"><img loading=\"lazy\" decoding=\"async\" class=\"alignnone size-full wp-image-1962\" src=\"https:\/\/jonathermal.hu\/wp-content\/uploads\/2022\/02\/dinner.png\" alt=\"\" width=\"24\" height=\"24\" \/>\u00a0Restaurants in der N\u00e4he<\/div>\n<div class=\"szolgaltatasikon\"><img loading=\"lazy\" decoding=\"async\" class=\"alignnone size-full wp-image-1961\" src=\"https:\/\/jonathermal.hu\/wp-content\/uploads\/2022\/02\/english-receptionist.png\" alt=\"\" width=\"24\" height=\"24\" \/>\u00a0Wir sprechen Ungarisch, Englisch, Deutsch<\/div>\n<div class=\"szolgaltatasikon\"><img loading=\"lazy\" decoding=\"async\" class=\"alignnone size-full wp-image-1960\" src=\"https:\/\/jonathermal.hu\/wp-content\/uploads\/2022\/02\/fishing.png\" alt=\"\" width=\"24\" height=\"24\" \/>\u00a0Angelm\u00f6glichkeit<\/div>\n<div class=\"szolgaltatasikon\"><img loading=\"lazy\" decoding=\"async\" class=\"alignnone size-full wp-image-1954\" src=\"https:\/\/jonathermal.hu\/wp-content\/uploads\/2022\/02\/grill.png\" alt=\"\" width=\"24\" height=\"24\" \/>\u00a0Grillm\u00f6glichkeit<\/div>\n<div class=\"szolgaltatasikon\"><img loading=\"lazy\" decoding=\"async\" class=\"alignnone size-full wp-image-1956\" src=\"https:\/\/jonathermal.hu\/wp-content\/uploads\/2022\/02\/jacuzzi.png\" alt=\"\" width=\"24\" height=\"24\" \/>\u00a0Heil- und Erlebnisbad<\/div>\n<div class=\"szolgaltatasikon\"><img loading=\"lazy\" decoding=\"async\" class=\"alignnone size-full wp-image-1957\" src=\"https:\/\/jonathermal.hu\/wp-content\/uploads\/2022\/02\/massage-session.png\" alt=\"\" width=\"24\" height=\"24\" \/>\u00a0Wellnessleistungen<\/div>\n<div><img loading=\"lazy\" decoding=\"async\" class=\"alignnone size-full wp-image-2061\" src=\"https:\/\/jonathermal.hu\/wp-content\/uploads\/2022\/02\/pets.png\" alt=\"\" width=\"24\" height=\"24\" \/> Macska, kutya bevihet\u0151 (2.000 Ft \/ \u00e9j)<\/div>\n<div class=\"szolgaltatasikon\"><img loading=\"lazy\" decoding=\"async\" class=\"alignnone size-full wp-image-1958\" src=\"https:\/\/jonathermal.hu\/wp-content\/uploads\/2022\/02\/szechenyi.png\" alt=\"\" width=\"24\" height=\"24\" \/>\u00a0Zahlung mit SZ\u00c9P-Karte wird angenommen OTP, MKB, K&amp;H (Freizeit, Bewirtungsleistungen, Unterkunft)<\/div>\n<div class=\"szolgaltatasikon\"><img loading=\"lazy\" decoding=\"async\" class=\"alignnone size-full wp-image-1959\" src=\"https:\/\/jonathermal.hu\/wp-content\/uploads\/2022\/02\/playground.png\" alt=\"\" width=\"24\" height=\"24\" \/>\u00a0Spielplatz<\/div>\n<div><img loading=\"lazy\" decoding=\"async\" class=\"alignnone size-full wp-image-1953\" src=\"https:\/\/jonathermal.hu\/wp-content\/uploads\/2022\/02\/refrigerator.png\" alt=\"\" width=\"24\" height=\"24\" \/> K\u00fchlschrank<\/div>\n<div class=\"szolgaltatasikon\"><img loading=\"lazy\" decoding=\"async\" class=\"alignnone size-full wp-image-1952\" src=\"https:\/\/jonathermal.hu\/wp-content\/uploads\/2022\/02\/shower.png\" alt=\"\" width=\"24\" height=\"24\" \/> Dusche<\/div>\n<div><img loading=\"lazy\" decoding=\"async\" class=\"alignnone size-full wp-image-1951\" src=\"https:\/\/jonathermal.hu\/wp-content\/uploads\/2022\/02\/television.png\" alt=\"\" width=\"24\" height=\"24\" \/> Fernseher<\/div>\n<div><img loading=\"lazy\" decoding=\"async\" class=\"alignnone size-full wp-image-1955\" src=\"https:\/\/jonathermal.hu\/wp-content\/uploads\/2022\/02\/hot-food-in-a-bowl.png\" alt=\"\" width=\"24\" height=\"24\" \/> Kochm\u00f6glichkeit in der Unterkunft<\/div>\n<div>\n<div class=\"szolgaltatasikon\">\n<div class=\"szolgaltatasikon\">\n<div><span style=\"font-size: 16px;\">&#8212;<\/span><\/div>\n<\/div>\n<\/div>\n<div class=\"szolgaltatasikon\">\n<div class=\"szolgaltatasikon\">\n<p>NTAK regisztr\u00e1ci\u00f3s sz\u00e1m: EG21026044<\/p>\n<\/div>\n<\/div>\n<\/div>\n<\/div>\n<\/div>","protected":false},"featured_media":2272,"template":"","meta":{"site-sidebar-layout":"no-sidebar","site-content-layout":"page-builder","ast-site-content-layout":"full-width-container","site-content-style":"unboxed","site-sidebar-style":"unboxed","ast-global-header-display":"","ast-banner-title-visibility":"","ast-main-header-display":"","ast-hfb-above-header-display":"","ast-hfb-below-header-display":"","ast-hfb-mobile-header-display":"","site-post-title":"disabled","ast-breadcrumbs-content":"","ast-featured-img":"disabled","footer-sml-layout":"","ast-disable-related-posts":"","theme-transparent-header-meta":"default","adv-header-id-meta":"","stick-header-meta":"","header-above-stick-meta":"","header-main-stick-meta":"","header-below-stick-meta":"","astra-migrate-meta-layouts":"set","ast-page-background-enabled":"default","ast-page-background-meta":{"desktop":{"background-color":"var(--ast-global-color-4)","background-image":"","background-repeat":"repeat","background-position":"center center","background-size":"auto","background-attachment":"scroll","background-type":"","background-media":"","overlay-type":"","overlay-color":"","overlay-opacity":"","overlay-gradient":""},"tablet":{"background-color":"","background-image":"","background-repeat":"repeat","background-position":"center center","background-size":"auto","background-attachment":"scroll","background-type":"","background-media":"","overlay-type":"","overlay-color":"","overlay-opacity":"","overlay-gradient":""},"mobile":{"background-color":"","background-image":"","background-repeat":"repeat","background-position":"center center","background-size":"auto","background-attachment":"scroll","background-type":"","background-media":"","overlay-type":"","overlay-color":"","overlay-opacity":"","overlay-gradient":""}},"ast-content-background-meta":{"desktop":{"background-color":"var(--ast-global-color-5)","background-image":"","background-repeat":"repeat","background-position":"center center","background-size":"auto","background-attachment":"scroll","background-type":"","background-media":"","overlay-type":"","overlay-color":"","overlay-opacity":"","overlay-gradient":""},"tablet":{"background-color":"var(--ast-global-color-5)","background-image":"","background-repeat":"repeat","background-position":"center center","background-size":"auto","background-attachment":"scroll","background-type":"","background-media":"","overlay-type":"","overlay-color":"","overlay-opacity":"","overlay-gradient":""},"mobile":{"background-color":"var(--ast-global-color-5)","background-image":"","background-repeat":"repeat","background-position":"center center","background-size":"auto","background-attachment":"scroll","background-type":"","background-media":"","overlay-type":"","overlay-color":"","overlay-opacity":"","overlay-gradient":""}}},"product_brand":[],"product_cat":[36],"product_tag":[42,32],"class_list":{"0":"post-2309","1":"product","2":"type-product","3":"status-publish","4":"has-post-thumbnail","6":"product_cat-apartmanok","7":"product_tag-standard","8":"product_tag-szallas","9":"desktop-align-left","10":"tablet-align-left","11":"mobile-align-left","12":"ast-product-gallery-layout-horizontal-slider","13":"ast-product-tabs-layout-horizontal","15":"first","16":"instock","17":"virtual","18":"product-type-simple"},"yoast_head":"<!-- This site is optimized with the Yoast SEO Premium plugin v27.4 (Yoast SEO v27.4) - https:\/\/yoast.com\/product\/yoast-seo-premium-wordpress\/ -->\n<title>D\u00e9lib\u00e1b u. 20. Standard Apartman - Jonatherm\u00e1l Gy\u00f3gy- \u00e9s \u00c9lm\u00e9nyf\u00fcrd\u0151, Motel, Kemping<\/title>\n<meta name=\"robots\" content=\"index, follow, max-snippet:-1, max-image-preview:large, max-video-preview:-1\" \/>\n<link rel=\"canonical\" href=\"https:\/\/jonathermal.hu\/de\/unterkunft\/delibab-u-20-standard-apartman\/\" \/>\n<meta property=\"og:locale\" content=\"de_DE\" \/>\n<meta property=\"og:type\" content=\"article\" \/>\n<meta property=\"og:title\" content=\"D\u00e9lib\u00e1b u. 20. Standard Apartman\" \/>\n<meta property=\"og:description\" content=\"\u00a00-24 \u00f3r\u00e1s recepci\u00f3 \u00a0Ingyenes parkol\u00e1s  Ingyenes wifi a recepci\u00f3n\u00e1l  \u00a0Bababar\u00e1t sz\u00e1ll\u00e1shely  \u00a0Ker\u00e9kp\u00e1r b\u00e9rl\u00e9s  Mikrohull\u00e1m\u00fa s\u00fct\u0151 a szob\u00e1ban \u00a0T\u0171zrak\u00e1si lehet\u0151s\u00e9g a kemping ter\u00fclet\u00e9n \u00a0\u00c9ttermek a k\u00f6zelben \u00a0Besz\u00e9lt nyelvek: Magyar, Angol, N\u00e9met \u00a0Horg\u00e1sz\u00e1si lehet\u0151s\u00e9g \u00a0Grillez\u00e9si lehet\u0151s\u00e9g \u00a0Gy\u00f3gy- \u00e9s \u00c9lm\u00e9nyf\u00fcrd\u0151 a recepci\u00f3 \u00e9p\u00fclet\u00e9t\u0151l 100 m\u00e9terre \u00a0Wellness szolg\u00e1ltat\u00e1sok  Macska, kutya bevihet\u0151 (2.000 Ft \/ \u00e9j) \u00a0SZ\u00c9P k\u00e1rtya elfogad\u00f3hely: OTP, MKB, K&amp;H (Szabadid\u0151, Vend\u00e9gl\u00e1t\u00e1s, Sz\u00e1ll\u00e1shely) \u00a0J\u00e1tsz\u00f3t\u00e9r  H\u0171t\u0151szekr\u00e9ny  Zuhanyz\u00f3  Telev\u00edzi\u00f3  F\u0151z\u00e9si lehet\u0151s\u00e9g a sz\u00e1ll\u00e1shelyen    --      NTAK regisztr\u00e1ci\u00f3s sz\u00e1m: EG21026044\" \/>\n<meta property=\"og:url\" content=\"https:\/\/jonathermal.hu\/de\/unterkunft\/delibab-u-20-standard-apartman\/\" \/>\n<meta property=\"og:site_name\" content=\"Jonatherm\u00e1l Gy\u00f3gy- \u00e9s \u00c9lm\u00e9nyf\u00fcrd\u0151, Motel, Kemping\" \/>\n<meta property=\"article:publisher\" content=\"https:\/\/www.facebook.com\/Jonathermal\/\" \/>\n<meta property=\"article:modified_time\" content=\"2026-04-14T15:40:46+00:00\" \/>\n<meta property=\"og:image\" content=\"https:\/\/jonathermal.hu\/wp-content\/uploads\/2022\/02\/De\u0301liba\u0301b-u-20-standard-apartman13.jpg\" \/>\n\t<meta property=\"og:image:width\" content=\"1000\" \/>\n\t<meta property=\"og:image:height\" content=\"750\" \/>\n\t<meta property=\"og:image:type\" content=\"image\/jpeg\" \/>\n<meta name=\"twitter:card\" content=\"summary_large_image\" \/>\n<script type=\"application\/ld+json\" class=\"yoast-schema-graph\">{\"@context\":\"https:\\\/\\\/schema.org\",\"@graph\":[{\"@type\":\"WebPage\",\"@id\":\"https:\\\/\\\/jonathermal.hu\\\/szallas\\\/delibab-u-20-standard-apartman\\\/\",\"url\":\"https:\\\/\\\/jonathermal.hu\\\/szallas\\\/delibab-u-20-standard-apartman\\\/\",\"name\":\"D\u00e9lib\u00e1b u. 20. Standard Apartman - Jonatherm\u00e1l Gy\u00f3gy- \u00e9s \u00c9lm\u00e9nyf\u00fcrd\u0151, Motel, Kemping\",\"isPartOf\":{\"@id\":\"https:\\\/\\\/jonathermal.hu\\\/#website\"},\"primaryImageOfPage\":{\"@id\":\"https:\\\/\\\/jonathermal.hu\\\/szallas\\\/delibab-u-20-standard-apartman\\\/#primaryimage\"},\"image\":{\"@id\":\"https:\\\/\\\/jonathermal.hu\\\/szallas\\\/delibab-u-20-standard-apartman\\\/#primaryimage\"},\"thumbnailUrl\":\"https:\\\/\\\/jonathermal.hu\\\/wp-content\\\/uploads\\\/2022\\\/02\\\/De\u0301liba\u0301b-u-20-standard-apartman13.jpg\",\"datePublished\":\"2022-02-23T16:49:55+00:00\",\"dateModified\":\"2026-04-14T15:40:46+00:00\",\"breadcrumb\":{\"@id\":\"https:\\\/\\\/jonathermal.hu\\\/szallas\\\/delibab-u-20-standard-apartman\\\/#breadcrumb\"},\"inLanguage\":\"de\",\"potentialAction\":[{\"@type\":\"ReadAction\",\"target\":[\"https:\\\/\\\/jonathermal.hu\\\/szallas\\\/delibab-u-20-standard-apartman\\\/\"]}]},{\"@type\":\"ImageObject\",\"inLanguage\":\"de\",\"@id\":\"https:\\\/\\\/jonathermal.hu\\\/szallas\\\/delibab-u-20-standard-apartman\\\/#primaryimage\",\"url\":\"https:\\\/\\\/jonathermal.hu\\\/wp-content\\\/uploads\\\/2022\\\/02\\\/De\u0301liba\u0301b-u-20-standard-apartman13.jpg\",\"contentUrl\":\"https:\\\/\\\/jonathermal.hu\\\/wp-content\\\/uploads\\\/2022\\\/02\\\/De\u0301liba\u0301b-u-20-standard-apartman13.jpg\",\"width\":1000,\"height\":750},{\"@type\":\"BreadcrumbList\",\"@id\":\"https:\\\/\\\/jonathermal.hu\\\/szallas\\\/delibab-u-20-standard-apartman\\\/#breadcrumb\",\"itemListElement\":[{\"@type\":\"ListItem\",\"position\":1,\"name\":\"Kezd\u0151lap\",\"item\":\"https:\\\/\\\/jonathermal.hu\\\/\"},{\"@type\":\"ListItem\",\"position\":2,\"name\":\"\u00dczlet\",\"item\":\"https:\\\/\\\/jonathermal.hu\\\/en\\\/uzlet\\\/\"},{\"@type\":\"ListItem\",\"position\":3,\"name\":\"D\u00e9lib\u00e1b u. 20. Standard Apartman\"}]},{\"@type\":\"WebSite\",\"@id\":\"https:\\\/\\\/jonathermal.hu\\\/#website\",\"url\":\"https:\\\/\\\/jonathermal.hu\\\/\",\"name\":\"Jonatherm\u00e1l Gy\u00f3gy- \u00e9s \u00c9lm\u00e9nyf\u00fcrd\u0151, Motel, Kemping\",\"description\":\"Kiskunmajsa\",\"publisher\":{\"@id\":\"https:\\\/\\\/jonathermal.hu\\\/#organization\"},\"potentialAction\":[{\"@type\":\"SearchAction\",\"target\":{\"@type\":\"EntryPoint\",\"urlTemplate\":\"https:\\\/\\\/jonathermal.hu\\\/?s={search_term_string}\"},\"query-input\":{\"@type\":\"PropertyValueSpecification\",\"valueRequired\":true,\"valueName\":\"search_term_string\"}}],\"inLanguage\":\"de\"},{\"@type\":\"Organization\",\"@id\":\"https:\\\/\\\/jonathermal.hu\\\/#organization\",\"name\":\"Jonatherm\u00e1l Gy\u00f3gy- \u00e9s \u00c9lm\u00e9nyf\u00fcrd\u0151, Motel, Kemping Kiskunmajsa\",\"url\":\"https:\\\/\\\/jonathermal.hu\\\/\",\"logo\":{\"@type\":\"ImageObject\",\"inLanguage\":\"de\",\"@id\":\"https:\\\/\\\/jonathermal.hu\\\/#\\\/schema\\\/logo\\\/image\\\/\",\"url\":\"https:\\\/\\\/jonathermal.hu\\\/wp-content\\\/uploads\\\/2022\\\/02\\\/jonatherma\u0301l-logo.png\",\"contentUrl\":\"https:\\\/\\\/jonathermal.hu\\\/wp-content\\\/uploads\\\/2022\\\/02\\\/jonatherma\u0301l-logo.png\",\"width\":200,\"height\":142,\"caption\":\"Jonatherm\u00e1l Gy\u00f3gy- \u00e9s \u00c9lm\u00e9nyf\u00fcrd\u0151, Motel, Kemping Kiskunmajsa\"},\"image\":{\"@id\":\"https:\\\/\\\/jonathermal.hu\\\/#\\\/schema\\\/logo\\\/image\\\/\"},\"sameAs\":[\"https:\\\/\\\/www.facebook.com\\\/Jonathermal\\\/\",\"https:\\\/\\\/www.instagram.com\\\/jonathermal\\\/\",\"https:\\\/\\\/www.youtube.com\\\/channel\\\/UCTAd0tjGBgxWEJfuY378_Qw\\\/featured\"]}]}<\/script>\n<!-- \/ Yoast SEO Premium plugin. -->","yoast_head_json":{"title":"D\u00e9lib\u00e1b u. 20. Standard Apartman - Jonatherm\u00e1l Gy\u00f3gy- \u00e9s \u00c9lm\u00e9nyf\u00fcrd\u0151, Motel, Kemping","robots":{"index":"index","follow":"follow","max-snippet":"max-snippet:-1","max-image-preview":"max-image-preview:large","max-video-preview":"max-video-preview:-1"},"canonical":"https:\/\/jonathermal.hu\/de\/unterkunft\/delibab-u-20-standard-apartman\/","og_locale":"de_DE","og_type":"article","og_title":"D\u00e9lib\u00e1b u. 20. Standard Apartman","og_description":"\u00a00-24 \u00f3r\u00e1s recepci\u00f3 \u00a0Ingyenes parkol\u00e1s  Ingyenes wifi a recepci\u00f3n\u00e1l  \u00a0Bababar\u00e1t sz\u00e1ll\u00e1shely  \u00a0Ker\u00e9kp\u00e1r b\u00e9rl\u00e9s  Mikrohull\u00e1m\u00fa s\u00fct\u0151 a szob\u00e1ban \u00a0T\u0171zrak\u00e1si lehet\u0151s\u00e9g a kemping ter\u00fclet\u00e9n \u00a0\u00c9ttermek a k\u00f6zelben \u00a0Besz\u00e9lt nyelvek: Magyar, Angol, N\u00e9met \u00a0Horg\u00e1sz\u00e1si lehet\u0151s\u00e9g \u00a0Grillez\u00e9si lehet\u0151s\u00e9g \u00a0Gy\u00f3gy- \u00e9s \u00c9lm\u00e9nyf\u00fcrd\u0151 a recepci\u00f3 \u00e9p\u00fclet\u00e9t\u0151l 100 m\u00e9terre \u00a0Wellness szolg\u00e1ltat\u00e1sok  Macska, kutya bevihet\u0151 (2.000 Ft \/ \u00e9j) \u00a0SZ\u00c9P k\u00e1rtya elfogad\u00f3hely: OTP, MKB, K&amp;H (Szabadid\u0151, Vend\u00e9gl\u00e1t\u00e1s, Sz\u00e1ll\u00e1shely) \u00a0J\u00e1tsz\u00f3t\u00e9r  H\u0171t\u0151szekr\u00e9ny  Zuhanyz\u00f3  Telev\u00edzi\u00f3  F\u0151z\u00e9si lehet\u0151s\u00e9g a sz\u00e1ll\u00e1shelyen    --      NTAK regisztr\u00e1ci\u00f3s sz\u00e1m: EG21026044","og_url":"https:\/\/jonathermal.hu\/de\/unterkunft\/delibab-u-20-standard-apartman\/","og_site_name":"Jonatherm\u00e1l Gy\u00f3gy- \u00e9s \u00c9lm\u00e9nyf\u00fcrd\u0151, Motel, Kemping","article_publisher":"https:\/\/www.facebook.com\/Jonathermal\/","article_modified_time":"2026-04-14T15:40:46+00:00","og_image":[{"width":1000,"height":750,"url":"https:\/\/jonathermal.hu\/wp-content\/uploads\/2022\/02\/De\u0301liba\u0301b-u-20-standard-apartman13.jpg","type":"image\/jpeg"}],"twitter_card":"summary_large_image","schema":{"@context":"https:\/\/schema.org","@graph":[{"@type":"WebPage","@id":"https:\/\/jonathermal.hu\/szallas\/delibab-u-20-standard-apartman\/","url":"https:\/\/jonathermal.hu\/szallas\/delibab-u-20-standard-apartman\/","name":"D\u00e9lib\u00e1b u. 20. Standard Apartman - Jonatherm\u00e1l Gy\u00f3gy- \u00e9s \u00c9lm\u00e9nyf\u00fcrd\u0151, Motel, Kemping","isPartOf":{"@id":"https:\/\/jonathermal.hu\/#website"},"primaryImageOfPage":{"@id":"https:\/\/jonathermal.hu\/szallas\/delibab-u-20-standard-apartman\/#primaryimage"},"image":{"@id":"https:\/\/jonathermal.hu\/szallas\/delibab-u-20-standard-apartman\/#primaryimage"},"thumbnailUrl":"https:\/\/jonathermal.hu\/wp-content\/uploads\/2022\/02\/De\u0301liba\u0301b-u-20-standard-apartman13.jpg","datePublished":"2022-02-23T16:49:55+00:00","dateModified":"2026-04-14T15:40:46+00:00","breadcrumb":{"@id":"https:\/\/jonathermal.hu\/szallas\/delibab-u-20-standard-apartman\/#breadcrumb"},"inLanguage":"de","potentialAction":[{"@type":"ReadAction","target":["https:\/\/jonathermal.hu\/szallas\/delibab-u-20-standard-apartman\/"]}]},{"@type":"ImageObject","inLanguage":"de","@id":"https:\/\/jonathermal.hu\/szallas\/delibab-u-20-standard-apartman\/#primaryimage","url":"https:\/\/jonathermal.hu\/wp-content\/uploads\/2022\/02\/De\u0301liba\u0301b-u-20-standard-apartman13.jpg","contentUrl":"https:\/\/jonathermal.hu\/wp-content\/uploads\/2022\/02\/De\u0301liba\u0301b-u-20-standard-apartman13.jpg","width":1000,"height":750},{"@type":"BreadcrumbList","@id":"https:\/\/jonathermal.hu\/szallas\/delibab-u-20-standard-apartman\/#breadcrumb","itemListElement":[{"@type":"ListItem","position":1,"name":"Kezd\u0151lap","item":"https:\/\/jonathermal.hu\/"},{"@type":"ListItem","position":2,"name":"\u00dczlet","item":"https:\/\/jonathermal.hu\/en\/uzlet\/"},{"@type":"ListItem","position":3,"name":"D\u00e9lib\u00e1b u. 20. Standard Apartman"}]},{"@type":"WebSite","@id":"https:\/\/jonathermal.hu\/#website","url":"https:\/\/jonathermal.hu\/","name":"Jonatherm\u00e1l Gy\u00f3gy- \u00e9s \u00c9lm\u00e9nyf\u00fcrd\u0151, Motel, Kemping","description":"Kiskunmajsa","publisher":{"@id":"https:\/\/jonathermal.hu\/#organization"},"potentialAction":[{"@type":"SearchAction","target":{"@type":"EntryPoint","urlTemplate":"https:\/\/jonathermal.hu\/?s={search_term_string}"},"query-input":{"@type":"PropertyValueSpecification","valueRequired":true,"valueName":"search_term_string"}}],"inLanguage":"de"},{"@type":"Organization","@id":"https:\/\/jonathermal.hu\/#organization","name":"Jonatherm\u00e1l Gy\u00f3gy- \u00e9s \u00c9lm\u00e9nyf\u00fcrd\u0151, Motel, Kemping Kiskunmajsa","url":"https:\/\/jonathermal.hu\/","logo":{"@type":"ImageObject","inLanguage":"de","@id":"https:\/\/jonathermal.hu\/#\/schema\/logo\/image\/","url":"https:\/\/jonathermal.hu\/wp-content\/uploads\/2022\/02\/jonatherma\u0301l-logo.png","contentUrl":"https:\/\/jonathermal.hu\/wp-content\/uploads\/2022\/02\/jonatherma\u0301l-logo.png","width":200,"height":142,"caption":"Jonatherm\u00e1l Gy\u00f3gy- \u00e9s \u00c9lm\u00e9nyf\u00fcrd\u0151, Motel, Kemping Kiskunmajsa"},"image":{"@id":"https:\/\/jonathermal.hu\/#\/schema\/logo\/image\/"},"sameAs":["https:\/\/www.facebook.com\/Jonathermal\/","https:\/\/www.instagram.com\/jonathermal\/","https:\/\/www.youtube.com\/channel\/UCTAd0tjGBgxWEJfuY378_Qw\/featured"]}]}},"_links":{"self":[{"href":"https:\/\/jonathermal.hu\/de\/wp-json\/wp\/v2\/product\/2309","targetHints":{"allow":["GET"]}}],"collection":[{"href":"https:\/\/jonathermal.hu\/de\/wp-json\/wp\/v2\/product"}],"about":[{"href":"https:\/\/jonathermal.hu\/de\/wp-json\/wp\/v2\/types\/product"}],"version-history":[{"count":9,"href":"https:\/\/jonathermal.hu\/de\/wp-json\/wp\/v2\/product\/2309\/revisions"}],"predecessor-version":[{"id":8002,"href":"https:\/\/jonathermal.hu\/de\/wp-json\/wp\/v2\/product\/2309\/revisions\/8002"}],"wp:featuredmedia":[{"embeddable":true,"href":"https:\/\/jonathermal.hu\/de\/wp-json\/wp\/v2\/media\/2272"}],"wp:attachment":[{"href":"https:\/\/jonathermal.hu\/de\/wp-json\/wp\/v2\/media?parent=2309"}],"wp:term":[{"taxonomy":"product_brand","embeddable":true,"href":"https:\/\/jonathermal.hu\/de\/wp-json\/wp\/v2\/product_brand?post=2309"},{"taxonomy":"product_cat","embeddable":true,"href":"https:\/\/jonathermal.hu\/de\/wp-json\/wp\/v2\/product_cat?post=2309"},{"taxonomy":"product_tag","embeddable":true,"href":"https:\/\/jonathermal.hu\/de\/wp-json\/wp\/v2\/product_tag?post=2309"}],"curies":[{"name":"wp","href":"https:\/\/api.w.org\/{rel}","templated":true}]}}