{"id":1923,"date":"2022-02-22T09:51:23","date_gmt":"2022-02-22T09:51:23","guid":{"rendered":"https:\/\/jonathermal.hu\/?post_type=product&#038;p=1923"},"modified":"2026-03-11T10:17:57","modified_gmt":"2026-03-11T10:17:57","slug":"ketagyas-szoba-klimaval","status":"publish","type":"product","link":"https:\/\/jonathermal.hu\/de\/szallas\/ketagyas-szoba-klimaval\/","title":{"rendered":"Doppelzimmer mit Klimaanlage"},"content":{"rendered":"","protected":false},"excerpt":{"rendered":"<div class=\"szolgaltatasikon\">\n<div class=\"szolgaltatasikon\">\n<div class=\"szolgaltatasikon\">\u00a0<img decoding=\"async\" class=\"alignnone size-full wp-image-1969\" src=\"https:\/\/jonathermal.hu\/wp-content\/uploads\/2022\/02\/reception.png\" alt=\"\" width=\"24\" height=\"24\" \/>0-24 Uhr Rezeption<\/div>\n<div class=\"szolgaltatasikon\"><img decoding=\"async\" class=\"alignnone size-full wp-image-1968\" src=\"https:\/\/jonathermal.hu\/wp-content\/uploads\/2022\/02\/parking.png\" alt=\"\" width=\"24\" height=\"24\" \/>\u00a0Kostenloser Parkplatz<\/div>\n<div class=\"szolgaltatasikon\"><img decoding=\"async\" class=\"alignnone size-full wp-image-1967\" src=\"https:\/\/jonathermal.hu\/wp-content\/uploads\/2022\/02\/wifi.png\" alt=\"\" width=\"24\" height=\"24\" \/> Freie Wi-Fi an der Rezeption<\/div>\n<div class=\"szolgaltatasikon\"><img loading=\"lazy\" decoding=\"async\" class=\"alignnone size-full wp-image-1964\" src=\"https:\/\/jonathermal.hu\/wp-content\/uploads\/2022\/02\/baby.png\" alt=\"\" width=\"24\" height=\"24\" \/>\u00a0Babyfreundliche Unterkunft<\/div>\n<div class=\"szolgaltatasikon\"><img loading=\"lazy\" decoding=\"async\" class=\"alignnone size-full wp-image-1965\" src=\"https:\/\/jonathermal.hu\/wp-content\/uploads\/2022\/02\/bicycle.png\" alt=\"\" width=\"24\" height=\"24\" \/>\u00a0Fahrradvermietung<\/div>\n<div class=\"szolgaltatasikon\"><img loading=\"lazy\" decoding=\"async\" class=\"alignnone size-full wp-image-1966\" src=\"https:\/\/jonathermal.hu\/wp-content\/uploads\/2022\/02\/bowl-in-a-microwave.png\" alt=\"\" width=\"24\" height=\"24\" \/>\u00a0Mikrowelle im Zimmer<\/div>\n<div class=\"szolgaltatasikon\"><img loading=\"lazy\" decoding=\"async\" class=\"alignnone size-full wp-image-1963\" src=\"https:\/\/jonathermal.hu\/wp-content\/uploads\/2022\/02\/campfire.png\" alt=\"\" width=\"24\" height=\"24\" \/>\u00a0Feuerstellenm\u00f6glichkeit auf dem Gel\u00e4nde des Campings<\/div>\n<div class=\"szolgaltatasikon\"><img loading=\"lazy\" decoding=\"async\" class=\"alignnone size-full wp-image-1962\" src=\"https:\/\/jonathermal.hu\/wp-content\/uploads\/2022\/02\/dinner.png\" alt=\"\" width=\"24\" height=\"24\" \/>\u00a0Restaurants in der N\u00e4he<\/div>\n<div class=\"szolgaltatasikon\"><img loading=\"lazy\" decoding=\"async\" class=\"alignnone size-full wp-image-1961\" src=\"https:\/\/jonathermal.hu\/wp-content\/uploads\/2022\/02\/english-receptionist.png\" alt=\"\" width=\"24\" height=\"24\" \/>\u00a0Wir sprechen Ungarisch, Englisch, Deutsch<\/div>\n<div class=\"szolgaltatasikon\"><img loading=\"lazy\" decoding=\"async\" class=\"alignnone size-full wp-image-1960\" src=\"https:\/\/jonathermal.hu\/wp-content\/uploads\/2022\/02\/fishing.png\" alt=\"\" width=\"24\" height=\"24\" \/>\u00a0Angelm\u00f6glichkeit<\/div>\n<div class=\"szolgaltatasikon\"><img loading=\"lazy\" decoding=\"async\" class=\"alignnone size-full wp-image-1954\" src=\"https:\/\/jonathermal.hu\/wp-content\/uploads\/2022\/02\/grill.png\" alt=\"\" width=\"24\" height=\"24\" \/>\u00a0Grillm\u00f6glichkeit<\/div>\n<div class=\"szolgaltatasikon\"><img loading=\"lazy\" decoding=\"async\" class=\"alignnone size-full wp-image-1955\" src=\"https:\/\/jonathermal.hu\/wp-content\/uploads\/2022\/02\/hot-food-in-a-bowl.png\" alt=\"\" width=\"24\" height=\"24\" \/>\u00a0Kochm\u00f6glichkeit auf der Kochplatte der gemeinsamen K\u00fcche<\/div>\n<div class=\"szolgaltatasikon\"><img loading=\"lazy\" decoding=\"async\" class=\"alignnone size-full wp-image-1956\" src=\"https:\/\/jonathermal.hu\/wp-content\/uploads\/2022\/02\/jacuzzi.png\" alt=\"\" width=\"24\" height=\"24\" \/>\u00a0Heil- und Erlebnisbad<\/div>\n<div class=\"szolgaltatasikon\"><img loading=\"lazy\" decoding=\"async\" class=\"alignnone size-full wp-image-1957\" src=\"https:\/\/jonathermal.hu\/wp-content\/uploads\/2022\/02\/massage-session.png\" alt=\"\" width=\"24\" height=\"24\" \/>\u00a0Wellnessleistungen<\/div>\n<div class=\"szolgaltatasikon\"><img loading=\"lazy\" decoding=\"async\" class=\"alignnone size-full wp-image-1958\" src=\"https:\/\/jonathermal.hu\/wp-content\/uploads\/2022\/02\/szechenyi.png\" alt=\"\" width=\"24\" height=\"24\" \/>\u00a0Zahlung mit SZ\u00c9P-Karte wird angenommen OTP, MKB, K&amp;H (Freizeit, Bewirtungsleistungen, Unterkunft)<\/div>\n<div class=\"szolgaltatasikon\"><img loading=\"lazy\" decoding=\"async\" class=\"alignnone size-full wp-image-1959\" src=\"https:\/\/jonathermal.hu\/wp-content\/uploads\/2022\/02\/playground.png\" alt=\"\" width=\"24\" height=\"24\" \/>\u00a0Spielplatz<\/div>\n<div class=\"szolgaltatasikon\"><img loading=\"lazy\" decoding=\"async\" class=\"alignnone size-full wp-image-1953\" src=\"https:\/\/jonathermal.hu\/wp-content\/uploads\/2022\/02\/refrigerator.png\" alt=\"\" width=\"24\" height=\"24\" \/>\u00a0K\u00fchlschrank<\/div>\n<div class=\"szolgaltatasikon\"><img loading=\"lazy\" decoding=\"async\" class=\"alignnone size-full wp-image-1952\" src=\"https:\/\/jonathermal.hu\/wp-content\/uploads\/2022\/02\/shower.png\" alt=\"\" width=\"24\" height=\"24\" \/>\u00a0Dusche<\/div>\n<div class=\"szolgaltatasikon\"><img loading=\"lazy\" decoding=\"async\" class=\"alignnone size-full wp-image-1951\" src=\"https:\/\/jonathermal.hu\/wp-content\/uploads\/2022\/02\/television.png\" alt=\"\" width=\"24\" height=\"24\" \/>\u00a0Fernseher<\/div>\n<div><\/div>\n<div class=\"szolgaltatasikon\">NTAK-Registrierungsnummer: PA19001503<\/div>\n<div>Einheitliche Bettgr\u00f6\u00dfe: 90 cm \u00d7 200 cm<\/div>\n<\/div>\n<\/div>","protected":false},"featured_media":6200,"template":"","meta":{"site-sidebar-layout":"default","site-content-layout":"default","ast-site-content-layout":"default","site-content-style":"default","site-sidebar-style":"default","ast-global-header-display":"","ast-banner-title-visibility":"","ast-main-header-display":"","ast-hfb-above-header-display":"","ast-hfb-below-header-display":"","ast-hfb-mobile-header-display":"","site-post-title":"","ast-breadcrumbs-content":"","ast-featured-img":"","footer-sml-layout":"","ast-disable-related-posts":"","theme-transparent-header-meta":"default","adv-header-id-meta":"","stick-header-meta":"","header-above-stick-meta":"","header-main-stick-meta":"","header-below-stick-meta":"","astra-migrate-meta-layouts":"set","ast-page-background-enabled":"default","ast-page-background-meta":{"desktop":{"background-color":"var(--ast-global-color-4)","background-image":"","background-repeat":"repeat","background-position":"center center","background-size":"auto","background-attachment":"scroll","background-type":"","background-media":"","overlay-type":"","overlay-color":"","overlay-opacity":"","overlay-gradient":""},"tablet":{"background-color":"","background-image":"","background-repeat":"repeat","background-position":"center center","background-size":"auto","background-attachment":"scroll","background-type":"","background-media":"","overlay-type":"","overlay-color":"","overlay-opacity":"","overlay-gradient":""},"mobile":{"background-color":"","background-image":"","background-repeat":"repeat","background-position":"center center","background-size":"auto","background-attachment":"scroll","background-type":"","background-media":"","overlay-type":"","overlay-color":"","overlay-opacity":"","overlay-gradient":""}},"ast-content-background-meta":{"desktop":{"background-color":"var(--ast-global-color-5)","background-image":"","background-repeat":"repeat","background-position":"center center","background-size":"auto","background-attachment":"scroll","background-type":"","background-media":"","overlay-type":"","overlay-color":"","overlay-opacity":"","overlay-gradient":""},"tablet":{"background-color":"var(--ast-global-color-5)","background-image":"","background-repeat":"repeat","background-position":"center center","background-size":"auto","background-attachment":"scroll","background-type":"","background-media":"","overlay-type":"","overlay-color":"","overlay-opacity":"","overlay-gradient":""},"mobile":{"background-color":"var(--ast-global-color-5)","background-image":"","background-repeat":"repeat","background-position":"center center","background-size":"auto","background-attachment":"scroll","background-type":"","background-media":"","overlay-type":"","overlay-color":"","overlay-opacity":"","overlay-gradient":""}}},"product_brand":[],"product_cat":[28],"product_tag":[32],"class_list":{"0":"post-1923","1":"product","2":"type-product","3":"status-publish","4":"has-post-thumbnail","6":"product_cat-panziok","7":"product_tag-szallas","8":"desktop-align-left","9":"tablet-align-left","10":"mobile-align-left","11":"ast-product-gallery-layout-horizontal-slider","12":"ast-product-tabs-layout-horizontal","14":"first","15":"instock","16":"virtual","17":"product-type-simple"},"yoast_head":"<!-- This site is optimized with the Yoast SEO Premium plugin v27.4 (Yoast SEO v27.4) - https:\/\/yoast.com\/product\/yoast-seo-premium-wordpress\/ -->\n<title>K\u00e9t\u00e1gyas szoba kl\u00edm\u00e1val - Jonatherm\u00e1l Gy\u00f3gy- \u00e9s \u00c9lm\u00e9nyf\u00fcrd\u0151, Motel, Kemping<\/title>\n<meta name=\"robots\" content=\"index, follow, max-snippet:-1, max-image-preview:large, max-video-preview:-1\" \/>\n<link rel=\"canonical\" href=\"https:\/\/jonathermal.hu\/de\/unterkunft\/ketagyas-szoba-klimaval\/\" \/>\n<meta property=\"og:locale\" content=\"de_DE\" \/>\n<meta property=\"og:type\" content=\"article\" \/>\n<meta property=\"og:title\" content=\"K\u00e9t\u00e1gyas szoba kl\u00edm\u00e1val\" \/>\n<meta property=\"og:description\" content=\"\u00a00-24 \u00f3r\u00e1s recepci\u00f3 \u00a0Ingyenes parkol\u00e1s  Ingyenes wifi a recepci\u00f3n\u00e1l \u00a0Bababar\u00e1t sz\u00e1ll\u00e1shely \u00a0Ker\u00e9kp\u00e1r b\u00e9rl\u00e9s \u00a0Mikrohull\u00e1m\u00fa s\u00fct\u0151 a szob\u00e1ban \u00a0T\u0171zrak\u00e1si lehet\u0151s\u00e9g a kemping ter\u00fclet\u00e9n \u00a0\u00c9ttermek a k\u00f6zelben \u00a0Besz\u00e9lt nyelvek: Magyar, Angol, N\u00e9met \u00a0Horg\u00e1sz\u00e1si lehet\u0151s\u00e9g \u00a0Grillez\u00e9si lehet\u0151s\u00e9g \u00a0F\u0151z\u00e9si lehet\u0151s\u00e9g a k\u00f6z\u00f6s konyha rezs\u00f3j\u00e1n \u00a0Gy\u00f3gy- \u00e9s \u00c9lm\u00e9nyf\u00fcrd\u0151 a recepci\u00f3 \u00e9p\u00fclet\u00e9t\u0151l 100 m\u00e9terre \u00a0Wellness szolg\u00e1ltat\u00e1sok \u00a0SZ\u00c9P k\u00e1rtya elfogad\u00f3hely: OTP, MKB, K&amp;H (Szabadid\u0151, Vend\u00e9gl\u00e1t\u00e1s, Sz\u00e1ll\u00e1shely) \u00a0J\u00e1tsz\u00f3t\u00e9r \u00a0H\u0171t\u0151szekr\u00e9ny \u00a0Zuhanyz\u00f3 \u00a0Telev\u00edzi\u00f3  NTAK regisztr\u00e1ci\u00f3s sz\u00e1m: PA19001503 \u00c1gyak m\u00e9rete egys\u00e9gesen: 90 cm \u00d7 200 cm\" \/>\n<meta property=\"og:url\" content=\"https:\/\/jonathermal.hu\/de\/unterkunft\/ketagyas-szoba-klimaval\/\" \/>\n<meta property=\"og:site_name\" content=\"Jonatherm\u00e1l Gy\u00f3gy- \u00e9s \u00c9lm\u00e9nyf\u00fcrd\u0151, Motel, Kemping\" \/>\n<meta property=\"article:publisher\" content=\"https:\/\/www.facebook.com\/Jonathermal\/\" \/>\n<meta property=\"article:modified_time\" content=\"2026-03-11T10:17:57+00:00\" \/>\n<meta property=\"og:image\" content=\"https:\/\/jonathermal.hu\/wp-content\/uploads\/2024\/02\/panzio-jonathermal3.jpg\" \/>\n\t<meta property=\"og:image:width\" content=\"2048\" \/>\n\t<meta property=\"og:image:height\" content=\"1537\" \/>\n\t<meta property=\"og:image:type\" content=\"image\/jpeg\" \/>\n<meta name=\"twitter:card\" content=\"summary_large_image\" \/>\n<script type=\"application\/ld+json\" class=\"yoast-schema-graph\">{\"@context\":\"https:\\\/\\\/schema.org\",\"@graph\":[{\"@type\":\"WebPage\",\"@id\":\"https:\\\/\\\/jonathermal.hu\\\/szallas\\\/ketagyas-szoba-klimaval\\\/\",\"url\":\"https:\\\/\\\/jonathermal.hu\\\/szallas\\\/ketagyas-szoba-klimaval\\\/\",\"name\":\"K\u00e9t\u00e1gyas szoba kl\u00edm\u00e1val - Jonatherm\u00e1l Gy\u00f3gy- \u00e9s \u00c9lm\u00e9nyf\u00fcrd\u0151, Motel, Kemping\",\"isPartOf\":{\"@id\":\"https:\\\/\\\/jonathermal.hu\\\/#website\"},\"primaryImageOfPage\":{\"@id\":\"https:\\\/\\\/jonathermal.hu\\\/szallas\\\/ketagyas-szoba-klimaval\\\/#primaryimage\"},\"image\":{\"@id\":\"https:\\\/\\\/jonathermal.hu\\\/szallas\\\/ketagyas-szoba-klimaval\\\/#primaryimage\"},\"thumbnailUrl\":\"https:\\\/\\\/jonathermal.hu\\\/wp-content\\\/uploads\\\/2024\\\/02\\\/panzio-jonathermal3.jpg\",\"datePublished\":\"2022-02-22T09:51:23+00:00\",\"dateModified\":\"2026-03-11T10:17:57+00:00\",\"breadcrumb\":{\"@id\":\"https:\\\/\\\/jonathermal.hu\\\/szallas\\\/ketagyas-szoba-klimaval\\\/#breadcrumb\"},\"inLanguage\":\"de\",\"potentialAction\":[{\"@type\":\"ReadAction\",\"target\":[\"https:\\\/\\\/jonathermal.hu\\\/szallas\\\/ketagyas-szoba-klimaval\\\/\"]}]},{\"@type\":\"ImageObject\",\"inLanguage\":\"de\",\"@id\":\"https:\\\/\\\/jonathermal.hu\\\/szallas\\\/ketagyas-szoba-klimaval\\\/#primaryimage\",\"url\":\"https:\\\/\\\/jonathermal.hu\\\/wp-content\\\/uploads\\\/2024\\\/02\\\/panzio-jonathermal3.jpg\",\"contentUrl\":\"https:\\\/\\\/jonathermal.hu\\\/wp-content\\\/uploads\\\/2024\\\/02\\\/panzio-jonathermal3.jpg\",\"width\":2048,\"height\":1537},{\"@type\":\"BreadcrumbList\",\"@id\":\"https:\\\/\\\/jonathermal.hu\\\/szallas\\\/ketagyas-szoba-klimaval\\\/#breadcrumb\",\"itemListElement\":[{\"@type\":\"ListItem\",\"position\":1,\"name\":\"Kezd\u0151lap\",\"item\":\"https:\\\/\\\/jonathermal.hu\\\/\"},{\"@type\":\"ListItem\",\"position\":2,\"name\":\"\u00dczlet\",\"item\":\"https:\\\/\\\/jonathermal.hu\\\/en\\\/uzlet\\\/\"},{\"@type\":\"ListItem\",\"position\":3,\"name\":\"K\u00e9t\u00e1gyas szoba kl\u00edm\u00e1val\"}]},{\"@type\":\"WebSite\",\"@id\":\"https:\\\/\\\/jonathermal.hu\\\/#website\",\"url\":\"https:\\\/\\\/jonathermal.hu\\\/\",\"name\":\"Jonatherm\u00e1l Gy\u00f3gy- \u00e9s \u00c9lm\u00e9nyf\u00fcrd\u0151, Motel, Kemping\",\"description\":\"Kiskunmajsa\",\"publisher\":{\"@id\":\"https:\\\/\\\/jonathermal.hu\\\/#organization\"},\"potentialAction\":[{\"@type\":\"SearchAction\",\"target\":{\"@type\":\"EntryPoint\",\"urlTemplate\":\"https:\\\/\\\/jonathermal.hu\\\/?s={search_term_string}\"},\"query-input\":{\"@type\":\"PropertyValueSpecification\",\"valueRequired\":true,\"valueName\":\"search_term_string\"}}],\"inLanguage\":\"de\"},{\"@type\":\"Organization\",\"@id\":\"https:\\\/\\\/jonathermal.hu\\\/#organization\",\"name\":\"Jonatherm\u00e1l Gy\u00f3gy- \u00e9s \u00c9lm\u00e9nyf\u00fcrd\u0151, Motel, Kemping Kiskunmajsa\",\"url\":\"https:\\\/\\\/jonathermal.hu\\\/\",\"logo\":{\"@type\":\"ImageObject\",\"inLanguage\":\"de\",\"@id\":\"https:\\\/\\\/jonathermal.hu\\\/#\\\/schema\\\/logo\\\/image\\\/\",\"url\":\"https:\\\/\\\/jonathermal.hu\\\/wp-content\\\/uploads\\\/2022\\\/02\\\/jonatherma\u0301l-logo.png\",\"contentUrl\":\"https:\\\/\\\/jonathermal.hu\\\/wp-content\\\/uploads\\\/2022\\\/02\\\/jonatherma\u0301l-logo.png\",\"width\":200,\"height\":142,\"caption\":\"Jonatherm\u00e1l Gy\u00f3gy- \u00e9s \u00c9lm\u00e9nyf\u00fcrd\u0151, Motel, Kemping Kiskunmajsa\"},\"image\":{\"@id\":\"https:\\\/\\\/jonathermal.hu\\\/#\\\/schema\\\/logo\\\/image\\\/\"},\"sameAs\":[\"https:\\\/\\\/www.facebook.com\\\/Jonathermal\\\/\",\"https:\\\/\\\/www.instagram.com\\\/jonathermal\\\/\",\"https:\\\/\\\/www.youtube.com\\\/channel\\\/UCTAd0tjGBgxWEJfuY378_Qw\\\/featured\"]}]}<\/script>\n<!-- \/ Yoast SEO Premium plugin. -->","yoast_head_json":{"title":"K\u00e9t\u00e1gyas szoba kl\u00edm\u00e1val - Jonatherm\u00e1l Gy\u00f3gy- \u00e9s \u00c9lm\u00e9nyf\u00fcrd\u0151, Motel, Kemping","robots":{"index":"index","follow":"follow","max-snippet":"max-snippet:-1","max-image-preview":"max-image-preview:large","max-video-preview":"max-video-preview:-1"},"canonical":"https:\/\/jonathermal.hu\/de\/unterkunft\/ketagyas-szoba-klimaval\/","og_locale":"de_DE","og_type":"article","og_title":"K\u00e9t\u00e1gyas szoba kl\u00edm\u00e1val","og_description":"\u00a00-24 \u00f3r\u00e1s recepci\u00f3 \u00a0Ingyenes parkol\u00e1s  Ingyenes wifi a recepci\u00f3n\u00e1l \u00a0Bababar\u00e1t sz\u00e1ll\u00e1shely \u00a0Ker\u00e9kp\u00e1r b\u00e9rl\u00e9s \u00a0Mikrohull\u00e1m\u00fa s\u00fct\u0151 a szob\u00e1ban \u00a0T\u0171zrak\u00e1si lehet\u0151s\u00e9g a kemping ter\u00fclet\u00e9n \u00a0\u00c9ttermek a k\u00f6zelben \u00a0Besz\u00e9lt nyelvek: Magyar, Angol, N\u00e9met \u00a0Horg\u00e1sz\u00e1si lehet\u0151s\u00e9g \u00a0Grillez\u00e9si lehet\u0151s\u00e9g \u00a0F\u0151z\u00e9si lehet\u0151s\u00e9g a k\u00f6z\u00f6s konyha rezs\u00f3j\u00e1n \u00a0Gy\u00f3gy- \u00e9s \u00c9lm\u00e9nyf\u00fcrd\u0151 a recepci\u00f3 \u00e9p\u00fclet\u00e9t\u0151l 100 m\u00e9terre \u00a0Wellness szolg\u00e1ltat\u00e1sok \u00a0SZ\u00c9P k\u00e1rtya elfogad\u00f3hely: OTP, MKB, K&amp;H (Szabadid\u0151, Vend\u00e9gl\u00e1t\u00e1s, Sz\u00e1ll\u00e1shely) \u00a0J\u00e1tsz\u00f3t\u00e9r \u00a0H\u0171t\u0151szekr\u00e9ny \u00a0Zuhanyz\u00f3 \u00a0Telev\u00edzi\u00f3  NTAK regisztr\u00e1ci\u00f3s sz\u00e1m: PA19001503 \u00c1gyak m\u00e9rete egys\u00e9gesen: 90 cm \u00d7 200 cm","og_url":"https:\/\/jonathermal.hu\/de\/unterkunft\/ketagyas-szoba-klimaval\/","og_site_name":"Jonatherm\u00e1l Gy\u00f3gy- \u00e9s \u00c9lm\u00e9nyf\u00fcrd\u0151, Motel, Kemping","article_publisher":"https:\/\/www.facebook.com\/Jonathermal\/","article_modified_time":"2026-03-11T10:17:57+00:00","og_image":[{"width":2048,"height":1537,"url":"https:\/\/jonathermal.hu\/wp-content\/uploads\/2024\/02\/panzio-jonathermal3.jpg","type":"image\/jpeg"}],"twitter_card":"summary_large_image","schema":{"@context":"https:\/\/schema.org","@graph":[{"@type":"WebPage","@id":"https:\/\/jonathermal.hu\/szallas\/ketagyas-szoba-klimaval\/","url":"https:\/\/jonathermal.hu\/szallas\/ketagyas-szoba-klimaval\/","name":"K\u00e9t\u00e1gyas szoba kl\u00edm\u00e1val - Jonatherm\u00e1l Gy\u00f3gy- \u00e9s \u00c9lm\u00e9nyf\u00fcrd\u0151, Motel, Kemping","isPartOf":{"@id":"https:\/\/jonathermal.hu\/#website"},"primaryImageOfPage":{"@id":"https:\/\/jonathermal.hu\/szallas\/ketagyas-szoba-klimaval\/#primaryimage"},"image":{"@id":"https:\/\/jonathermal.hu\/szallas\/ketagyas-szoba-klimaval\/#primaryimage"},"thumbnailUrl":"https:\/\/jonathermal.hu\/wp-content\/uploads\/2024\/02\/panzio-jonathermal3.jpg","datePublished":"2022-02-22T09:51:23+00:00","dateModified":"2026-03-11T10:17:57+00:00","breadcrumb":{"@id":"https:\/\/jonathermal.hu\/szallas\/ketagyas-szoba-klimaval\/#breadcrumb"},"inLanguage":"de","potentialAction":[{"@type":"ReadAction","target":["https:\/\/jonathermal.hu\/szallas\/ketagyas-szoba-klimaval\/"]}]},{"@type":"ImageObject","inLanguage":"de","@id":"https:\/\/jonathermal.hu\/szallas\/ketagyas-szoba-klimaval\/#primaryimage","url":"https:\/\/jonathermal.hu\/wp-content\/uploads\/2024\/02\/panzio-jonathermal3.jpg","contentUrl":"https:\/\/jonathermal.hu\/wp-content\/uploads\/2024\/02\/panzio-jonathermal3.jpg","width":2048,"height":1537},{"@type":"BreadcrumbList","@id":"https:\/\/jonathermal.hu\/szallas\/ketagyas-szoba-klimaval\/#breadcrumb","itemListElement":[{"@type":"ListItem","position":1,"name":"Kezd\u0151lap","item":"https:\/\/jonathermal.hu\/"},{"@type":"ListItem","position":2,"name":"\u00dczlet","item":"https:\/\/jonathermal.hu\/en\/uzlet\/"},{"@type":"ListItem","position":3,"name":"K\u00e9t\u00e1gyas szoba kl\u00edm\u00e1val"}]},{"@type":"WebSite","@id":"https:\/\/jonathermal.hu\/#website","url":"https:\/\/jonathermal.hu\/","name":"Jonatherm\u00e1l Gy\u00f3gy- \u00e9s \u00c9lm\u00e9nyf\u00fcrd\u0151, Motel, Kemping","description":"Kiskunmajsa","publisher":{"@id":"https:\/\/jonathermal.hu\/#organization"},"potentialAction":[{"@type":"SearchAction","target":{"@type":"EntryPoint","urlTemplate":"https:\/\/jonathermal.hu\/?s={search_term_string}"},"query-input":{"@type":"PropertyValueSpecification","valueRequired":true,"valueName":"search_term_string"}}],"inLanguage":"de"},{"@type":"Organization","@id":"https:\/\/jonathermal.hu\/#organization","name":"Jonatherm\u00e1l Gy\u00f3gy- \u00e9s \u00c9lm\u00e9nyf\u00fcrd\u0151, Motel, Kemping Kiskunmajsa","url":"https:\/\/jonathermal.hu\/","logo":{"@type":"ImageObject","inLanguage":"de","@id":"https:\/\/jonathermal.hu\/#\/schema\/logo\/image\/","url":"https:\/\/jonathermal.hu\/wp-content\/uploads\/2022\/02\/jonatherma\u0301l-logo.png","contentUrl":"https:\/\/jonathermal.hu\/wp-content\/uploads\/2022\/02\/jonatherma\u0301l-logo.png","width":200,"height":142,"caption":"Jonatherm\u00e1l Gy\u00f3gy- \u00e9s \u00c9lm\u00e9nyf\u00fcrd\u0151, Motel, Kemping Kiskunmajsa"},"image":{"@id":"https:\/\/jonathermal.hu\/#\/schema\/logo\/image\/"},"sameAs":["https:\/\/www.facebook.com\/Jonathermal\/","https:\/\/www.instagram.com\/jonathermal\/","https:\/\/www.youtube.com\/channel\/UCTAd0tjGBgxWEJfuY378_Qw\/featured"]}]}},"_links":{"self":[{"href":"https:\/\/jonathermal.hu\/de\/wp-json\/wp\/v2\/product\/1923","targetHints":{"allow":["GET"]}}],"collection":[{"href":"https:\/\/jonathermal.hu\/de\/wp-json\/wp\/v2\/product"}],"about":[{"href":"https:\/\/jonathermal.hu\/de\/wp-json\/wp\/v2\/types\/product"}],"version-history":[{"count":2,"href":"https:\/\/jonathermal.hu\/de\/wp-json\/wp\/v2\/product\/1923\/revisions"}],"predecessor-version":[{"id":7911,"href":"https:\/\/jonathermal.hu\/de\/wp-json\/wp\/v2\/product\/1923\/revisions\/7911"}],"wp:featuredmedia":[{"embeddable":true,"href":"https:\/\/jonathermal.hu\/de\/wp-json\/wp\/v2\/media\/6200"}],"wp:attachment":[{"href":"https:\/\/jonathermal.hu\/de\/wp-json\/wp\/v2\/media?parent=1923"}],"wp:term":[{"taxonomy":"product_brand","embeddable":true,"href":"https:\/\/jonathermal.hu\/de\/wp-json\/wp\/v2\/product_brand?post=1923"},{"taxonomy":"product_cat","embeddable":true,"href":"https:\/\/jonathermal.hu\/de\/wp-json\/wp\/v2\/product_cat?post=1923"},{"taxonomy":"product_tag","embeddable":true,"href":"https:\/\/jonathermal.hu\/de\/wp-json\/wp\/v2\/product_tag?post=1923"}],"curies":[{"name":"wp","href":"https:\/\/api.w.org\/{rel}","templated":true}]}}