{"id":898,"date":"2022-02-16T19:08:39","date_gmt":"2022-02-16T19:08:39","guid":{"rendered":"https:\/\/jonathermal.hu\/?page_id=898"},"modified":"2025-07-04T13:17:27","modified_gmt":"2025-07-04T13:17:27","slug":"strandfurdo","status":"publish","type":"page","link":"https:\/\/jonathermal.hu\/de\/furdo\/strandfurdo\/","title":{"rendered":"Strandf\u00fcrd\u0151"},"content":{"rendered":"<div data-elementor-type=\"wp-page\" data-elementor-id=\"898\" class=\"elementor elementor-898\" data-elementor-post-type=\"page\">\n\t\t\t\t\t\t<section class=\"elementor-section elementor-top-section elementor-element elementor-element-4f424e7 elementor-section-boxed elementor-section-height-default elementor-section-height-default\" data-id=\"4f424e7\" data-element_type=\"section\" data-e-type=\"section\">\n\t\t\t\t\t\t<div class=\"elementor-container elementor-column-gap-default\">\n\t\t\t\t\t<div class=\"elementor-column elementor-col-100 elementor-top-column elementor-element elementor-element-bd118d5\" data-id=\"bd118d5\" data-element_type=\"column\" data-e-type=\"column\">\n\t\t\t<div class=\"elementor-widget-wrap elementor-element-populated\">\n\t\t\t\t\t\t<div class=\"elementor-element elementor-element-f24405e elementor-widget elementor-widget-text-editor\" data-id=\"f24405e\" data-element_type=\"widget\" data-e-type=\"widget\" data-no-translation=\"\" data-widget_type=\"text-editor.default\">\n\t\t\t\t<div class=\"elementor-widget-container\">\n\t\t\t\t\t<style>.elementor-element-f24405e{display:none !important}<\/style>\t\t\t\t<\/div>\n\t\t\t\t<\/div>\n\t\t\t\t<div class=\"elementor-element elementor-element-a45ab11 elementor-widget elementor-widget-text-editor\" data-id=\"a45ab11\" data-element_type=\"widget\" data-e-type=\"widget\" data-no-translation=\"\" data-widget_type=\"text-editor.default\">\n\t\t\t\t<div class=\"elementor-widget-container\">\n\t\t\t\t\t<style>.elementor-element-a45ab11{display:none !important}<\/style>\t\t\t\t<\/div>\n\t\t\t\t<\/div>\n\t\t\t\t<div class=\"elementor-element elementor-element-ad3a9ab elementor-widget elementor-widget-text-editor\" data-id=\"ad3a9ab\" data-element_type=\"widget\" data-e-type=\"widget\" data-no-translation=\"\" data-widget_type=\"text-editor.default\">\n\t\t\t\t<div class=\"elementor-widget-container\">\n\t\t\t\t\t\t\t\t\t<p data-start=\"0\" data-end=\"309\">F\u00fcr Liebhaber von offenem Wasser und abenteuerlustige Badeg\u00e4ste bietet der k\u00fcnstlich angelegte See mit Sandstrand in den Sommermonaten eine hervorragende M\u00f6glichkeit zur Erholung. W\u00e4hrend die Kleinen beeindruckende Sandburgen am Ufer bauen, k\u00f6nnen die Gr\u00f6\u00dferen die Atmosph\u00e4re des nat\u00fcrlichen Wassers genie\u00dfen.<\/p><p data-start=\"311\" data-end=\"376\">Das Strandbad ist w\u00e4hrend der n\u00e4chtlichen Badezeiten geschlossen.<\/p><p data-start=\"378\" data-end=\"504\" data-is-last-node=\"\" data-is-only-node=\"\">Die Nutzung des Strandbads ist im Eintrittspreis inbegriffen!<br data-start=\"439\" data-end=\"442\" \/>Der Strandbad-Bereich ist vom 1. Juni bis 31. August ge\u00f6ffnet!<\/p><p data-start=\"265\" data-end=\"319\">The beach bath is closed during night bathing hours.<\/p><p data-start=\"321\" data-end=\"441\" data-is-last-node=\"\" data-is-only-node=\"\">Use of the beach bath is included in the admission ticket price!<br data-start=\"385\" data-end=\"388\" \/>The beach bath area is open from June 1 to August 31!<\/p>\t\t\t\t\t\t\t\t<\/div>\n\t\t\t\t<\/div>\n\t\t\t\t<div class=\"elementor-element elementor-element-353976e elementor-widget elementor-widget-gallery\" data-id=\"353976e\" data-element_type=\"widget\" data-e-type=\"widget\" data-settings=\"{&quot;lazyload&quot;:&quot;yes&quot;,&quot;gallery_layout&quot;:&quot;grid&quot;,&quot;columns&quot;:4,&quot;columns_tablet&quot;:2,&quot;columns_mobile&quot;:1,&quot;gap&quot;:{&quot;unit&quot;:&quot;px&quot;,&quot;size&quot;:10,&quot;sizes&quot;:[]},&quot;gap_tablet&quot;:{&quot;unit&quot;:&quot;px&quot;,&quot;size&quot;:10,&quot;sizes&quot;:[]},&quot;gap_mobile&quot;:{&quot;unit&quot;:&quot;px&quot;,&quot;size&quot;:10,&quot;sizes&quot;:[]},&quot;link_to&quot;:&quot;file&quot;,&quot;aspect_ratio&quot;:&quot;3:2&quot;,&quot;overlay_background&quot;:&quot;yes&quot;,&quot;content_hover_animation&quot;:&quot;fade-in&quot;}\" data-widget_type=\"gallery.default\">\n\t\t\t\t<div class=\"elementor-widget-container\">\n\t\t\t\t\t\t\t<div class=\"elementor-gallery__container\">\n\t\t\t\t\t\t\t<a class=\"e-gallery-item elementor-gallery-item elementor-animated-content\" href=\"https:\/\/jonathermal.hu\/wp-content\/uploads\/2022\/02\/strandfu\u0308rdo\u030b-e\u0301s-aquapark1.jpg\" data-elementor-open-lightbox=\"yes\" data-elementor-lightbox-slideshow=\"353976e\" data-elementor-lightbox-title=\"strandfu\u0308rdo\u030b e\u0301s aquapark1\" data-e-action-hash=\"#elementor-action%3Aaction%3Dlightbox%26settings%3DeyJpZCI6OTAxLCJ1cmwiOiJodHRwczpcL1wvam9uYXRoZXJtYWwuaHVcL3dwLWNvbnRlbnRcL3VwbG9hZHNcLzIwMjJcLzAyXC9zdHJhbmRmdVx1MDMwOHJkb1x1MDMwYi1lXHUwMzAxcy1hcXVhcGFyazEuanBnIiwic2xpZGVzaG93IjoiMzUzOTc2ZSJ9\">\n\t\t\t\t\t<div class=\"e-gallery-image elementor-gallery-item__image\" data-thumbnail=\"https:\/\/jonathermal.hu\/wp-content\/uploads\/2022\/02\/strandfu\u0308rdo\u030b-e\u0301s-aquapark1-300x199.jpg\" data-width=\"300\" data-height=\"199\" aria-label=\"\" role=\"img\" ><\/div>\n\t\t\t\t\t\t\t\t\t\t\t<div class=\"elementor-gallery-item__overlay\"><\/div>\n\t\t\t\t\t\t\t\t\t\t\t\t\t\t<\/a>\n\t\t\t\t\t\t\t<a class=\"e-gallery-item elementor-gallery-item elementor-animated-content\" href=\"https:\/\/jonathermal.hu\/wp-content\/uploads\/2022\/02\/strandfu\u0308rdo\u030b-e\u0301s-aquapark5.jpg\" data-elementor-open-lightbox=\"yes\" data-elementor-lightbox-slideshow=\"353976e\" data-elementor-lightbox-title=\"strandfu\u0308rdo\u030b e\u0301s aquapark5\" data-e-action-hash=\"#elementor-action%3Aaction%3Dlightbox%26settings%3DeyJpZCI6OTA1LCJ1cmwiOiJodHRwczpcL1wvam9uYXRoZXJtYWwuaHVcL3dwLWNvbnRlbnRcL3VwbG9hZHNcLzIwMjJcLzAyXC9zdHJhbmRmdVx1MDMwOHJkb1x1MDMwYi1lXHUwMzAxcy1hcXVhcGFyazUuanBnIiwic2xpZGVzaG93IjoiMzUzOTc2ZSJ9\">\n\t\t\t\t\t<div class=\"e-gallery-image elementor-gallery-item__image\" data-thumbnail=\"https:\/\/jonathermal.hu\/wp-content\/uploads\/2022\/02\/strandfu\u0308rdo\u030b-e\u0301s-aquapark5-300x199.jpg\" data-width=\"300\" data-height=\"199\" aria-label=\"\" role=\"img\" ><\/div>\n\t\t\t\t\t\t\t\t\t\t\t<div class=\"elementor-gallery-item__overlay\"><\/div>\n\t\t\t\t\t\t\t\t\t\t\t\t\t\t<\/a>\n\t\t\t\t\t\t\t<a class=\"e-gallery-item elementor-gallery-item elementor-animated-content\" href=\"https:\/\/jonathermal.hu\/wp-content\/uploads\/2022\/02\/strandfu\u0308rdo\u030b-e\u0301s-aquapark7.jpg\" data-elementor-open-lightbox=\"yes\" data-elementor-lightbox-slideshow=\"353976e\" data-elementor-lightbox-title=\"strandfu\u0308rdo\u030b e\u0301s aquapark7\" data-e-action-hash=\"#elementor-action%3Aaction%3Dlightbox%26settings%3DeyJpZCI6OTA3LCJ1cmwiOiJodHRwczpcL1wvam9uYXRoZXJtYWwuaHVcL3dwLWNvbnRlbnRcL3VwbG9hZHNcLzIwMjJcLzAyXC9zdHJhbmRmdVx1MDMwOHJkb1x1MDMwYi1lXHUwMzAxcy1hcXVhcGFyazcuanBnIiwic2xpZGVzaG93IjoiMzUzOTc2ZSJ9\">\n\t\t\t\t\t<div class=\"e-gallery-image elementor-gallery-item__image\" data-thumbnail=\"https:\/\/jonathermal.hu\/wp-content\/uploads\/2022\/02\/strandfu\u0308rdo\u030b-e\u0301s-aquapark7-300x225.jpg\" data-width=\"300\" data-height=\"225\" aria-label=\"\" role=\"img\" ><\/div>\n\t\t\t\t\t\t\t\t\t\t\t<div class=\"elementor-gallery-item__overlay\"><\/div>\n\t\t\t\t\t\t\t\t\t\t\t\t\t\t<\/a>\n\t\t\t\t\t\t\t<a class=\"e-gallery-item elementor-gallery-item elementor-animated-content\" href=\"https:\/\/jonathermal.hu\/wp-content\/uploads\/2022\/02\/strandfu\u0308rdo\u030b-e\u0301s-aquapark9.jpg\" data-elementor-open-lightbox=\"yes\" data-elementor-lightbox-slideshow=\"353976e\" data-elementor-lightbox-title=\"strandfu\u0308rdo\u030b e\u0301s aquapark9\" data-e-action-hash=\"#elementor-action%3Aaction%3Dlightbox%26settings%3DeyJpZCI6OTA5LCJ1cmwiOiJodHRwczpcL1wvam9uYXRoZXJtYWwuaHVcL3dwLWNvbnRlbnRcL3VwbG9hZHNcLzIwMjJcLzAyXC9zdHJhbmRmdVx1MDMwOHJkb1x1MDMwYi1lXHUwMzAxcy1hcXVhcGFyazkuanBnIiwic2xpZGVzaG93IjoiMzUzOTc2ZSJ9\">\n\t\t\t\t\t<div class=\"e-gallery-image elementor-gallery-item__image\" data-thumbnail=\"https:\/\/jonathermal.hu\/wp-content\/uploads\/2022\/02\/strandfu\u0308rdo\u030b-e\u0301s-aquapark9-300x225.jpg\" data-width=\"300\" data-height=\"225\" aria-label=\"\" role=\"img\" ><\/div>\n\t\t\t\t\t\t\t\t\t\t\t<div class=\"elementor-gallery-item__overlay\"><\/div>\n\t\t\t\t\t\t\t\t\t\t\t\t\t\t<\/a>\n\t\t\t\t\t\t\t<a class=\"e-gallery-item elementor-gallery-item elementor-animated-content\" href=\"https:\/\/jonathermal.hu\/wp-content\/uploads\/2022\/02\/strandfu\u0308rdo\u030b-e\u0301s-aquapark10.jpeg\" data-elementor-open-lightbox=\"yes\" data-elementor-lightbox-slideshow=\"353976e\" data-elementor-lightbox-title=\"strandfu\u0308rdo\u030b e\u0301s aquapark10\" data-e-action-hash=\"#elementor-action%3Aaction%3Dlightbox%26settings%3DeyJpZCI6OTEwLCJ1cmwiOiJodHRwczpcL1wvam9uYXRoZXJtYWwuaHVcL3dwLWNvbnRlbnRcL3VwbG9hZHNcLzIwMjJcLzAyXC9zdHJhbmRmdVx1MDMwOHJkb1x1MDMwYi1lXHUwMzAxcy1hcXVhcGFyazEwLmpwZWciLCJzbGlkZXNob3ciOiIzNTM5NzZlIn0%3D\">\n\t\t\t\t\t<div class=\"e-gallery-image elementor-gallery-item__image\" data-thumbnail=\"https:\/\/jonathermal.hu\/wp-content\/uploads\/2022\/02\/strandfu\u0308rdo\u030b-e\u0301s-aquapark10-300x124.jpeg\" data-width=\"300\" data-height=\"124\" aria-label=\"\" role=\"img\" ><\/div>\n\t\t\t\t\t\t\t\t\t\t\t<div class=\"elementor-gallery-item__overlay\"><\/div>\n\t\t\t\t\t\t\t\t\t\t\t\t\t\t<\/a>\n\t\t\t\t\t\t\t<a class=\"e-gallery-item elementor-gallery-item elementor-animated-content\" href=\"https:\/\/jonathermal.hu\/wp-content\/uploads\/2022\/02\/strandfu\u0308rdo\u030b-e\u0301s-aquapark13.jpeg\" data-elementor-open-lightbox=\"yes\" data-elementor-lightbox-slideshow=\"353976e\" data-elementor-lightbox-title=\"strandfu\u0308rdo\u030b e\u0301s aquapark13\" data-e-action-hash=\"#elementor-action%3Aaction%3Dlightbox%26settings%3DeyJpZCI6OTEzLCJ1cmwiOiJodHRwczpcL1wvam9uYXRoZXJtYWwuaHVcL3dwLWNvbnRlbnRcL3VwbG9hZHNcLzIwMjJcLzAyXC9zdHJhbmRmdVx1MDMwOHJkb1x1MDMwYi1lXHUwMzAxcy1hcXVhcGFyazEzLmpwZWciLCJzbGlkZXNob3ciOiIzNTM5NzZlIn0%3D\">\n\t\t\t\t\t<div class=\"e-gallery-image elementor-gallery-item__image\" data-thumbnail=\"https:\/\/jonathermal.hu\/wp-content\/uploads\/2022\/02\/strandfu\u0308rdo\u030b-e\u0301s-aquapark13-300x225.jpeg\" data-width=\"300\" data-height=\"225\" aria-label=\"\" role=\"img\" ><\/div>\n\t\t\t\t\t\t\t\t\t\t\t<div class=\"elementor-gallery-item__overlay\"><\/div>\n\t\t\t\t\t\t\t\t\t\t\t\t\t\t<\/a>\n\t\t\t\t\t\t\t<a class=\"e-gallery-item elementor-gallery-item elementor-animated-content\" href=\"https:\/\/jonathermal.hu\/wp-content\/uploads\/2022\/02\/strandfu\u0308rdo\u030b-e\u0301s-aquapark14.jpeg\" data-elementor-open-lightbox=\"yes\" data-elementor-lightbox-slideshow=\"353976e\" data-elementor-lightbox-title=\"strandfu\u0308rdo\u030b e\u0301s aquapark14\" data-e-action-hash=\"#elementor-action%3Aaction%3Dlightbox%26settings%3DeyJpZCI6OTE0LCJ1cmwiOiJodHRwczpcL1wvam9uYXRoZXJtYWwuaHVcL3dwLWNvbnRlbnRcL3VwbG9hZHNcLzIwMjJcLzAyXC9zdHJhbmRmdVx1MDMwOHJkb1x1MDMwYi1lXHUwMzAxcy1hcXVhcGFyazE0LmpwZWciLCJzbGlkZXNob3ciOiIzNTM5NzZlIn0%3D\">\n\t\t\t\t\t<div class=\"e-gallery-image elementor-gallery-item__image\" data-thumbnail=\"https:\/\/jonathermal.hu\/wp-content\/uploads\/2022\/02\/strandfu\u0308rdo\u030b-e\u0301s-aquapark14-300x113.jpeg\" data-width=\"300\" data-height=\"113\" aria-label=\"\" role=\"img\" ><\/div>\n\t\t\t\t\t\t\t\t\t\t\t<div class=\"elementor-gallery-item__overlay\"><\/div>\n\t\t\t\t\t\t\t\t\t\t\t\t\t\t<\/a>\n\t\t\t\t\t<\/div>\n\t\t\t\t\t<\/div>\n\t\t\t\t<\/div>\n\t\t\t\t\t<\/div>\n\t\t<\/div>\n\t\t\t\t\t<\/div>\n\t\t<\/section>\n\t\t\t\t<\/div>","protected":false},"excerpt":{"rendered":"<p>A ny\u00edlt v\u00edz kedvel\u0151i \u00e9s a kalandv\u00e1gy\u00f3 f\u00fcrd\u0151z\u0151k sz\u00e1m\u00e1ra kit\u0171n\u0151 kikapcsol\u00f3d\u00e1si lehet\u0151s\u00e9g ny\u00e1ri id\u0151szakban a homokos parttal rendelkez\u0151 mesters\u00e9ges t\u00f3. M\u00edg a kisebbek l\u00e1tv\u00e1nyos homokv\u00e1rat \u00e9p\u00edthetnek a parton, addig a nagyobbak \u00e9lvezhetik a term\u00e9szetes v\u00edz hangulat\u00e1t.A strandf\u00fcrd\u0151 \u00e9jszakai f\u00fcrd\u0151z\u00e9sek alkalm\u00e1val z\u00e1rva tart. A strandf\u00fcrd\u0151 haszn\u00e1lata benne van a f\u00fcrd\u0151bel\u00e9p\u0151 \u00e1r\u00e1ban!A strandf\u00fcrd\u0151 r\u00e9szleg j\u00fanius 1-t\u0151l augusztus [&hellip;]<\/p>\n","protected":false},"author":1,"featured_media":0,"parent":564,"menu_order":0,"comment_status":"closed","ping_status":"closed","template":"","meta":{"site-sidebar-layout":"no-sidebar","site-content-layout":"page-builder","ast-site-content-layout":"full-width-container","site-content-style":"unboxed","site-sidebar-style":"unboxed","ast-global-header-display":"","ast-banner-title-visibility":"","ast-main-header-display":"","ast-hfb-above-header-display":"","ast-hfb-below-header-display":"","ast-hfb-mobile-header-display":"","site-post-title":"disabled","ast-breadcrumbs-content":"","ast-featured-img":"disabled","footer-sml-layout":"","ast-disable-related-posts":"","theme-transparent-header-meta":"","adv-header-id-meta":"","stick-header-meta":"","header-above-stick-meta":"","header-main-stick-meta":"","header-below-stick-meta":"","astra-migrate-meta-layouts":"set","ast-page-background-enabled":"default","ast-page-background-meta":{"desktop":{"background-color":"var(--ast-global-color-4)","background-image":"","background-repeat":"repeat","background-position":"center center","background-size":"auto","background-attachment":"scroll","background-type":"","background-media":"","overlay-type":"","overlay-color":"","overlay-opacity":"","overlay-gradient":""},"tablet":{"background-color":"","background-image":"","background-repeat":"repeat","background-position":"center center","background-size":"auto","background-attachment":"scroll","background-type":"","background-media":"","overlay-type":"","overlay-color":"","overlay-opacity":"","overlay-gradient":""},"mobile":{"background-color":"","background-image":"","background-repeat":"repeat","background-position":"center center","background-size":"auto","background-attachment":"scroll","background-type":"","background-media":"","overlay-type":"","overlay-color":"","overlay-opacity":"","overlay-gradient":""}},"ast-content-background-meta":{"desktop":{"background-color":"var(--ast-global-color-5)","background-image":"","background-repeat":"repeat","background-position":"center center","background-size":"auto","background-attachment":"scroll","background-type":"","background-media":"","overlay-type":"","overlay-color":"","overlay-opacity":"","overlay-gradient":""},"tablet":{"background-color":"var(--ast-global-color-5)","background-image":"","background-repeat":"repeat","background-position":"center center","background-size":"auto","background-attachment":"scroll","background-type":"","background-media":"","overlay-type":"","overlay-color":"","overlay-opacity":"","overlay-gradient":""},"mobile":{"background-color":"var(--ast-global-color-5)","background-image":"","background-repeat":"repeat","background-position":"center center","background-size":"auto","background-attachment":"scroll","background-type":"","background-media":"","overlay-type":"","overlay-color":"","overlay-opacity":"","overlay-gradient":""}},"footnotes":""},"class_list":["post-898","page","type-page","status-publish","hentry"],"yoast_head":"<!-- This site is optimized with the Yoast SEO Premium plugin v27.4 (Yoast SEO v27.4) - https:\/\/yoast.com\/product\/yoast-seo-premium-wordpress\/ -->\n<title>Strandf\u00fcrd\u0151 - Jonatherm\u00e1l Gy\u00f3gy- \u00e9s \u00c9lm\u00e9nyf\u00fcrd\u0151, Motel, Kemping<\/title>\n<meta name=\"robots\" content=\"index, follow, max-snippet:-1, max-image-preview:large, max-video-preview:-1\" \/>\n<link rel=\"canonical\" href=\"https:\/\/jonathermal.hu\/de\/furdo\/strandfurdo\/\" \/>\n<meta property=\"og:locale\" content=\"de_DE\" \/>\n<meta property=\"og:type\" content=\"article\" \/>\n<meta property=\"og:title\" content=\"Strandf\u00fcrd\u0151\" \/>\n<meta property=\"og:description\" content=\"A ny\u00edlt v\u00edz kedvel\u0151i \u00e9s a kalandv\u00e1gy\u00f3 f\u00fcrd\u0151z\u0151k sz\u00e1m\u00e1ra kit\u0171n\u0151 kikapcsol\u00f3d\u00e1si lehet\u0151s\u00e9g ny\u00e1ri id\u0151szakban a homokos parttal rendelkez\u0151 mesters\u00e9ges t\u00f3. M\u00edg a kisebbek l\u00e1tv\u00e1nyos homokv\u00e1rat \u00e9p\u00edthetnek a parton, addig a nagyobbak \u00e9lvezhetik a term\u00e9szetes v\u00edz hangulat\u00e1t.A strandf\u00fcrd\u0151 \u00e9jszakai f\u00fcrd\u0151z\u00e9sek alkalm\u00e1val z\u00e1rva tart. A strandf\u00fcrd\u0151 haszn\u00e1lata benne van a f\u00fcrd\u0151bel\u00e9p\u0151 \u00e1r\u00e1ban!A strandf\u00fcrd\u0151 r\u00e9szleg j\u00fanius 1-t\u0151l augusztus [&hellip;]\" \/>\n<meta property=\"og:url\" content=\"https:\/\/jonathermal.hu\/de\/furdo\/strandfurdo\/\" \/>\n<meta property=\"og:site_name\" content=\"Jonatherm\u00e1l Gy\u00f3gy- \u00e9s \u00c9lm\u00e9nyf\u00fcrd\u0151, Motel, Kemping\" \/>\n<meta property=\"article:publisher\" content=\"https:\/\/www.facebook.com\/Jonathermal\/\" \/>\n<meta property=\"article:modified_time\" content=\"2025-07-04T13:17:27+00:00\" \/>\n<meta name=\"twitter:card\" content=\"summary_large_image\" \/>\n<script type=\"application\/ld+json\" class=\"yoast-schema-graph\">{\"@context\":\"https:\\\/\\\/schema.org\",\"@graph\":[{\"@type\":\"WebPage\",\"@id\":\"https:\\\/\\\/jonathermal.hu\\\/furdo\\\/strandfurdo\\\/\",\"url\":\"https:\\\/\\\/jonathermal.hu\\\/furdo\\\/strandfurdo\\\/\",\"name\":\"Strandf\u00fcrd\u0151 - Jonatherm\u00e1l Gy\u00f3gy- \u00e9s \u00c9lm\u00e9nyf\u00fcrd\u0151, Motel, Kemping\",\"isPartOf\":{\"@id\":\"https:\\\/\\\/jonathermal.hu\\\/#website\"},\"datePublished\":\"2022-02-16T19:08:39+00:00\",\"dateModified\":\"2025-07-04T13:17:27+00:00\",\"breadcrumb\":{\"@id\":\"https:\\\/\\\/jonathermal.hu\\\/furdo\\\/strandfurdo\\\/#breadcrumb\"},\"inLanguage\":\"de\",\"potentialAction\":[{\"@type\":\"ReadAction\",\"target\":[\"https:\\\/\\\/jonathermal.hu\\\/furdo\\\/strandfurdo\\\/\"]}]},{\"@type\":\"BreadcrumbList\",\"@id\":\"https:\\\/\\\/jonathermal.hu\\\/furdo\\\/strandfurdo\\\/#breadcrumb\",\"itemListElement\":[{\"@type\":\"ListItem\",\"position\":1,\"name\":\"Kezd\u0151lap\",\"item\":\"https:\\\/\\\/jonathermal.hu\\\/\"},{\"@type\":\"ListItem\",\"position\":2,\"name\":\"F\u00fcrd\u0151\",\"item\":\"https:\\\/\\\/jonathermal.hu\\\/furdo\\\/\"},{\"@type\":\"ListItem\",\"position\":3,\"name\":\"Strandf\u00fcrd\u0151\"}]},{\"@type\":\"WebSite\",\"@id\":\"https:\\\/\\\/jonathermal.hu\\\/#website\",\"url\":\"https:\\\/\\\/jonathermal.hu\\\/\",\"name\":\"Jonatherm\u00e1l Gy\u00f3gy- \u00e9s \u00c9lm\u00e9nyf\u00fcrd\u0151, Motel, Kemping\",\"description\":\"Kiskunmajsa\",\"publisher\":{\"@id\":\"https:\\\/\\\/jonathermal.hu\\\/#organization\"},\"potentialAction\":[{\"@type\":\"SearchAction\",\"target\":{\"@type\":\"EntryPoint\",\"urlTemplate\":\"https:\\\/\\\/jonathermal.hu\\\/?s={search_term_string}\"},\"query-input\":{\"@type\":\"PropertyValueSpecification\",\"valueRequired\":true,\"valueName\":\"search_term_string\"}}],\"inLanguage\":\"de\"},{\"@type\":\"Organization\",\"@id\":\"https:\\\/\\\/jonathermal.hu\\\/#organization\",\"name\":\"Jonatherm\u00e1l Gy\u00f3gy- \u00e9s \u00c9lm\u00e9nyf\u00fcrd\u0151, Motel, Kemping Kiskunmajsa\",\"url\":\"https:\\\/\\\/jonathermal.hu\\\/\",\"logo\":{\"@type\":\"ImageObject\",\"inLanguage\":\"de\",\"@id\":\"https:\\\/\\\/jonathermal.hu\\\/#\\\/schema\\\/logo\\\/image\\\/\",\"url\":\"https:\\\/\\\/jonathermal.hu\\\/wp-content\\\/uploads\\\/2022\\\/02\\\/jonatherma\u0301l-logo.png\",\"contentUrl\":\"https:\\\/\\\/jonathermal.hu\\\/wp-content\\\/uploads\\\/2022\\\/02\\\/jonatherma\u0301l-logo.png\",\"width\":200,\"height\":142,\"caption\":\"Jonatherm\u00e1l Gy\u00f3gy- \u00e9s \u00c9lm\u00e9nyf\u00fcrd\u0151, Motel, Kemping Kiskunmajsa\"},\"image\":{\"@id\":\"https:\\\/\\\/jonathermal.hu\\\/#\\\/schema\\\/logo\\\/image\\\/\"},\"sameAs\":[\"https:\\\/\\\/www.facebook.com\\\/Jonathermal\\\/\",\"https:\\\/\\\/www.instagram.com\\\/jonathermal\\\/\",\"https:\\\/\\\/www.youtube.com\\\/channel\\\/UCTAd0tjGBgxWEJfuY378_Qw\\\/featured\"]}]}<\/script>\n<!-- \/ Yoast SEO Premium plugin. -->","yoast_head_json":{"title":"Strandf\u00fcrd\u0151 - Jonatherm\u00e1l Gy\u00f3gy- \u00e9s \u00c9lm\u00e9nyf\u00fcrd\u0151, Motel, Kemping","robots":{"index":"index","follow":"follow","max-snippet":"max-snippet:-1","max-image-preview":"max-image-preview:large","max-video-preview":"max-video-preview:-1"},"canonical":"https:\/\/jonathermal.hu\/de\/furdo\/strandfurdo\/","og_locale":"de_DE","og_type":"article","og_title":"Strandf\u00fcrd\u0151","og_description":"A ny\u00edlt v\u00edz kedvel\u0151i \u00e9s a kalandv\u00e1gy\u00f3 f\u00fcrd\u0151z\u0151k sz\u00e1m\u00e1ra kit\u0171n\u0151 kikapcsol\u00f3d\u00e1si lehet\u0151s\u00e9g ny\u00e1ri id\u0151szakban a homokos parttal rendelkez\u0151 mesters\u00e9ges t\u00f3. M\u00edg a kisebbek l\u00e1tv\u00e1nyos homokv\u00e1rat \u00e9p\u00edthetnek a parton, addig a nagyobbak \u00e9lvezhetik a term\u00e9szetes v\u00edz hangulat\u00e1t.A strandf\u00fcrd\u0151 \u00e9jszakai f\u00fcrd\u0151z\u00e9sek alkalm\u00e1val z\u00e1rva tart. A strandf\u00fcrd\u0151 haszn\u00e1lata benne van a f\u00fcrd\u0151bel\u00e9p\u0151 \u00e1r\u00e1ban!A strandf\u00fcrd\u0151 r\u00e9szleg j\u00fanius 1-t\u0151l augusztus [&hellip;]","og_url":"https:\/\/jonathermal.hu\/de\/furdo\/strandfurdo\/","og_site_name":"Jonatherm\u00e1l Gy\u00f3gy- \u00e9s \u00c9lm\u00e9nyf\u00fcrd\u0151, Motel, Kemping","article_publisher":"https:\/\/www.facebook.com\/Jonathermal\/","article_modified_time":"2025-07-04T13:17:27+00:00","twitter_card":"summary_large_image","schema":{"@context":"https:\/\/schema.org","@graph":[{"@type":"WebPage","@id":"https:\/\/jonathermal.hu\/furdo\/strandfurdo\/","url":"https:\/\/jonathermal.hu\/furdo\/strandfurdo\/","name":"Strandf\u00fcrd\u0151 - Jonatherm\u00e1l Gy\u00f3gy- \u00e9s \u00c9lm\u00e9nyf\u00fcrd\u0151, Motel, Kemping","isPartOf":{"@id":"https:\/\/jonathermal.hu\/#website"},"datePublished":"2022-02-16T19:08:39+00:00","dateModified":"2025-07-04T13:17:27+00:00","breadcrumb":{"@id":"https:\/\/jonathermal.hu\/furdo\/strandfurdo\/#breadcrumb"},"inLanguage":"de","potentialAction":[{"@type":"ReadAction","target":["https:\/\/jonathermal.hu\/furdo\/strandfurdo\/"]}]},{"@type":"BreadcrumbList","@id":"https:\/\/jonathermal.hu\/furdo\/strandfurdo\/#breadcrumb","itemListElement":[{"@type":"ListItem","position":1,"name":"Kezd\u0151lap","item":"https:\/\/jonathermal.hu\/"},{"@type":"ListItem","position":2,"name":"F\u00fcrd\u0151","item":"https:\/\/jonathermal.hu\/furdo\/"},{"@type":"ListItem","position":3,"name":"Strandf\u00fcrd\u0151"}]},{"@type":"WebSite","@id":"https:\/\/jonathermal.hu\/#website","url":"https:\/\/jonathermal.hu\/","name":"Jonatherm\u00e1l Gy\u00f3gy- \u00e9s \u00c9lm\u00e9nyf\u00fcrd\u0151, Motel, Kemping","description":"Kiskunmajsa","publisher":{"@id":"https:\/\/jonathermal.hu\/#organization"},"potentialAction":[{"@type":"SearchAction","target":{"@type":"EntryPoint","urlTemplate":"https:\/\/jonathermal.hu\/?s={search_term_string}"},"query-input":{"@type":"PropertyValueSpecification","valueRequired":true,"valueName":"search_term_string"}}],"inLanguage":"de"},{"@type":"Organization","@id":"https:\/\/jonathermal.hu\/#organization","name":"Jonatherm\u00e1l Gy\u00f3gy- \u00e9s \u00c9lm\u00e9nyf\u00fcrd\u0151, Motel, Kemping Kiskunmajsa","url":"https:\/\/jonathermal.hu\/","logo":{"@type":"ImageObject","inLanguage":"de","@id":"https:\/\/jonathermal.hu\/#\/schema\/logo\/image\/","url":"https:\/\/jonathermal.hu\/wp-content\/uploads\/2022\/02\/jonatherma\u0301l-logo.png","contentUrl":"https:\/\/jonathermal.hu\/wp-content\/uploads\/2022\/02\/jonatherma\u0301l-logo.png","width":200,"height":142,"caption":"Jonatherm\u00e1l Gy\u00f3gy- \u00e9s \u00c9lm\u00e9nyf\u00fcrd\u0151, Motel, Kemping Kiskunmajsa"},"image":{"@id":"https:\/\/jonathermal.hu\/#\/schema\/logo\/image\/"},"sameAs":["https:\/\/www.facebook.com\/Jonathermal\/","https:\/\/www.instagram.com\/jonathermal\/","https:\/\/www.youtube.com\/channel\/UCTAd0tjGBgxWEJfuY378_Qw\/featured"]}]}},"_links":{"self":[{"href":"https:\/\/jonathermal.hu\/de\/wp-json\/wp\/v2\/pages\/898","targetHints":{"allow":["GET"]}}],"collection":[{"href":"https:\/\/jonathermal.hu\/de\/wp-json\/wp\/v2\/pages"}],"about":[{"href":"https:\/\/jonathermal.hu\/de\/wp-json\/wp\/v2\/types\/page"}],"author":[{"embeddable":true,"href":"https:\/\/jonathermal.hu\/de\/wp-json\/wp\/v2\/users\/1"}],"replies":[{"embeddable":true,"href":"https:\/\/jonathermal.hu\/de\/wp-json\/wp\/v2\/comments?post=898"}],"version-history":[{"count":7,"href":"https:\/\/jonathermal.hu\/de\/wp-json\/wp\/v2\/pages\/898\/revisions"}],"predecessor-version":[{"id":7497,"href":"https:\/\/jonathermal.hu\/de\/wp-json\/wp\/v2\/pages\/898\/revisions\/7497"}],"up":[{"embeddable":true,"href":"https:\/\/jonathermal.hu\/de\/wp-json\/wp\/v2\/pages\/564"}],"wp:attachment":[{"href":"https:\/\/jonathermal.hu\/de\/wp-json\/wp\/v2\/media?parent=898"}],"curies":[{"name":"wp","href":"https:\/\/api.w.org\/{rel}","templated":true}]}}