{"id":768,"date":"2022-02-16T15:07:41","date_gmt":"2022-02-16T15:07:41","guid":{"rendered":"https:\/\/jonathermal.hu\/?page_id=768"},"modified":"2023-02-13T16:01:06","modified_gmt":"2023-02-13T16:01:06","slug":"elfogadott-utalvanyok-kedvezmenykartyak","status":"publish","type":"page","link":"https:\/\/jonathermal.hu\/de\/elfogadott-utalvanyok-kedvezmenykartyak\/","title":{"rendered":"Gutscheine und Rabattkarten werden akzeptiert"},"content":{"rendered":"<p><strong>SZ\u00c9P k\u00e1rtya elfogad\u00f3hely!<\/strong><\/p>\n\n\n\n<p><strong>SZ\u00c9P k\u00e1rty\u00e1t<\/strong>\u00a0a f\u00fcrd\u0151ben az erre kijel\u00f6lt\u00a0p\u00e9nzt\u00e1raiban, valamint a\u00a0motel recepci\u00f3j\u00e1n\u00a0tudj\u00e1k bev\u00e1ltani \u00e9s felhaszn\u00e1lni.<\/p>\n\n\n\n<p><em>Tov\u00e1bbi inform\u00e1ci\u00f3k:<\/em><\/p>\n\n\n\n<p>Tel:&nbsp;06-77\/481-855<\/p>\n\n\n\n<p>vagy email:&nbsp;<a href=\"mailto:info@jonathermal.hu\">info@jonathermal.hu<\/a><\/p>\n\n\n\n<p><strong>Szerz\u0151d\u00f6tt eg\u00e9szs\u00e9gp\u00e9nzt\u00e1ri partnereink<\/strong><\/p>\n\n\n\n<p>&#8211; Adoszt Eg\u00e9szs\u00e9gp\u00e9nzt\u00e1r<\/p>\n\n\n\n<p>&#8211; Allianz Hung\u00e1ria Eg\u00e9szs\u00e9gp\u00e9nzt\u00e1r<\/p>\n\n\n\n<p>&#8211; Aranykor Eg\u00e9szs\u00e9gp\u00e9nzt\u00e1r<\/p>\n\n\n\n<p>&#8211;&nbsp;AXA Eg\u00e9szs\u00e9gp\u00e9nzt\u00e1r 2007. febru\u00e1r 1-t\u0151l&nbsp;(Winterthur helyett)<\/p>\n\n\n\n<p>&#8211; Balzsam Eg\u00e9szs\u00e9gp\u00e9nzt\u00e1r<\/p>\n\n\n\n<p>&#8211;&nbsp;Dimenzi\u00f3 Eg\u00e9szs\u00e9gp\u00e9nzt\u00e1r<\/p>\n\n\n\n<p>&#8211; Fitt Eg\u00e9szs\u00e9gp\u00e9nzt\u00e1r<\/p>\n\n\n\n<p>&#8211; Generali Eg\u00e9szs\u00e9gp\u00e9nzt\u00e1r<\/p>\n\n\n\n<p>&#8211; Harm\u00f3nia Eg\u00e9szs\u00e9gp\u00e9nzt\u00e1r<\/p>\n\n\n\n<p>&#8211; Herendi Porcel\u00e1nmanufakt\u00fara Rt. Eg\u00e9szs\u00e9gp\u00e9nzt\u00e1ra<\/p>\n\n\n\n<p>&#8211; Honv\u00e9d Eg\u00e9szs\u00e9gp\u00e9nzt\u00e1r<\/p>\n\n\n\n<p>&#8211; Izys Eg\u00e9szs\u00e9gp\u00e9nzt\u00e1r<\/p>\n\n\n\n<p>&#8211; K &amp; H Medicina Eg\u00e9szs\u00e9gp\u00e9nzt\u00e1r<\/p>\n\n\n\n<p>&#8211; Komfort Eg\u00e9szs\u00e9gp\u00e9nzt\u00e1r<\/p>\n\n\n\n<p>&#8211; Krist\u00e1ly \u00d6nk\u00e9ntes K\u00f6lcs\u00f6n\u00f6s Kieg\u00e9sz\u00edt\u0151 Eg\u00e9szs\u00e9gp\u00e9nzt\u00e1r<\/p>\n\n\n\n<p>&#8211; MKB (Talizm\u00e1n) Eg\u00e9szs\u00e9gp\u00e9nzt\u00e1r<\/p>\n\n\n\n<p>&#8211; OTP Orsz\u00e1gos Eg\u00e9szs\u00e9gp\u00e9nzt\u00e1r<\/p>\n\n\n\n<p>&#8211; Patika \u00d6nk\u00e9ntes K\u00f6lcs\u00f6n\u00f6s Eg\u00e9szs\u00e9gp\u00e9nzt\u00e1r<\/p>\n\n\n\n<p>&#8211; Pro Vita Eg\u00e9szs\u00e9gp\u00e9nzt\u00e1r<\/p>\n\n\n\n<p>&#8211; Questor Orsz\u00e1gos Eg\u00e9szs\u00e9gp\u00e9nzt\u00e1r<\/p>\n\n\n\n<p>&#8211; Tempo Eg\u00e9szs\u00e9gp\u00e9nzt\u00e1r<\/p>\n\n\n\n<p>&#8211; Uniqa Eg\u00e9szs\u00e9gp\u00e9nzt\u00e1r<\/p>\n\n\n\n<p>&#8211; Vasutas Eg\u00e9szs\u00e9gp\u00e9nzt\u00e1r<\/p>\n\n\n\n<p>&#8211; Vitamin Eg\u00e9szs\u00e9gp\u00e9nzt\u00e1r<\/p>\n\n\n\n<p>&#8211; Welness Orsz\u00e1gos&nbsp;\u00d6nk\u00e9ntes Eg\u00e9szs\u00e9gp\u00e9nzt\u00e1r<\/p>\n\n\n\n<p><strong>Sz\u00edvesen v\u00e1rjuk azon Eg\u00e9szs\u00e9gp\u00e9nzt\u00e1rak, illetve P\u00e9nzt\u00e1rtagok jelentkez\u00e9s\u00e9t is, akik m\u00e9g nem szerepelnek partnereink k\u00f6z\u00f6tt!<\/strong><\/p>","protected":false},"excerpt":{"rendered":"<p>SZ\u00c9P k\u00e1rtya elfogad\u00f3hely! SZ\u00c9P k\u00e1rty\u00e1t\u00a0a f\u00fcrd\u0151ben az erre kijel\u00f6lt\u00a0p\u00e9nzt\u00e1raiban, valamint a\u00a0motel recepci\u00f3j\u00e1n\u00a0tudj\u00e1k bev\u00e1ltani \u00e9s felhaszn\u00e1lni. Tov\u00e1bbi inform\u00e1ci\u00f3k: Tel:&nbsp;06-77\/481-855 vagy email:&nbsp;info@jonathermal.hu Szerz\u0151d\u00f6tt eg\u00e9szs\u00e9gp\u00e9nzt\u00e1ri partnereink &#8211; Adoszt Eg\u00e9szs\u00e9gp\u00e9nzt\u00e1r &#8211; Allianz Hung\u00e1ria Eg\u00e9szs\u00e9gp\u00e9nzt\u00e1r &#8211; Aranykor Eg\u00e9szs\u00e9gp\u00e9nzt\u00e1r &#8211;&nbsp;AXA Eg\u00e9szs\u00e9gp\u00e9nzt\u00e1r 2007. febru\u00e1r 1-t\u0151l&nbsp;(Winterthur helyett) &#8211; Balzsam Eg\u00e9szs\u00e9gp\u00e9nzt\u00e1r &#8211;&nbsp;Dimenzi\u00f3 Eg\u00e9szs\u00e9gp\u00e9nzt\u00e1r &#8211; Fitt Eg\u00e9szs\u00e9gp\u00e9nzt\u00e1r &#8211; Generali Eg\u00e9szs\u00e9gp\u00e9nzt\u00e1r &#8211; Harm\u00f3nia Eg\u00e9szs\u00e9gp\u00e9nzt\u00e1r &#8211; Herendi [&hellip;]<\/p>\n","protected":false},"author":1,"featured_media":0,"parent":0,"menu_order":0,"comment_status":"closed","ping_status":"closed","template":"","meta":{"site-sidebar-layout":"no-sidebar","site-content-layout":"page-builder","ast-site-content-layout":"default","site-content-style":"default","site-sidebar-style":"default","ast-global-header-display":"","ast-banner-title-visibility":"","ast-main-header-display":"","ast-hfb-above-header-display":"","ast-hfb-below-header-display":"","ast-hfb-mobile-header-display":"","site-post-title":"disabled","ast-breadcrumbs-content":"","ast-featured-img":"disabled","footer-sml-layout":"","ast-disable-related-posts":"","theme-transparent-header-meta":"","adv-header-id-meta":"","stick-header-meta":"","header-above-stick-meta":"","header-main-stick-meta":"","header-below-stick-meta":"","astra-migrate-meta-layouts":"default","ast-page-background-enabled":"default","ast-page-background-meta":{"desktop":{"background-color":"var(--ast-global-color-4)","background-image":"","background-repeat":"repeat","background-position":"center center","background-size":"auto","background-attachment":"scroll","background-type":"","background-media":"","overlay-type":"","overlay-color":"","overlay-opacity":"","overlay-gradient":""},"tablet":{"background-color":"","background-image":"","background-repeat":"repeat","background-position":"center center","background-size":"auto","background-attachment":"scroll","background-type":"","background-media":"","overlay-type":"","overlay-color":"","overlay-opacity":"","overlay-gradient":""},"mobile":{"background-color":"","background-image":"","background-repeat":"repeat","background-position":"center center","background-size":"auto","background-attachment":"scroll","background-type":"","background-media":"","overlay-type":"","overlay-color":"","overlay-opacity":"","overlay-gradient":""}},"ast-content-background-meta":{"desktop":{"background-color":"var(--ast-global-color-5)","background-image":"","background-repeat":"repeat","background-position":"center center","background-size":"auto","background-attachment":"scroll","background-type":"","background-media":"","overlay-type":"","overlay-color":"","overlay-opacity":"","overlay-gradient":""},"tablet":{"background-color":"var(--ast-global-color-5)","background-image":"","background-repeat":"repeat","background-position":"center center","background-size":"auto","background-attachment":"scroll","background-type":"","background-media":"","overlay-type":"","overlay-color":"","overlay-opacity":"","overlay-gradient":""},"mobile":{"background-color":"var(--ast-global-color-5)","background-image":"","background-repeat":"repeat","background-position":"center center","background-size":"auto","background-attachment":"scroll","background-type":"","background-media":"","overlay-type":"","overlay-color":"","overlay-opacity":"","overlay-gradient":""}},"footnotes":""},"class_list":["post-768","page","type-page","status-publish","hentry"],"yoast_head":"<!-- This site is optimized with the Yoast SEO Premium plugin v27.4 (Yoast SEO v27.4) - https:\/\/yoast.com\/product\/yoast-seo-premium-wordpress\/ -->\n<title>Elfogadott utalv\u00e1nyok, kedvezm\u00e9nyk\u00e1rty\u00e1k - Jonatherm\u00e1l Gy\u00f3gy- \u00e9s \u00c9lm\u00e9nyf\u00fcrd\u0151, Motel, Kemping<\/title>\n<meta name=\"robots\" content=\"index, follow, max-snippet:-1, max-image-preview:large, max-video-preview:-1\" \/>\n<link rel=\"canonical\" href=\"https:\/\/jonathermal.hu\/de\/elfogadott-utalvanyok-kedvezmenykartyak\/\" \/>\n<meta property=\"og:locale\" content=\"de_DE\" \/>\n<meta property=\"og:type\" content=\"article\" \/>\n<meta property=\"og:title\" content=\"Elfogadott utalv\u00e1nyok, kedvezm\u00e9nyk\u00e1rty\u00e1k\" \/>\n<meta property=\"og:description\" content=\"SZ\u00c9P k\u00e1rtya elfogad\u00f3hely! SZ\u00c9P k\u00e1rty\u00e1t\u00a0a f\u00fcrd\u0151ben az erre kijel\u00f6lt\u00a0p\u00e9nzt\u00e1raiban, valamint a\u00a0motel recepci\u00f3j\u00e1n\u00a0tudj\u00e1k bev\u00e1ltani \u00e9s felhaszn\u00e1lni. Tov\u00e1bbi inform\u00e1ci\u00f3k: Tel:&nbsp;06-77\/481-855 vagy email:&nbsp;info@jonathermal.hu Szerz\u0151d\u00f6tt eg\u00e9szs\u00e9gp\u00e9nzt\u00e1ri partnereink &#8211; Adoszt Eg\u00e9szs\u00e9gp\u00e9nzt\u00e1r &#8211; Allianz Hung\u00e1ria Eg\u00e9szs\u00e9gp\u00e9nzt\u00e1r &#8211; Aranykor Eg\u00e9szs\u00e9gp\u00e9nzt\u00e1r &#8211;&nbsp;AXA Eg\u00e9szs\u00e9gp\u00e9nzt\u00e1r 2007. febru\u00e1r 1-t\u0151l&nbsp;(Winterthur helyett) &#8211; Balzsam Eg\u00e9szs\u00e9gp\u00e9nzt\u00e1r &#8211;&nbsp;Dimenzi\u00f3 Eg\u00e9szs\u00e9gp\u00e9nzt\u00e1r &#8211; Fitt Eg\u00e9szs\u00e9gp\u00e9nzt\u00e1r &#8211; Generali Eg\u00e9szs\u00e9gp\u00e9nzt\u00e1r &#8211; Harm\u00f3nia Eg\u00e9szs\u00e9gp\u00e9nzt\u00e1r &#8211; Herendi [&hellip;]\" \/>\n<meta property=\"og:url\" content=\"https:\/\/jonathermal.hu\/de\/elfogadott-utalvanyok-kedvezmenykartyak\/\" \/>\n<meta property=\"og:site_name\" content=\"Jonatherm\u00e1l Gy\u00f3gy- \u00e9s \u00c9lm\u00e9nyf\u00fcrd\u0151, Motel, Kemping\" \/>\n<meta property=\"article:publisher\" content=\"https:\/\/www.facebook.com\/Jonathermal\/\" \/>\n<meta property=\"article:modified_time\" content=\"2023-02-13T16:01:06+00:00\" \/>\n<meta name=\"twitter:card\" content=\"summary_large_image\" \/>\n<script type=\"application\/ld+json\" class=\"yoast-schema-graph\">{\"@context\":\"https:\\\/\\\/schema.org\",\"@graph\":[{\"@type\":\"WebPage\",\"@id\":\"https:\\\/\\\/jonathermal.hu\\\/elfogadott-utalvanyok-kedvezmenykartyak\\\/\",\"url\":\"https:\\\/\\\/jonathermal.hu\\\/elfogadott-utalvanyok-kedvezmenykartyak\\\/\",\"name\":\"Elfogadott utalv\u00e1nyok, kedvezm\u00e9nyk\u00e1rty\u00e1k - Jonatherm\u00e1l Gy\u00f3gy- \u00e9s \u00c9lm\u00e9nyf\u00fcrd\u0151, Motel, Kemping\",\"isPartOf\":{\"@id\":\"https:\\\/\\\/jonathermal.hu\\\/#website\"},\"datePublished\":\"2022-02-16T15:07:41+00:00\",\"dateModified\":\"2023-02-13T16:01:06+00:00\",\"breadcrumb\":{\"@id\":\"https:\\\/\\\/jonathermal.hu\\\/elfogadott-utalvanyok-kedvezmenykartyak\\\/#breadcrumb\"},\"inLanguage\":\"de\",\"potentialAction\":[{\"@type\":\"ReadAction\",\"target\":[\"https:\\\/\\\/jonathermal.hu\\\/elfogadott-utalvanyok-kedvezmenykartyak\\\/\"]}]},{\"@type\":\"BreadcrumbList\",\"@id\":\"https:\\\/\\\/jonathermal.hu\\\/elfogadott-utalvanyok-kedvezmenykartyak\\\/#breadcrumb\",\"itemListElement\":[{\"@type\":\"ListItem\",\"position\":1,\"name\":\"Kezd\u0151lap\",\"item\":\"https:\\\/\\\/jonathermal.hu\\\/\"},{\"@type\":\"ListItem\",\"position\":2,\"name\":\"Elfogadott utalv\u00e1nyok, kedvezm\u00e9nyk\u00e1rty\u00e1k\"}]},{\"@type\":\"WebSite\",\"@id\":\"https:\\\/\\\/jonathermal.hu\\\/#website\",\"url\":\"https:\\\/\\\/jonathermal.hu\\\/\",\"name\":\"Jonatherm\u00e1l Gy\u00f3gy- \u00e9s \u00c9lm\u00e9nyf\u00fcrd\u0151, Motel, Kemping\",\"description\":\"Kiskunmajsa\",\"publisher\":{\"@id\":\"https:\\\/\\\/jonathermal.hu\\\/#organization\"},\"potentialAction\":[{\"@type\":\"SearchAction\",\"target\":{\"@type\":\"EntryPoint\",\"urlTemplate\":\"https:\\\/\\\/jonathermal.hu\\\/?s={search_term_string}\"},\"query-input\":{\"@type\":\"PropertyValueSpecification\",\"valueRequired\":true,\"valueName\":\"search_term_string\"}}],\"inLanguage\":\"de\"},{\"@type\":\"Organization\",\"@id\":\"https:\\\/\\\/jonathermal.hu\\\/#organization\",\"name\":\"Jonatherm\u00e1l Gy\u00f3gy- \u00e9s \u00c9lm\u00e9nyf\u00fcrd\u0151, Motel, Kemping Kiskunmajsa\",\"url\":\"https:\\\/\\\/jonathermal.hu\\\/\",\"logo\":{\"@type\":\"ImageObject\",\"inLanguage\":\"de\",\"@id\":\"https:\\\/\\\/jonathermal.hu\\\/#\\\/schema\\\/logo\\\/image\\\/\",\"url\":\"https:\\\/\\\/jonathermal.hu\\\/wp-content\\\/uploads\\\/2022\\\/02\\\/jonatherma\u0301l-logo.png\",\"contentUrl\":\"https:\\\/\\\/jonathermal.hu\\\/wp-content\\\/uploads\\\/2022\\\/02\\\/jonatherma\u0301l-logo.png\",\"width\":200,\"height\":142,\"caption\":\"Jonatherm\u00e1l Gy\u00f3gy- \u00e9s \u00c9lm\u00e9nyf\u00fcrd\u0151, Motel, Kemping Kiskunmajsa\"},\"image\":{\"@id\":\"https:\\\/\\\/jonathermal.hu\\\/#\\\/schema\\\/logo\\\/image\\\/\"},\"sameAs\":[\"https:\\\/\\\/www.facebook.com\\\/Jonathermal\\\/\",\"https:\\\/\\\/www.instagram.com\\\/jonathermal\\\/\",\"https:\\\/\\\/www.youtube.com\\\/channel\\\/UCTAd0tjGBgxWEJfuY378_Qw\\\/featured\"]}]}<\/script>\n<!-- \/ Yoast SEO Premium plugin. -->","yoast_head_json":{"title":"Elfogadott utalv\u00e1nyok, kedvezm\u00e9nyk\u00e1rty\u00e1k - Jonatherm\u00e1l Gy\u00f3gy- \u00e9s \u00c9lm\u00e9nyf\u00fcrd\u0151, Motel, Kemping","robots":{"index":"index","follow":"follow","max-snippet":"max-snippet:-1","max-image-preview":"max-image-preview:large","max-video-preview":"max-video-preview:-1"},"canonical":"https:\/\/jonathermal.hu\/de\/elfogadott-utalvanyok-kedvezmenykartyak\/","og_locale":"de_DE","og_type":"article","og_title":"Elfogadott utalv\u00e1nyok, kedvezm\u00e9nyk\u00e1rty\u00e1k","og_description":"SZ\u00c9P k\u00e1rtya elfogad\u00f3hely! SZ\u00c9P k\u00e1rty\u00e1t\u00a0a f\u00fcrd\u0151ben az erre kijel\u00f6lt\u00a0p\u00e9nzt\u00e1raiban, valamint a\u00a0motel recepci\u00f3j\u00e1n\u00a0tudj\u00e1k bev\u00e1ltani \u00e9s felhaszn\u00e1lni. Tov\u00e1bbi inform\u00e1ci\u00f3k: Tel:&nbsp;06-77\/481-855 vagy email:&nbsp;info@jonathermal.hu Szerz\u0151d\u00f6tt eg\u00e9szs\u00e9gp\u00e9nzt\u00e1ri partnereink &#8211; Adoszt Eg\u00e9szs\u00e9gp\u00e9nzt\u00e1r &#8211; Allianz Hung\u00e1ria Eg\u00e9szs\u00e9gp\u00e9nzt\u00e1r &#8211; Aranykor Eg\u00e9szs\u00e9gp\u00e9nzt\u00e1r &#8211;&nbsp;AXA Eg\u00e9szs\u00e9gp\u00e9nzt\u00e1r 2007. febru\u00e1r 1-t\u0151l&nbsp;(Winterthur helyett) &#8211; Balzsam Eg\u00e9szs\u00e9gp\u00e9nzt\u00e1r &#8211;&nbsp;Dimenzi\u00f3 Eg\u00e9szs\u00e9gp\u00e9nzt\u00e1r &#8211; Fitt Eg\u00e9szs\u00e9gp\u00e9nzt\u00e1r &#8211; Generali Eg\u00e9szs\u00e9gp\u00e9nzt\u00e1r &#8211; Harm\u00f3nia Eg\u00e9szs\u00e9gp\u00e9nzt\u00e1r &#8211; Herendi [&hellip;]","og_url":"https:\/\/jonathermal.hu\/de\/elfogadott-utalvanyok-kedvezmenykartyak\/","og_site_name":"Jonatherm\u00e1l Gy\u00f3gy- \u00e9s \u00c9lm\u00e9nyf\u00fcrd\u0151, Motel, Kemping","article_publisher":"https:\/\/www.facebook.com\/Jonathermal\/","article_modified_time":"2023-02-13T16:01:06+00:00","twitter_card":"summary_large_image","schema":{"@context":"https:\/\/schema.org","@graph":[{"@type":"WebPage","@id":"https:\/\/jonathermal.hu\/elfogadott-utalvanyok-kedvezmenykartyak\/","url":"https:\/\/jonathermal.hu\/elfogadott-utalvanyok-kedvezmenykartyak\/","name":"Elfogadott utalv\u00e1nyok, kedvezm\u00e9nyk\u00e1rty\u00e1k - Jonatherm\u00e1l Gy\u00f3gy- \u00e9s \u00c9lm\u00e9nyf\u00fcrd\u0151, Motel, Kemping","isPartOf":{"@id":"https:\/\/jonathermal.hu\/#website"},"datePublished":"2022-02-16T15:07:41+00:00","dateModified":"2023-02-13T16:01:06+00:00","breadcrumb":{"@id":"https:\/\/jonathermal.hu\/elfogadott-utalvanyok-kedvezmenykartyak\/#breadcrumb"},"inLanguage":"de","potentialAction":[{"@type":"ReadAction","target":["https:\/\/jonathermal.hu\/elfogadott-utalvanyok-kedvezmenykartyak\/"]}]},{"@type":"BreadcrumbList","@id":"https:\/\/jonathermal.hu\/elfogadott-utalvanyok-kedvezmenykartyak\/#breadcrumb","itemListElement":[{"@type":"ListItem","position":1,"name":"Kezd\u0151lap","item":"https:\/\/jonathermal.hu\/"},{"@type":"ListItem","position":2,"name":"Elfogadott utalv\u00e1nyok, kedvezm\u00e9nyk\u00e1rty\u00e1k"}]},{"@type":"WebSite","@id":"https:\/\/jonathermal.hu\/#website","url":"https:\/\/jonathermal.hu\/","name":"Jonatherm\u00e1l Gy\u00f3gy- \u00e9s \u00c9lm\u00e9nyf\u00fcrd\u0151, Motel, Kemping","description":"Kiskunmajsa","publisher":{"@id":"https:\/\/jonathermal.hu\/#organization"},"potentialAction":[{"@type":"SearchAction","target":{"@type":"EntryPoint","urlTemplate":"https:\/\/jonathermal.hu\/?s={search_term_string}"},"query-input":{"@type":"PropertyValueSpecification","valueRequired":true,"valueName":"search_term_string"}}],"inLanguage":"de"},{"@type":"Organization","@id":"https:\/\/jonathermal.hu\/#organization","name":"Jonatherm\u00e1l Gy\u00f3gy- \u00e9s \u00c9lm\u00e9nyf\u00fcrd\u0151, Motel, Kemping Kiskunmajsa","url":"https:\/\/jonathermal.hu\/","logo":{"@type":"ImageObject","inLanguage":"de","@id":"https:\/\/jonathermal.hu\/#\/schema\/logo\/image\/","url":"https:\/\/jonathermal.hu\/wp-content\/uploads\/2022\/02\/jonatherma\u0301l-logo.png","contentUrl":"https:\/\/jonathermal.hu\/wp-content\/uploads\/2022\/02\/jonatherma\u0301l-logo.png","width":200,"height":142,"caption":"Jonatherm\u00e1l Gy\u00f3gy- \u00e9s \u00c9lm\u00e9nyf\u00fcrd\u0151, Motel, Kemping Kiskunmajsa"},"image":{"@id":"https:\/\/jonathermal.hu\/#\/schema\/logo\/image\/"},"sameAs":["https:\/\/www.facebook.com\/Jonathermal\/","https:\/\/www.instagram.com\/jonathermal\/","https:\/\/www.youtube.com\/channel\/UCTAd0tjGBgxWEJfuY378_Qw\/featured"]}]}},"_links":{"self":[{"href":"https:\/\/jonathermal.hu\/de\/wp-json\/wp\/v2\/pages\/768","targetHints":{"allow":["GET"]}}],"collection":[{"href":"https:\/\/jonathermal.hu\/de\/wp-json\/wp\/v2\/pages"}],"about":[{"href":"https:\/\/jonathermal.hu\/de\/wp-json\/wp\/v2\/types\/page"}],"author":[{"embeddable":true,"href":"https:\/\/jonathermal.hu\/de\/wp-json\/wp\/v2\/users\/1"}],"replies":[{"embeddable":true,"href":"https:\/\/jonathermal.hu\/de\/wp-json\/wp\/v2\/comments?post=768"}],"version-history":[{"count":0,"href":"https:\/\/jonathermal.hu\/de\/wp-json\/wp\/v2\/pages\/768\/revisions"}],"wp:attachment":[{"href":"https:\/\/jonathermal.hu\/de\/wp-json\/wp\/v2\/media?parent=768"}],"curies":[{"name":"wp","href":"https:\/\/api.w.org\/{rel}","templated":true}]}}