{"id":644,"date":"2022-02-16T09:35:01","date_gmt":"2022-02-16T09:35:01","guid":{"rendered":"https:\/\/jonathermal.hu\/?page_id=644"},"modified":"2022-03-14T08:31:42","modified_gmt":"2022-03-14T08:31:42","slug":"bemutatkozas","status":"publish","type":"page","link":"https:\/\/jonathermal.hu\/de\/bemutatkozas\/","title":{"rendered":"Einf\u00fchrung"},"content":{"rendered":"<div data-elementor-type=\"wp-page\" data-elementor-id=\"644\" class=\"elementor elementor-644\" data-elementor-post-type=\"page\">\n\t\t\t\t\t\t<section class=\"elementor-section elementor-top-section elementor-element elementor-element-4f424e7 elementor-section-boxed elementor-section-height-default elementor-section-height-default\" data-id=\"4f424e7\" data-element_type=\"section\" data-e-type=\"section\">\n\t\t\t\t\t\t<div class=\"elementor-container elementor-column-gap-default\">\n\t\t\t\t\t<div class=\"elementor-column elementor-col-100 elementor-top-column elementor-element elementor-element-bd118d5\" data-id=\"bd118d5\" data-element_type=\"column\" data-e-type=\"column\">\n\t\t\t<div class=\"elementor-widget-wrap elementor-element-populated\">\n\t\t\t\t\t\t<div class=\"elementor-element elementor-element-a8c685c elementor-widget elementor-widget-text-editor\" data-id=\"a8c685c\" data-element_type=\"widget\" data-e-type=\"widget\" data-no-translation=\"\" data-widget_type=\"text-editor.default\">\n\t\t\t\t<div class=\"elementor-widget-container\">\n\t\t\t\t\t<style>.elementor-element-a8c685c{display:none !important}<\/style>\t\t\t\t<\/div>\n\t\t\t\t<\/div>\n\t\t\t\t<div class=\"elementor-element elementor-element-4e9b310 elementor-widget elementor-widget-text-editor\" data-id=\"4e9b310\" data-element_type=\"widget\" data-e-type=\"widget\" data-no-translation=\"\" data-widget_type=\"text-editor.default\">\n\t\t\t\t<div class=\"elementor-widget-container\">\n\t\t\t\t\t\t\t\t\t<p>Werte Besucher!<\/p><p>Wir begr\u00fc\u00dfen Sie recht herzlich auf unserer Home-Page!<\/p><p>In dieser kurzen Zusammenfassung m\u00f6chten wir Ihnen unsere, von unseren Heil- und Erlebnisb\u00e4dern gebotenen umfangreichen Dienstleistungen, die \u00fcber das ganze Jahr laufenden vielfarbigen Veranstaltungen und Programme, ferner die von uns gebotenen Unterkunfts- und Essm\u00f6glichkeiten vorf\u00fchren.<\/p><p>Das auf eine drei\u00dfigj\u00e4hrige Vergangenheit r\u00fcckblickende Jonatherm\u00e1l Heil- und Erlebnisbad befindet sich in Kiskunmajsa, im Komitat B\u00e1cs-Kiskun. Neben dem Bad findet man auch das Motel und das Camping der Jonatherm\u00e1l Zrt. (geschl. AG.), beziehungsweise das Erholungsdorf von Kiskunmajsa. Von diesen Anlagen werden bereits seit drei Jahrzehnten G\u00e4ste erwartet, die sich hier erholen m\u00f6chten.<\/p><p>Unser Bad ist ein Dreigenerations-Bad, das im ganzen Jahr durchgehend in Betreib gehalten wird, wo sich alle Mitglieder der Familie in der mit Gr\u00fcnanlagen und auch mit Sportm\u00f6glichkeiten ausgestatteten Umgebung, in den Freibad-, Hallenbad-, Heilbad-, Rutschen-Bad-, Wellenbad- und Erlebnisbad-Becken erholen kann. Sie k\u00f6nnen die von uns gebotenen Unterkunftsm\u00f6glichkeiten in Anspruch nehmen, und Sie k\u00f6nnen die Speisespezialit\u00e4ten der nahe liegenden Gastst\u00e4tten kosten.<\/p><p>\u00dcber unsere Badeleistungen:<\/p><p>Unsere Thermalwasser- und Heilbecken halten im ganzen Jahr offen, diese sind zum gr\u00f6\u00dften Teil in der bedeckten Halle untergebracht, ausgenommen das freie Rundbecken. Auf den L\u00e4ngsseiten der Halle sind Stuhlreihen aufgestellt, und neben den riesengro\u00dfen Seitenfenstern der Halle reihen sich Liegebetten, und erm\u00f6glichen das sorglose Sonnenbad und die Erholung.<\/p><p>Unser Erlebnisbecken h\u00e4lt im Ganzen Jahr, zu jeder Jahreszeit, auch zu Zeiten des Freitags- und Samstags- Nachtbaden offen. Es garantiert f\u00fcr jede Altersklasse durch seine Erlebnis-Elemente: H\u00fcgelrutsche, Sprudelbetten, Wasserh\u00f6hle, Geiser, Sprudel, Reiber, Massierer, Wildwasser-Korridor, Sprudelbad, Wasserpilz, ein unvergessliches Erlebnis. Unser bedeckter Rutschpark verf\u00fcgt \u00fcber zwei, voneinander getrennten Beckenr\u00e4ume. F\u00fcr die Kleinen stehen ein kleiner Rutsche mit 30-40 cm Wassertiefe und auch 6 Erlebniselementen, und f\u00fcr die Gr\u00f6\u00dferen 4 riesengro\u00dfe Rutschen, mit verschiedenen L\u00e4ngen und Neigungen zur Verf\u00fcgung.<\/p><p>Unser Wellenbecken, das die Meeresstimmung wiederruft und bis zu 80 cm- Wellen erregt, verf\u00fcgt \u00fcber 4 Erlebniselemente, die Wassertiefe betr\u00e4gt von 10 cm bis 220 cm.<\/p><p>Unser mit nat\u00fcrlichem Wasser gef\u00fclltes Strand-Becken mit einer Wassertiefe von 0 \u2013 3 m, h\u00e4lt im allgemeinen vom ersten Juni bis Ende August offen, und ist eine beliebte Sandburg-Baustelle. Auf dem Sandstrand bieten Sonnenschirme mit Rohrdach k\u00fchlen Schatten. Auf dem Sandstrand geben die Sonnenschirme mit Rohrdach k\u00fchlen Schatten und f\u00fcr die jungen Leute bietet der aufblasbare, schwimmende Aquapark Unterhaltungsm\u00f6glichkeiten.<\/p><p>Unser Kinderbecken zum Platschen hat eine Wassertiefe von 20-60 cm, und verf\u00fcgt \u00fcber zahlreichen Erlebniselemente: Wasserigel, Kippeimer, kleine Rutschen, die zur Freude der kleinsten dienen.<\/p><p>F\u00fcr die kleinen stehen 2 Spielpl\u00e4tze, und daneben in der Sommerzeit auch ein Spielhaus zur Verf\u00fcgung, wo sich zur Besch\u00e4ftigung und zur Entwicklung der Handfertigkeit und der F\u00e4higkeiten mehrere Spielzeuge zur Verf\u00fcgung stehen.<\/p><p>Die G\u00e4ste werden von Heil- Erfrischungs- und Aromamassage, Unterwasser-Wasserstrahl-Massage, Gruppen- Unterwasser-Heilgymnastik, und in der Halle des Bades von Sauna-Insel, Dampfkabine und Tauchbecken erwartet.<\/p><p>\u00dcber die oben angef\u00fchrten hinaus stehen noch zahlreiche Wellness-, Sport- und Entspannungsm\u00f6glichkeiten, wie zum Beispiel: verschiedene Massagen, Saunen, Solarien, sowie Fu\u00dfballplatz, Volleyballplatz, riesen Schachspiel, 2 Spielpl\u00e4tze, Schwingkegel usw. zur Verf\u00fcgung.<\/p><p>Auch diese erweitern den Bereich der von uns gebotenen Leistungen und machen die bei uns verbrachten Stunden, Tage spannend.<\/p><p>Es ist wichtig zu bemerken, dass im Bad s\u00e4mtliche Becken- und Rutschen-Leistungen, die Sauna, die Salzkammer und das Jakuzzi mit einer Bad-Eintrittskarte in Anspruch genommen werden k\u00f6nnen, im ganzen Jahr, von 9 bis 19 Uhr bei Tages-\u00d6ffnungszeiten und von 20 bis 24 Uhr bei Nacht Bad, an Freitags und Samstags.<\/p><p>Unterkunftsm\u00f6glichkeiten:<\/p><p>Unsere in Kiskunmajsa ankommenden G\u00e4ste k\u00f6nnen in der unmittelbaren Nachbarschaft vom Bad, im Motel und im Camping eine niveauvolle Unterkunftsm\u00f6glichkeit finden. F\u00fcr Familien bieten unsere 1 \u2013 2 \u2013 3-Bett-Motelzimmer, die Holzh\u00e4user mit allem Komfort, die Appartements, die Erholungsh\u00e4user des neben dem Bad befindlichen Erholungsdorfes, beziehungsweise unsere Mustang Ranch Pension ideale Unterkunftsm\u00f6glichkeit.<br \/>Die mit Zelt, oder Wohnwagen eintreffenden G\u00e4ste werden im ca. 5 Hektar gro\u00dfen Camping, in schattiger W\u00e4ldchen- Umgebung erwartet.<\/p><p>Ausfl\u00fcge, Veranstaltungen:<\/p><p>Wir erwarten unsere G\u00e4ste mit zahlreichen Veranstaltungen im ganzen Jahr. Dar\u00fcber hinaus das im Camping veranstaltete Ostern-Campingtreffen und auch das Weinlese-Festival unsere beliebten Programme.<\/p><p>Unsere G\u00e4ste k\u00f6nnen w\u00e4hrend ihres Aufenthaltes bei uns mit eigenen, oder mit von uns gemieteten Fahrr\u00e4dern auch Ausfl\u00fcge machen. Auch aus touristischen Gesichtspunkten ist der neue Fahrradweg von gro\u00dfer Bedeutung, denn der l\u00e4uft durch J\u00e1szszentl\u00e1szl\u00f3, durch M\u00f3ricg\u00e1t und kehrt auch nach Bugac zu. Der Fahrradweg verbindet das Heilbad in Kiskunmajsa mit Bugacpusztah\u00e1za, wo verschiedene Sehensw\u00fcrdigkeiten besichtigt werden k\u00f6nnen.<\/p><p>Die G\u00e4ste des Bades und des Motels werden in der Term\u00e1l- Imbisstube und Gastst\u00e4tte, ferner in der Heideschenke L\u00f3pofa liebevoll erwartet. In oben genannten Anlagen werden G\u00e4ste erwartet, die neben niveauvoller und freundlicher Bedienung die, f\u00fcr die Gegend typischen G\u00e4nge oder Speisespezialit\u00e4ten zu freundlichen Preisen gerne probieren w\u00fcrden.<\/p><p>Anfahrt:<\/p><p>Unser Heilbad ist mit Auto oder mit Omnibus von der Autobahn M5, aus der Richtung Szeged von der Ausfahrt Kistelek, aus der Richtung Budapest von der Ausfahrt Kiskunf\u00e9legyh\u00e1za leicht anzufahren. Unsere G\u00e4ste, die mit der Bahn fahren, k\u00f6nnen uns durch Umsteigen in Kiskunf\u00e9legyh\u00e1za mit den fahrplanm\u00e4\u00dfigen Z\u00fcgen der M\u00c1V erreichen.<\/p><p>Wir hoffen, bald auch Sie unter unseren G\u00e4sten begr\u00fc\u00dfen zu d\u00fcrfen!<\/p>\t\t\t\t\t\t\t\t<\/div>\n\t\t\t\t<\/div>\n\t\t\t\t<div class=\"elementor-element elementor-element-a2d82f5 elementor-widget elementor-widget-text-editor\" data-id=\"a2d82f5\" data-element_type=\"widget\" data-e-type=\"widget\" data-no-translation=\"\" data-widget_type=\"text-editor.default\">\n\t\t\t\t<div class=\"elementor-widget-container\">\n\t\t\t\t\t<style>.elementor-element-a2d82f5{display:none !important}<\/style>\t\t\t\t<\/div>\n\t\t\t\t<\/div>\n\t\t\t\t<div class=\"elementor-element elementor-element-2b825ae elementor-widget elementor-widget-button\" data-id=\"2b825ae\" data-element_type=\"widget\" data-e-type=\"widget\" data-no-translation=\"\" data-widget_type=\"button.default\">\n\t\t\t\t<div class=\"elementor-widget-container\">\n\t\t\t\t\t<style>.elementor-element-2b825ae{display:none !important}<\/style>\t\t\t\t<\/div>\n\t\t\t\t<\/div>\n\t\t\t\t\t<\/div>\n\t\t<\/div>\n\t\t\t\t\t<\/div>\n\t\t<\/section>\n\t\t\t\t<\/div>","protected":false},"excerpt":{"rendered":"<p>Kedves L\u00e1togat\u00f3! Szeretettel \u00fcdv\u00f6z\u00f6lj\u00fck honlapunkon! Ebben a r\u00f6vid \u00f6sszefoglal\u00f3ban mutatjuk be gy\u00f3gy-\u00e9s \u00e9lm\u00e9nyf\u00fcrd\u0151nk \u00e1ltal ny\u00fajtott sz\u00e9lesk\u00f6r\u0171 szolg\u00e1ltat\u00e1sainkat, eg\u00e9sz \u00e9vben megrendez\u00e9sre ker\u00fcl\u0151 rendezv\u00e9nyeinket \u00e9s programjainkat, valamint az \u00e1ltalunk ny\u00fajtott sz\u00e1ll\u00e1s \u00e9s \u00e9tkez\u00e9si lehet\u0151s\u00e9geket. A harminc\u00f6t \u00e9ves m\u00faltra visszatekint\u0151 Jonatherm\u00e1l Gy\u00f3gy &#8211; \u00e9s \u00c9lm\u00e9nyf\u00fcrd\u0151, Kiskunmajs\u00e1n, B\u00e1cs-Kiskun megy\u00e9ben tal\u00e1lhat\u00f3. A f\u00fcrd\u0151 mellett foglal helyet a Jonatherm\u00e1l Motel Kempingje [&hellip;]<\/p>\n","protected":false},"author":1,"featured_media":0,"parent":0,"menu_order":0,"comment_status":"closed","ping_status":"closed","template":"","meta":{"site-sidebar-layout":"no-sidebar","site-content-layout":"page-builder","ast-site-content-layout":"default","site-content-style":"default","site-sidebar-style":"default","ast-global-header-display":"","ast-banner-title-visibility":"","ast-main-header-display":"","ast-hfb-above-header-display":"","ast-hfb-below-header-display":"","ast-hfb-mobile-header-display":"","site-post-title":"disabled","ast-breadcrumbs-content":"","ast-featured-img":"disabled","footer-sml-layout":"","ast-disable-related-posts":"","theme-transparent-header-meta":"","adv-header-id-meta":"","stick-header-meta":"","header-above-stick-meta":"","header-main-stick-meta":"","header-below-stick-meta":"","astra-migrate-meta-layouts":"default","ast-page-background-enabled":"default","ast-page-background-meta":{"desktop":{"background-color":"var(--ast-global-color-4)","background-image":"","background-repeat":"repeat","background-position":"center center","background-size":"auto","background-attachment":"scroll","background-type":"","background-media":"","overlay-type":"","overlay-color":"","overlay-opacity":"","overlay-gradient":""},"tablet":{"background-color":"","background-image":"","background-repeat":"repeat","background-position":"center center","background-size":"auto","background-attachment":"scroll","background-type":"","background-media":"","overlay-type":"","overlay-color":"","overlay-opacity":"","overlay-gradient":""},"mobile":{"background-color":"","background-image":"","background-repeat":"repeat","background-position":"center center","background-size":"auto","background-attachment":"scroll","background-type":"","background-media":"","overlay-type":"","overlay-color":"","overlay-opacity":"","overlay-gradient":""}},"ast-content-background-meta":{"desktop":{"background-color":"var(--ast-global-color-5)","background-image":"","background-repeat":"repeat","background-position":"center center","background-size":"auto","background-attachment":"scroll","background-type":"","background-media":"","overlay-type":"","overlay-color":"","overlay-opacity":"","overlay-gradient":""},"tablet":{"background-color":"var(--ast-global-color-5)","background-image":"","background-repeat":"repeat","background-position":"center center","background-size":"auto","background-attachment":"scroll","background-type":"","background-media":"","overlay-type":"","overlay-color":"","overlay-opacity":"","overlay-gradient":""},"mobile":{"background-color":"var(--ast-global-color-5)","background-image":"","background-repeat":"repeat","background-position":"center center","background-size":"auto","background-attachment":"scroll","background-type":"","background-media":"","overlay-type":"","overlay-color":"","overlay-opacity":"","overlay-gradient":""}},"footnotes":""},"class_list":["post-644","page","type-page","status-publish","hentry"],"yoast_head":"<!-- This site is optimized with the Yoast SEO Premium plugin v27.6 (Yoast SEO v27.6) - https:\/\/yoast.com\/product\/yoast-seo-premium-wordpress\/ -->\n<title>Bemutatkoz\u00e1s - Jonatherm\u00e1l Gy\u00f3gy- \u00e9s \u00c9lm\u00e9nyf\u00fcrd\u0151, Motel, Kemping<\/title>\n<meta name=\"robots\" content=\"index, follow, max-snippet:-1, max-image-preview:large, max-video-preview:-1\" \/>\n<link rel=\"canonical\" href=\"https:\/\/jonathermal.hu\/de\/bemutatkozas\/\" \/>\n<meta property=\"og:locale\" content=\"de_DE\" \/>\n<meta property=\"og:type\" content=\"article\" \/>\n<meta property=\"og:title\" content=\"Bemutatkoz\u00e1s\" \/>\n<meta property=\"og:description\" content=\"Kedves L\u00e1togat\u00f3! Szeretettel \u00fcdv\u00f6z\u00f6lj\u00fck honlapunkon! Ebben a r\u00f6vid \u00f6sszefoglal\u00f3ban mutatjuk be gy\u00f3gy-\u00e9s \u00e9lm\u00e9nyf\u00fcrd\u0151nk \u00e1ltal ny\u00fajtott sz\u00e9lesk\u00f6r\u0171 szolg\u00e1ltat\u00e1sainkat, eg\u00e9sz \u00e9vben megrendez\u00e9sre ker\u00fcl\u0151 rendezv\u00e9nyeinket \u00e9s programjainkat, valamint az \u00e1ltalunk ny\u00fajtott sz\u00e1ll\u00e1s \u00e9s \u00e9tkez\u00e9si lehet\u0151s\u00e9geket. A harminc\u00f6t \u00e9ves m\u00faltra visszatekint\u0151 Jonatherm\u00e1l Gy\u00f3gy &#8211; \u00e9s \u00c9lm\u00e9nyf\u00fcrd\u0151, Kiskunmajs\u00e1n, B\u00e1cs-Kiskun megy\u00e9ben tal\u00e1lhat\u00f3. A f\u00fcrd\u0151 mellett foglal helyet a Jonatherm\u00e1l Motel Kempingje [&hellip;]\" \/>\n<meta property=\"og:url\" content=\"https:\/\/jonathermal.hu\/de\/bemutatkozas\/\" \/>\n<meta property=\"og:site_name\" content=\"Jonatherm\u00e1l Gy\u00f3gy- \u00e9s \u00c9lm\u00e9nyf\u00fcrd\u0151, Motel, Kemping\" \/>\n<meta property=\"article:publisher\" content=\"https:\/\/www.facebook.com\/Jonathermal\/\" \/>\n<meta property=\"article:modified_time\" content=\"2022-03-14T08:31:42+00:00\" \/>\n<meta name=\"twitter:card\" content=\"summary_large_image\" \/>\n<script type=\"application\/ld+json\" class=\"yoast-schema-graph\">{\"@context\":\"https:\\\/\\\/schema.org\",\"@graph\":[{\"@type\":\"WebPage\",\"@id\":\"https:\\\/\\\/jonathermal.hu\\\/bemutatkozas\\\/\",\"url\":\"https:\\\/\\\/jonathermal.hu\\\/bemutatkozas\\\/\",\"name\":\"Bemutatkoz\u00e1s - Jonatherm\u00e1l Gy\u00f3gy- \u00e9s \u00c9lm\u00e9nyf\u00fcrd\u0151, Motel, Kemping\",\"isPartOf\":{\"@id\":\"https:\\\/\\\/jonathermal.hu\\\/#website\"},\"datePublished\":\"2022-02-16T09:35:01+00:00\",\"dateModified\":\"2022-03-14T08:31:42+00:00\",\"breadcrumb\":{\"@id\":\"https:\\\/\\\/jonathermal.hu\\\/bemutatkozas\\\/#breadcrumb\"},\"inLanguage\":\"de\",\"potentialAction\":[{\"@type\":\"ReadAction\",\"target\":[\"https:\\\/\\\/jonathermal.hu\\\/bemutatkozas\\\/\"]}]},{\"@type\":\"BreadcrumbList\",\"@id\":\"https:\\\/\\\/jonathermal.hu\\\/bemutatkozas\\\/#breadcrumb\",\"itemListElement\":[{\"@type\":\"ListItem\",\"position\":1,\"name\":\"Kezd\u0151lap\",\"item\":\"https:\\\/\\\/jonathermal.hu\\\/\"},{\"@type\":\"ListItem\",\"position\":2,\"name\":\"Bemutatkoz\u00e1s\"}]},{\"@type\":\"WebSite\",\"@id\":\"https:\\\/\\\/jonathermal.hu\\\/#website\",\"url\":\"https:\\\/\\\/jonathermal.hu\\\/\",\"name\":\"Jonatherm\u00e1l Gy\u00f3gy- \u00e9s \u00c9lm\u00e9nyf\u00fcrd\u0151, Motel, Kemping\",\"description\":\"Kiskunmajsa\",\"publisher\":{\"@id\":\"https:\\\/\\\/jonathermal.hu\\\/#organization\"},\"potentialAction\":[{\"@type\":\"SearchAction\",\"target\":{\"@type\":\"EntryPoint\",\"urlTemplate\":\"https:\\\/\\\/jonathermal.hu\\\/?s={search_term_string}\"},\"query-input\":{\"@type\":\"PropertyValueSpecification\",\"valueRequired\":true,\"valueName\":\"search_term_string\"}}],\"inLanguage\":\"de\"},{\"@type\":\"Organization\",\"@id\":\"https:\\\/\\\/jonathermal.hu\\\/#organization\",\"name\":\"Jonatherm\u00e1l Gy\u00f3gy- \u00e9s \u00c9lm\u00e9nyf\u00fcrd\u0151, Motel, Kemping Kiskunmajsa\",\"url\":\"https:\\\/\\\/jonathermal.hu\\\/\",\"logo\":{\"@type\":\"ImageObject\",\"inLanguage\":\"de\",\"@id\":\"https:\\\/\\\/jonathermal.hu\\\/#\\\/schema\\\/logo\\\/image\\\/\",\"url\":\"https:\\\/\\\/jonathermal.hu\\\/wp-content\\\/uploads\\\/2022\\\/02\\\/jonatherma\u0301l-logo.png\",\"contentUrl\":\"https:\\\/\\\/jonathermal.hu\\\/wp-content\\\/uploads\\\/2022\\\/02\\\/jonatherma\u0301l-logo.png\",\"width\":200,\"height\":142,\"caption\":\"Jonatherm\u00e1l Gy\u00f3gy- \u00e9s \u00c9lm\u00e9nyf\u00fcrd\u0151, Motel, Kemping Kiskunmajsa\"},\"image\":{\"@id\":\"https:\\\/\\\/jonathermal.hu\\\/#\\\/schema\\\/logo\\\/image\\\/\"},\"sameAs\":[\"https:\\\/\\\/www.facebook.com\\\/Jonathermal\\\/\",\"https:\\\/\\\/www.instagram.com\\\/jonathermal\\\/\",\"https:\\\/\\\/www.youtube.com\\\/channel\\\/UCTAd0tjGBgxWEJfuY378_Qw\\\/featured\"]}]}<\/script>\n<!-- \/ Yoast SEO Premium plugin. -->","yoast_head_json":{"title":"Bemutatkoz\u00e1s - Jonatherm\u00e1l Gy\u00f3gy- \u00e9s \u00c9lm\u00e9nyf\u00fcrd\u0151, Motel, Kemping","robots":{"index":"index","follow":"follow","max-snippet":"max-snippet:-1","max-image-preview":"max-image-preview:large","max-video-preview":"max-video-preview:-1"},"canonical":"https:\/\/jonathermal.hu\/de\/bemutatkozas\/","og_locale":"de_DE","og_type":"article","og_title":"Bemutatkoz\u00e1s","og_description":"Kedves L\u00e1togat\u00f3! Szeretettel \u00fcdv\u00f6z\u00f6lj\u00fck honlapunkon! Ebben a r\u00f6vid \u00f6sszefoglal\u00f3ban mutatjuk be gy\u00f3gy-\u00e9s \u00e9lm\u00e9nyf\u00fcrd\u0151nk \u00e1ltal ny\u00fajtott sz\u00e9lesk\u00f6r\u0171 szolg\u00e1ltat\u00e1sainkat, eg\u00e9sz \u00e9vben megrendez\u00e9sre ker\u00fcl\u0151 rendezv\u00e9nyeinket \u00e9s programjainkat, valamint az \u00e1ltalunk ny\u00fajtott sz\u00e1ll\u00e1s \u00e9s \u00e9tkez\u00e9si lehet\u0151s\u00e9geket. A harminc\u00f6t \u00e9ves m\u00faltra visszatekint\u0151 Jonatherm\u00e1l Gy\u00f3gy &#8211; \u00e9s \u00c9lm\u00e9nyf\u00fcrd\u0151, Kiskunmajs\u00e1n, B\u00e1cs-Kiskun megy\u00e9ben tal\u00e1lhat\u00f3. A f\u00fcrd\u0151 mellett foglal helyet a Jonatherm\u00e1l Motel Kempingje [&hellip;]","og_url":"https:\/\/jonathermal.hu\/de\/bemutatkozas\/","og_site_name":"Jonatherm\u00e1l Gy\u00f3gy- \u00e9s \u00c9lm\u00e9nyf\u00fcrd\u0151, Motel, Kemping","article_publisher":"https:\/\/www.facebook.com\/Jonathermal\/","article_modified_time":"2022-03-14T08:31:42+00:00","twitter_card":"summary_large_image","schema":{"@context":"https:\/\/schema.org","@graph":[{"@type":"WebPage","@id":"https:\/\/jonathermal.hu\/bemutatkozas\/","url":"https:\/\/jonathermal.hu\/bemutatkozas\/","name":"Bemutatkoz\u00e1s - Jonatherm\u00e1l Gy\u00f3gy- \u00e9s \u00c9lm\u00e9nyf\u00fcrd\u0151, Motel, Kemping","isPartOf":{"@id":"https:\/\/jonathermal.hu\/#website"},"datePublished":"2022-02-16T09:35:01+00:00","dateModified":"2022-03-14T08:31:42+00:00","breadcrumb":{"@id":"https:\/\/jonathermal.hu\/bemutatkozas\/#breadcrumb"},"inLanguage":"de","potentialAction":[{"@type":"ReadAction","target":["https:\/\/jonathermal.hu\/bemutatkozas\/"]}]},{"@type":"BreadcrumbList","@id":"https:\/\/jonathermal.hu\/bemutatkozas\/#breadcrumb","itemListElement":[{"@type":"ListItem","position":1,"name":"Kezd\u0151lap","item":"https:\/\/jonathermal.hu\/"},{"@type":"ListItem","position":2,"name":"Bemutatkoz\u00e1s"}]},{"@type":"WebSite","@id":"https:\/\/jonathermal.hu\/#website","url":"https:\/\/jonathermal.hu\/","name":"Jonatherm\u00e1l Gy\u00f3gy- \u00e9s \u00c9lm\u00e9nyf\u00fcrd\u0151, Motel, Kemping","description":"Kiskunmajsa","publisher":{"@id":"https:\/\/jonathermal.hu\/#organization"},"potentialAction":[{"@type":"SearchAction","target":{"@type":"EntryPoint","urlTemplate":"https:\/\/jonathermal.hu\/?s={search_term_string}"},"query-input":{"@type":"PropertyValueSpecification","valueRequired":true,"valueName":"search_term_string"}}],"inLanguage":"de"},{"@type":"Organization","@id":"https:\/\/jonathermal.hu\/#organization","name":"Jonatherm\u00e1l Gy\u00f3gy- \u00e9s \u00c9lm\u00e9nyf\u00fcrd\u0151, Motel, Kemping Kiskunmajsa","url":"https:\/\/jonathermal.hu\/","logo":{"@type":"ImageObject","inLanguage":"de","@id":"https:\/\/jonathermal.hu\/#\/schema\/logo\/image\/","url":"https:\/\/jonathermal.hu\/wp-content\/uploads\/2022\/02\/jonatherma\u0301l-logo.png","contentUrl":"https:\/\/jonathermal.hu\/wp-content\/uploads\/2022\/02\/jonatherma\u0301l-logo.png","width":200,"height":142,"caption":"Jonatherm\u00e1l Gy\u00f3gy- \u00e9s \u00c9lm\u00e9nyf\u00fcrd\u0151, Motel, Kemping Kiskunmajsa"},"image":{"@id":"https:\/\/jonathermal.hu\/#\/schema\/logo\/image\/"},"sameAs":["https:\/\/www.facebook.com\/Jonathermal\/","https:\/\/www.instagram.com\/jonathermal\/","https:\/\/www.youtube.com\/channel\/UCTAd0tjGBgxWEJfuY378_Qw\/featured"]}]}},"_links":{"self":[{"href":"https:\/\/jonathermal.hu\/de\/wp-json\/wp\/v2\/pages\/644","targetHints":{"allow":["GET"]}}],"collection":[{"href":"https:\/\/jonathermal.hu\/de\/wp-json\/wp\/v2\/pages"}],"about":[{"href":"https:\/\/jonathermal.hu\/de\/wp-json\/wp\/v2\/types\/page"}],"author":[{"embeddable":true,"href":"https:\/\/jonathermal.hu\/de\/wp-json\/wp\/v2\/users\/1"}],"replies":[{"embeddable":true,"href":"https:\/\/jonathermal.hu\/de\/wp-json\/wp\/v2\/comments?post=644"}],"version-history":[{"count":0,"href":"https:\/\/jonathermal.hu\/de\/wp-json\/wp\/v2\/pages\/644\/revisions"}],"wp:attachment":[{"href":"https:\/\/jonathermal.hu\/de\/wp-json\/wp\/v2\/media?parent=644"}],"curies":[{"name":"wp","href":"https:\/\/api.w.org\/{rel}","templated":true}]}}