{"id":3920,"date":"2022-06-17T14:26:46","date_gmt":"2022-06-17T14:26:46","guid":{"rendered":"https:\/\/jonathermal.hu\/?page_id=3920"},"modified":"2022-06-17T14:28:26","modified_gmt":"2022-06-17T14:28:26","slug":"fontos-informacio-szallasfoglalashoz","status":"publish","type":"page","link":"https:\/\/jonathermal.hu\/de\/fontos-informacio-szallasfoglalashoz\/","title":{"rendered":"Wichtige Informationen zur Buchung einer Unterkunft"},"content":{"rendered":"<div data-elementor-type=\"wp-page\" data-elementor-id=\"3920\" class=\"elementor elementor-3920\" data-elementor-post-type=\"page\">\n\t\t\t\t\t\t<section class=\"elementor-section elementor-top-section elementor-element elementor-element-ae2c869 elementor-section-boxed elementor-section-height-default elementor-section-height-default\" data-id=\"ae2c869\" data-element_type=\"section\" data-e-type=\"section\">\n\t\t\t\t\t\t<div class=\"elementor-container elementor-column-gap-default\">\n\t\t\t\t\t<div class=\"elementor-column elementor-col-100 elementor-top-column elementor-element elementor-element-ae2b32f\" data-id=\"ae2b32f\" data-element_type=\"column\" data-e-type=\"column\">\n\t\t\t<div class=\"elementor-widget-wrap elementor-element-populated\">\n\t\t\t\t\t\t<div class=\"elementor-element elementor-element-0699595 elementor-widget elementor-widget-text-editor\" data-id=\"0699595\" data-element_type=\"widget\" data-e-type=\"widget\" data-widget_type=\"text-editor.default\">\n\t\t\t\t<div class=\"elementor-widget-container\">\n\t\t\t\t\t\t\t\t\t<p>Wir m\u00f6chten Sie dar\u00fcber informieren, dass gem\u00e4\u00df der Regierungsverordnung 235\/2019(X.15) \u00fcber die Verwendung digitaler Dokumentenleseger\u00e4te die Vorlage eines Lichtbildausweises (Personalausweis, Wohnadressenkarte oder Reisepass) als Voraussetzung f\u00fcr den Check-in und die Zimmerreservierung die pers\u00f6nlichen Daten der Personen, die die Beherbergungsleistung in Anspruch nehmen, bei der Ankunft an der Rezeption best\u00e4tigt und diese mit einem digitalen Dokumentenscanner seitens des Hotels erfasst werden.<\/p>\t\t\t\t\t\t\t\t<\/div>\n\t\t\t\t<\/div>\n\t\t\t\t\t<\/div>\n\t\t<\/div>\n\t\t\t\t\t<\/div>\n\t\t<\/section>\n\t\t\t\t<\/div>","protected":false},"excerpt":{"rendered":"<p>Wir m\u00f6chten Sie dar\u00fcber informieren, dass gem\u00e4\u00df der Regierungsverordnung 235\/2019(X.15) \u00fcber die Verwendung digitaler Dokumentenleseger\u00e4te die Vorlage eines Lichtbildausweises (Personalausweis, Wohnadressenkarte oder Reisepass) als Voraussetzung f\u00fcr den Check-in und die Zimmerreservierung die pers\u00f6nlichen Daten der Personen, die die Beherbergungsleistung in Anspruch nehmen, bei der Ankunft an der Rezeption best\u00e4tigt und diese mit einem digitalen Dokumentenscanner seitens des Hotels erfasst werden.<\/p>","protected":false},"author":1,"featured_media":0,"parent":0,"menu_order":0,"comment_status":"closed","ping_status":"closed","template":"","meta":{"site-sidebar-layout":"no-sidebar","site-content-layout":"page-builder","ast-site-content-layout":"default","site-content-style":"default","site-sidebar-style":"default","ast-global-header-display":"","ast-banner-title-visibility":"","ast-main-header-display":"","ast-hfb-above-header-display":"","ast-hfb-below-header-display":"","ast-hfb-mobile-header-display":"","site-post-title":"disabled","ast-breadcrumbs-content":"","ast-featured-img":"disabled","footer-sml-layout":"","ast-disable-related-posts":"","theme-transparent-header-meta":"","adv-header-id-meta":"","stick-header-meta":"","header-above-stick-meta":"","header-main-stick-meta":"","header-below-stick-meta":"","astra-migrate-meta-layouts":"default","ast-page-background-enabled":"default","ast-page-background-meta":{"desktop":{"background-color":"var(--ast-global-color-4)","background-image":"","background-repeat":"repeat","background-position":"center center","background-size":"auto","background-attachment":"scroll","background-type":"","background-media":"","overlay-type":"","overlay-color":"","overlay-opacity":"","overlay-gradient":""},"tablet":{"background-color":"","background-image":"","background-repeat":"repeat","background-position":"center center","background-size":"auto","background-attachment":"scroll","background-type":"","background-media":"","overlay-type":"","overlay-color":"","overlay-opacity":"","overlay-gradient":""},"mobile":{"background-color":"","background-image":"","background-repeat":"repeat","background-position":"center center","background-size":"auto","background-attachment":"scroll","background-type":"","background-media":"","overlay-type":"","overlay-color":"","overlay-opacity":"","overlay-gradient":""}},"ast-content-background-meta":{"desktop":{"background-color":"var(--ast-global-color-5)","background-image":"","background-repeat":"repeat","background-position":"center center","background-size":"auto","background-attachment":"scroll","background-type":"","background-media":"","overlay-type":"","overlay-color":"","overlay-opacity":"","overlay-gradient":""},"tablet":{"background-color":"var(--ast-global-color-5)","background-image":"","background-repeat":"repeat","background-position":"center center","background-size":"auto","background-attachment":"scroll","background-type":"","background-media":"","overlay-type":"","overlay-color":"","overlay-opacity":"","overlay-gradient":""},"mobile":{"background-color":"var(--ast-global-color-5)","background-image":"","background-repeat":"repeat","background-position":"center center","background-size":"auto","background-attachment":"scroll","background-type":"","background-media":"","overlay-type":"","overlay-color":"","overlay-opacity":"","overlay-gradient":""}},"footnotes":""},"class_list":["post-3920","page","type-page","status-publish","hentry"],"yoast_head":"<!-- This site is optimized with the Yoast SEO Premium plugin v27.4 (Yoast SEO v27.4) - https:\/\/yoast.com\/product\/yoast-seo-premium-wordpress\/ -->\n<title>Fontos inform\u00e1ci\u00f3 sz\u00e1ll\u00e1sfoglal\u00e1shoz - Jonatherm\u00e1l Gy\u00f3gy- \u00e9s \u00c9lm\u00e9nyf\u00fcrd\u0151, Motel, Kemping<\/title>\n<meta name=\"robots\" content=\"index, follow, max-snippet:-1, max-image-preview:large, max-video-preview:-1\" \/>\n<link rel=\"canonical\" href=\"https:\/\/jonathermal.hu\/de\/fontos-informacio-szallasfoglalashoz\/\" \/>\n<meta property=\"og:locale\" content=\"de_DE\" \/>\n<meta property=\"og:type\" content=\"article\" \/>\n<meta property=\"og:title\" content=\"Fontos inform\u00e1ci\u00f3 sz\u00e1ll\u00e1sfoglal\u00e1shoz\" \/>\n<meta property=\"og:description\" content=\"T\u00e1j\u00e9koztatjuk, hogy a digit\u00e1lis okm\u00e1nyolvas\u00f3 haszn\u00e1lat\u00e1ra vonatkoz\u00f3 235\/2019(X.15) korm\u00e1nyrendelet \u00e9rtelm\u00e9ben a bejelentkez\u00e9s \u00e9s szobaelfoglal\u00e1s felt\u00e9tele a sz\u00e1ll\u00e1shely szolg\u00e1ltat\u00e1st ig\u00e9nybe vev\u0151 szem\u00e9lyek szem\u00e9lyes adatait igazol\u00f3 f\u00e9nyk\u00e9pes igazolv\u00e1nyainak (szem\u00e9lyi igazolv\u00e1ny, lakc\u00edmk\u00e1rtya vagy \u00fatlev\u00e9l) \u00e1tad\u00e1sa \u00e9rkez\u00e9skor a recepci\u00f3n \u00e9s digit\u00e1lis okm\u00e1nyscannerrel t\u00f6rt\u00e9n\u0151 r\u00f6gz\u00edt\u00e9se a sz\u00e1lloda r\u00e9sz\u00e9r\u0151l.\" \/>\n<meta property=\"og:url\" content=\"https:\/\/jonathermal.hu\/de\/fontos-informacio-szallasfoglalashoz\/\" \/>\n<meta property=\"og:site_name\" content=\"Jonatherm\u00e1l Gy\u00f3gy- \u00e9s \u00c9lm\u00e9nyf\u00fcrd\u0151, Motel, Kemping\" \/>\n<meta property=\"article:publisher\" content=\"https:\/\/www.facebook.com\/Jonathermal\/\" \/>\n<meta property=\"article:modified_time\" content=\"2022-06-17T14:28:26+00:00\" \/>\n<meta name=\"twitter:card\" content=\"summary_large_image\" \/>\n<script type=\"application\/ld+json\" class=\"yoast-schema-graph\">{\"@context\":\"https:\\\/\\\/schema.org\",\"@graph\":[{\"@type\":\"WebPage\",\"@id\":\"https:\\\/\\\/jonathermal.hu\\\/fontos-informacio-szallasfoglalashoz\\\/\",\"url\":\"https:\\\/\\\/jonathermal.hu\\\/fontos-informacio-szallasfoglalashoz\\\/\",\"name\":\"Fontos inform\u00e1ci\u00f3 sz\u00e1ll\u00e1sfoglal\u00e1shoz - Jonatherm\u00e1l Gy\u00f3gy- \u00e9s \u00c9lm\u00e9nyf\u00fcrd\u0151, Motel, Kemping\",\"isPartOf\":{\"@id\":\"https:\\\/\\\/jonathermal.hu\\\/#website\"},\"datePublished\":\"2022-06-17T14:26:46+00:00\",\"dateModified\":\"2022-06-17T14:28:26+00:00\",\"breadcrumb\":{\"@id\":\"https:\\\/\\\/jonathermal.hu\\\/fontos-informacio-szallasfoglalashoz\\\/#breadcrumb\"},\"inLanguage\":\"de\",\"potentialAction\":[{\"@type\":\"ReadAction\",\"target\":[\"https:\\\/\\\/jonathermal.hu\\\/fontos-informacio-szallasfoglalashoz\\\/\"]}]},{\"@type\":\"BreadcrumbList\",\"@id\":\"https:\\\/\\\/jonathermal.hu\\\/fontos-informacio-szallasfoglalashoz\\\/#breadcrumb\",\"itemListElement\":[{\"@type\":\"ListItem\",\"position\":1,\"name\":\"Kezd\u0151lap\",\"item\":\"https:\\\/\\\/jonathermal.hu\\\/\"},{\"@type\":\"ListItem\",\"position\":2,\"name\":\"Fontos inform\u00e1ci\u00f3 sz\u00e1ll\u00e1sfoglal\u00e1shoz\"}]},{\"@type\":\"WebSite\",\"@id\":\"https:\\\/\\\/jonathermal.hu\\\/#website\",\"url\":\"https:\\\/\\\/jonathermal.hu\\\/\",\"name\":\"Jonatherm\u00e1l Gy\u00f3gy- \u00e9s \u00c9lm\u00e9nyf\u00fcrd\u0151, Motel, Kemping\",\"description\":\"Kiskunmajsa\",\"publisher\":{\"@id\":\"https:\\\/\\\/jonathermal.hu\\\/#organization\"},\"potentialAction\":[{\"@type\":\"SearchAction\",\"target\":{\"@type\":\"EntryPoint\",\"urlTemplate\":\"https:\\\/\\\/jonathermal.hu\\\/?s={search_term_string}\"},\"query-input\":{\"@type\":\"PropertyValueSpecification\",\"valueRequired\":true,\"valueName\":\"search_term_string\"}}],\"inLanguage\":\"de\"},{\"@type\":\"Organization\",\"@id\":\"https:\\\/\\\/jonathermal.hu\\\/#organization\",\"name\":\"Jonatherm\u00e1l Gy\u00f3gy- \u00e9s \u00c9lm\u00e9nyf\u00fcrd\u0151, Motel, Kemping Kiskunmajsa\",\"url\":\"https:\\\/\\\/jonathermal.hu\\\/\",\"logo\":{\"@type\":\"ImageObject\",\"inLanguage\":\"de\",\"@id\":\"https:\\\/\\\/jonathermal.hu\\\/#\\\/schema\\\/logo\\\/image\\\/\",\"url\":\"https:\\\/\\\/jonathermal.hu\\\/wp-content\\\/uploads\\\/2022\\\/02\\\/jonatherma\u0301l-logo.png\",\"contentUrl\":\"https:\\\/\\\/jonathermal.hu\\\/wp-content\\\/uploads\\\/2022\\\/02\\\/jonatherma\u0301l-logo.png\",\"width\":200,\"height\":142,\"caption\":\"Jonatherm\u00e1l Gy\u00f3gy- \u00e9s \u00c9lm\u00e9nyf\u00fcrd\u0151, Motel, Kemping Kiskunmajsa\"},\"image\":{\"@id\":\"https:\\\/\\\/jonathermal.hu\\\/#\\\/schema\\\/logo\\\/image\\\/\"},\"sameAs\":[\"https:\\\/\\\/www.facebook.com\\\/Jonathermal\\\/\",\"https:\\\/\\\/www.instagram.com\\\/jonathermal\\\/\",\"https:\\\/\\\/www.youtube.com\\\/channel\\\/UCTAd0tjGBgxWEJfuY378_Qw\\\/featured\"]}]}<\/script>\n<!-- \/ Yoast SEO Premium plugin. -->","yoast_head_json":{"title":"Fontos inform\u00e1ci\u00f3 sz\u00e1ll\u00e1sfoglal\u00e1shoz - Jonatherm\u00e1l Gy\u00f3gy- \u00e9s \u00c9lm\u00e9nyf\u00fcrd\u0151, Motel, Kemping","robots":{"index":"index","follow":"follow","max-snippet":"max-snippet:-1","max-image-preview":"max-image-preview:large","max-video-preview":"max-video-preview:-1"},"canonical":"https:\/\/jonathermal.hu\/de\/fontos-informacio-szallasfoglalashoz\/","og_locale":"de_DE","og_type":"article","og_title":"Fontos inform\u00e1ci\u00f3 sz\u00e1ll\u00e1sfoglal\u00e1shoz","og_description":"T\u00e1j\u00e9koztatjuk, hogy a digit\u00e1lis okm\u00e1nyolvas\u00f3 haszn\u00e1lat\u00e1ra vonatkoz\u00f3 235\/2019(X.15) korm\u00e1nyrendelet \u00e9rtelm\u00e9ben a bejelentkez\u00e9s \u00e9s szobaelfoglal\u00e1s felt\u00e9tele a sz\u00e1ll\u00e1shely szolg\u00e1ltat\u00e1st ig\u00e9nybe vev\u0151 szem\u00e9lyek szem\u00e9lyes adatait igazol\u00f3 f\u00e9nyk\u00e9pes igazolv\u00e1nyainak (szem\u00e9lyi igazolv\u00e1ny, lakc\u00edmk\u00e1rtya vagy \u00fatlev\u00e9l) \u00e1tad\u00e1sa \u00e9rkez\u00e9skor a recepci\u00f3n \u00e9s digit\u00e1lis okm\u00e1nyscannerrel t\u00f6rt\u00e9n\u0151 r\u00f6gz\u00edt\u00e9se a sz\u00e1lloda r\u00e9sz\u00e9r\u0151l.","og_url":"https:\/\/jonathermal.hu\/de\/fontos-informacio-szallasfoglalashoz\/","og_site_name":"Jonatherm\u00e1l Gy\u00f3gy- \u00e9s \u00c9lm\u00e9nyf\u00fcrd\u0151, Motel, Kemping","article_publisher":"https:\/\/www.facebook.com\/Jonathermal\/","article_modified_time":"2022-06-17T14:28:26+00:00","twitter_card":"summary_large_image","schema":{"@context":"https:\/\/schema.org","@graph":[{"@type":"WebPage","@id":"https:\/\/jonathermal.hu\/fontos-informacio-szallasfoglalashoz\/","url":"https:\/\/jonathermal.hu\/fontos-informacio-szallasfoglalashoz\/","name":"Fontos inform\u00e1ci\u00f3 sz\u00e1ll\u00e1sfoglal\u00e1shoz - Jonatherm\u00e1l Gy\u00f3gy- \u00e9s \u00c9lm\u00e9nyf\u00fcrd\u0151, Motel, Kemping","isPartOf":{"@id":"https:\/\/jonathermal.hu\/#website"},"datePublished":"2022-06-17T14:26:46+00:00","dateModified":"2022-06-17T14:28:26+00:00","breadcrumb":{"@id":"https:\/\/jonathermal.hu\/fontos-informacio-szallasfoglalashoz\/#breadcrumb"},"inLanguage":"de","potentialAction":[{"@type":"ReadAction","target":["https:\/\/jonathermal.hu\/fontos-informacio-szallasfoglalashoz\/"]}]},{"@type":"BreadcrumbList","@id":"https:\/\/jonathermal.hu\/fontos-informacio-szallasfoglalashoz\/#breadcrumb","itemListElement":[{"@type":"ListItem","position":1,"name":"Kezd\u0151lap","item":"https:\/\/jonathermal.hu\/"},{"@type":"ListItem","position":2,"name":"Fontos inform\u00e1ci\u00f3 sz\u00e1ll\u00e1sfoglal\u00e1shoz"}]},{"@type":"WebSite","@id":"https:\/\/jonathermal.hu\/#website","url":"https:\/\/jonathermal.hu\/","name":"Jonatherm\u00e1l Gy\u00f3gy- \u00e9s \u00c9lm\u00e9nyf\u00fcrd\u0151, Motel, Kemping","description":"Kiskunmajsa","publisher":{"@id":"https:\/\/jonathermal.hu\/#organization"},"potentialAction":[{"@type":"SearchAction","target":{"@type":"EntryPoint","urlTemplate":"https:\/\/jonathermal.hu\/?s={search_term_string}"},"query-input":{"@type":"PropertyValueSpecification","valueRequired":true,"valueName":"search_term_string"}}],"inLanguage":"de"},{"@type":"Organization","@id":"https:\/\/jonathermal.hu\/#organization","name":"Jonatherm\u00e1l Gy\u00f3gy- \u00e9s \u00c9lm\u00e9nyf\u00fcrd\u0151, Motel, Kemping Kiskunmajsa","url":"https:\/\/jonathermal.hu\/","logo":{"@type":"ImageObject","inLanguage":"de","@id":"https:\/\/jonathermal.hu\/#\/schema\/logo\/image\/","url":"https:\/\/jonathermal.hu\/wp-content\/uploads\/2022\/02\/jonatherma\u0301l-logo.png","contentUrl":"https:\/\/jonathermal.hu\/wp-content\/uploads\/2022\/02\/jonatherma\u0301l-logo.png","width":200,"height":142,"caption":"Jonatherm\u00e1l Gy\u00f3gy- \u00e9s \u00c9lm\u00e9nyf\u00fcrd\u0151, Motel, Kemping Kiskunmajsa"},"image":{"@id":"https:\/\/jonathermal.hu\/#\/schema\/logo\/image\/"},"sameAs":["https:\/\/www.facebook.com\/Jonathermal\/","https:\/\/www.instagram.com\/jonathermal\/","https:\/\/www.youtube.com\/channel\/UCTAd0tjGBgxWEJfuY378_Qw\/featured"]}]}},"_links":{"self":[{"href":"https:\/\/jonathermal.hu\/de\/wp-json\/wp\/v2\/pages\/3920","targetHints":{"allow":["GET"]}}],"collection":[{"href":"https:\/\/jonathermal.hu\/de\/wp-json\/wp\/v2\/pages"}],"about":[{"href":"https:\/\/jonathermal.hu\/de\/wp-json\/wp\/v2\/types\/page"}],"author":[{"embeddable":true,"href":"https:\/\/jonathermal.hu\/de\/wp-json\/wp\/v2\/users\/1"}],"replies":[{"embeddable":true,"href":"https:\/\/jonathermal.hu\/de\/wp-json\/wp\/v2\/comments?post=3920"}],"version-history":[{"count":0,"href":"https:\/\/jonathermal.hu\/de\/wp-json\/wp\/v2\/pages\/3920\/revisions"}],"wp:attachment":[{"href":"https:\/\/jonathermal.hu\/de\/wp-json\/wp\/v2\/media?parent=3920"}],"curies":[{"name":"wp","href":"https:\/\/api.w.org\/{rel}","templated":true}]}}