{"id":1857,"date":"2022-02-22T08:35:57","date_gmt":"2022-02-22T08:35:57","guid":{"rendered":"https:\/\/jonathermal.hu\/?page_id=1857"},"modified":"2024-04-09T08:01:05","modified_gmt":"2024-04-09T08:01:05","slug":"gyogykezelesek","status":"publish","type":"page","link":"https:\/\/jonathermal.hu\/de\/gyogykezelesek\/","title":{"rendered":"Behandlung"},"content":{"rendered":"<div data-elementor-type=\"wp-page\" data-elementor-id=\"1857\" class=\"elementor elementor-1857\" data-elementor-post-type=\"page\">\n\t\t\t\t\t\t<section class=\"elementor-section elementor-top-section elementor-element elementor-element-c33b1e9 elementor-section-boxed elementor-section-height-default elementor-section-height-default\" data-id=\"c33b1e9\" data-element_type=\"section\" data-e-type=\"section\">\n\t\t\t\t\t\t<div class=\"elementor-container elementor-column-gap-default\">\n\t\t\t\t\t<div class=\"elementor-column elementor-col-100 elementor-top-column elementor-element elementor-element-86322c6\" data-id=\"86322c6\" data-element_type=\"column\" data-e-type=\"column\">\n\t\t\t<div class=\"elementor-widget-wrap elementor-element-populated\">\n\t\t\t\t\t\t<div class=\"elementor-element elementor-element-0c1f5a9 elementor-widget elementor-widget-text-editor\" data-id=\"0c1f5a9\" data-element_type=\"widget\" data-e-type=\"widget\" data-widget_type=\"text-editor.default\">\n\t\t\t\t<div class=\"elementor-widget-container\">\n\t\t\t\t\t\t\t\t\t<div><table border=\"0\" cellspacing=\"0\" cellpadding=\"7\"><tbody><tr><td colspan=\"2\" valign=\"top\" bgcolor=\"#5EB1BF\" width=\"604\"><div style=\"color: #ffffff;\"><strong>Gy\u00f3gyszolg\u00e1ltat\u00e1saink<\/strong><\/div><\/td><\/tr><tr><td width=\"178\">Heilbad<\/td><td width=\"178\">F\u00fcrd\u0151bel\u00e9p\u0151vel vagy beutal\u00f3val<\/td><\/tr><tr><td>V\u00edz alatti gy\u00f3gytorna (1 alkalom)<\/td><td width=\"178\">500 Ft<\/td><\/tr><tr><td>Gy\u00f3gymassz\u00e1zs (20 perc)<\/td><td width=\"178\">2.600 Ft<\/td><\/tr><tr><td>Gy\u00f3gymassz\u00e1zs (40 perc)<\/td><td width=\"178\">4.400 Ft<\/td><\/tr><tr><td>Tangentoros k\u00e1df\u00fcrd\u0151 (20 perc)<\/td><td width=\"178\">1.600 Ft<\/td><\/tr><tr><td>A kezel\u00e9sekhez t\u00f6r\u00fclk\u00f6z\u0151<\/td><td width=\"178\">200 Ft<\/td><\/tr><tr><td>F\u00fcr Patienten mit \u00dcberweisung wird die Miete von Handt\u00fcchern und Bettw\u00e4sche abgezinst<\/td><td width=\"178\">100 Ft<\/td><\/tr><\/tbody><\/table><\/div><table border=\"0\" cellspacing=\"0\" cellpadding=\"7\"><tbody><tr><td colspan=\"2\" valign=\"top\" bgcolor=\"#5EB1BF\" width=\"604\"><div style=\"color: #ffffff;\"><strong>Von der OEP finanzierte Heilbehandlungen mit \u00dcberweisung<br \/><\/strong><\/div><\/td><\/tr><tr><td width=\"178\">01 Thermal-Heilbecken<\/td><td width=\"178\">1500,-Ft\/kezel\u00e9s<\/td><\/tr><tr><td>06 orvosi gy\u00f3gymassz\u00e1zs<\/td><td width=\"178\">1000,-Ft\/kezel\u00e9s<\/td><\/tr><tr><td>07 v\u00edz alatti v\u00edzsug\u00e1rkezel\u00e9s<\/td><td width=\"178\">1000,-Ft\/kezel\u00e9s<\/td><\/tr><tr><td>08 v\u00edz alatti csop. gy\u00f3gytorna<\/td><td width=\"178\">500,-Ft\/kezel\u00e9s<\/td><\/tr><\/tbody><\/table><div>Wir machen unsere G\u00e4ste darauf aufmerksam, dass die Behandlungstermine an der Kasse vereinbart werden k\u00f6nnen. Die Geb\u00fchren f\u00fcr unsere Leistungen k\u00f6nnen ausschlie\u00dflich dort entrichtet werden.\nWir behalten uns das Recht vor, die Preise und die H\u00f6he der Preiserm\u00e4\u00dfigungen zu \u00e4ndern! Die aufgef\u00fchrten Erm\u00e4\u00dfigungen k\u00f6nnen nicht zusammengezogen werden. Bei sonstigen Sonderangeboten k\u00f6nnen die Erm\u00e4\u00dfigungen nicht geltend gemacht werden.<\/div><p>Felh\u00edvjuk kedves vend\u00e9geink figyelm\u00e9t, hogy a kezel\u00e9sek id\u0151pontj\u00e1t a p\u00e9nzt\u00e1rn\u00e1l lehet egyeztetni, szolg\u00e1ltat\u00e1saink d\u00edj\u00e1t kiz\u00e1r\u00f3lag csak ott lehet fizetni.<\/p><div class=\"fbChatMessage fsm direction_ltr\"><strong>Gy\u00f3gy\u00e1szati szolg\u00e1ltat\u00e1sainkat Eg\u00e9szs\u00e9gp\u00e9nzt\u00e1ri k\u00e1rty\u00e1val is fizetheti, kiv\u00e9ve a gy\u00f3gyf\u00fcrd\u0151 szolg\u00e1ltat\u00e1st.<br \/><\/strong><\/div><div class=\"fbChatMessage fsm direction_ltr\"><a href=\"https:\/\/jonathermal.hu\/de\/elfogadott-utalvanyok-kedvezmenykartyak\/\">Eg\u00e9szs\u00e9gp\u00e9nzt\u00e1ri partnereink list\u00e1j\u00e1t megtal\u00e1lja ide kattintva.<\/a><\/div>\t\t\t\t\t\t\t\t<\/div>\n\t\t\t\t<\/div>\n\t\t\t\t\t<\/div>\n\t\t<\/div>\n\t\t\t\t\t<\/div>\n\t\t<\/section>\n\t\t\t\t<\/div>","protected":false},"excerpt":{"rendered":"<p>Gy\u00f3gyszolg\u00e1ltat\u00e1saink Gy\u00f3gyf\u00fcrd\u0151 F\u00fcrd\u0151bel\u00e9p\u0151vel vagy beutal\u00f3val V\u00edz alatti gy\u00f3gytorna (1 alkalom) 500 Ft Gy\u00f3gymassz\u00e1zs (20 perc) 2.600 Ft Gy\u00f3gymassz\u00e1zs (40 perc) 4.400 Ft Tangentoros k\u00e1df\u00fcrd\u0151 (20 perc) 1.600 Ft A kezel\u00e9sekhez t\u00f6r\u00fclk\u00f6z\u0151 200 Ft Beutal\u00f3val rendelkez\u0151 betegeink r\u00e9sz\u00e9re a t\u00f6r\u00fclk\u00f6z\u0151 \u00e9s a leped\u0151 b\u00e9rlete kedvezm\u00e9nyesen 100 Ft OEP \u00e1ltal finansz\u00edrozott gy\u00f3gykezel\u00e9sek beutal\u00f3ra 01 term\u00e1l gy\u00f3gymedence 1500,-Ft\/kezel\u00e9s [&hellip;]<\/p>\n","protected":false},"author":1,"featured_media":0,"parent":0,"menu_order":0,"comment_status":"closed","ping_status":"closed","template":"","meta":{"site-sidebar-layout":"no-sidebar","site-content-layout":"page-builder","ast-site-content-layout":"default","site-content-style":"default","site-sidebar-style":"default","ast-global-header-display":"","ast-banner-title-visibility":"","ast-main-header-display":"","ast-hfb-above-header-display":"","ast-hfb-below-header-display":"","ast-hfb-mobile-header-display":"","site-post-title":"disabled","ast-breadcrumbs-content":"","ast-featured-img":"disabled","footer-sml-layout":"","ast-disable-related-posts":"","theme-transparent-header-meta":"","adv-header-id-meta":"","stick-header-meta":"","header-above-stick-meta":"","header-main-stick-meta":"","header-below-stick-meta":"","astra-migrate-meta-layouts":"default","ast-page-background-enabled":"default","ast-page-background-meta":{"desktop":{"background-color":"var(--ast-global-color-4)","background-image":"","background-repeat":"repeat","background-position":"center center","background-size":"auto","background-attachment":"scroll","background-type":"","background-media":"","overlay-type":"","overlay-color":"","overlay-opacity":"","overlay-gradient":""},"tablet":{"background-color":"","background-image":"","background-repeat":"repeat","background-position":"center center","background-size":"auto","background-attachment":"scroll","background-type":"","background-media":"","overlay-type":"","overlay-color":"","overlay-opacity":"","overlay-gradient":""},"mobile":{"background-color":"","background-image":"","background-repeat":"repeat","background-position":"center center","background-size":"auto","background-attachment":"scroll","background-type":"","background-media":"","overlay-type":"","overlay-color":"","overlay-opacity":"","overlay-gradient":""}},"ast-content-background-meta":{"desktop":{"background-color":"var(--ast-global-color-5)","background-image":"","background-repeat":"repeat","background-position":"center center","background-size":"auto","background-attachment":"scroll","background-type":"","background-media":"","overlay-type":"","overlay-color":"","overlay-opacity":"","overlay-gradient":""},"tablet":{"background-color":"var(--ast-global-color-5)","background-image":"","background-repeat":"repeat","background-position":"center center","background-size":"auto","background-attachment":"scroll","background-type":"","background-media":"","overlay-type":"","overlay-color":"","overlay-opacity":"","overlay-gradient":""},"mobile":{"background-color":"var(--ast-global-color-5)","background-image":"","background-repeat":"repeat","background-position":"center center","background-size":"auto","background-attachment":"scroll","background-type":"","background-media":"","overlay-type":"","overlay-color":"","overlay-opacity":"","overlay-gradient":""}},"footnotes":""},"class_list":["post-1857","page","type-page","status-publish","hentry"],"yoast_head":"<!-- This site is optimized with the Yoast SEO Premium plugin v27.5 (Yoast SEO v27.5) - https:\/\/yoast.com\/product\/yoast-seo-premium-wordpress\/ -->\n<title>Gy\u00f3gykezel\u00e9sek - Jonatherm\u00e1l Gy\u00f3gy- \u00e9s \u00c9lm\u00e9nyf\u00fcrd\u0151, Motel, Kemping<\/title>\n<meta name=\"robots\" content=\"index, follow, max-snippet:-1, max-image-preview:large, max-video-preview:-1\" \/>\n<link rel=\"canonical\" href=\"https:\/\/jonathermal.hu\/de\/gyogykezelesek\/\" \/>\n<meta property=\"og:locale\" content=\"de_DE\" \/>\n<meta property=\"og:type\" content=\"article\" \/>\n<meta property=\"og:title\" content=\"Gy\u00f3gykezel\u00e9sek\" \/>\n<meta property=\"og:description\" content=\"Gy\u00f3gyszolg\u00e1ltat\u00e1saink Gy\u00f3gyf\u00fcrd\u0151 F\u00fcrd\u0151bel\u00e9p\u0151vel vagy beutal\u00f3val V\u00edz alatti gy\u00f3gytorna (1 alkalom) 500 Ft Gy\u00f3gymassz\u00e1zs (20 perc) 2.600 Ft Gy\u00f3gymassz\u00e1zs (40 perc) 4.400 Ft Tangentoros k\u00e1df\u00fcrd\u0151 (20 perc) 1.600 Ft A kezel\u00e9sekhez t\u00f6r\u00fclk\u00f6z\u0151 200 Ft Beutal\u00f3val rendelkez\u0151 betegeink r\u00e9sz\u00e9re a t\u00f6r\u00fclk\u00f6z\u0151 \u00e9s a leped\u0151 b\u00e9rlete kedvezm\u00e9nyesen 100 Ft OEP \u00e1ltal finansz\u00edrozott gy\u00f3gykezel\u00e9sek beutal\u00f3ra 01 term\u00e1l gy\u00f3gymedence 1500,-Ft\/kezel\u00e9s [&hellip;]\" \/>\n<meta property=\"og:url\" content=\"https:\/\/jonathermal.hu\/de\/gyogykezelesek\/\" \/>\n<meta property=\"og:site_name\" content=\"Jonatherm\u00e1l Gy\u00f3gy- \u00e9s \u00c9lm\u00e9nyf\u00fcrd\u0151, Motel, Kemping\" \/>\n<meta property=\"article:publisher\" content=\"https:\/\/www.facebook.com\/Jonathermal\/\" \/>\n<meta property=\"article:modified_time\" content=\"2024-04-09T08:01:05+00:00\" \/>\n<meta name=\"twitter:card\" content=\"summary_large_image\" \/>\n<script type=\"application\/ld+json\" class=\"yoast-schema-graph\">{\"@context\":\"https:\\\/\\\/schema.org\",\"@graph\":[{\"@type\":\"WebPage\",\"@id\":\"https:\\\/\\\/jonathermal.hu\\\/gyogykezelesek\\\/\",\"url\":\"https:\\\/\\\/jonathermal.hu\\\/gyogykezelesek\\\/\",\"name\":\"Gy\u00f3gykezel\u00e9sek - Jonatherm\u00e1l Gy\u00f3gy- \u00e9s \u00c9lm\u00e9nyf\u00fcrd\u0151, Motel, Kemping\",\"isPartOf\":{\"@id\":\"https:\\\/\\\/jonathermal.hu\\\/#website\"},\"datePublished\":\"2022-02-22T08:35:57+00:00\",\"dateModified\":\"2024-04-09T08:01:05+00:00\",\"breadcrumb\":{\"@id\":\"https:\\\/\\\/jonathermal.hu\\\/gyogykezelesek\\\/#breadcrumb\"},\"inLanguage\":\"de\",\"potentialAction\":[{\"@type\":\"ReadAction\",\"target\":[\"https:\\\/\\\/jonathermal.hu\\\/gyogykezelesek\\\/\"]}]},{\"@type\":\"BreadcrumbList\",\"@id\":\"https:\\\/\\\/jonathermal.hu\\\/gyogykezelesek\\\/#breadcrumb\",\"itemListElement\":[{\"@type\":\"ListItem\",\"position\":1,\"name\":\"Kezd\u0151lap\",\"item\":\"https:\\\/\\\/jonathermal.hu\\\/\"},{\"@type\":\"ListItem\",\"position\":2,\"name\":\"Gy\u00f3gykezel\u00e9sek\"}]},{\"@type\":\"WebSite\",\"@id\":\"https:\\\/\\\/jonathermal.hu\\\/#website\",\"url\":\"https:\\\/\\\/jonathermal.hu\\\/\",\"name\":\"Jonatherm\u00e1l Gy\u00f3gy- \u00e9s \u00c9lm\u00e9nyf\u00fcrd\u0151, Motel, Kemping\",\"description\":\"Kiskunmajsa\",\"publisher\":{\"@id\":\"https:\\\/\\\/jonathermal.hu\\\/#organization\"},\"potentialAction\":[{\"@type\":\"SearchAction\",\"target\":{\"@type\":\"EntryPoint\",\"urlTemplate\":\"https:\\\/\\\/jonathermal.hu\\\/?s={search_term_string}\"},\"query-input\":{\"@type\":\"PropertyValueSpecification\",\"valueRequired\":true,\"valueName\":\"search_term_string\"}}],\"inLanguage\":\"de\"},{\"@type\":\"Organization\",\"@id\":\"https:\\\/\\\/jonathermal.hu\\\/#organization\",\"name\":\"Jonatherm\u00e1l Gy\u00f3gy- \u00e9s \u00c9lm\u00e9nyf\u00fcrd\u0151, Motel, Kemping Kiskunmajsa\",\"url\":\"https:\\\/\\\/jonathermal.hu\\\/\",\"logo\":{\"@type\":\"ImageObject\",\"inLanguage\":\"de\",\"@id\":\"https:\\\/\\\/jonathermal.hu\\\/#\\\/schema\\\/logo\\\/image\\\/\",\"url\":\"https:\\\/\\\/jonathermal.hu\\\/wp-content\\\/uploads\\\/2022\\\/02\\\/jonatherma\u0301l-logo.png\",\"contentUrl\":\"https:\\\/\\\/jonathermal.hu\\\/wp-content\\\/uploads\\\/2022\\\/02\\\/jonatherma\u0301l-logo.png\",\"width\":200,\"height\":142,\"caption\":\"Jonatherm\u00e1l Gy\u00f3gy- \u00e9s \u00c9lm\u00e9nyf\u00fcrd\u0151, Motel, Kemping Kiskunmajsa\"},\"image\":{\"@id\":\"https:\\\/\\\/jonathermal.hu\\\/#\\\/schema\\\/logo\\\/image\\\/\"},\"sameAs\":[\"https:\\\/\\\/www.facebook.com\\\/Jonathermal\\\/\",\"https:\\\/\\\/www.instagram.com\\\/jonathermal\\\/\",\"https:\\\/\\\/www.youtube.com\\\/channel\\\/UCTAd0tjGBgxWEJfuY378_Qw\\\/featured\"]}]}<\/script>\n<!-- \/ Yoast SEO Premium plugin. -->","yoast_head_json":{"title":"Gy\u00f3gykezel\u00e9sek - Jonatherm\u00e1l Gy\u00f3gy- \u00e9s \u00c9lm\u00e9nyf\u00fcrd\u0151, Motel, Kemping","robots":{"index":"index","follow":"follow","max-snippet":"max-snippet:-1","max-image-preview":"max-image-preview:large","max-video-preview":"max-video-preview:-1"},"canonical":"https:\/\/jonathermal.hu\/de\/gyogykezelesek\/","og_locale":"de_DE","og_type":"article","og_title":"Gy\u00f3gykezel\u00e9sek","og_description":"Gy\u00f3gyszolg\u00e1ltat\u00e1saink Gy\u00f3gyf\u00fcrd\u0151 F\u00fcrd\u0151bel\u00e9p\u0151vel vagy beutal\u00f3val V\u00edz alatti gy\u00f3gytorna (1 alkalom) 500 Ft Gy\u00f3gymassz\u00e1zs (20 perc) 2.600 Ft Gy\u00f3gymassz\u00e1zs (40 perc) 4.400 Ft Tangentoros k\u00e1df\u00fcrd\u0151 (20 perc) 1.600 Ft A kezel\u00e9sekhez t\u00f6r\u00fclk\u00f6z\u0151 200 Ft Beutal\u00f3val rendelkez\u0151 betegeink r\u00e9sz\u00e9re a t\u00f6r\u00fclk\u00f6z\u0151 \u00e9s a leped\u0151 b\u00e9rlete kedvezm\u00e9nyesen 100 Ft OEP \u00e1ltal finansz\u00edrozott gy\u00f3gykezel\u00e9sek beutal\u00f3ra 01 term\u00e1l gy\u00f3gymedence 1500,-Ft\/kezel\u00e9s [&hellip;]","og_url":"https:\/\/jonathermal.hu\/de\/gyogykezelesek\/","og_site_name":"Jonatherm\u00e1l Gy\u00f3gy- \u00e9s \u00c9lm\u00e9nyf\u00fcrd\u0151, Motel, Kemping","article_publisher":"https:\/\/www.facebook.com\/Jonathermal\/","article_modified_time":"2024-04-09T08:01:05+00:00","twitter_card":"summary_large_image","schema":{"@context":"https:\/\/schema.org","@graph":[{"@type":"WebPage","@id":"https:\/\/jonathermal.hu\/gyogykezelesek\/","url":"https:\/\/jonathermal.hu\/gyogykezelesek\/","name":"Gy\u00f3gykezel\u00e9sek - Jonatherm\u00e1l Gy\u00f3gy- \u00e9s \u00c9lm\u00e9nyf\u00fcrd\u0151, Motel, Kemping","isPartOf":{"@id":"https:\/\/jonathermal.hu\/#website"},"datePublished":"2022-02-22T08:35:57+00:00","dateModified":"2024-04-09T08:01:05+00:00","breadcrumb":{"@id":"https:\/\/jonathermal.hu\/gyogykezelesek\/#breadcrumb"},"inLanguage":"de","potentialAction":[{"@type":"ReadAction","target":["https:\/\/jonathermal.hu\/gyogykezelesek\/"]}]},{"@type":"BreadcrumbList","@id":"https:\/\/jonathermal.hu\/gyogykezelesek\/#breadcrumb","itemListElement":[{"@type":"ListItem","position":1,"name":"Kezd\u0151lap","item":"https:\/\/jonathermal.hu\/"},{"@type":"ListItem","position":2,"name":"Gy\u00f3gykezel\u00e9sek"}]},{"@type":"WebSite","@id":"https:\/\/jonathermal.hu\/#website","url":"https:\/\/jonathermal.hu\/","name":"Jonatherm\u00e1l Gy\u00f3gy- \u00e9s \u00c9lm\u00e9nyf\u00fcrd\u0151, Motel, Kemping","description":"Kiskunmajsa","publisher":{"@id":"https:\/\/jonathermal.hu\/#organization"},"potentialAction":[{"@type":"SearchAction","target":{"@type":"EntryPoint","urlTemplate":"https:\/\/jonathermal.hu\/?s={search_term_string}"},"query-input":{"@type":"PropertyValueSpecification","valueRequired":true,"valueName":"search_term_string"}}],"inLanguage":"de"},{"@type":"Organization","@id":"https:\/\/jonathermal.hu\/#organization","name":"Jonatherm\u00e1l Gy\u00f3gy- \u00e9s \u00c9lm\u00e9nyf\u00fcrd\u0151, Motel, Kemping Kiskunmajsa","url":"https:\/\/jonathermal.hu\/","logo":{"@type":"ImageObject","inLanguage":"de","@id":"https:\/\/jonathermal.hu\/#\/schema\/logo\/image\/","url":"https:\/\/jonathermal.hu\/wp-content\/uploads\/2022\/02\/jonatherma\u0301l-logo.png","contentUrl":"https:\/\/jonathermal.hu\/wp-content\/uploads\/2022\/02\/jonatherma\u0301l-logo.png","width":200,"height":142,"caption":"Jonatherm\u00e1l Gy\u00f3gy- \u00e9s \u00c9lm\u00e9nyf\u00fcrd\u0151, Motel, Kemping Kiskunmajsa"},"image":{"@id":"https:\/\/jonathermal.hu\/#\/schema\/logo\/image\/"},"sameAs":["https:\/\/www.facebook.com\/Jonathermal\/","https:\/\/www.instagram.com\/jonathermal\/","https:\/\/www.youtube.com\/channel\/UCTAd0tjGBgxWEJfuY378_Qw\/featured"]}]}},"_links":{"self":[{"href":"https:\/\/jonathermal.hu\/de\/wp-json\/wp\/v2\/pages\/1857","targetHints":{"allow":["GET"]}}],"collection":[{"href":"https:\/\/jonathermal.hu\/de\/wp-json\/wp\/v2\/pages"}],"about":[{"href":"https:\/\/jonathermal.hu\/de\/wp-json\/wp\/v2\/types\/page"}],"author":[{"embeddable":true,"href":"https:\/\/jonathermal.hu\/de\/wp-json\/wp\/v2\/users\/1"}],"replies":[{"embeddable":true,"href":"https:\/\/jonathermal.hu\/de\/wp-json\/wp\/v2\/comments?post=1857"}],"version-history":[{"count":0,"href":"https:\/\/jonathermal.hu\/de\/wp-json\/wp\/v2\/pages\/1857\/revisions"}],"wp:attachment":[{"href":"https:\/\/jonathermal.hu\/de\/wp-json\/wp\/v2\/media?parent=1857"}],"curies":[{"name":"wp","href":"https:\/\/api.w.org\/{rel}","templated":true}]}}