{"id":1713,"date":"2022-02-21T16:24:40","date_gmt":"2022-02-21T16:24:40","guid":{"rendered":"https:\/\/jonathermal.hu\/?page_id=1713"},"modified":"2022-03-14T12:54:41","modified_gmt":"2022-03-14T12:54:41","slug":"megkozelites","status":"publish","type":"page","link":"https:\/\/jonathermal.hu\/de\/megkozelites\/","title":{"rendered":"Ansatz"},"content":{"rendered":"<div data-elementor-type=\"wp-page\" data-elementor-id=\"1713\" class=\"elementor elementor-1713\" data-elementor-post-type=\"page\">\n\t\t\t\t\t\t<section class=\"elementor-section elementor-top-section elementor-element elementor-element-6bf2204 elementor-section-boxed elementor-section-height-default elementor-section-height-default\" data-id=\"6bf2204\" data-element_type=\"section\" data-e-type=\"section\">\n\t\t\t\t\t\t<div class=\"elementor-container elementor-column-gap-default\">\n\t\t\t\t\t<div class=\"elementor-column elementor-col-100 elementor-top-column elementor-element elementor-element-b9685a0\" data-id=\"b9685a0\" data-element_type=\"column\" data-e-type=\"column\">\n\t\t\t<div class=\"elementor-widget-wrap elementor-element-populated\">\n\t\t\t\t\t\t<div class=\"elementor-element elementor-element-1bafd79 elementor-widget elementor-widget-text-editor\" data-id=\"1bafd79\" data-element_type=\"widget\" data-e-type=\"widget\" data-widget_type=\"text-editor.default\">\n\t\t\t\t<div class=\"elementor-widget-container\">\n\t\t\t\t\t<style>.elementor-element-1bafd79{display:none !important}<\/style>\t\t\t\t<\/div>\n\t\t\t\t<\/div>\n\t\t\t\t<div class=\"elementor-element elementor-element-2020e6b elementor-widget elementor-widget-text-editor\" data-id=\"2020e6b\" data-element_type=\"widget\" data-e-type=\"widget\" data-no-translation=\"\" data-widget_type=\"text-editor.default\">\n\t\t\t\t<div class=\"elementor-widget-container\">\n\t\t\t\t\t\t\t\t\t<p><strong>AWie kommen Sie nach Kiskunmajsa?<\/strong><\/p><p>Unter folgenden Adressen k\u00f6nnen Sie einen genauen Routenplan erstellen, ganz gleich, ob Sie aus dem In- oder dem Ausland eintreffen.<\/p><p><a href=\"http:\/\/www.auskunft.ch\/routenplaner\/\" target=\"_blank\" rel=\"noopener\">http:\/\/www.auskunft.ch\/routenplaner\/<\/a><br \/><a href=\"http:\/\/www.routenplaner-online.com\/\" target=\"_blank\" rel=\"noopener\">http:\/\/www.routenplaner-online.com<\/a><\/p><p><strong>Geographische Lage von Kiskunmajsa und der Jonatherm\u00e1l AG (Bad):<\/strong><\/p><p>Kiskunmajsa, sowie das Bad, befinden sich in der gro\u00dfen Tiefebene, in der mittleren Region des Komitats B\u00e1cs-Kiskun, 22 km von Kiskunf\u00e9legyh\u00e1za in Richtung Kiskunmajsa entfernt. Von Budapest ist es \u00fcber die Autobahn M5 bzw. deren Ende in Kiskunf\u00e9legyh\u00e1za zu erreichen. Die Jonathermal Zrt. befindet sich drei Kilometer von Kiskunmajsa entfernt an der Landstra\u00dfe nach Kiskunf\u00e9legyh\u00e1za. Aus Transdanubien kann das Bad \u00fcber die Donaubr\u00fccken Baja, Szeksz\u00e1rd oder Dunaf\u00f6ldv\u00e1r erreicht werden, sogar mit den fahrplanm\u00e4\u00dfig verkehrenden \u00dcberlandbussen, der Bahn oder deren Kombination. Von Debrecen \u00fcber die Hauptstra\u00dfe 4 bis Szolnok und von da an \u00fcber die Landstra\u00dfe durch Kiskunf\u00e9legyh\u00e1za.<\/p><p><strong>JONATHERMAL HEILBAD<\/strong><br \/><a href=\"https:\/\/www.google.com\/maps\/place\/46%C2%B031'27.0%22N+19%C2%B044'41.0%22E\/@46.5242073,19.7431987,17z\/data=!4m5!3m4!1s0x0:0x0!8m2!3d46.5241667!4d19.7447222\" target=\"_blank\" rel=\"noopener\">GPS: (LAT) 46\u00b031&#8217;27&#8221; (LON) 19\u00b044&#8217;41&#8221;<\/a><\/p><p><strong>JONATHERMAL\u00a0<\/strong><strong>\u00a0MOTEL, ***CAMPING:<\/strong><br \/><a href=\"https:\/\/www.google.com\/maps\/place\/46%C2%B031'15.7%22N+19%C2%B044'48.5%22E\/@46.5210427,19.7446073,17z\/data=!3m1!4b1!4m5!3m4!1s0x0:0x0!8m2!3d46.521039!4d19.746796\" target=\"_blank\" rel=\"noopener\">GPS: (LAT) 46.521039, (LON)\u00a019.746796<\/a><\/p>\t\t\t\t\t\t\t\t<\/div>\n\t\t\t\t<\/div>\n\t\t\t\t<div class=\"elementor-element elementor-element-5529565 elementor-widget elementor-widget-image\" data-id=\"5529565\" data-element_type=\"widget\" data-e-type=\"widget\" data-widget_type=\"image.default\">\n\t\t\t\t<div class=\"elementor-widget-container\">\n\t\t\t\t\t\t\t\t\t\t\t\t\t\t\t<img fetchpriority=\"high\" decoding=\"async\" width=\"683\" height=\"1024\" src=\"https:\/\/jonathermal.hu\/wp-content\/uploads\/2022\/02\/jonathermaltermekepn-kozeli-orszagos-683x1024.jpeg\" class=\"attachment-large size-large wp-image-1716\" alt=\"\" srcset=\"https:\/\/jonathermal.hu\/wp-content\/uploads\/2022\/02\/jonathermaltermekepn-kozeli-orszagos-683x1024.jpeg 683w, https:\/\/jonathermal.hu\/wp-content\/uploads\/2022\/02\/jonathermaltermekepn-kozeli-orszagos-200x300.jpeg 200w, https:\/\/jonathermal.hu\/wp-content\/uploads\/2022\/02\/jonathermaltermekepn-kozeli-orszagos-768x1151.jpeg 768w, https:\/\/jonathermal.hu\/wp-content\/uploads\/2022\/02\/jonathermaltermekepn-kozeli-orszagos-600x899.jpeg 600w, https:\/\/jonathermal.hu\/wp-content\/uploads\/2022\/02\/jonathermaltermekepn-kozeli-orszagos.jpeg 814w\" sizes=\"(max-width: 683px) 100vw, 683px\" \/>\t\t\t\t\t\t\t\t\t\t\t\t\t\t\t<\/div>\n\t\t\t\t<\/div>\n\t\t\t\t<div class=\"elementor-element elementor-element-43159c3 elementor-widget elementor-widget-text-editor\" data-id=\"43159c3\" data-element_type=\"widget\" data-e-type=\"widget\" data-widget_type=\"text-editor.default\">\n\t\t\t\t<div class=\"elementor-widget-container\">\n\t\t\t\t\t<style>.elementor-element-43159c3{display:none !important}<\/style>\t\t\t\t<\/div>\n\t\t\t\t<\/div>\n\t\t\t\t\t<\/div>\n\t\t<\/div>\n\t\t\t\t\t<\/div>\n\t\t<\/section>\n\t\t\t\t<section class=\"elementor-section elementor-top-section elementor-element elementor-element-7445d66 elementor-section-full_width elementor-section-height-default elementor-section-height-default\" data-id=\"7445d66\" data-element_type=\"section\" data-e-type=\"section\">\n\t\t\t\t\t\t<div class=\"elementor-container elementor-column-gap-no\">\n\t\t\t\t\t<div class=\"elementor-column elementor-col-100 elementor-top-column elementor-element elementor-element-3a8c90e\" data-id=\"3a8c90e\" data-element_type=\"column\" data-e-type=\"column\" data-settings=\"{&quot;background_background&quot;:&quot;classic&quot;}\">\n\t\t\t<div class=\"elementor-widget-wrap elementor-element-populated\">\n\t\t\t\t\t\t<div class=\"elementor-element elementor-element-4a5dd60 elementor-widget elementor-widget-google_maps\" data-id=\"4a5dd60\" data-element_type=\"widget\" data-e-type=\"widget\" data-widget_type=\"google_maps.default\">\n\t\t\t\t<div class=\"elementor-widget-container\">\n\t\t\t\t\t\t\t<div class=\"elementor-custom-embed\">\n\t\t\t<iframe loading=\"lazy\"\n\t\t\t\t\tsrc=\"https:\/\/maps.google.com\/maps?q=jonatherm%C3%A1l%20gy%C3%B3gy&#038;t=m&#038;z=9&#038;output=embed&#038;iwloc=near\"\n\t\t\t\t\ttitle=\"jonatherm\u00e1l gy\u00f3gy\"\n\t\t\t\t\taria-label=\"jonatherm\u00e1l gy\u00f3gy\"\n\t\t\t><\/iframe>\n\t\t<\/div>\n\t\t\t\t\t\t<\/div>\n\t\t\t\t<\/div>\n\t\t\t\t\t<\/div>\n\t\t<\/div>\n\t\t\t\t\t<\/div>\n\t\t<\/section>\n\t\t\t\t<\/div>","protected":false},"excerpt":{"rendered":"<p>Kiskunmajsa Kiskunmajsa az Alf\u00f6ld d\u00e9li r\u00e9sz\u00e9n, B\u00e1cs-Kiskun megy\u00e9ben elhelyezked\u0151 kisv\u00e1ros. Ter\u00fclete k\u00f6r\u00fclbel\u00fcl 222 km2, lak\u00f3inak sz\u00e1ma megk\u00f6zel\u00edt\u0151leg 12 ezer f\u0151. AWie kommen Sie nach Kiskunmajsa? Unter folgenden Adressen k\u00f6nnen Sie einen genauen Routenplan erstellen, ganz gleich, ob Sie aus dem In- oder dem Ausland eintreffen. http:\/\/www.auskunft.ch\/routenplaner\/http:\/\/www.routenplaner-online.com Geographische Lage von Kiskunmajsa und der Jonatherm\u00e1l AG (Bad): [&hellip;]<\/p>\n","protected":false},"author":1,"featured_media":0,"parent":0,"menu_order":0,"comment_status":"closed","ping_status":"closed","template":"","meta":{"site-sidebar-layout":"no-sidebar","site-content-layout":"page-builder","ast-site-content-layout":"default","site-content-style":"default","site-sidebar-style":"default","ast-global-header-display":"","ast-banner-title-visibility":"","ast-main-header-display":"","ast-hfb-above-header-display":"","ast-hfb-below-header-display":"","ast-hfb-mobile-header-display":"","site-post-title":"disabled","ast-breadcrumbs-content":"","ast-featured-img":"disabled","footer-sml-layout":"","ast-disable-related-posts":"","theme-transparent-header-meta":"","adv-header-id-meta":"","stick-header-meta":"","header-above-stick-meta":"","header-main-stick-meta":"","header-below-stick-meta":"","astra-migrate-meta-layouts":"default","ast-page-background-enabled":"default","ast-page-background-meta":{"desktop":{"background-color":"var(--ast-global-color-4)","background-image":"","background-repeat":"repeat","background-position":"center center","background-size":"auto","background-attachment":"scroll","background-type":"","background-media":"","overlay-type":"","overlay-color":"","overlay-opacity":"","overlay-gradient":""},"tablet":{"background-color":"","background-image":"","background-repeat":"repeat","background-position":"center center","background-size":"auto","background-attachment":"scroll","background-type":"","background-media":"","overlay-type":"","overlay-color":"","overlay-opacity":"","overlay-gradient":""},"mobile":{"background-color":"","background-image":"","background-repeat":"repeat","background-position":"center center","background-size":"auto","background-attachment":"scroll","background-type":"","background-media":"","overlay-type":"","overlay-color":"","overlay-opacity":"","overlay-gradient":""}},"ast-content-background-meta":{"desktop":{"background-color":"var(--ast-global-color-5)","background-image":"","background-repeat":"repeat","background-position":"center center","background-size":"auto","background-attachment":"scroll","background-type":"","background-media":"","overlay-type":"","overlay-color":"","overlay-opacity":"","overlay-gradient":""},"tablet":{"background-color":"var(--ast-global-color-5)","background-image":"","background-repeat":"repeat","background-position":"center center","background-size":"auto","background-attachment":"scroll","background-type":"","background-media":"","overlay-type":"","overlay-color":"","overlay-opacity":"","overlay-gradient":""},"mobile":{"background-color":"var(--ast-global-color-5)","background-image":"","background-repeat":"repeat","background-position":"center center","background-size":"auto","background-attachment":"scroll","background-type":"","background-media":"","overlay-type":"","overlay-color":"","overlay-opacity":"","overlay-gradient":""}},"footnotes":""},"class_list":["post-1713","page","type-page","status-publish","hentry"],"yoast_head":"<!-- This site is optimized with the Yoast SEO Premium plugin v27.6 (Yoast SEO v27.6) - https:\/\/yoast.com\/product\/yoast-seo-premium-wordpress\/ -->\n<title>Megk\u00f6zel\u00edt\u00e9s - Jonatherm\u00e1l Gy\u00f3gy- \u00e9s \u00c9lm\u00e9nyf\u00fcrd\u0151, Motel, Kemping<\/title>\n<meta name=\"robots\" content=\"index, follow, max-snippet:-1, max-image-preview:large, max-video-preview:-1\" \/>\n<link rel=\"canonical\" href=\"https:\/\/jonathermal.hu\/de\/megkozelites\/\" \/>\n<meta property=\"og:locale\" content=\"de_DE\" \/>\n<meta property=\"og:type\" content=\"article\" \/>\n<meta property=\"og:title\" content=\"Megk\u00f6zel\u00edt\u00e9s\" \/>\n<meta property=\"og:description\" content=\"Kiskunmajsa Kiskunmajsa az Alf\u00f6ld d\u00e9li r\u00e9sz\u00e9n, B\u00e1cs-Kiskun megy\u00e9ben elhelyezked\u0151 kisv\u00e1ros. Ter\u00fclete k\u00f6r\u00fclbel\u00fcl 222 km2, lak\u00f3inak sz\u00e1ma megk\u00f6zel\u00edt\u0151leg 12 ezer f\u0151. AWie kommen Sie nach Kiskunmajsa? Unter folgenden Adressen k\u00f6nnen Sie einen genauen Routenplan erstellen, ganz gleich, ob Sie aus dem In- oder dem Ausland eintreffen. http:\/\/www.auskunft.ch\/routenplaner\/http:\/\/www.routenplaner-online.com Geographische Lage von Kiskunmajsa und der Jonatherm\u00e1l AG (Bad): [&hellip;]\" \/>\n<meta property=\"og:url\" content=\"https:\/\/jonathermal.hu\/de\/megkozelites\/\" \/>\n<meta property=\"og:site_name\" content=\"Jonatherm\u00e1l Gy\u00f3gy- \u00e9s \u00c9lm\u00e9nyf\u00fcrd\u0151, Motel, Kemping\" \/>\n<meta property=\"article:publisher\" content=\"https:\/\/www.facebook.com\/Jonathermal\/\" \/>\n<meta property=\"article:modified_time\" content=\"2022-03-14T12:54:41+00:00\" \/>\n<meta property=\"og:image\" content=\"https:\/\/jonathermal.hu\/wp-content\/uploads\/2022\/02\/jonathermaltermekepn-kozeli-orszagos-683x1024.jpeg\" \/>\n<meta name=\"twitter:card\" content=\"summary_large_image\" \/>\n<script type=\"application\/ld+json\" class=\"yoast-schema-graph\">{\"@context\":\"https:\\\/\\\/schema.org\",\"@graph\":[{\"@type\":\"WebPage\",\"@id\":\"https:\\\/\\\/jonathermal.hu\\\/megkozelites\\\/\",\"url\":\"https:\\\/\\\/jonathermal.hu\\\/megkozelites\\\/\",\"name\":\"Megk\u00f6zel\u00edt\u00e9s - Jonatherm\u00e1l Gy\u00f3gy- \u00e9s \u00c9lm\u00e9nyf\u00fcrd\u0151, Motel, Kemping\",\"isPartOf\":{\"@id\":\"https:\\\/\\\/jonathermal.hu\\\/#website\"},\"primaryImageOfPage\":{\"@id\":\"https:\\\/\\\/jonathermal.hu\\\/megkozelites\\\/#primaryimage\"},\"image\":{\"@id\":\"https:\\\/\\\/jonathermal.hu\\\/megkozelites\\\/#primaryimage\"},\"thumbnailUrl\":\"https:\\\/\\\/jonathermal.hu\\\/wp-content\\\/uploads\\\/2022\\\/02\\\/jonathermaltermekepn-kozeli-orszagos-683x1024.jpeg\",\"datePublished\":\"2022-02-21T16:24:40+00:00\",\"dateModified\":\"2022-03-14T12:54:41+00:00\",\"breadcrumb\":{\"@id\":\"https:\\\/\\\/jonathermal.hu\\\/megkozelites\\\/#breadcrumb\"},\"inLanguage\":\"de\",\"potentialAction\":[{\"@type\":\"ReadAction\",\"target\":[\"https:\\\/\\\/jonathermal.hu\\\/megkozelites\\\/\"]}]},{\"@type\":\"ImageObject\",\"inLanguage\":\"de\",\"@id\":\"https:\\\/\\\/jonathermal.hu\\\/megkozelites\\\/#primaryimage\",\"url\":\"https:\\\/\\\/jonathermal.hu\\\/wp-content\\\/uploads\\\/2022\\\/02\\\/jonathermaltermekepn-kozeli-orszagos-683x1024.jpeg\",\"contentUrl\":\"https:\\\/\\\/jonathermal.hu\\\/wp-content\\\/uploads\\\/2022\\\/02\\\/jonathermaltermekepn-kozeli-orszagos-683x1024.jpeg\"},{\"@type\":\"BreadcrumbList\",\"@id\":\"https:\\\/\\\/jonathermal.hu\\\/megkozelites\\\/#breadcrumb\",\"itemListElement\":[{\"@type\":\"ListItem\",\"position\":1,\"name\":\"Kezd\u0151lap\",\"item\":\"https:\\\/\\\/jonathermal.hu\\\/\"},{\"@type\":\"ListItem\",\"position\":2,\"name\":\"Megk\u00f6zel\u00edt\u00e9s\"}]},{\"@type\":\"WebSite\",\"@id\":\"https:\\\/\\\/jonathermal.hu\\\/#website\",\"url\":\"https:\\\/\\\/jonathermal.hu\\\/\",\"name\":\"Jonatherm\u00e1l Gy\u00f3gy- \u00e9s \u00c9lm\u00e9nyf\u00fcrd\u0151, Motel, Kemping\",\"description\":\"Kiskunmajsa\",\"publisher\":{\"@id\":\"https:\\\/\\\/jonathermal.hu\\\/#organization\"},\"potentialAction\":[{\"@type\":\"SearchAction\",\"target\":{\"@type\":\"EntryPoint\",\"urlTemplate\":\"https:\\\/\\\/jonathermal.hu\\\/?s={search_term_string}\"},\"query-input\":{\"@type\":\"PropertyValueSpecification\",\"valueRequired\":true,\"valueName\":\"search_term_string\"}}],\"inLanguage\":\"de\"},{\"@type\":\"Organization\",\"@id\":\"https:\\\/\\\/jonathermal.hu\\\/#organization\",\"name\":\"Jonatherm\u00e1l Gy\u00f3gy- \u00e9s \u00c9lm\u00e9nyf\u00fcrd\u0151, Motel, Kemping Kiskunmajsa\",\"url\":\"https:\\\/\\\/jonathermal.hu\\\/\",\"logo\":{\"@type\":\"ImageObject\",\"inLanguage\":\"de\",\"@id\":\"https:\\\/\\\/jonathermal.hu\\\/#\\\/schema\\\/logo\\\/image\\\/\",\"url\":\"https:\\\/\\\/jonathermal.hu\\\/wp-content\\\/uploads\\\/2022\\\/02\\\/jonatherma\u0301l-logo.png\",\"contentUrl\":\"https:\\\/\\\/jonathermal.hu\\\/wp-content\\\/uploads\\\/2022\\\/02\\\/jonatherma\u0301l-logo.png\",\"width\":200,\"height\":142,\"caption\":\"Jonatherm\u00e1l Gy\u00f3gy- \u00e9s \u00c9lm\u00e9nyf\u00fcrd\u0151, Motel, Kemping Kiskunmajsa\"},\"image\":{\"@id\":\"https:\\\/\\\/jonathermal.hu\\\/#\\\/schema\\\/logo\\\/image\\\/\"},\"sameAs\":[\"https:\\\/\\\/www.facebook.com\\\/Jonathermal\\\/\",\"https:\\\/\\\/www.instagram.com\\\/jonathermal\\\/\",\"https:\\\/\\\/www.youtube.com\\\/channel\\\/UCTAd0tjGBgxWEJfuY378_Qw\\\/featured\"]}]}<\/script>\n<!-- \/ Yoast SEO Premium plugin. -->","yoast_head_json":{"title":"Megk\u00f6zel\u00edt\u00e9s - Jonatherm\u00e1l Gy\u00f3gy- \u00e9s \u00c9lm\u00e9nyf\u00fcrd\u0151, Motel, Kemping","robots":{"index":"index","follow":"follow","max-snippet":"max-snippet:-1","max-image-preview":"max-image-preview:large","max-video-preview":"max-video-preview:-1"},"canonical":"https:\/\/jonathermal.hu\/de\/megkozelites\/","og_locale":"de_DE","og_type":"article","og_title":"Megk\u00f6zel\u00edt\u00e9s","og_description":"Kiskunmajsa Kiskunmajsa az Alf\u00f6ld d\u00e9li r\u00e9sz\u00e9n, B\u00e1cs-Kiskun megy\u00e9ben elhelyezked\u0151 kisv\u00e1ros. Ter\u00fclete k\u00f6r\u00fclbel\u00fcl 222 km2, lak\u00f3inak sz\u00e1ma megk\u00f6zel\u00edt\u0151leg 12 ezer f\u0151. AWie kommen Sie nach Kiskunmajsa? Unter folgenden Adressen k\u00f6nnen Sie einen genauen Routenplan erstellen, ganz gleich, ob Sie aus dem In- oder dem Ausland eintreffen. http:\/\/www.auskunft.ch\/routenplaner\/http:\/\/www.routenplaner-online.com Geographische Lage von Kiskunmajsa und der Jonatherm\u00e1l AG (Bad): [&hellip;]","og_url":"https:\/\/jonathermal.hu\/de\/megkozelites\/","og_site_name":"Jonatherm\u00e1l Gy\u00f3gy- \u00e9s \u00c9lm\u00e9nyf\u00fcrd\u0151, Motel, Kemping","article_publisher":"https:\/\/www.facebook.com\/Jonathermal\/","article_modified_time":"2022-03-14T12:54:41+00:00","og_image":[{"url":"https:\/\/jonathermal.hu\/wp-content\/uploads\/2022\/02\/jonathermaltermekepn-kozeli-orszagos-683x1024.jpeg","type":"","width":"","height":""}],"twitter_card":"summary_large_image","schema":{"@context":"https:\/\/schema.org","@graph":[{"@type":"WebPage","@id":"https:\/\/jonathermal.hu\/megkozelites\/","url":"https:\/\/jonathermal.hu\/megkozelites\/","name":"Megk\u00f6zel\u00edt\u00e9s - Jonatherm\u00e1l Gy\u00f3gy- \u00e9s \u00c9lm\u00e9nyf\u00fcrd\u0151, Motel, Kemping","isPartOf":{"@id":"https:\/\/jonathermal.hu\/#website"},"primaryImageOfPage":{"@id":"https:\/\/jonathermal.hu\/megkozelites\/#primaryimage"},"image":{"@id":"https:\/\/jonathermal.hu\/megkozelites\/#primaryimage"},"thumbnailUrl":"https:\/\/jonathermal.hu\/wp-content\/uploads\/2022\/02\/jonathermaltermekepn-kozeli-orszagos-683x1024.jpeg","datePublished":"2022-02-21T16:24:40+00:00","dateModified":"2022-03-14T12:54:41+00:00","breadcrumb":{"@id":"https:\/\/jonathermal.hu\/megkozelites\/#breadcrumb"},"inLanguage":"de","potentialAction":[{"@type":"ReadAction","target":["https:\/\/jonathermal.hu\/megkozelites\/"]}]},{"@type":"ImageObject","inLanguage":"de","@id":"https:\/\/jonathermal.hu\/megkozelites\/#primaryimage","url":"https:\/\/jonathermal.hu\/wp-content\/uploads\/2022\/02\/jonathermaltermekepn-kozeli-orszagos-683x1024.jpeg","contentUrl":"https:\/\/jonathermal.hu\/wp-content\/uploads\/2022\/02\/jonathermaltermekepn-kozeli-orszagos-683x1024.jpeg"},{"@type":"BreadcrumbList","@id":"https:\/\/jonathermal.hu\/megkozelites\/#breadcrumb","itemListElement":[{"@type":"ListItem","position":1,"name":"Kezd\u0151lap","item":"https:\/\/jonathermal.hu\/"},{"@type":"ListItem","position":2,"name":"Megk\u00f6zel\u00edt\u00e9s"}]},{"@type":"WebSite","@id":"https:\/\/jonathermal.hu\/#website","url":"https:\/\/jonathermal.hu\/","name":"Jonatherm\u00e1l Gy\u00f3gy- \u00e9s \u00c9lm\u00e9nyf\u00fcrd\u0151, Motel, Kemping","description":"Kiskunmajsa","publisher":{"@id":"https:\/\/jonathermal.hu\/#organization"},"potentialAction":[{"@type":"SearchAction","target":{"@type":"EntryPoint","urlTemplate":"https:\/\/jonathermal.hu\/?s={search_term_string}"},"query-input":{"@type":"PropertyValueSpecification","valueRequired":true,"valueName":"search_term_string"}}],"inLanguage":"de"},{"@type":"Organization","@id":"https:\/\/jonathermal.hu\/#organization","name":"Jonatherm\u00e1l Gy\u00f3gy- \u00e9s \u00c9lm\u00e9nyf\u00fcrd\u0151, Motel, Kemping Kiskunmajsa","url":"https:\/\/jonathermal.hu\/","logo":{"@type":"ImageObject","inLanguage":"de","@id":"https:\/\/jonathermal.hu\/#\/schema\/logo\/image\/","url":"https:\/\/jonathermal.hu\/wp-content\/uploads\/2022\/02\/jonatherma\u0301l-logo.png","contentUrl":"https:\/\/jonathermal.hu\/wp-content\/uploads\/2022\/02\/jonatherma\u0301l-logo.png","width":200,"height":142,"caption":"Jonatherm\u00e1l Gy\u00f3gy- \u00e9s \u00c9lm\u00e9nyf\u00fcrd\u0151, Motel, Kemping Kiskunmajsa"},"image":{"@id":"https:\/\/jonathermal.hu\/#\/schema\/logo\/image\/"},"sameAs":["https:\/\/www.facebook.com\/Jonathermal\/","https:\/\/www.instagram.com\/jonathermal\/","https:\/\/www.youtube.com\/channel\/UCTAd0tjGBgxWEJfuY378_Qw\/featured"]}]}},"_links":{"self":[{"href":"https:\/\/jonathermal.hu\/de\/wp-json\/wp\/v2\/pages\/1713","targetHints":{"allow":["GET"]}}],"collection":[{"href":"https:\/\/jonathermal.hu\/de\/wp-json\/wp\/v2\/pages"}],"about":[{"href":"https:\/\/jonathermal.hu\/de\/wp-json\/wp\/v2\/types\/page"}],"author":[{"embeddable":true,"href":"https:\/\/jonathermal.hu\/de\/wp-json\/wp\/v2\/users\/1"}],"replies":[{"embeddable":true,"href":"https:\/\/jonathermal.hu\/de\/wp-json\/wp\/v2\/comments?post=1713"}],"version-history":[{"count":0,"href":"https:\/\/jonathermal.hu\/de\/wp-json\/wp\/v2\/pages\/1713\/revisions"}],"wp:attachment":[{"href":"https:\/\/jonathermal.hu\/de\/wp-json\/wp\/v2\/media?parent=1713"}],"curies":[{"name":"wp","href":"https:\/\/api.w.org\/{rel}","templated":true}]}}