{"id":1556,"date":"2022-02-21T14:58:32","date_gmt":"2022-02-21T14:58:32","guid":{"rendered":"https:\/\/jonathermal.hu\/?page_id=1556"},"modified":"2022-03-21T08:30:58","modified_gmt":"2022-03-21T08:30:58","slug":"kirandulasok-a-kornyekben","status":"publish","type":"page","link":"https:\/\/jonathermal.hu\/de\/kirandulasok-a-kornyekben\/","title":{"rendered":"Ausfl\u00fcge in die Umgebung"},"content":{"rendered":"<div data-elementor-type=\"wp-page\" data-elementor-id=\"1556\" class=\"elementor elementor-1556\" data-elementor-post-type=\"page\">\n\t\t\t\t\t\t<section class=\"elementor-section elementor-top-section elementor-element elementor-element-360386d elementor-section-boxed elementor-section-height-default elementor-section-height-default\" data-id=\"360386d\" data-element_type=\"section\" data-e-type=\"section\">\n\t\t\t\t\t\t<div class=\"elementor-container elementor-column-gap-default\">\n\t\t\t\t\t<div class=\"elementor-column elementor-col-100 elementor-top-column elementor-element elementor-element-03fb130\" data-id=\"03fb130\" data-element_type=\"column\" data-e-type=\"column\">\n\t\t\t<div class=\"elementor-widget-wrap elementor-element-populated\">\n\t\t\t\t\t\t<div class=\"elementor-element elementor-element-c3d7ada elementor-widget elementor-widget-text-editor\" data-id=\"c3d7ada\" data-element_type=\"widget\" data-e-type=\"widget\" data-no-translation=\"\" data-widget_type=\"text-editor.default\">\n\t\t\t\t<div class=\"elementor-widget-container\">\n\t\t\t\t\t<style>.elementor-element-c3d7ada{display:none !important}<\/style>\t\t\t\t<\/div>\n\t\t\t\t<\/div>\n\t\t\t\t<div class=\"elementor-element elementor-element-90634ea elementor-widget elementor-widget-text-editor\" data-id=\"90634ea\" data-element_type=\"widget\" data-e-type=\"widget\" data-no-translation=\"\" data-widget_type=\"text-editor.default\">\n\t\t\t\t<div class=\"elementor-widget-container\">\n\t\t\t\t\t\t\t\t\t<p><strong>Gy\u00f6rgy Konecsni Ortsgeschichtliche Sammlung<\/strong><br \/>Das Museum zeigt Dokumente, Erinnerungsst\u00fccke und die typischen Objekte des Bauernlebens und der Volkstraditionen, die mit der Vergangenheit von Kiskunmajsa in Verbindung stehen. Die Dauerausstellung zeigt auch Kunstwerke des in Kiskunmajs geborenen Grafikers Gy\u00f6rgy Konecsni.<br \/>Das Museum ist eng mit dem Museum verbunden, eines der \u00e4ltesten Monumente von Kiskuns\u00e1g. Das Haus kann im Sommer besichtigt werden, Sie m\u00fcssen im Museum einchecken, da es sich in einem anderen Teil der Stadt befindet.<\/p><p><strong>&#8217;56 National Memorial Museum und Gedenkkapelle<\/strong><br \/>Das von Gergely Pongr\u00e1tz gegr\u00fcndete Museum ist eine einzigartige Gedenkst\u00e4tte im Land. Das Museum verf\u00fcgt \u00fcber originale Flaggen, Waffen, Karten, Fotos und Dokumente sowie Gem\u00e4lde, die an das Ereignis erinnern. Vor dem Geb\u00e4ude wurde eine Kapelle zur Erinnerung an die Opfer von 1956 errichtet, deren Namen auf Marmorplatten aufbewahrt werden.<\/p><p><strong>R\u00f6misch-katholische Kirche<\/strong><br \/>Die sp\u00e4tbarocke Kirche, die der Jungfrau Maria geweiht ist, wurde zwischen 1762 und 1770 erbaut und in der Zeit von 1805 bis 1816 wieder aufgebaut. 1835 wurde sie auch geschleppt.<br \/>Aufgrund der Erweiterung oder des Wiederaufbaus besteht die Spezialit\u00e4t des Tempels darin, dass der Haupteingang nicht wie in den Kirchen allgemein unter dem Turm ist, sondern dagegen.<\/p><p>Mayossaszac-Denkmal<br \/>Die Gedenks\u00e4ule wurde im Jahr 2000 von der Majsa-Stiftung zum Gedenken an die abgerissene Bev\u00f6lkerung von Majsa gefeiert. Der Ort des Denkmals befindet sich noch im XX. Zu Beginn des 20. Jahrhunderts standen die Ruinen der Kun-Kirche.<\/p><p>\u00a0<\/p><p><strong>Sport &amp; Freizeit:<\/strong><\/p><p>Angeln<br \/>In Kiskunmajs k\u00f6nnen Angler an vielen Orten ihre Leidenschaft genie\u00dfen. Im \u00f6stlichen Teil der Stadt k\u00f6nnen Sie auch am Marisi-See oder im Jonatherm\u00e1l Motel and Camping angeln. Letzteres zeichnet sich dadurch aus, dass es im Winter nicht einfriert.<\/p><p>Reiten<br \/>Das Motel, Jonatherm\u00e1l Zrt., Befindet sich in unmittelbarer N\u00e4he des Campingplatzes, wo Reiten, Langlaufen m\u00f6glich ist.<br \/>Kiskunmajsan und seine Umgebung werden mehrmals im Jahr f\u00fcr Fahrwettbewerbe abgehalten.<\/p><p>Bowling<br \/>Tennis<br \/>Squash<br \/>Sportschie\u00dfen (unter Bedingung)<br \/>Jagd (unter Bedingung)<br \/>Moto-Cross (unter Bedingung)<\/p><p><strong>Bodogl\u00e1r alte Anemonen- und Sandenten<\/strong><br \/>Die 720 Hektar echten Kiskuns\u00e1g-Buchweizen wurden ab 1984 zum Schutz erkl\u00e4rt. Die steilen Sandd\u00fcnen im Nord-S\u00fcd-Osten von Kiskunmajs verbergen in vielen Jahreszeiten viel Sch\u00f6nheit mit dem offenen Sandland und den \u00fcppigen strauchartigen Wei\u00dfdorn-Pappel-Waldflecken. Der wertvollste zoologische Wert sind die seltenen Arthropoden, von denen die meisten hier in Ungarn leben.<\/p><p><strong>Sanktionen<\/strong><br \/>&#8211; Sammlung von Gy. Szab\u00f3 B\u00e9la (Maler und Holzschnittk\u00fcnstler)<\/p><p><strong>Kiskunhalas<\/strong><br \/>&#8211; Spitzenhaus<br \/>&#8211; Observatorium<br \/>&#8211; Safranwindm\u00fchle<\/p><p>Seemann<br \/>&#8211; Kellerdorf<\/p><p><strong>Kecel<\/strong><br \/>&#8211; Museum f\u00fcr Milit\u00e4rgeschichte, Milit\u00e4rtechnischer Park<\/p><p><strong>Kisk\u0151r\u00f6s<\/strong><br \/>&#8211; Geburtshaus und Gedenkmuseum von Pet\u0151fi<br \/>&#8211; Stra\u00dfenmuseum<\/p><p><strong>Kalocsa<\/strong><br \/>&#8211; Paprika-Museum<br \/>&#8211; Kathedrale<br \/>&#8211; Erzbischofspalast<br \/>&#8211; Schatzkammer des Erzbischofs<br \/>&#8211; Landhaus der Volkskunst<\/p><p><strong>Szentk\u00fat<\/strong><br \/>&#8211; Marienschrein<\/p><p><strong>Bugac<\/strong><br \/>&#8211; Das gr\u00f6\u00dfte Gebiet des Kiskuns\u00e1g NP, in dem sich neben der Primel die abwechslungsreichen Seen, S\u00fcmpfe und Sandw\u00e4lder befinden.<br \/>&#8211; Hirtenmuseum<\/p><p><strong>J\u00e1szszentl\u00e1szl\u00f3<\/strong><br \/>&#8211; Handwerkshaus<\/p><p><strong>Kiskunf\u00e9legyh\u00e1za<\/strong><br \/>&#8211; Kiskun Museum<br \/>&#8211; Ferenc M\u00f3ra Gedenkhaus<\/p><p>Petrine See<br \/>Naturschutzgebiet des Nationalparks Kiskuns\u00e1g. Das Fischteichsystem mit unterschiedlichen Qualit\u00e4ten ist aus anthropologischer Sicht vor allem von Bedeutung.<\/p><p><strong>Tiszaalp\u00e1r<\/strong><br \/>&#8211; Wiederaufbau des Dorfes aus \u00c1rp\u00e1d<\/p><p><strong>Kecskem\u00e9t<\/strong><br \/>&#8211; Kossuth Square und Downtown<br \/>&#8211; Rathaus,<br \/>&#8211; Haus der Wissenschaft und Technologie (ehemalige Synagoge)<br \/>&#8211; Cifrapalot<br \/>&#8211; Katona J\u00f3zsef Gedenkhaus<br \/>&#8211; Wildkatze<br \/>&#8211; Museum f\u00fcr Volkskunst und Kunsthandwerk<br \/>&#8211; Leskowsky-Musiksammlung<br \/>&#8211; Ungarisches Museum f\u00fcr Fotografie<\/p><p><strong>\u00d3pusztaszer<\/strong><br \/>&#8211; National Historical Memorial Park<\/p><p><strong>Szeged<\/strong><br \/>&#8211; Innenstadt &#8211; Rathaus<br \/>&#8211; M\u00f3ra Ferenc Museum<br \/>&#8211; Pick Salami und Paped Museum von Szeged<br \/>&#8211; Duomo Square und seine Umgebung<br \/>&#8211; Wildlife Park<br \/>&#8211; Gartenarbeit<\/p>\t\t\t\t\t\t\t\t<\/div>\n\t\t\t\t<\/div>\n\t\t\t\t\t<\/div>\n\t\t<\/div>\n\t\t\t\t\t<\/div>\n\t\t<\/section>\n\t\t\t\t<\/div>","protected":false},"excerpt":{"rendered":"<p>Konecsni Gy\u00f6rgy Helyt\u00f6rt\u00e9neti Gy\u0171jtem\u00e9nyA m\u00fazeum Kiskunmajsa v\u00e1ros m\u00faltj\u00e1hoz k\u00f6t\u0151d\u0151 dokumentumokat, eml\u00e9kt\u00e1rgyakat, valamint a paraszti \u00e9letforma \u00e9s n\u00e9pszok\u00e1sok jellegzetes t\u00e1rgyait, n\u00e9pi- \u00e9s k\u00e9pz\u0151m\u0171v\u00e9szeti alkot\u00e1sokat mutat be. Az \u00e1lland\u00f3 ki\u00e1ll\u00edt\u00e1son szerepelnek m\u00e9g a Kiskunmajs\u00e1n sz\u00fcletett \u00e9s eur\u00f3pai h\u00edrnevet szerzett grafikusm\u0171v\u00e9sz, Konecsni Gy\u00f6rgy k\u00e9pz\u0151m\u0171v\u00e9szeti alkot\u00e1sai.A m\u00fazeumhoz szorosan k\u00f6t\u0151dik a\u00a0T\u00e1jh\u00e1z, amely a v\u00e1ros egyik legr\u00e9gebbi, a Kiskuns\u00e1g jellegzetes n\u00e9pi [&hellip;]<\/p>\n","protected":false},"author":1,"featured_media":0,"parent":0,"menu_order":0,"comment_status":"closed","ping_status":"closed","template":"","meta":{"site-sidebar-layout":"no-sidebar","site-content-layout":"page-builder","ast-site-content-layout":"default","site-content-style":"default","site-sidebar-style":"default","ast-global-header-display":"","ast-banner-title-visibility":"","ast-main-header-display":"","ast-hfb-above-header-display":"","ast-hfb-below-header-display":"","ast-hfb-mobile-header-display":"","site-post-title":"disabled","ast-breadcrumbs-content":"","ast-featured-img":"disabled","footer-sml-layout":"","ast-disable-related-posts":"","theme-transparent-header-meta":"","adv-header-id-meta":"","stick-header-meta":"","header-above-stick-meta":"","header-main-stick-meta":"","header-below-stick-meta":"","astra-migrate-meta-layouts":"default","ast-page-background-enabled":"default","ast-page-background-meta":{"desktop":{"background-color":"var(--ast-global-color-4)","background-image":"","background-repeat":"repeat","background-position":"center center","background-size":"auto","background-attachment":"scroll","background-type":"","background-media":"","overlay-type":"","overlay-color":"","overlay-opacity":"","overlay-gradient":""},"tablet":{"background-color":"","background-image":"","background-repeat":"repeat","background-position":"center center","background-size":"auto","background-attachment":"scroll","background-type":"","background-media":"","overlay-type":"","overlay-color":"","overlay-opacity":"","overlay-gradient":""},"mobile":{"background-color":"","background-image":"","background-repeat":"repeat","background-position":"center center","background-size":"auto","background-attachment":"scroll","background-type":"","background-media":"","overlay-type":"","overlay-color":"","overlay-opacity":"","overlay-gradient":""}},"ast-content-background-meta":{"desktop":{"background-color":"var(--ast-global-color-5)","background-image":"","background-repeat":"repeat","background-position":"center center","background-size":"auto","background-attachment":"scroll","background-type":"","background-media":"","overlay-type":"","overlay-color":"","overlay-opacity":"","overlay-gradient":""},"tablet":{"background-color":"var(--ast-global-color-5)","background-image":"","background-repeat":"repeat","background-position":"center center","background-size":"auto","background-attachment":"scroll","background-type":"","background-media":"","overlay-type":"","overlay-color":"","overlay-opacity":"","overlay-gradient":""},"mobile":{"background-color":"var(--ast-global-color-5)","background-image":"","background-repeat":"repeat","background-position":"center center","background-size":"auto","background-attachment":"scroll","background-type":"","background-media":"","overlay-type":"","overlay-color":"","overlay-opacity":"","overlay-gradient":""}},"footnotes":""},"class_list":["post-1556","page","type-page","status-publish","hentry"],"yoast_head":"<!-- This site is optimized with the Yoast SEO Premium plugin v27.6 (Yoast SEO v27.6) - https:\/\/yoast.com\/product\/yoast-seo-premium-wordpress\/ -->\n<title>Kir\u00e1ndul\u00e1sok a k\u00f6rny\u00e9kben - Jonatherm\u00e1l Gy\u00f3gy- \u00e9s \u00c9lm\u00e9nyf\u00fcrd\u0151, Motel, Kemping<\/title>\n<meta name=\"robots\" content=\"index, follow, max-snippet:-1, max-image-preview:large, max-video-preview:-1\" \/>\n<link rel=\"canonical\" href=\"https:\/\/jonathermal.hu\/de\/kirandulasok-a-kornyekben\/\" \/>\n<meta property=\"og:locale\" content=\"de_DE\" \/>\n<meta property=\"og:type\" content=\"article\" \/>\n<meta property=\"og:title\" content=\"Kir\u00e1ndul\u00e1sok a k\u00f6rny\u00e9kben\" \/>\n<meta property=\"og:description\" content=\"Konecsni Gy\u00f6rgy Helyt\u00f6rt\u00e9neti Gy\u0171jtem\u00e9nyA m\u00fazeum Kiskunmajsa v\u00e1ros m\u00faltj\u00e1hoz k\u00f6t\u0151d\u0151 dokumentumokat, eml\u00e9kt\u00e1rgyakat, valamint a paraszti \u00e9letforma \u00e9s n\u00e9pszok\u00e1sok jellegzetes t\u00e1rgyait, n\u00e9pi- \u00e9s k\u00e9pz\u0151m\u0171v\u00e9szeti alkot\u00e1sokat mutat be. Az \u00e1lland\u00f3 ki\u00e1ll\u00edt\u00e1son szerepelnek m\u00e9g a Kiskunmajs\u00e1n sz\u00fcletett \u00e9s eur\u00f3pai h\u00edrnevet szerzett grafikusm\u0171v\u00e9sz, Konecsni Gy\u00f6rgy k\u00e9pz\u0151m\u0171v\u00e9szeti alkot\u00e1sai.A m\u00fazeumhoz szorosan k\u00f6t\u0151dik a\u00a0T\u00e1jh\u00e1z, amely a v\u00e1ros egyik legr\u00e9gebbi, a Kiskuns\u00e1g jellegzetes n\u00e9pi [&hellip;]\" \/>\n<meta property=\"og:url\" content=\"https:\/\/jonathermal.hu\/de\/kirandulasok-a-kornyekben\/\" \/>\n<meta property=\"og:site_name\" content=\"Jonatherm\u00e1l Gy\u00f3gy- \u00e9s \u00c9lm\u00e9nyf\u00fcrd\u0151, Motel, Kemping\" \/>\n<meta property=\"article:publisher\" content=\"https:\/\/www.facebook.com\/Jonathermal\/\" \/>\n<meta property=\"article:modified_time\" content=\"2022-03-21T08:30:58+00:00\" \/>\n<meta name=\"twitter:card\" content=\"summary_large_image\" \/>\n<script type=\"application\/ld+json\" class=\"yoast-schema-graph\">{\"@context\":\"https:\\\/\\\/schema.org\",\"@graph\":[{\"@type\":\"WebPage\",\"@id\":\"https:\\\/\\\/jonathermal.hu\\\/kirandulasok-a-kornyekben\\\/\",\"url\":\"https:\\\/\\\/jonathermal.hu\\\/kirandulasok-a-kornyekben\\\/\",\"name\":\"Kir\u00e1ndul\u00e1sok a k\u00f6rny\u00e9kben - Jonatherm\u00e1l Gy\u00f3gy- \u00e9s \u00c9lm\u00e9nyf\u00fcrd\u0151, Motel, Kemping\",\"isPartOf\":{\"@id\":\"https:\\\/\\\/jonathermal.hu\\\/#website\"},\"datePublished\":\"2022-02-21T14:58:32+00:00\",\"dateModified\":\"2022-03-21T08:30:58+00:00\",\"breadcrumb\":{\"@id\":\"https:\\\/\\\/jonathermal.hu\\\/kirandulasok-a-kornyekben\\\/#breadcrumb\"},\"inLanguage\":\"de\",\"potentialAction\":[{\"@type\":\"ReadAction\",\"target\":[\"https:\\\/\\\/jonathermal.hu\\\/kirandulasok-a-kornyekben\\\/\"]}]},{\"@type\":\"BreadcrumbList\",\"@id\":\"https:\\\/\\\/jonathermal.hu\\\/kirandulasok-a-kornyekben\\\/#breadcrumb\",\"itemListElement\":[{\"@type\":\"ListItem\",\"position\":1,\"name\":\"Kezd\u0151lap\",\"item\":\"https:\\\/\\\/jonathermal.hu\\\/\"},{\"@type\":\"ListItem\",\"position\":2,\"name\":\"Kir\u00e1ndul\u00e1sok a k\u00f6rny\u00e9kben\"}]},{\"@type\":\"WebSite\",\"@id\":\"https:\\\/\\\/jonathermal.hu\\\/#website\",\"url\":\"https:\\\/\\\/jonathermal.hu\\\/\",\"name\":\"Jonatherm\u00e1l Gy\u00f3gy- \u00e9s \u00c9lm\u00e9nyf\u00fcrd\u0151, Motel, Kemping\",\"description\":\"Kiskunmajsa\",\"publisher\":{\"@id\":\"https:\\\/\\\/jonathermal.hu\\\/#organization\"},\"potentialAction\":[{\"@type\":\"SearchAction\",\"target\":{\"@type\":\"EntryPoint\",\"urlTemplate\":\"https:\\\/\\\/jonathermal.hu\\\/?s={search_term_string}\"},\"query-input\":{\"@type\":\"PropertyValueSpecification\",\"valueRequired\":true,\"valueName\":\"search_term_string\"}}],\"inLanguage\":\"de\"},{\"@type\":\"Organization\",\"@id\":\"https:\\\/\\\/jonathermal.hu\\\/#organization\",\"name\":\"Jonatherm\u00e1l Gy\u00f3gy- \u00e9s \u00c9lm\u00e9nyf\u00fcrd\u0151, Motel, Kemping Kiskunmajsa\",\"url\":\"https:\\\/\\\/jonathermal.hu\\\/\",\"logo\":{\"@type\":\"ImageObject\",\"inLanguage\":\"de\",\"@id\":\"https:\\\/\\\/jonathermal.hu\\\/#\\\/schema\\\/logo\\\/image\\\/\",\"url\":\"https:\\\/\\\/jonathermal.hu\\\/wp-content\\\/uploads\\\/2022\\\/02\\\/jonatherma\u0301l-logo.png\",\"contentUrl\":\"https:\\\/\\\/jonathermal.hu\\\/wp-content\\\/uploads\\\/2022\\\/02\\\/jonatherma\u0301l-logo.png\",\"width\":200,\"height\":142,\"caption\":\"Jonatherm\u00e1l Gy\u00f3gy- \u00e9s \u00c9lm\u00e9nyf\u00fcrd\u0151, Motel, Kemping Kiskunmajsa\"},\"image\":{\"@id\":\"https:\\\/\\\/jonathermal.hu\\\/#\\\/schema\\\/logo\\\/image\\\/\"},\"sameAs\":[\"https:\\\/\\\/www.facebook.com\\\/Jonathermal\\\/\",\"https:\\\/\\\/www.instagram.com\\\/jonathermal\\\/\",\"https:\\\/\\\/www.youtube.com\\\/channel\\\/UCTAd0tjGBgxWEJfuY378_Qw\\\/featured\"]}]}<\/script>\n<!-- \/ Yoast SEO Premium plugin. -->","yoast_head_json":{"title":"Kir\u00e1ndul\u00e1sok a k\u00f6rny\u00e9kben - Jonatherm\u00e1l Gy\u00f3gy- \u00e9s \u00c9lm\u00e9nyf\u00fcrd\u0151, Motel, Kemping","robots":{"index":"index","follow":"follow","max-snippet":"max-snippet:-1","max-image-preview":"max-image-preview:large","max-video-preview":"max-video-preview:-1"},"canonical":"https:\/\/jonathermal.hu\/de\/kirandulasok-a-kornyekben\/","og_locale":"de_DE","og_type":"article","og_title":"Kir\u00e1ndul\u00e1sok a k\u00f6rny\u00e9kben","og_description":"Konecsni Gy\u00f6rgy Helyt\u00f6rt\u00e9neti Gy\u0171jtem\u00e9nyA m\u00fazeum Kiskunmajsa v\u00e1ros m\u00faltj\u00e1hoz k\u00f6t\u0151d\u0151 dokumentumokat, eml\u00e9kt\u00e1rgyakat, valamint a paraszti \u00e9letforma \u00e9s n\u00e9pszok\u00e1sok jellegzetes t\u00e1rgyait, n\u00e9pi- \u00e9s k\u00e9pz\u0151m\u0171v\u00e9szeti alkot\u00e1sokat mutat be. Az \u00e1lland\u00f3 ki\u00e1ll\u00edt\u00e1son szerepelnek m\u00e9g a Kiskunmajs\u00e1n sz\u00fcletett \u00e9s eur\u00f3pai h\u00edrnevet szerzett grafikusm\u0171v\u00e9sz, Konecsni Gy\u00f6rgy k\u00e9pz\u0151m\u0171v\u00e9szeti alkot\u00e1sai.A m\u00fazeumhoz szorosan k\u00f6t\u0151dik a\u00a0T\u00e1jh\u00e1z, amely a v\u00e1ros egyik legr\u00e9gebbi, a Kiskuns\u00e1g jellegzetes n\u00e9pi [&hellip;]","og_url":"https:\/\/jonathermal.hu\/de\/kirandulasok-a-kornyekben\/","og_site_name":"Jonatherm\u00e1l Gy\u00f3gy- \u00e9s \u00c9lm\u00e9nyf\u00fcrd\u0151, Motel, Kemping","article_publisher":"https:\/\/www.facebook.com\/Jonathermal\/","article_modified_time":"2022-03-21T08:30:58+00:00","twitter_card":"summary_large_image","schema":{"@context":"https:\/\/schema.org","@graph":[{"@type":"WebPage","@id":"https:\/\/jonathermal.hu\/kirandulasok-a-kornyekben\/","url":"https:\/\/jonathermal.hu\/kirandulasok-a-kornyekben\/","name":"Kir\u00e1ndul\u00e1sok a k\u00f6rny\u00e9kben - Jonatherm\u00e1l Gy\u00f3gy- \u00e9s \u00c9lm\u00e9nyf\u00fcrd\u0151, Motel, Kemping","isPartOf":{"@id":"https:\/\/jonathermal.hu\/#website"},"datePublished":"2022-02-21T14:58:32+00:00","dateModified":"2022-03-21T08:30:58+00:00","breadcrumb":{"@id":"https:\/\/jonathermal.hu\/kirandulasok-a-kornyekben\/#breadcrumb"},"inLanguage":"de","potentialAction":[{"@type":"ReadAction","target":["https:\/\/jonathermal.hu\/kirandulasok-a-kornyekben\/"]}]},{"@type":"BreadcrumbList","@id":"https:\/\/jonathermal.hu\/kirandulasok-a-kornyekben\/#breadcrumb","itemListElement":[{"@type":"ListItem","position":1,"name":"Kezd\u0151lap","item":"https:\/\/jonathermal.hu\/"},{"@type":"ListItem","position":2,"name":"Kir\u00e1ndul\u00e1sok a k\u00f6rny\u00e9kben"}]},{"@type":"WebSite","@id":"https:\/\/jonathermal.hu\/#website","url":"https:\/\/jonathermal.hu\/","name":"Jonatherm\u00e1l Gy\u00f3gy- \u00e9s \u00c9lm\u00e9nyf\u00fcrd\u0151, Motel, Kemping","description":"Kiskunmajsa","publisher":{"@id":"https:\/\/jonathermal.hu\/#organization"},"potentialAction":[{"@type":"SearchAction","target":{"@type":"EntryPoint","urlTemplate":"https:\/\/jonathermal.hu\/?s={search_term_string}"},"query-input":{"@type":"PropertyValueSpecification","valueRequired":true,"valueName":"search_term_string"}}],"inLanguage":"de"},{"@type":"Organization","@id":"https:\/\/jonathermal.hu\/#organization","name":"Jonatherm\u00e1l Gy\u00f3gy- \u00e9s \u00c9lm\u00e9nyf\u00fcrd\u0151, Motel, Kemping Kiskunmajsa","url":"https:\/\/jonathermal.hu\/","logo":{"@type":"ImageObject","inLanguage":"de","@id":"https:\/\/jonathermal.hu\/#\/schema\/logo\/image\/","url":"https:\/\/jonathermal.hu\/wp-content\/uploads\/2022\/02\/jonatherma\u0301l-logo.png","contentUrl":"https:\/\/jonathermal.hu\/wp-content\/uploads\/2022\/02\/jonatherma\u0301l-logo.png","width":200,"height":142,"caption":"Jonatherm\u00e1l Gy\u00f3gy- \u00e9s \u00c9lm\u00e9nyf\u00fcrd\u0151, Motel, Kemping Kiskunmajsa"},"image":{"@id":"https:\/\/jonathermal.hu\/#\/schema\/logo\/image\/"},"sameAs":["https:\/\/www.facebook.com\/Jonathermal\/","https:\/\/www.instagram.com\/jonathermal\/","https:\/\/www.youtube.com\/channel\/UCTAd0tjGBgxWEJfuY378_Qw\/featured"]}]}},"_links":{"self":[{"href":"https:\/\/jonathermal.hu\/de\/wp-json\/wp\/v2\/pages\/1556","targetHints":{"allow":["GET"]}}],"collection":[{"href":"https:\/\/jonathermal.hu\/de\/wp-json\/wp\/v2\/pages"}],"about":[{"href":"https:\/\/jonathermal.hu\/de\/wp-json\/wp\/v2\/types\/page"}],"author":[{"embeddable":true,"href":"https:\/\/jonathermal.hu\/de\/wp-json\/wp\/v2\/users\/1"}],"replies":[{"embeddable":true,"href":"https:\/\/jonathermal.hu\/de\/wp-json\/wp\/v2\/comments?post=1556"}],"version-history":[{"count":0,"href":"https:\/\/jonathermal.hu\/de\/wp-json\/wp\/v2\/pages\/1556\/revisions"}],"wp:attachment":[{"href":"https:\/\/jonathermal.hu\/de\/wp-json\/wp\/v2\/media?parent=1556"}],"curies":[{"name":"wp","href":"https:\/\/api.w.org\/{rel}","templated":true}]}}