{"id":1368,"date":"2022-02-21T13:41:33","date_gmt":"2022-02-21T13:41:33","guid":{"rendered":"https:\/\/jonathermal.hu\/?page_id=1368"},"modified":"2022-03-14T11:16:45","modified_gmt":"2022-03-14T11:16:45","slug":"vendeglatas","status":"publish","type":"page","link":"https:\/\/jonathermal.hu\/de\/vendeglatas\/","title":{"rendered":"Gastfreundschaft"},"content":{"rendered":"<div data-elementor-type=\"wp-page\" data-elementor-id=\"1368\" class=\"elementor elementor-1368\" data-elementor-post-type=\"page\">\n\t\t\t\t\t\t<section class=\"elementor-section elementor-top-section elementor-element elementor-element-360386d elementor-section-boxed elementor-section-height-default elementor-section-height-default\" data-id=\"360386d\" data-element_type=\"section\" data-e-type=\"section\">\n\t\t\t\t\t\t<div class=\"elementor-container elementor-column-gap-default\">\n\t\t\t\t\t<div class=\"elementor-column elementor-col-100 elementor-top-column elementor-element elementor-element-03fb130\" data-id=\"03fb130\" data-element_type=\"column\" data-e-type=\"column\">\n\t\t\t<div class=\"elementor-widget-wrap elementor-element-populated\">\n\t\t\t\t\t\t<div class=\"elementor-element elementor-element-7191a28 elementor-widget elementor-widget-text-editor\" data-id=\"7191a28\" data-element_type=\"widget\" data-e-type=\"widget\" data-no-translation=\"\" data-widget_type=\"text-editor.default\">\n\t\t\t\t<div class=\"elementor-widget-container\">\n\t\t\t\t\t<style>.elementor-element-7191a28{display:none !important}<\/style>\t\t\t\t<\/div>\n\t\t\t\t<\/div>\n\t\t\t\t<div class=\"elementor-element elementor-element-5d51216 elementor-widget elementor-widget-text-editor\" data-id=\"5d51216\" data-element_type=\"widget\" data-e-type=\"widget\" data-no-translation=\"\" data-widget_type=\"text-editor.default\">\n\t\t\t\t<div class=\"elementor-widget-container\">\n\t\t\t\t\t<style>.elementor-element-5d51216{display:none !important}<\/style>\t\t\t\t<\/div>\n\t\t\t\t<\/div>\n\t\t\t\t<div class=\"elementor-element elementor-element-d0c754e elementor-widget elementor-widget-text-editor\" data-id=\"d0c754e\" data-element_type=\"widget\" data-e-type=\"widget\" data-no-translation=\"\" data-widget_type=\"text-editor.default\">\n\t\t\t\t<div class=\"elementor-widget-container\">\n\t\t\t\t\t\t\t\t\t<p>Im Wellnessbereich und in unmittelbarer N\u00e4he sorgen viele Restaurants und Buffets f\u00fcr die gastronomischen Bed\u00fcrfnisse von Badenden und G\u00e4sten, die l\u00e4nger bleiben.<\/p><p>F\u00fcr G\u00e4ste, die mit dem Erzs\u00e9bet-Gutschein oder der SZ\u00c9P-Karte (Unterkonto f\u00fcr das Gastgewerbe) bezahlen m\u00f6chten, bieten die von Jonatherm\u00e1l Zrt.<\/p><p><br \/>L\u00f3pofa Cs\u00e1rda\u00a0<br \/>Das Spa befindet sich in der N\u00e4he der Stra\u00dfe Kiskunf\u00e9legyh\u00e1za.<\/p><p>S\u00f6rpavilon<br \/>Auf dem Campingplatz gibt es ein Schwimmbad f\u00fcr ca. 200 m.<\/p><p>Thermal Bistro und Restaurant<br \/>Sie befindet sich neben dem Spa und ist von au\u00dferhalb des Spa und des Spa zug\u00e4nglich.<\/p><p>See B\u00fcf\u00e9 Restaurant<br \/>Der Wellnessbereich befindet sich neben dem Strandpool.<\/p>\t\t\t\t\t\t\t\t<\/div>\n\t\t\t\t<\/div>\n\t\t\t\t\t<\/div>\n\t\t<\/div>\n\t\t\t\t\t<\/div>\n\t\t<\/section>\n\t\t\t\t<\/div>","protected":false},"excerpt":{"rendered":"<p>A f\u00fcrd\u0151 ter\u00fclet\u00e9n \u00e9s a k\u00f6zvetlen k\u00f6zel\u00e9ben sz\u00e1mos \u00e9tterem \u00e9s b\u00fcf\u00e9 \u00fczemel kiel\u00e9g\u00edtve a f\u00fcrd\u0151z\u0151k, illetve a hosszabb id\u0151szakra \u00e9rkez\u0151, sz\u00e1ll\u00e1st is ig\u00e9nybe vev\u0151 vend\u00e9gek gasztron\u00f3miai ig\u00e9nyeit.\u00a0 Azon vend\u00e9gek sz\u00e1m\u00e1ra, akik Erzs\u00e9bet utalv\u00e1nnyal vagy SZ\u00c9P k\u00e1rty\u00e1val (vend\u00e9gl\u00e1t\u00e1s alsz\u00e1mla) \u00f3hajtanak fizetni nagyszer\u0171 lehet\u0151s\u00e9get ny\u00fajtanak a Jonatherm\u00e1l Zrt. \u00e1ltal kibocs\u00e1tott \u00e9tkez\u00e9si jegyek melyeket a f\u00fcrd\u0151ben tal\u00e1lhat\u00f3 b\u00fcf\u00e9k [&hellip;]<\/p>\n","protected":false},"author":1,"featured_media":0,"parent":0,"menu_order":0,"comment_status":"closed","ping_status":"closed","template":"","meta":{"site-sidebar-layout":"no-sidebar","site-content-layout":"page-builder","ast-site-content-layout":"default","site-content-style":"default","site-sidebar-style":"default","ast-global-header-display":"","ast-banner-title-visibility":"","ast-main-header-display":"","ast-hfb-above-header-display":"","ast-hfb-below-header-display":"","ast-hfb-mobile-header-display":"","site-post-title":"disabled","ast-breadcrumbs-content":"","ast-featured-img":"disabled","footer-sml-layout":"","ast-disable-related-posts":"","theme-transparent-header-meta":"","adv-header-id-meta":"","stick-header-meta":"","header-above-stick-meta":"","header-main-stick-meta":"","header-below-stick-meta":"","astra-migrate-meta-layouts":"default","ast-page-background-enabled":"default","ast-page-background-meta":{"desktop":{"background-color":"var(--ast-global-color-4)","background-image":"","background-repeat":"repeat","background-position":"center center","background-size":"auto","background-attachment":"scroll","background-type":"","background-media":"","overlay-type":"","overlay-color":"","overlay-opacity":"","overlay-gradient":""},"tablet":{"background-color":"","background-image":"","background-repeat":"repeat","background-position":"center center","background-size":"auto","background-attachment":"scroll","background-type":"","background-media":"","overlay-type":"","overlay-color":"","overlay-opacity":"","overlay-gradient":""},"mobile":{"background-color":"","background-image":"","background-repeat":"repeat","background-position":"center center","background-size":"auto","background-attachment":"scroll","background-type":"","background-media":"","overlay-type":"","overlay-color":"","overlay-opacity":"","overlay-gradient":""}},"ast-content-background-meta":{"desktop":{"background-color":"var(--ast-global-color-5)","background-image":"","background-repeat":"repeat","background-position":"center center","background-size":"auto","background-attachment":"scroll","background-type":"","background-media":"","overlay-type":"","overlay-color":"","overlay-opacity":"","overlay-gradient":""},"tablet":{"background-color":"var(--ast-global-color-5)","background-image":"","background-repeat":"repeat","background-position":"center center","background-size":"auto","background-attachment":"scroll","background-type":"","background-media":"","overlay-type":"","overlay-color":"","overlay-opacity":"","overlay-gradient":""},"mobile":{"background-color":"var(--ast-global-color-5)","background-image":"","background-repeat":"repeat","background-position":"center center","background-size":"auto","background-attachment":"scroll","background-type":"","background-media":"","overlay-type":"","overlay-color":"","overlay-opacity":"","overlay-gradient":""}},"footnotes":""},"class_list":["post-1368","page","type-page","status-publish","hentry"],"yoast_head":"<!-- This site is optimized with the Yoast SEO Premium plugin v27.6 (Yoast SEO v27.6) - https:\/\/yoast.com\/product\/yoast-seo-premium-wordpress\/ -->\n<title>Vend\u00e9gl\u00e1t\u00e1s - Jonatherm\u00e1l Gy\u00f3gy- \u00e9s \u00c9lm\u00e9nyf\u00fcrd\u0151, Motel, Kemping<\/title>\n<meta name=\"robots\" content=\"index, follow, max-snippet:-1, max-image-preview:large, max-video-preview:-1\" \/>\n<link rel=\"canonical\" href=\"https:\/\/jonathermal.hu\/de\/vendeglatas\/\" \/>\n<meta property=\"og:locale\" content=\"de_DE\" \/>\n<meta property=\"og:type\" content=\"article\" \/>\n<meta property=\"og:title\" content=\"Vend\u00e9gl\u00e1t\u00e1s\" \/>\n<meta property=\"og:description\" content=\"A f\u00fcrd\u0151 ter\u00fclet\u00e9n \u00e9s a k\u00f6zvetlen k\u00f6zel\u00e9ben sz\u00e1mos \u00e9tterem \u00e9s b\u00fcf\u00e9 \u00fczemel kiel\u00e9g\u00edtve a f\u00fcrd\u0151z\u0151k, illetve a hosszabb id\u0151szakra \u00e9rkez\u0151, sz\u00e1ll\u00e1st is ig\u00e9nybe vev\u0151 vend\u00e9gek gasztron\u00f3miai ig\u00e9nyeit.\u00a0 Azon vend\u00e9gek sz\u00e1m\u00e1ra, akik Erzs\u00e9bet utalv\u00e1nnyal vagy SZ\u00c9P k\u00e1rty\u00e1val (vend\u00e9gl\u00e1t\u00e1s alsz\u00e1mla) \u00f3hajtanak fizetni nagyszer\u0171 lehet\u0151s\u00e9get ny\u00fajtanak a Jonatherm\u00e1l Zrt. \u00e1ltal kibocs\u00e1tott \u00e9tkez\u00e9si jegyek melyeket a f\u00fcrd\u0151ben tal\u00e1lhat\u00f3 b\u00fcf\u00e9k [&hellip;]\" \/>\n<meta property=\"og:url\" content=\"https:\/\/jonathermal.hu\/de\/vendeglatas\/\" \/>\n<meta property=\"og:site_name\" content=\"Jonatherm\u00e1l Gy\u00f3gy- \u00e9s \u00c9lm\u00e9nyf\u00fcrd\u0151, Motel, Kemping\" \/>\n<meta property=\"article:publisher\" content=\"https:\/\/www.facebook.com\/Jonathermal\/\" \/>\n<meta property=\"article:modified_time\" content=\"2022-03-14T11:16:45+00:00\" \/>\n<meta name=\"twitter:card\" content=\"summary_large_image\" \/>\n<script type=\"application\/ld+json\" class=\"yoast-schema-graph\">{\"@context\":\"https:\\\/\\\/schema.org\",\"@graph\":[{\"@type\":\"WebPage\",\"@id\":\"https:\\\/\\\/jonathermal.hu\\\/vendeglatas\\\/\",\"url\":\"https:\\\/\\\/jonathermal.hu\\\/vendeglatas\\\/\",\"name\":\"Vend\u00e9gl\u00e1t\u00e1s - Jonatherm\u00e1l Gy\u00f3gy- \u00e9s \u00c9lm\u00e9nyf\u00fcrd\u0151, Motel, Kemping\",\"isPartOf\":{\"@id\":\"https:\\\/\\\/jonathermal.hu\\\/#website\"},\"datePublished\":\"2022-02-21T13:41:33+00:00\",\"dateModified\":\"2022-03-14T11:16:45+00:00\",\"breadcrumb\":{\"@id\":\"https:\\\/\\\/jonathermal.hu\\\/vendeglatas\\\/#breadcrumb\"},\"inLanguage\":\"de\",\"potentialAction\":[{\"@type\":\"ReadAction\",\"target\":[\"https:\\\/\\\/jonathermal.hu\\\/vendeglatas\\\/\"]}]},{\"@type\":\"BreadcrumbList\",\"@id\":\"https:\\\/\\\/jonathermal.hu\\\/vendeglatas\\\/#breadcrumb\",\"itemListElement\":[{\"@type\":\"ListItem\",\"position\":1,\"name\":\"Kezd\u0151lap\",\"item\":\"https:\\\/\\\/jonathermal.hu\\\/\"},{\"@type\":\"ListItem\",\"position\":2,\"name\":\"Vend\u00e9gl\u00e1t\u00e1s\"}]},{\"@type\":\"WebSite\",\"@id\":\"https:\\\/\\\/jonathermal.hu\\\/#website\",\"url\":\"https:\\\/\\\/jonathermal.hu\\\/\",\"name\":\"Jonatherm\u00e1l Gy\u00f3gy- \u00e9s \u00c9lm\u00e9nyf\u00fcrd\u0151, Motel, Kemping\",\"description\":\"Kiskunmajsa\",\"publisher\":{\"@id\":\"https:\\\/\\\/jonathermal.hu\\\/#organization\"},\"potentialAction\":[{\"@type\":\"SearchAction\",\"target\":{\"@type\":\"EntryPoint\",\"urlTemplate\":\"https:\\\/\\\/jonathermal.hu\\\/?s={search_term_string}\"},\"query-input\":{\"@type\":\"PropertyValueSpecification\",\"valueRequired\":true,\"valueName\":\"search_term_string\"}}],\"inLanguage\":\"de\"},{\"@type\":\"Organization\",\"@id\":\"https:\\\/\\\/jonathermal.hu\\\/#organization\",\"name\":\"Jonatherm\u00e1l Gy\u00f3gy- \u00e9s \u00c9lm\u00e9nyf\u00fcrd\u0151, Motel, Kemping Kiskunmajsa\",\"url\":\"https:\\\/\\\/jonathermal.hu\\\/\",\"logo\":{\"@type\":\"ImageObject\",\"inLanguage\":\"de\",\"@id\":\"https:\\\/\\\/jonathermal.hu\\\/#\\\/schema\\\/logo\\\/image\\\/\",\"url\":\"https:\\\/\\\/jonathermal.hu\\\/wp-content\\\/uploads\\\/2022\\\/02\\\/jonatherma\u0301l-logo.png\",\"contentUrl\":\"https:\\\/\\\/jonathermal.hu\\\/wp-content\\\/uploads\\\/2022\\\/02\\\/jonatherma\u0301l-logo.png\",\"width\":200,\"height\":142,\"caption\":\"Jonatherm\u00e1l Gy\u00f3gy- \u00e9s \u00c9lm\u00e9nyf\u00fcrd\u0151, Motel, Kemping Kiskunmajsa\"},\"image\":{\"@id\":\"https:\\\/\\\/jonathermal.hu\\\/#\\\/schema\\\/logo\\\/image\\\/\"},\"sameAs\":[\"https:\\\/\\\/www.facebook.com\\\/Jonathermal\\\/\",\"https:\\\/\\\/www.instagram.com\\\/jonathermal\\\/\",\"https:\\\/\\\/www.youtube.com\\\/channel\\\/UCTAd0tjGBgxWEJfuY378_Qw\\\/featured\"]}]}<\/script>\n<!-- \/ Yoast SEO Premium plugin. -->","yoast_head_json":{"title":"Vend\u00e9gl\u00e1t\u00e1s - Jonatherm\u00e1l Gy\u00f3gy- \u00e9s \u00c9lm\u00e9nyf\u00fcrd\u0151, Motel, Kemping","robots":{"index":"index","follow":"follow","max-snippet":"max-snippet:-1","max-image-preview":"max-image-preview:large","max-video-preview":"max-video-preview:-1"},"canonical":"https:\/\/jonathermal.hu\/de\/vendeglatas\/","og_locale":"de_DE","og_type":"article","og_title":"Vend\u00e9gl\u00e1t\u00e1s","og_description":"A f\u00fcrd\u0151 ter\u00fclet\u00e9n \u00e9s a k\u00f6zvetlen k\u00f6zel\u00e9ben sz\u00e1mos \u00e9tterem \u00e9s b\u00fcf\u00e9 \u00fczemel kiel\u00e9g\u00edtve a f\u00fcrd\u0151z\u0151k, illetve a hosszabb id\u0151szakra \u00e9rkez\u0151, sz\u00e1ll\u00e1st is ig\u00e9nybe vev\u0151 vend\u00e9gek gasztron\u00f3miai ig\u00e9nyeit.\u00a0 Azon vend\u00e9gek sz\u00e1m\u00e1ra, akik Erzs\u00e9bet utalv\u00e1nnyal vagy SZ\u00c9P k\u00e1rty\u00e1val (vend\u00e9gl\u00e1t\u00e1s alsz\u00e1mla) \u00f3hajtanak fizetni nagyszer\u0171 lehet\u0151s\u00e9get ny\u00fajtanak a Jonatherm\u00e1l Zrt. \u00e1ltal kibocs\u00e1tott \u00e9tkez\u00e9si jegyek melyeket a f\u00fcrd\u0151ben tal\u00e1lhat\u00f3 b\u00fcf\u00e9k [&hellip;]","og_url":"https:\/\/jonathermal.hu\/de\/vendeglatas\/","og_site_name":"Jonatherm\u00e1l Gy\u00f3gy- \u00e9s \u00c9lm\u00e9nyf\u00fcrd\u0151, Motel, Kemping","article_publisher":"https:\/\/www.facebook.com\/Jonathermal\/","article_modified_time":"2022-03-14T11:16:45+00:00","twitter_card":"summary_large_image","schema":{"@context":"https:\/\/schema.org","@graph":[{"@type":"WebPage","@id":"https:\/\/jonathermal.hu\/vendeglatas\/","url":"https:\/\/jonathermal.hu\/vendeglatas\/","name":"Vend\u00e9gl\u00e1t\u00e1s - Jonatherm\u00e1l Gy\u00f3gy- \u00e9s \u00c9lm\u00e9nyf\u00fcrd\u0151, Motel, Kemping","isPartOf":{"@id":"https:\/\/jonathermal.hu\/#website"},"datePublished":"2022-02-21T13:41:33+00:00","dateModified":"2022-03-14T11:16:45+00:00","breadcrumb":{"@id":"https:\/\/jonathermal.hu\/vendeglatas\/#breadcrumb"},"inLanguage":"de","potentialAction":[{"@type":"ReadAction","target":["https:\/\/jonathermal.hu\/vendeglatas\/"]}]},{"@type":"BreadcrumbList","@id":"https:\/\/jonathermal.hu\/vendeglatas\/#breadcrumb","itemListElement":[{"@type":"ListItem","position":1,"name":"Kezd\u0151lap","item":"https:\/\/jonathermal.hu\/"},{"@type":"ListItem","position":2,"name":"Vend\u00e9gl\u00e1t\u00e1s"}]},{"@type":"WebSite","@id":"https:\/\/jonathermal.hu\/#website","url":"https:\/\/jonathermal.hu\/","name":"Jonatherm\u00e1l Gy\u00f3gy- \u00e9s \u00c9lm\u00e9nyf\u00fcrd\u0151, Motel, Kemping","description":"Kiskunmajsa","publisher":{"@id":"https:\/\/jonathermal.hu\/#organization"},"potentialAction":[{"@type":"SearchAction","target":{"@type":"EntryPoint","urlTemplate":"https:\/\/jonathermal.hu\/?s={search_term_string}"},"query-input":{"@type":"PropertyValueSpecification","valueRequired":true,"valueName":"search_term_string"}}],"inLanguage":"de"},{"@type":"Organization","@id":"https:\/\/jonathermal.hu\/#organization","name":"Jonatherm\u00e1l Gy\u00f3gy- \u00e9s \u00c9lm\u00e9nyf\u00fcrd\u0151, Motel, Kemping Kiskunmajsa","url":"https:\/\/jonathermal.hu\/","logo":{"@type":"ImageObject","inLanguage":"de","@id":"https:\/\/jonathermal.hu\/#\/schema\/logo\/image\/","url":"https:\/\/jonathermal.hu\/wp-content\/uploads\/2022\/02\/jonatherma\u0301l-logo.png","contentUrl":"https:\/\/jonathermal.hu\/wp-content\/uploads\/2022\/02\/jonatherma\u0301l-logo.png","width":200,"height":142,"caption":"Jonatherm\u00e1l Gy\u00f3gy- \u00e9s \u00c9lm\u00e9nyf\u00fcrd\u0151, Motel, Kemping Kiskunmajsa"},"image":{"@id":"https:\/\/jonathermal.hu\/#\/schema\/logo\/image\/"},"sameAs":["https:\/\/www.facebook.com\/Jonathermal\/","https:\/\/www.instagram.com\/jonathermal\/","https:\/\/www.youtube.com\/channel\/UCTAd0tjGBgxWEJfuY378_Qw\/featured"]}]}},"_links":{"self":[{"href":"https:\/\/jonathermal.hu\/de\/wp-json\/wp\/v2\/pages\/1368","targetHints":{"allow":["GET"]}}],"collection":[{"href":"https:\/\/jonathermal.hu\/de\/wp-json\/wp\/v2\/pages"}],"about":[{"href":"https:\/\/jonathermal.hu\/de\/wp-json\/wp\/v2\/types\/page"}],"author":[{"embeddable":true,"href":"https:\/\/jonathermal.hu\/de\/wp-json\/wp\/v2\/users\/1"}],"replies":[{"embeddable":true,"href":"https:\/\/jonathermal.hu\/de\/wp-json\/wp\/v2\/comments?post=1368"}],"version-history":[{"count":0,"href":"https:\/\/jonathermal.hu\/de\/wp-json\/wp\/v2\/pages\/1368\/revisions"}],"wp:attachment":[{"href":"https:\/\/jonathermal.hu\/de\/wp-json\/wp\/v2\/media?parent=1368"}],"curies":[{"name":"wp","href":"https:\/\/api.w.org\/{rel}","templated":true}]}}