{"id":1225,"date":"2022-02-21T09:59:08","date_gmt":"2022-02-21T09:59:08","guid":{"rendered":"https:\/\/jonathermal.hu\/?page_id=1225"},"modified":"2022-03-14T09:08:02","modified_gmt":"2022-03-14T09:08:02","slug":"aromafurdok","status":"publish","type":"page","link":"https:\/\/jonathermal.hu\/de\/wellness\/aromafurdok\/","title":{"rendered":"Aromab\u00e4der"},"content":{"rendered":"<div data-elementor-type=\"wp-page\" data-elementor-id=\"1225\" class=\"elementor elementor-1225\" data-elementor-post-type=\"page\">\n\t\t\t\t\t\t<section class=\"elementor-section elementor-top-section elementor-element elementor-element-4f424e7 elementor-section-boxed elementor-section-height-default elementor-section-height-default\" data-id=\"4f424e7\" data-element_type=\"section\" data-e-type=\"section\">\n\t\t\t\t\t\t<div class=\"elementor-container elementor-column-gap-default\">\n\t\t\t\t\t<div class=\"elementor-column elementor-col-100 elementor-top-column elementor-element elementor-element-bd118d5\" data-id=\"bd118d5\" data-element_type=\"column\" data-e-type=\"column\">\n\t\t\t<div class=\"elementor-widget-wrap elementor-element-populated\">\n\t\t\t\t\t\t<div class=\"elementor-element elementor-element-a8c685c elementor-widget elementor-widget-text-editor\" data-id=\"a8c685c\" data-element_type=\"widget\" data-e-type=\"widget\" data-widget_type=\"text-editor.default\">\n\t\t\t\t<div class=\"elementor-widget-container\">\n\t\t\t\t\t\t\t\t\tWir erwarten unsere G\u00e4ste mit folgenden Wellnessleistungen in unserem Spa- und Erlebnisbad:\n\t\t\t\t\t\t\t\t<\/div>\n\t\t\t\t<\/div>\n\t\t\t\t<div class=\"elementor-element elementor-element-409335f elementor-widget elementor-widget-heading\" data-id=\"409335f\" data-element_type=\"widget\" data-e-type=\"widget\" data-widget_type=\"heading.default\">\n\t\t\t\t<div class=\"elementor-widget-container\">\n\t\t\t\t\t<h2 class=\"elementor-heading-title elementor-size-default\">Tangentor<\/h2>\t\t\t\t<\/div>\n\t\t\t\t<\/div>\n\t\t\t\t<div class=\"elementor-element elementor-element-11327ca elementor-widget elementor-widget-text-editor\" data-id=\"11327ca\" data-element_type=\"widget\" data-e-type=\"widget\" data-widget_type=\"text-editor.default\">\n\t\t\t\t<div class=\"elementor-widget-container\">\n\t\t\t\t\t\t\t\t\t<p>Bei der Tangentor-Behandlung handelt es sich um eine ma\u00dfgeschneiderte Unterwassermassage mit kontrolliertem Wasser unter hohem Druck, die in einem speziellen Bad mit Heilwasser durchgef\u00fchrt wird. W\u00e4hrend der Behandlung werden die Weichteile in Schwingung versetzt, um die mechanischen und thermischen Wirkungen von Wasser zu nutzen, wodurch der Blut- und Lymphkreislauf stimuliert und der Stoffwechsel erh\u00f6ht wird. Die Tangentor-Behandlung tr\u00e4gt zur Entgiftung des K\u00f6rpers bei, st\u00e4rkt das Immunsystem, lindert Stress und erh\u00f6ht die Hautelastizit\u00e4t.<\/p>\t\t\t\t\t\t\t\t<\/div>\n\t\t\t\t<\/div>\n\t\t\t\t<div class=\"elementor-element elementor-element-7068de7 elementor-widget elementor-widget-price-list\" data-id=\"7068de7\" data-element_type=\"widget\" data-e-type=\"widget\" data-widget_type=\"price-list.default\">\n\t\t\t\t<div class=\"elementor-widget-container\">\n\t\t\t\t\t\n\t\t<ul class=\"elementor-price-list\">\n\n\t\t\t\t\t\t\t\t\t<li class=\"elementor-price-list-item\">\t\t\t\t\n\t\t\t\t<div class=\"elementor-price-list-text\">\n\t\t\t\t\t\t\t\t\t<div class=\"elementor-price-list-header\">\n\t\t\t\t\t\t\t\t\t\t\t<span class=\"elementor-price-list-title\">\n\t\t\t\t\t\t\tIndividuell gestaltetes Behandlungsprogramm\t\t\t\t\t\t<\/span>\n\t\t\t\t\t\t\t\t\t\t\t\t\t\t\t\t\t\t<span class=\"elementor-price-list-separator\"><\/span>\n\t\t\t\t\t\t\t\t\t\t\t\t\t\t\t\t\t\t\t<span class=\"elementor-price-list-price\">15 Minute<\/span>\n\t\t\t\t\t\t\t\t\t\t<\/div>\n\t\t\t\t\t\t\t\t\t\t\t\t<\/div>\n\t\t\t\t<\/li>\t\t\t\t\t\n\t\t<\/ul>\n\n\t\t\t\t\t\t<\/div>\n\t\t\t\t<\/div>\n\t\t\t\t<div class=\"elementor-element elementor-element-73d9748 elementor-widget elementor-widget-heading\" data-id=\"73d9748\" data-element_type=\"widget\" data-e-type=\"widget\" data-widget_type=\"heading.default\">\n\t\t\t\t<div class=\"elementor-widget-container\">\n\t\t\t\t\t<h2 class=\"elementor-heading-title elementor-size-default\">Aroma Spa<\/h2>\t\t\t\t<\/div>\n\t\t\t\t<\/div>\n\t\t\t\t<div class=\"elementor-element elementor-element-0f77704 elementor-widget elementor-widget-text-editor\" data-id=\"0f77704\" data-element_type=\"widget\" data-e-type=\"widget\" data-widget_type=\"text-editor.default\">\n\t\t\t\t<div class=\"elementor-widget-container\">\n\t\t\t\t\t\t\t\t\t<p>Die Aromab\u00e4der kombinieren die Vorteile von Wellnessanwendungen und Aromatherapie-Behandlungen. \u00c4therische \u00d6le, die von der Oberfl\u00e4che warmen Wassers verdunsten, wirken innerhalb weniger Minuten: Sie werden durch die Inhalation und durch die Haut in den K\u00f6rper aufgenommen und gelangen durch den Blutstrom in fast jede Zelle. Aromab\u00e4der wirken wohltuend auf die Durchblutung und f\u00f6rdern die Entfernung von Stoffwechselprodukten aus unserem K\u00f6rper. Je nach Duftstoff entlasten sie Stress, f\u00f6rdern die Entspannung, beruhigen oder st\u00e4rken sich und geben Energie.<\/p>\t\t\t\t\t\t\t\t<\/div>\n\t\t\t\t<\/div>\n\t\t\t\t<div class=\"elementor-element elementor-element-97f5691 elementor-widget elementor-widget-price-list\" data-id=\"97f5691\" data-element_type=\"widget\" data-e-type=\"widget\" data-widget_type=\"price-list.default\">\n\t\t\t\t<div class=\"elementor-widget-container\">\n\t\t\t\t\t\n\t\t<ul class=\"elementor-price-list\">\n\n\t\t\t\t\t\t\t\t\t<li class=\"elementor-price-list-item\">\t\t\t\t\n\t\t\t\t<div class=\"elementor-price-list-text\">\n\t\t\t\t\t\t\t\t\t<div class=\"elementor-price-list-header\">\n\t\t\t\t\t\t\t\t\t\t\t<span class=\"elementor-price-list-title\">\n\t\t\t\t\t\t\tStress Aromabad\t\t\t\t\t\t<\/span>\n\t\t\t\t\t\t\t\t\t\t\t\t\t\t\t\t\t\t<span class=\"elementor-price-list-separator\"><\/span>\n\t\t\t\t\t\t\t\t\t\t\t\t\t\t\t\t\t\t\t<span class=\"elementor-price-list-price\">15 Minute<\/span>\n\t\t\t\t\t\t\t\t\t\t<\/div>\n\t\t\t\t\t\t\t\t\t\t\t\t<\/div>\n\t\t\t\t<\/li>\t\t\t\t\t\t\t\t\t\t\t\t<li class=\"elementor-price-list-item\">\t\t\t\t\n\t\t\t\t<div class=\"elementor-price-list-text\">\n\t\t\t\t\t\t\t\t\t<div class=\"elementor-price-list-header\">\n\t\t\t\t\t\t\t\t\t\t\t<span class=\"elementor-price-list-title\">\n\t\t\t\t\t\t\tEntspannend Aromabad\t\t\t\t\t\t<\/span>\n\t\t\t\t\t\t\t\t\t\t\t\t\t\t\t\t\t\t<span class=\"elementor-price-list-separator\"><\/span>\n\t\t\t\t\t\t\t\t\t\t\t\t\t\t\t\t\t\t\t<span class=\"elementor-price-list-price\">15 Minute<\/span>\n\t\t\t\t\t\t\t\t\t\t<\/div>\n\t\t\t\t\t\t\t\t\t\t\t\t<\/div>\n\t\t\t\t<\/li>\t\t\t\t\t\t\t\t\t\t\t\t<li class=\"elementor-price-list-item\">\t\t\t\t\n\t\t\t\t<div class=\"elementor-price-list-text\">\n\t\t\t\t\t\t\t\t\t<div class=\"elementor-price-list-header\">\n\t\t\t\t\t\t\t\t\t\t\t<span class=\"elementor-price-list-title\">\n\t\t\t\t\t\t\tBeruhigungsmittel Aromabad\t\t\t\t\t\t<\/span>\n\t\t\t\t\t\t\t\t\t\t\t\t\t\t\t\t\t\t<span class=\"elementor-price-list-separator\"><\/span>\n\t\t\t\t\t\t\t\t\t\t\t\t\t\t\t\t\t\t\t<span class=\"elementor-price-list-price\">15 Minute<\/span>\n\t\t\t\t\t\t\t\t\t\t<\/div>\n\t\t\t\t\t\t\t\t\t\t\t\t<\/div>\n\t\t\t\t<\/li>\t\t\t\t\t\n\t\t<\/ul>\n\n\t\t\t\t\t\t<\/div>\n\t\t\t\t<\/div>\n\t\t\t\t<div class=\"elementor-element elementor-element-afb8cb9 elementor-widget elementor-widget-text-editor\" data-id=\"afb8cb9\" data-element_type=\"widget\" data-e-type=\"widget\" data-widget_type=\"text-editor.default\">\n\t\t\t\t<div class=\"elementor-widget-container\">\n\t\t\t\t\t<style>.elementor-element-afb8cb9{display:none !important}<\/style>\t\t\t\t<\/div>\n\t\t\t\t<\/div>\n\t\t\t\t<div class=\"elementor-element elementor-element-b52baf0 elementor-widget elementor-widget-text-editor\" data-id=\"b52baf0\" data-element_type=\"widget\" data-e-type=\"widget\" data-no-translation=\"\" data-widget_type=\"text-editor.default\">\n\t\t\t\t<div class=\"elementor-widget-container\">\n\t\t\t\t\t\t\t\t\t<p>Buchen Sie jetzt Ihre Zeit<\/p><p>bei 77 \/ 481-052 oder per E-Mail a<br \/>info@jonathermal.hu!<\/p>\t\t\t\t\t\t\t\t<\/div>\n\t\t\t\t<\/div>\n\t\t\t\t<div class=\"elementor-element elementor-element-8d1d494 elementor-widget elementor-widget-gallery\" data-id=\"8d1d494\" data-element_type=\"widget\" data-e-type=\"widget\" data-settings=\"{&quot;lazyload&quot;:&quot;yes&quot;,&quot;gallery_layout&quot;:&quot;grid&quot;,&quot;columns&quot;:4,&quot;columns_tablet&quot;:2,&quot;columns_mobile&quot;:1,&quot;gap&quot;:{&quot;unit&quot;:&quot;px&quot;,&quot;size&quot;:10,&quot;sizes&quot;:[]},&quot;gap_tablet&quot;:{&quot;unit&quot;:&quot;px&quot;,&quot;size&quot;:10,&quot;sizes&quot;:[]},&quot;gap_mobile&quot;:{&quot;unit&quot;:&quot;px&quot;,&quot;size&quot;:10,&quot;sizes&quot;:[]},&quot;link_to&quot;:&quot;file&quot;,&quot;aspect_ratio&quot;:&quot;3:2&quot;,&quot;overlay_background&quot;:&quot;yes&quot;,&quot;content_hover_animation&quot;:&quot;fade-in&quot;}\" data-widget_type=\"gallery.default\">\n\t\t\t\t<div class=\"elementor-widget-container\">\n\t\t\t\t\t\t\t<div class=\"elementor-gallery__container\">\n\t\t\t\t\t\t\t<a class=\"e-gallery-item elementor-gallery-item elementor-animated-content\" href=\"https:\/\/jonathermal.hu\/wp-content\/uploads\/2022\/02\/aromafu\u0308rdo\u030b1.jpeg\" data-elementor-open-lightbox=\"yes\" data-elementor-lightbox-slideshow=\"8d1d494\" data-elementor-lightbox-title=\"aromafu\u0308rdo\u030b1\" data-e-action-hash=\"#elementor-action%3Aaction%3Dlightbox%26settings%3DeyJpZCI6MTIyOCwidXJsIjoiaHR0cHM6XC9cL2pvbmF0aGVybWFsLmh1XC93cC1jb250ZW50XC91cGxvYWRzXC8yMDIyXC8wMlwvYXJvbWFmdVx1MDMwOHJkb1x1MDMwYjEuanBlZyIsInNsaWRlc2hvdyI6IjhkMWQ0OTQifQ%3D%3D\">\n\t\t\t\t\t<div class=\"e-gallery-image elementor-gallery-item__image\" data-thumbnail=\"https:\/\/jonathermal.hu\/wp-content\/uploads\/2022\/02\/aromafu\u0308rdo\u030b1-300x200.jpeg\" data-width=\"300\" data-height=\"200\" aria-label=\"\" role=\"img\" ><\/div>\n\t\t\t\t\t\t\t\t\t\t\t<div class=\"elementor-gallery-item__overlay\"><\/div>\n\t\t\t\t\t\t\t\t\t\t\t\t\t\t<\/a>\n\t\t\t\t\t\t\t<a class=\"e-gallery-item elementor-gallery-item elementor-animated-content\" href=\"https:\/\/jonathermal.hu\/wp-content\/uploads\/2022\/02\/aromafu\u0308rdo\u030b2.jpeg\" data-elementor-open-lightbox=\"yes\" data-elementor-lightbox-slideshow=\"8d1d494\" data-elementor-lightbox-title=\"aromafu\u0308rdo\u030b2\" data-e-action-hash=\"#elementor-action%3Aaction%3Dlightbox%26settings%3DeyJpZCI6MTIyOSwidXJsIjoiaHR0cHM6XC9cL2pvbmF0aGVybWFsLmh1XC93cC1jb250ZW50XC91cGxvYWRzXC8yMDIyXC8wMlwvYXJvbWFmdVx1MDMwOHJkb1x1MDMwYjIuanBlZyIsInNsaWRlc2hvdyI6IjhkMWQ0OTQifQ%3D%3D\">\n\t\t\t\t\t<div class=\"e-gallery-image elementor-gallery-item__image\" data-thumbnail=\"https:\/\/jonathermal.hu\/wp-content\/uploads\/2022\/02\/aromafu\u0308rdo\u030b2-300x200.jpeg\" data-width=\"300\" data-height=\"200\" aria-label=\"\" role=\"img\" ><\/div>\n\t\t\t\t\t\t\t\t\t\t\t<div class=\"elementor-gallery-item__overlay\"><\/div>\n\t\t\t\t\t\t\t\t\t\t\t\t\t\t<\/a>\n\t\t\t\t\t\t\t<a class=\"e-gallery-item elementor-gallery-item elementor-animated-content\" href=\"https:\/\/jonathermal.hu\/wp-content\/uploads\/2022\/02\/aromafu\u0308rdo\u030b3.jpeg\" data-elementor-open-lightbox=\"yes\" data-elementor-lightbox-slideshow=\"8d1d494\" data-elementor-lightbox-title=\"aromafu\u0308rdo\u030b3\" data-e-action-hash=\"#elementor-action%3Aaction%3Dlightbox%26settings%3DeyJpZCI6MTIzMCwidXJsIjoiaHR0cHM6XC9cL2pvbmF0aGVybWFsLmh1XC93cC1jb250ZW50XC91cGxvYWRzXC8yMDIyXC8wMlwvYXJvbWFmdVx1MDMwOHJkb1x1MDMwYjMuanBlZyIsInNsaWRlc2hvdyI6IjhkMWQ0OTQifQ%3D%3D\">\n\t\t\t\t\t<div class=\"e-gallery-image elementor-gallery-item__image\" data-thumbnail=\"https:\/\/jonathermal.hu\/wp-content\/uploads\/2022\/02\/aromafu\u0308rdo\u030b3-300x200.jpeg\" data-width=\"300\" data-height=\"200\" aria-label=\"\" role=\"img\" ><\/div>\n\t\t\t\t\t\t\t\t\t\t\t<div class=\"elementor-gallery-item__overlay\"><\/div>\n\t\t\t\t\t\t\t\t\t\t\t\t\t\t<\/a>\n\t\t\t\t\t\t\t<a class=\"e-gallery-item elementor-gallery-item elementor-animated-content\" href=\"https:\/\/jonathermal.hu\/wp-content\/uploads\/2022\/02\/aromafu\u0308rdo\u030b4.jpeg\" data-elementor-open-lightbox=\"yes\" data-elementor-lightbox-slideshow=\"8d1d494\" data-elementor-lightbox-title=\"aromafu\u0308rdo\u030b4\" data-e-action-hash=\"#elementor-action%3Aaction%3Dlightbox%26settings%3DeyJpZCI6MTIzMSwidXJsIjoiaHR0cHM6XC9cL2pvbmF0aGVybWFsLmh1XC93cC1jb250ZW50XC91cGxvYWRzXC8yMDIyXC8wMlwvYXJvbWFmdVx1MDMwOHJkb1x1MDMwYjQuanBlZyIsInNsaWRlc2hvdyI6IjhkMWQ0OTQifQ%3D%3D\">\n\t\t\t\t\t<div class=\"e-gallery-image elementor-gallery-item__image\" data-thumbnail=\"https:\/\/jonathermal.hu\/wp-content\/uploads\/2022\/02\/aromafu\u0308rdo\u030b4-300x200.jpeg\" data-width=\"300\" data-height=\"200\" aria-label=\"\" role=\"img\" ><\/div>\n\t\t\t\t\t\t\t\t\t\t\t<div class=\"elementor-gallery-item__overlay\"><\/div>\n\t\t\t\t\t\t\t\t\t\t\t\t\t\t<\/a>\n\t\t\t\t\t<\/div>\n\t\t\t\t\t<\/div>\n\t\t\t\t<\/div>\n\t\t\t\t\t<\/div>\n\t\t<\/div>\n\t\t\t\t\t<\/div>\n\t\t<\/section>\n\t\t\t\t<\/div>","protected":false},"excerpt":{"rendered":"<p>Gy\u00f3gy- \u00e9s \u00e9lm\u00e9nyf\u00fcrd\u0151nkben a k\u00f6vetkez\u0151 wellness szolg\u00e1ltat\u00e1sokkal v\u00e1rjuk vend\u00e9geinket: Tangentor A tangentor-kezel\u00e9s tulajdonk\u00e9ppen egy szab\u00e1lyozhat\u00f3 er\u0151s nyom\u00e1s\u00fa v\u00edzzel v\u00e9gzett, egy\u00e9nre szabott v\u00edz alatti massz\u00e1zs, melyet egy gy\u00f3gyv\u00edzzel megt\u00f6lt\u00f6tt speci\u00e1lis k\u00e1dban v\u00e9gz\u00fcnk. A kezel\u00e9s sor\u00e1n a v\u00edz mechanikai \u00e9s h\u0151hat\u00e1sait kihaszn\u00e1lva hozz\u00e1k rezg\u00e9sbe a l\u00e1gy sz\u00f6veteket, ez\u00e1ltal serkentve a v\u00e9r- \u00e9s nyirokkering\u00e9st, fokozva az anyagcser\u00e9t. A [&hellip;]<\/p>\n","protected":false},"author":1,"featured_media":0,"parent":1057,"menu_order":0,"comment_status":"closed","ping_status":"closed","template":"","meta":{"site-sidebar-layout":"no-sidebar","site-content-layout":"page-builder","ast-site-content-layout":"default","site-content-style":"default","site-sidebar-style":"default","ast-global-header-display":"","ast-banner-title-visibility":"","ast-main-header-display":"","ast-hfb-above-header-display":"","ast-hfb-below-header-display":"","ast-hfb-mobile-header-display":"","site-post-title":"disabled","ast-breadcrumbs-content":"","ast-featured-img":"disabled","footer-sml-layout":"","ast-disable-related-posts":"","theme-transparent-header-meta":"","adv-header-id-meta":"","stick-header-meta":"","header-above-stick-meta":"","header-main-stick-meta":"","header-below-stick-meta":"","astra-migrate-meta-layouts":"default","ast-page-background-enabled":"default","ast-page-background-meta":{"desktop":{"background-color":"var(--ast-global-color-4)","background-image":"","background-repeat":"repeat","background-position":"center center","background-size":"auto","background-attachment":"scroll","background-type":"","background-media":"","overlay-type":"","overlay-color":"","overlay-opacity":"","overlay-gradient":""},"tablet":{"background-color":"","background-image":"","background-repeat":"repeat","background-position":"center center","background-size":"auto","background-attachment":"scroll","background-type":"","background-media":"","overlay-type":"","overlay-color":"","overlay-opacity":"","overlay-gradient":""},"mobile":{"background-color":"","background-image":"","background-repeat":"repeat","background-position":"center center","background-size":"auto","background-attachment":"scroll","background-type":"","background-media":"","overlay-type":"","overlay-color":"","overlay-opacity":"","overlay-gradient":""}},"ast-content-background-meta":{"desktop":{"background-color":"var(--ast-global-color-5)","background-image":"","background-repeat":"repeat","background-position":"center center","background-size":"auto","background-attachment":"scroll","background-type":"","background-media":"","overlay-type":"","overlay-color":"","overlay-opacity":"","overlay-gradient":""},"tablet":{"background-color":"var(--ast-global-color-5)","background-image":"","background-repeat":"repeat","background-position":"center center","background-size":"auto","background-attachment":"scroll","background-type":"","background-media":"","overlay-type":"","overlay-color":"","overlay-opacity":"","overlay-gradient":""},"mobile":{"background-color":"var(--ast-global-color-5)","background-image":"","background-repeat":"repeat","background-position":"center center","background-size":"auto","background-attachment":"scroll","background-type":"","background-media":"","overlay-type":"","overlay-color":"","overlay-opacity":"","overlay-gradient":""}},"footnotes":""},"class_list":["post-1225","page","type-page","status-publish","hentry"],"yoast_head":"<!-- This site is optimized with the Yoast SEO Premium plugin v27.6 (Yoast SEO v27.6) - https:\/\/yoast.com\/product\/yoast-seo-premium-wordpress\/ -->\n<title>Aromaf\u00fcrd\u0151k - Jonatherm\u00e1l Gy\u00f3gy- \u00e9s \u00c9lm\u00e9nyf\u00fcrd\u0151, Motel, Kemping<\/title>\n<meta name=\"robots\" content=\"index, follow, max-snippet:-1, max-image-preview:large, max-video-preview:-1\" \/>\n<link rel=\"canonical\" href=\"https:\/\/jonathermal.hu\/de\/wellness\/aromafurdok\/\" \/>\n<meta property=\"og:locale\" content=\"de_DE\" \/>\n<meta property=\"og:type\" content=\"article\" \/>\n<meta property=\"og:title\" content=\"Aromaf\u00fcrd\u0151k\" \/>\n<meta property=\"og:description\" content=\"Gy\u00f3gy- \u00e9s \u00e9lm\u00e9nyf\u00fcrd\u0151nkben a k\u00f6vetkez\u0151 wellness szolg\u00e1ltat\u00e1sokkal v\u00e1rjuk vend\u00e9geinket: Tangentor A tangentor-kezel\u00e9s tulajdonk\u00e9ppen egy szab\u00e1lyozhat\u00f3 er\u0151s nyom\u00e1s\u00fa v\u00edzzel v\u00e9gzett, egy\u00e9nre szabott v\u00edz alatti massz\u00e1zs, melyet egy gy\u00f3gyv\u00edzzel megt\u00f6lt\u00f6tt speci\u00e1lis k\u00e1dban v\u00e9gz\u00fcnk. A kezel\u00e9s sor\u00e1n a v\u00edz mechanikai \u00e9s h\u0151hat\u00e1sait kihaszn\u00e1lva hozz\u00e1k rezg\u00e9sbe a l\u00e1gy sz\u00f6veteket, ez\u00e1ltal serkentve a v\u00e9r- \u00e9s nyirokkering\u00e9st, fokozva az anyagcser\u00e9t. A [&hellip;]\" \/>\n<meta property=\"og:url\" content=\"https:\/\/jonathermal.hu\/de\/wellness\/aromafurdok\/\" \/>\n<meta property=\"og:site_name\" content=\"Jonatherm\u00e1l Gy\u00f3gy- \u00e9s \u00c9lm\u00e9nyf\u00fcrd\u0151, Motel, Kemping\" \/>\n<meta property=\"article:publisher\" content=\"https:\/\/www.facebook.com\/Jonathermal\/\" \/>\n<meta property=\"article:modified_time\" content=\"2022-03-14T09:08:02+00:00\" \/>\n<meta name=\"twitter:card\" content=\"summary_large_image\" \/>\n<script type=\"application\/ld+json\" class=\"yoast-schema-graph\">{\"@context\":\"https:\\\/\\\/schema.org\",\"@graph\":[{\"@type\":\"WebPage\",\"@id\":\"https:\\\/\\\/jonathermal.hu\\\/wellness\\\/aromafurdok\\\/\",\"url\":\"https:\\\/\\\/jonathermal.hu\\\/wellness\\\/aromafurdok\\\/\",\"name\":\"Aromaf\u00fcrd\u0151k - Jonatherm\u00e1l Gy\u00f3gy- \u00e9s \u00c9lm\u00e9nyf\u00fcrd\u0151, Motel, Kemping\",\"isPartOf\":{\"@id\":\"https:\\\/\\\/jonathermal.hu\\\/#website\"},\"datePublished\":\"2022-02-21T09:59:08+00:00\",\"dateModified\":\"2022-03-14T09:08:02+00:00\",\"breadcrumb\":{\"@id\":\"https:\\\/\\\/jonathermal.hu\\\/wellness\\\/aromafurdok\\\/#breadcrumb\"},\"inLanguage\":\"de\",\"potentialAction\":[{\"@type\":\"ReadAction\",\"target\":[\"https:\\\/\\\/jonathermal.hu\\\/wellness\\\/aromafurdok\\\/\"]}]},{\"@type\":\"BreadcrumbList\",\"@id\":\"https:\\\/\\\/jonathermal.hu\\\/wellness\\\/aromafurdok\\\/#breadcrumb\",\"itemListElement\":[{\"@type\":\"ListItem\",\"position\":1,\"name\":\"Kezd\u0151lap\",\"item\":\"https:\\\/\\\/jonathermal.hu\\\/\"},{\"@type\":\"ListItem\",\"position\":2,\"name\":\"Wellness\",\"item\":\"https:\\\/\\\/jonathermal.hu\\\/wellness\\\/\"},{\"@type\":\"ListItem\",\"position\":3,\"name\":\"Aromaf\u00fcrd\u0151k\"}]},{\"@type\":\"WebSite\",\"@id\":\"https:\\\/\\\/jonathermal.hu\\\/#website\",\"url\":\"https:\\\/\\\/jonathermal.hu\\\/\",\"name\":\"Jonatherm\u00e1l Gy\u00f3gy- \u00e9s \u00c9lm\u00e9nyf\u00fcrd\u0151, Motel, Kemping\",\"description\":\"Kiskunmajsa\",\"publisher\":{\"@id\":\"https:\\\/\\\/jonathermal.hu\\\/#organization\"},\"potentialAction\":[{\"@type\":\"SearchAction\",\"target\":{\"@type\":\"EntryPoint\",\"urlTemplate\":\"https:\\\/\\\/jonathermal.hu\\\/?s={search_term_string}\"},\"query-input\":{\"@type\":\"PropertyValueSpecification\",\"valueRequired\":true,\"valueName\":\"search_term_string\"}}],\"inLanguage\":\"de\"},{\"@type\":\"Organization\",\"@id\":\"https:\\\/\\\/jonathermal.hu\\\/#organization\",\"name\":\"Jonatherm\u00e1l Gy\u00f3gy- \u00e9s \u00c9lm\u00e9nyf\u00fcrd\u0151, Motel, Kemping Kiskunmajsa\",\"url\":\"https:\\\/\\\/jonathermal.hu\\\/\",\"logo\":{\"@type\":\"ImageObject\",\"inLanguage\":\"de\",\"@id\":\"https:\\\/\\\/jonathermal.hu\\\/#\\\/schema\\\/logo\\\/image\\\/\",\"url\":\"https:\\\/\\\/jonathermal.hu\\\/wp-content\\\/uploads\\\/2022\\\/02\\\/jonatherma\u0301l-logo.png\",\"contentUrl\":\"https:\\\/\\\/jonathermal.hu\\\/wp-content\\\/uploads\\\/2022\\\/02\\\/jonatherma\u0301l-logo.png\",\"width\":200,\"height\":142,\"caption\":\"Jonatherm\u00e1l Gy\u00f3gy- \u00e9s \u00c9lm\u00e9nyf\u00fcrd\u0151, Motel, Kemping Kiskunmajsa\"},\"image\":{\"@id\":\"https:\\\/\\\/jonathermal.hu\\\/#\\\/schema\\\/logo\\\/image\\\/\"},\"sameAs\":[\"https:\\\/\\\/www.facebook.com\\\/Jonathermal\\\/\",\"https:\\\/\\\/www.instagram.com\\\/jonathermal\\\/\",\"https:\\\/\\\/www.youtube.com\\\/channel\\\/UCTAd0tjGBgxWEJfuY378_Qw\\\/featured\"]}]}<\/script>\n<!-- \/ Yoast SEO Premium plugin. -->","yoast_head_json":{"title":"Aromaf\u00fcrd\u0151k - Jonatherm\u00e1l Gy\u00f3gy- \u00e9s \u00c9lm\u00e9nyf\u00fcrd\u0151, Motel, Kemping","robots":{"index":"index","follow":"follow","max-snippet":"max-snippet:-1","max-image-preview":"max-image-preview:large","max-video-preview":"max-video-preview:-1"},"canonical":"https:\/\/jonathermal.hu\/de\/wellness\/aromafurdok\/","og_locale":"de_DE","og_type":"article","og_title":"Aromaf\u00fcrd\u0151k","og_description":"Gy\u00f3gy- \u00e9s \u00e9lm\u00e9nyf\u00fcrd\u0151nkben a k\u00f6vetkez\u0151 wellness szolg\u00e1ltat\u00e1sokkal v\u00e1rjuk vend\u00e9geinket: Tangentor A tangentor-kezel\u00e9s tulajdonk\u00e9ppen egy szab\u00e1lyozhat\u00f3 er\u0151s nyom\u00e1s\u00fa v\u00edzzel v\u00e9gzett, egy\u00e9nre szabott v\u00edz alatti massz\u00e1zs, melyet egy gy\u00f3gyv\u00edzzel megt\u00f6lt\u00f6tt speci\u00e1lis k\u00e1dban v\u00e9gz\u00fcnk. A kezel\u00e9s sor\u00e1n a v\u00edz mechanikai \u00e9s h\u0151hat\u00e1sait kihaszn\u00e1lva hozz\u00e1k rezg\u00e9sbe a l\u00e1gy sz\u00f6veteket, ez\u00e1ltal serkentve a v\u00e9r- \u00e9s nyirokkering\u00e9st, fokozva az anyagcser\u00e9t. A [&hellip;]","og_url":"https:\/\/jonathermal.hu\/de\/wellness\/aromafurdok\/","og_site_name":"Jonatherm\u00e1l Gy\u00f3gy- \u00e9s \u00c9lm\u00e9nyf\u00fcrd\u0151, Motel, Kemping","article_publisher":"https:\/\/www.facebook.com\/Jonathermal\/","article_modified_time":"2022-03-14T09:08:02+00:00","twitter_card":"summary_large_image","schema":{"@context":"https:\/\/schema.org","@graph":[{"@type":"WebPage","@id":"https:\/\/jonathermal.hu\/wellness\/aromafurdok\/","url":"https:\/\/jonathermal.hu\/wellness\/aromafurdok\/","name":"Aromaf\u00fcrd\u0151k - Jonatherm\u00e1l Gy\u00f3gy- \u00e9s \u00c9lm\u00e9nyf\u00fcrd\u0151, Motel, Kemping","isPartOf":{"@id":"https:\/\/jonathermal.hu\/#website"},"datePublished":"2022-02-21T09:59:08+00:00","dateModified":"2022-03-14T09:08:02+00:00","breadcrumb":{"@id":"https:\/\/jonathermal.hu\/wellness\/aromafurdok\/#breadcrumb"},"inLanguage":"de","potentialAction":[{"@type":"ReadAction","target":["https:\/\/jonathermal.hu\/wellness\/aromafurdok\/"]}]},{"@type":"BreadcrumbList","@id":"https:\/\/jonathermal.hu\/wellness\/aromafurdok\/#breadcrumb","itemListElement":[{"@type":"ListItem","position":1,"name":"Kezd\u0151lap","item":"https:\/\/jonathermal.hu\/"},{"@type":"ListItem","position":2,"name":"Wellness","item":"https:\/\/jonathermal.hu\/wellness\/"},{"@type":"ListItem","position":3,"name":"Aromaf\u00fcrd\u0151k"}]},{"@type":"WebSite","@id":"https:\/\/jonathermal.hu\/#website","url":"https:\/\/jonathermal.hu\/","name":"Jonatherm\u00e1l Gy\u00f3gy- \u00e9s \u00c9lm\u00e9nyf\u00fcrd\u0151, Motel, Kemping","description":"Kiskunmajsa","publisher":{"@id":"https:\/\/jonathermal.hu\/#organization"},"potentialAction":[{"@type":"SearchAction","target":{"@type":"EntryPoint","urlTemplate":"https:\/\/jonathermal.hu\/?s={search_term_string}"},"query-input":{"@type":"PropertyValueSpecification","valueRequired":true,"valueName":"search_term_string"}}],"inLanguage":"de"},{"@type":"Organization","@id":"https:\/\/jonathermal.hu\/#organization","name":"Jonatherm\u00e1l Gy\u00f3gy- \u00e9s \u00c9lm\u00e9nyf\u00fcrd\u0151, Motel, Kemping Kiskunmajsa","url":"https:\/\/jonathermal.hu\/","logo":{"@type":"ImageObject","inLanguage":"de","@id":"https:\/\/jonathermal.hu\/#\/schema\/logo\/image\/","url":"https:\/\/jonathermal.hu\/wp-content\/uploads\/2022\/02\/jonatherma\u0301l-logo.png","contentUrl":"https:\/\/jonathermal.hu\/wp-content\/uploads\/2022\/02\/jonatherma\u0301l-logo.png","width":200,"height":142,"caption":"Jonatherm\u00e1l Gy\u00f3gy- \u00e9s \u00c9lm\u00e9nyf\u00fcrd\u0151, Motel, Kemping Kiskunmajsa"},"image":{"@id":"https:\/\/jonathermal.hu\/#\/schema\/logo\/image\/"},"sameAs":["https:\/\/www.facebook.com\/Jonathermal\/","https:\/\/www.instagram.com\/jonathermal\/","https:\/\/www.youtube.com\/channel\/UCTAd0tjGBgxWEJfuY378_Qw\/featured"]}]}},"_links":{"self":[{"href":"https:\/\/jonathermal.hu\/de\/wp-json\/wp\/v2\/pages\/1225","targetHints":{"allow":["GET"]}}],"collection":[{"href":"https:\/\/jonathermal.hu\/de\/wp-json\/wp\/v2\/pages"}],"about":[{"href":"https:\/\/jonathermal.hu\/de\/wp-json\/wp\/v2\/types\/page"}],"author":[{"embeddable":true,"href":"https:\/\/jonathermal.hu\/de\/wp-json\/wp\/v2\/users\/1"}],"replies":[{"embeddable":true,"href":"https:\/\/jonathermal.hu\/de\/wp-json\/wp\/v2\/comments?post=1225"}],"version-history":[{"count":0,"href":"https:\/\/jonathermal.hu\/de\/wp-json\/wp\/v2\/pages\/1225\/revisions"}],"up":[{"embeddable":true,"href":"https:\/\/jonathermal.hu\/de\/wp-json\/wp\/v2\/pages\/1057"}],"wp:attachment":[{"href":"https:\/\/jonathermal.hu\/de\/wp-json\/wp\/v2\/media?parent=1225"}],"curies":[{"name":"wp","href":"https:\/\/api.w.org\/{rel}","templated":true}]}}