{"id":1208,"date":"2022-02-18T15:35:58","date_gmt":"2022-02-18T15:35:58","guid":{"rendered":"https:\/\/jonathermal.hu\/?page_id=1208"},"modified":"2023-10-16T16:19:44","modified_gmt":"2023-10-16T16:19:44","slug":"wellness-szolgaltatasok","status":"publish","type":"page","link":"https:\/\/jonathermal.hu\/de\/wellness-szolgaltatasok\/","title":{"rendered":"Wellnessleistungen"},"content":{"rendered":"<p><strong>Wellnessleistungen Preisliste<\/strong><\/p>\n\n\n\n<figure class=\"wp-block-table\"><table><tbody><tr><td>1. Friss\u00edt\u0151 massz\u00e1zs<\/td><td><\/td><\/tr><tr><td>H\u00e1tmassz\u00e1zs (20 perc)<\/td><td>2.400 Ft<\/td><\/tr><tr><td>Teljes testmassz\u00e1zs&nbsp;(40 perc, k\u00e9t massz\u00e1zsid\u0151pont \u00f6sszevonva)<\/td><td>4.000 Ft<\/td><\/tr><tr><td><\/td><td><\/td><\/tr><tr><td>2. Gy\u00f3gymassz\u00e1zs<\/td><td><\/td><\/tr><tr><td>Gy\u00f3gymassz\u00e1zs (20 perc)<\/td><td>2.600 Ft<\/td><\/tr><tr><td>Gy\u00f3gymassz\u00e1zs (40 perc)<\/td><td>4.400 Ft<\/td><\/tr><tr><td><\/td><td><\/td><\/tr><tr><td>3. Aroma kr\u00e9m- \u00e9s olajosmassz\u00e1zs<\/td><td><\/td><\/tr><tr><td>Aroma h\u00e1tmassz\u00e1zs&nbsp;(20 perc &#8211; rozmaring, levendula, csoki, k\u00f6r\u00f6mvir\u00e1g, m\u00e9zes, citromf\u0171, aloe vera)<\/td><td>3.200 Ft<\/td><\/tr><tr><td>Aroma teljes testmassz\u00e1zs&nbsp;(40 perc &#8211; rozmaring, levendula, csoki, k\u00f6r\u00f6mvir\u00e1g, m\u00e9zes, citromf\u0171, aloe vera)<\/td><td>4.800 Ft<\/td><\/tr><tr><td><\/td><td><\/td><\/tr><tr><td>4. Aromaf\u00fcrd\u0151<\/td><td><\/td><\/tr><tr><td>Aromaf\u00fcrd\u0151&nbsp;(15 perc, relax\u00e1l\u00f3, stresszold\u00f3, nyugtat\u00f3)<\/td><td>2.400 Ft<\/td><\/tr><tr><td><\/td><td><\/td><\/tr><tr><td>&nbsp;5. Tangentoros k\u00e1df\u00fcrd\u0151 (20 perc)<\/td><td>1.600 Ft&nbsp;<\/td><\/tr><tr><td><\/td><td><\/td><\/tr><tr><td>Tolle finnische Sauna<\/td><td>Im Eintritt enthalten<\/td><\/tr><tr><td><a><\/a>Saunainsel (Aromatherapie, finnische Sauna, Dampfkabine)<\/td><td>Im Eintritt enthalten<\/td><\/tr><tr><td>Salzkammer<\/td><td>Im Eintritt enthalten<\/td><\/tr><tr><td>Jacuzzi<\/td><td>Im Eintritt enthalten<\/td><\/tr><tr><td>F\u00fcr die Behandlung ist ein Handtuch zu entleihen!<\/td><td>200 Ft<\/td><\/tr><tr><td>F\u00fcr Patienten mit \u00dcberweisung wird die Miete von Handt\u00fcchern und Bettw\u00e4sche abgezinst<\/td><td>100 Ft<\/td><\/tr><\/tbody><\/table><\/figure>\n\n\n\n<p><strong>Wir machen unsere G\u00e4ste darauf aufmerksam, dass die Behandlungstermine an der Kasse vereinbart werden k\u00f6nnen. Die Geb\u00fchren f\u00fcr unsere Leistungen k\u00f6nnen ausschlie\u00dflich dort entrichtet werden.\nWir behalten uns das Recht vor, die Preise und die H\u00f6he der Preiserm\u00e4\u00dfigungen zu \u00e4ndern! Die aufgef\u00fchrten Erm\u00e4\u00dfigungen k\u00f6nnen nicht zusammengezogen werden. Bei sonstigen Sonderangeboten k\u00f6nnen die Erm\u00e4\u00dfigungen nicht geltend gemacht werden.<\/strong><\/p>","protected":false},"excerpt":{"rendered":"<p>Wellness szolg\u00e1ltat\u00e1saink \u00e1rlist\u00e1ja 1. Friss\u00edt\u0151 massz\u00e1zs H\u00e1tmassz\u00e1zs (20 perc) 2.400 Ft Teljes testmassz\u00e1zs&nbsp;(40 perc, k\u00e9t massz\u00e1zsid\u0151pont \u00f6sszevonva) 4.000 Ft 2. Gy\u00f3gymassz\u00e1zs Gy\u00f3gymassz\u00e1zs (20 perc) 2.600 Ft Gy\u00f3gymassz\u00e1zs (40 perc) 4.400 Ft 3. Aroma kr\u00e9m- \u00e9s olajosmassz\u00e1zs Aroma h\u00e1tmassz\u00e1zs&nbsp;(20 perc &#8211; rozmaring, levendula, csoki, k\u00f6r\u00f6mvir\u00e1g, m\u00e9zes, citromf\u0171, aloe vera) 3.200 Ft Aroma teljes testmassz\u00e1zs&nbsp;(40 perc &#8211; [&hellip;]<\/p>\n","protected":false},"author":1,"featured_media":0,"parent":0,"menu_order":0,"comment_status":"closed","ping_status":"closed","template":"","meta":{"site-sidebar-layout":"default","site-content-layout":"","ast-site-content-layout":"default","site-content-style":"default","site-sidebar-style":"default","ast-global-header-display":"","ast-banner-title-visibility":"","ast-main-header-display":"","ast-hfb-above-header-display":"","ast-hfb-below-header-display":"","ast-hfb-mobile-header-display":"","site-post-title":"","ast-breadcrumbs-content":"","ast-featured-img":"","footer-sml-layout":"","ast-disable-related-posts":"","theme-transparent-header-meta":"","adv-header-id-meta":"","stick-header-meta":"","header-above-stick-meta":"","header-main-stick-meta":"","header-below-stick-meta":"","astra-migrate-meta-layouts":"set","ast-page-background-enabled":"default","ast-page-background-meta":{"desktop":{"background-color":"var(--ast-global-color-4)","background-image":"","background-repeat":"repeat","background-position":"center center","background-size":"auto","background-attachment":"scroll","background-type":"","background-media":"","overlay-type":"","overlay-color":"","overlay-opacity":"","overlay-gradient":""},"tablet":{"background-color":"","background-image":"","background-repeat":"repeat","background-position":"center center","background-size":"auto","background-attachment":"scroll","background-type":"","background-media":"","overlay-type":"","overlay-color":"","overlay-opacity":"","overlay-gradient":""},"mobile":{"background-color":"","background-image":"","background-repeat":"repeat","background-position":"center center","background-size":"auto","background-attachment":"scroll","background-type":"","background-media":"","overlay-type":"","overlay-color":"","overlay-opacity":"","overlay-gradient":""}},"ast-content-background-meta":{"desktop":{"background-color":"var(--ast-global-color-5)","background-image":"","background-repeat":"repeat","background-position":"center center","background-size":"auto","background-attachment":"scroll","background-type":"","background-media":"","overlay-type":"","overlay-color":"","overlay-opacity":"","overlay-gradient":""},"tablet":{"background-color":"var(--ast-global-color-5)","background-image":"","background-repeat":"repeat","background-position":"center center","background-size":"auto","background-attachment":"scroll","background-type":"","background-media":"","overlay-type":"","overlay-color":"","overlay-opacity":"","overlay-gradient":""},"mobile":{"background-color":"var(--ast-global-color-5)","background-image":"","background-repeat":"repeat","background-position":"center center","background-size":"auto","background-attachment":"scroll","background-type":"","background-media":"","overlay-type":"","overlay-color":"","overlay-opacity":"","overlay-gradient":""}},"footnotes":""},"class_list":["post-1208","page","type-page","status-publish","hentry"],"yoast_head":"<!-- This site is optimized with the Yoast SEO Premium plugin v27.4 (Yoast SEO v27.4) - https:\/\/yoast.com\/product\/yoast-seo-premium-wordpress\/ -->\n<title>Wellness szolg\u00e1ltat\u00e1sok - Jonatherm\u00e1l Gy\u00f3gy- \u00e9s \u00c9lm\u00e9nyf\u00fcrd\u0151, Motel, Kemping<\/title>\n<meta name=\"robots\" content=\"index, follow, max-snippet:-1, max-image-preview:large, max-video-preview:-1\" \/>\n<link rel=\"canonical\" href=\"https:\/\/jonathermal.hu\/de\/wellness-szolgaltatasok\/\" \/>\n<meta property=\"og:locale\" content=\"de_DE\" \/>\n<meta property=\"og:type\" content=\"article\" \/>\n<meta property=\"og:title\" content=\"Wellness szolg\u00e1ltat\u00e1sok\" \/>\n<meta property=\"og:description\" content=\"Wellness szolg\u00e1ltat\u00e1saink \u00e1rlist\u00e1ja 1. Friss\u00edt\u0151 massz\u00e1zs H\u00e1tmassz\u00e1zs (20 perc) 2.400 Ft Teljes testmassz\u00e1zs&nbsp;(40 perc, k\u00e9t massz\u00e1zsid\u0151pont \u00f6sszevonva) 4.000 Ft 2. Gy\u00f3gymassz\u00e1zs Gy\u00f3gymassz\u00e1zs (20 perc) 2.600 Ft Gy\u00f3gymassz\u00e1zs (40 perc) 4.400 Ft 3. Aroma kr\u00e9m- \u00e9s olajosmassz\u00e1zs Aroma h\u00e1tmassz\u00e1zs&nbsp;(20 perc &#8211; rozmaring, levendula, csoki, k\u00f6r\u00f6mvir\u00e1g, m\u00e9zes, citromf\u0171, aloe vera) 3.200 Ft Aroma teljes testmassz\u00e1zs&nbsp;(40 perc &#8211; [&hellip;]\" \/>\n<meta property=\"og:url\" content=\"https:\/\/jonathermal.hu\/de\/wellness-szolgaltatasok\/\" \/>\n<meta property=\"og:site_name\" content=\"Jonatherm\u00e1l Gy\u00f3gy- \u00e9s \u00c9lm\u00e9nyf\u00fcrd\u0151, Motel, Kemping\" \/>\n<meta property=\"article:publisher\" content=\"https:\/\/www.facebook.com\/Jonathermal\/\" \/>\n<meta property=\"article:modified_time\" content=\"2023-10-16T16:19:44+00:00\" \/>\n<meta name=\"twitter:card\" content=\"summary_large_image\" \/>\n<script type=\"application\/ld+json\" class=\"yoast-schema-graph\">{\"@context\":\"https:\\\/\\\/schema.org\",\"@graph\":[{\"@type\":\"WebPage\",\"@id\":\"https:\\\/\\\/jonathermal.hu\\\/wellness-szolgaltatasok\\\/\",\"url\":\"https:\\\/\\\/jonathermal.hu\\\/wellness-szolgaltatasok\\\/\",\"name\":\"Wellness szolg\u00e1ltat\u00e1sok - Jonatherm\u00e1l Gy\u00f3gy- \u00e9s \u00c9lm\u00e9nyf\u00fcrd\u0151, Motel, Kemping\",\"isPartOf\":{\"@id\":\"https:\\\/\\\/jonathermal.hu\\\/#website\"},\"datePublished\":\"2022-02-18T15:35:58+00:00\",\"dateModified\":\"2023-10-16T16:19:44+00:00\",\"breadcrumb\":{\"@id\":\"https:\\\/\\\/jonathermal.hu\\\/wellness-szolgaltatasok\\\/#breadcrumb\"},\"inLanguage\":\"de\",\"potentialAction\":[{\"@type\":\"ReadAction\",\"target\":[\"https:\\\/\\\/jonathermal.hu\\\/wellness-szolgaltatasok\\\/\"]}]},{\"@type\":\"BreadcrumbList\",\"@id\":\"https:\\\/\\\/jonathermal.hu\\\/wellness-szolgaltatasok\\\/#breadcrumb\",\"itemListElement\":[{\"@type\":\"ListItem\",\"position\":1,\"name\":\"Kezd\u0151lap\",\"item\":\"https:\\\/\\\/jonathermal.hu\\\/\"},{\"@type\":\"ListItem\",\"position\":2,\"name\":\"Wellness szolg\u00e1ltat\u00e1sok\"}]},{\"@type\":\"WebSite\",\"@id\":\"https:\\\/\\\/jonathermal.hu\\\/#website\",\"url\":\"https:\\\/\\\/jonathermal.hu\\\/\",\"name\":\"Jonatherm\u00e1l Gy\u00f3gy- \u00e9s \u00c9lm\u00e9nyf\u00fcrd\u0151, Motel, Kemping\",\"description\":\"Kiskunmajsa\",\"publisher\":{\"@id\":\"https:\\\/\\\/jonathermal.hu\\\/#organization\"},\"potentialAction\":[{\"@type\":\"SearchAction\",\"target\":{\"@type\":\"EntryPoint\",\"urlTemplate\":\"https:\\\/\\\/jonathermal.hu\\\/?s={search_term_string}\"},\"query-input\":{\"@type\":\"PropertyValueSpecification\",\"valueRequired\":true,\"valueName\":\"search_term_string\"}}],\"inLanguage\":\"de\"},{\"@type\":\"Organization\",\"@id\":\"https:\\\/\\\/jonathermal.hu\\\/#organization\",\"name\":\"Jonatherm\u00e1l Gy\u00f3gy- \u00e9s \u00c9lm\u00e9nyf\u00fcrd\u0151, Motel, Kemping Kiskunmajsa\",\"url\":\"https:\\\/\\\/jonathermal.hu\\\/\",\"logo\":{\"@type\":\"ImageObject\",\"inLanguage\":\"de\",\"@id\":\"https:\\\/\\\/jonathermal.hu\\\/#\\\/schema\\\/logo\\\/image\\\/\",\"url\":\"https:\\\/\\\/jonathermal.hu\\\/wp-content\\\/uploads\\\/2022\\\/02\\\/jonatherma\u0301l-logo.png\",\"contentUrl\":\"https:\\\/\\\/jonathermal.hu\\\/wp-content\\\/uploads\\\/2022\\\/02\\\/jonatherma\u0301l-logo.png\",\"width\":200,\"height\":142,\"caption\":\"Jonatherm\u00e1l Gy\u00f3gy- \u00e9s \u00c9lm\u00e9nyf\u00fcrd\u0151, Motel, Kemping Kiskunmajsa\"},\"image\":{\"@id\":\"https:\\\/\\\/jonathermal.hu\\\/#\\\/schema\\\/logo\\\/image\\\/\"},\"sameAs\":[\"https:\\\/\\\/www.facebook.com\\\/Jonathermal\\\/\",\"https:\\\/\\\/www.instagram.com\\\/jonathermal\\\/\",\"https:\\\/\\\/www.youtube.com\\\/channel\\\/UCTAd0tjGBgxWEJfuY378_Qw\\\/featured\"]}]}<\/script>\n<!-- \/ Yoast SEO Premium plugin. -->","yoast_head_json":{"title":"Wellness szolg\u00e1ltat\u00e1sok - Jonatherm\u00e1l Gy\u00f3gy- \u00e9s \u00c9lm\u00e9nyf\u00fcrd\u0151, Motel, Kemping","robots":{"index":"index","follow":"follow","max-snippet":"max-snippet:-1","max-image-preview":"max-image-preview:large","max-video-preview":"max-video-preview:-1"},"canonical":"https:\/\/jonathermal.hu\/de\/wellness-szolgaltatasok\/","og_locale":"de_DE","og_type":"article","og_title":"Wellness szolg\u00e1ltat\u00e1sok","og_description":"Wellness szolg\u00e1ltat\u00e1saink \u00e1rlist\u00e1ja 1. Friss\u00edt\u0151 massz\u00e1zs H\u00e1tmassz\u00e1zs (20 perc) 2.400 Ft Teljes testmassz\u00e1zs&nbsp;(40 perc, k\u00e9t massz\u00e1zsid\u0151pont \u00f6sszevonva) 4.000 Ft 2. Gy\u00f3gymassz\u00e1zs Gy\u00f3gymassz\u00e1zs (20 perc) 2.600 Ft Gy\u00f3gymassz\u00e1zs (40 perc) 4.400 Ft 3. Aroma kr\u00e9m- \u00e9s olajosmassz\u00e1zs Aroma h\u00e1tmassz\u00e1zs&nbsp;(20 perc &#8211; rozmaring, levendula, csoki, k\u00f6r\u00f6mvir\u00e1g, m\u00e9zes, citromf\u0171, aloe vera) 3.200 Ft Aroma teljes testmassz\u00e1zs&nbsp;(40 perc &#8211; [&hellip;]","og_url":"https:\/\/jonathermal.hu\/de\/wellness-szolgaltatasok\/","og_site_name":"Jonatherm\u00e1l Gy\u00f3gy- \u00e9s \u00c9lm\u00e9nyf\u00fcrd\u0151, Motel, Kemping","article_publisher":"https:\/\/www.facebook.com\/Jonathermal\/","article_modified_time":"2023-10-16T16:19:44+00:00","twitter_card":"summary_large_image","schema":{"@context":"https:\/\/schema.org","@graph":[{"@type":"WebPage","@id":"https:\/\/jonathermal.hu\/wellness-szolgaltatasok\/","url":"https:\/\/jonathermal.hu\/wellness-szolgaltatasok\/","name":"Wellness szolg\u00e1ltat\u00e1sok - Jonatherm\u00e1l Gy\u00f3gy- \u00e9s \u00c9lm\u00e9nyf\u00fcrd\u0151, Motel, Kemping","isPartOf":{"@id":"https:\/\/jonathermal.hu\/#website"},"datePublished":"2022-02-18T15:35:58+00:00","dateModified":"2023-10-16T16:19:44+00:00","breadcrumb":{"@id":"https:\/\/jonathermal.hu\/wellness-szolgaltatasok\/#breadcrumb"},"inLanguage":"de","potentialAction":[{"@type":"ReadAction","target":["https:\/\/jonathermal.hu\/wellness-szolgaltatasok\/"]}]},{"@type":"BreadcrumbList","@id":"https:\/\/jonathermal.hu\/wellness-szolgaltatasok\/#breadcrumb","itemListElement":[{"@type":"ListItem","position":1,"name":"Kezd\u0151lap","item":"https:\/\/jonathermal.hu\/"},{"@type":"ListItem","position":2,"name":"Wellness szolg\u00e1ltat\u00e1sok"}]},{"@type":"WebSite","@id":"https:\/\/jonathermal.hu\/#website","url":"https:\/\/jonathermal.hu\/","name":"Jonatherm\u00e1l Gy\u00f3gy- \u00e9s \u00c9lm\u00e9nyf\u00fcrd\u0151, Motel, Kemping","description":"Kiskunmajsa","publisher":{"@id":"https:\/\/jonathermal.hu\/#organization"},"potentialAction":[{"@type":"SearchAction","target":{"@type":"EntryPoint","urlTemplate":"https:\/\/jonathermal.hu\/?s={search_term_string}"},"query-input":{"@type":"PropertyValueSpecification","valueRequired":true,"valueName":"search_term_string"}}],"inLanguage":"de"},{"@type":"Organization","@id":"https:\/\/jonathermal.hu\/#organization","name":"Jonatherm\u00e1l Gy\u00f3gy- \u00e9s \u00c9lm\u00e9nyf\u00fcrd\u0151, Motel, Kemping Kiskunmajsa","url":"https:\/\/jonathermal.hu\/","logo":{"@type":"ImageObject","inLanguage":"de","@id":"https:\/\/jonathermal.hu\/#\/schema\/logo\/image\/","url":"https:\/\/jonathermal.hu\/wp-content\/uploads\/2022\/02\/jonatherma\u0301l-logo.png","contentUrl":"https:\/\/jonathermal.hu\/wp-content\/uploads\/2022\/02\/jonatherma\u0301l-logo.png","width":200,"height":142,"caption":"Jonatherm\u00e1l Gy\u00f3gy- \u00e9s \u00c9lm\u00e9nyf\u00fcrd\u0151, Motel, Kemping Kiskunmajsa"},"image":{"@id":"https:\/\/jonathermal.hu\/#\/schema\/logo\/image\/"},"sameAs":["https:\/\/www.facebook.com\/Jonathermal\/","https:\/\/www.instagram.com\/jonathermal\/","https:\/\/www.youtube.com\/channel\/UCTAd0tjGBgxWEJfuY378_Qw\/featured"]}]}},"_links":{"self":[{"href":"https:\/\/jonathermal.hu\/de\/wp-json\/wp\/v2\/pages\/1208","targetHints":{"allow":["GET"]}}],"collection":[{"href":"https:\/\/jonathermal.hu\/de\/wp-json\/wp\/v2\/pages"}],"about":[{"href":"https:\/\/jonathermal.hu\/de\/wp-json\/wp\/v2\/types\/page"}],"author":[{"embeddable":true,"href":"https:\/\/jonathermal.hu\/de\/wp-json\/wp\/v2\/users\/1"}],"replies":[{"embeddable":true,"href":"https:\/\/jonathermal.hu\/de\/wp-json\/wp\/v2\/comments?post=1208"}],"version-history":[{"count":0,"href":"https:\/\/jonathermal.hu\/de\/wp-json\/wp\/v2\/pages\/1208\/revisions"}],"wp:attachment":[{"href":"https:\/\/jonathermal.hu\/de\/wp-json\/wp\/v2\/media?parent=1208"}],"curies":[{"name":"wp","href":"https:\/\/api.w.org\/{rel}","templated":true}]}}