{"id":1137,"date":"2022-02-18T14:23:58","date_gmt":"2022-02-18T14:23:58","guid":{"rendered":"https:\/\/jonathermal.hu\/?page_id=1137"},"modified":"2022-03-14T08:47:24","modified_gmt":"2022-03-14T08:47:24","slug":"gyogykezelesek","status":"publish","type":"page","link":"https:\/\/jonathermal.hu\/de\/wellness\/gyogykezelesek\/","title":{"rendered":"Behandlung"},"content":{"rendered":"<div data-elementor-type=\"wp-page\" data-elementor-id=\"1137\" class=\"elementor elementor-1137\" data-elementor-post-type=\"page\">\n\t\t\t\t\t\t<section class=\"elementor-section elementor-top-section elementor-element elementor-element-4f424e7 elementor-section-boxed elementor-section-height-default elementor-section-height-default\" data-id=\"4f424e7\" data-element_type=\"section\" data-e-type=\"section\">\n\t\t\t\t\t\t<div class=\"elementor-container elementor-column-gap-default\">\n\t\t\t\t\t<div class=\"elementor-column elementor-col-100 elementor-top-column elementor-element elementor-element-bd118d5\" data-id=\"bd118d5\" data-element_type=\"column\" data-e-type=\"column\">\n\t\t\t<div class=\"elementor-widget-wrap elementor-element-populated\">\n\t\t\t\t\t\t<div class=\"elementor-element elementor-element-a8c685c elementor-widget elementor-widget-text-editor\" data-id=\"a8c685c\" data-element_type=\"widget\" data-e-type=\"widget\" data-no-translation=\"\" data-widget_type=\"text-editor.default\">\n\t\t\t\t<div class=\"elementor-widget-container\">\n\t\t\t\t\t<style>.elementor-element-a8c685c{display:none !important}<\/style>\t\t\t\t<\/div>\n\t\t\t\t<\/div>\n\t\t\t\t<div class=\"elementor-element elementor-element-e3d8215 elementor-widget elementor-widget-text-editor\" data-id=\"e3d8215\" data-element_type=\"widget\" data-e-type=\"widget\" data-no-translation=\"\" data-widget_type=\"text-editor.default\">\n\t\t\t\t<div class=\"elementor-widget-container\">\n\t\t\t\t\t\t\t\t\t<p>Das Kiskunmajsai Spa and Adventure Bath verf\u00fcgt \u00fcber eine Reihe von medizinischen Dienstleistungen. Gem\u00e4\u00df unserem Vertrag mit dem National Healthcare Fund k\u00f6nnen mehrere Dienstleistungen mit einer \u00dcberweisung durch einen Rheumatologen im Rahmen der medizinischen ambulanten Behandlung in Anspruch genommen werden. Wenn Sie sich heilen und entspannen m\u00f6chten, bieten wir Ihnen folgende M\u00f6glichkeiten:<\/p><p>Badbehandlungen in Kombiwannen:<\/p><ul><li>Baden<\/li><li>Unterwasser-Hochdruck-Wasserstrahlmassage<\/li><li>Kombinierte Massage<\/li><\/ul>\t\t\t\t\t\t\t\t<\/div>\n\t\t\t\t<\/div>\n\t\t\t\t<div class=\"elementor-element elementor-element-0c73903 elementor-position-left elementor-vertical-align-top elementor-widget elementor-widget-image-box\" data-id=\"0c73903\" data-element_type=\"widget\" data-e-type=\"widget\" data-widget_type=\"image-box.default\">\n\t\t\t\t<div class=\"elementor-widget-container\">\n\t\t\t\t\t<div class=\"elementor-image-box-wrapper\"><figure class=\"elementor-image-box-img\"><img fetchpriority=\"high\" decoding=\"async\" width=\"300\" height=\"300\" src=\"https:\/\/jonathermal.hu\/wp-content\/uploads\/2022\/02\/massza\u0301zs2-300x300.jpg\" class=\"attachment-woocommerce_thumbnail size-woocommerce_thumbnail wp-image-1126\" alt=\"\" srcset=\"https:\/\/jonathermal.hu\/wp-content\/uploads\/2022\/02\/massza\u0301zs2-300x300.jpg 300w, https:\/\/jonathermal.hu\/wp-content\/uploads\/2022\/02\/massza\u0301zs2-150x150.jpg 150w, https:\/\/jonathermal.hu\/wp-content\/uploads\/2022\/02\/massza\u0301zs2-100x100.jpg 100w\" sizes=\"(max-width: 300px) 100vw, 300px\" \/><\/figure><div class=\"elementor-image-box-content\"><p class=\"elementor-image-box-title\">Therapeutische Massage<\/p><p class=\"elementor-image-box-description\">Unser geschultes Personal mit Ganz- und Teilmassage entlastet Gelenk- und Muskel-Skelett-Erkrankungen unserer Patienten.<\/p><\/div><\/div>\t\t\t\t<\/div>\n\t\t\t\t<\/div>\n\t\t\t\t<div class=\"elementor-element elementor-element-658c44c elementor-position-left elementor-vertical-align-top elementor-widget elementor-widget-image-box\" data-id=\"658c44c\" data-element_type=\"widget\" data-e-type=\"widget\" data-widget_type=\"image-box.default\">\n\t\t\t\t<div class=\"elementor-widget-container\">\n\t\t\t\t\t<div class=\"elementor-image-box-wrapper\"><figure class=\"elementor-image-box-img\"><img decoding=\"async\" width=\"130\" height=\"130\" src=\"https:\/\/jonathermal.hu\/wp-content\/uploads\/2022\/02\/pihenoszoba-e1645194520257.jpeg\" class=\"attachment-full size-full wp-image-1139\" alt=\"\" srcset=\"https:\/\/jonathermal.hu\/wp-content\/uploads\/2022\/02\/pihenoszoba-e1645194520257.jpeg 130w, https:\/\/jonathermal.hu\/wp-content\/uploads\/2022\/02\/pihenoszoba-e1645194520257-100x100.jpeg 100w\" sizes=\"(max-width: 130px) 100vw, 130px\" \/><\/figure><div class=\"elementor-image-box-content\"><p class=\"elementor-image-box-title\">Ruheraum<\/p><p class=\"elementor-image-box-description\">In unserem Dachgeschoss unseres medizinischen Geb\u00e4udes erwartet Sie ein Ruheraum mit 16 Betten f\u00fcr alle, die sich nach den Behandlungen erfrischen m\u00f6chten.<\/p><\/div><\/div>\t\t\t\t<\/div>\n\t\t\t\t<\/div>\n\t\t\t\t\t<\/div>\n\t\t<\/div>\n\t\t\t\t\t<\/div>\n\t\t<\/section>\n\t\t\t\t<\/div>","protected":false},"excerpt":{"rendered":"<p>Tisztelt leend\u0151 Vend\u00e9geink! A kiskunmajsai Gy\u00f3gy- \u00e9s \u00c9lm\u00e9nyf\u00fcrd\u0151 sz\u00e1mos gy\u00f3gy\u00e1szati szolg\u00e1ltat\u00e1sokkal \u00e1ll rendelkez\u00e9s\u00fckre. Az Orsz\u00e1gos Eg\u00e9szs\u00e9g\u00fcgyi P\u00e9nzt\u00e1rral k\u00f6t\u00f6tt szerz\u0151d\u00e9s\u00fcnk \u00e9rtelm\u00e9ben, eg\u00e9szs\u00e9g\u00fcgyi j\u00e1r\u00f3beteg- szakell\u00e1t\u00e1s keret\u00e9ben, reumatol\u00f3gus szakorvos \u00e1ltal ki\u00e1ll\u00edtott beutal\u00f3val t\u00f6bb szolg\u00e1ltat\u00e1sunk is ig\u00e9nybe vehet\u0151. Amennyiben gy\u00f3gyulni \u00e9s pihenni v\u00e1gynak, az al\u00e1bbi lehet\u0151s\u00e9geket tudjuk k\u00edn\u00e1lni \u00d6n\u00f6knek. F\u00fcrd\u0151kezel\u00e9sek kombin\u00e1ci\u00f3s k\u00e1dban:\u00a0 gy\u00f3gyf\u00fcrd\u0151z\u00e9s v\u00edz alatti nagynyom\u00e1s\u00fa v\u00edzsug\u00e1r massz\u00e1zs pezsegtet\u00e9ssel [&hellip;]<\/p>\n","protected":false},"author":1,"featured_media":0,"parent":1057,"menu_order":0,"comment_status":"closed","ping_status":"closed","template":"","meta":{"site-sidebar-layout":"no-sidebar","site-content-layout":"page-builder","ast-site-content-layout":"default","site-content-style":"default","site-sidebar-style":"default","ast-global-header-display":"","ast-banner-title-visibility":"","ast-main-header-display":"","ast-hfb-above-header-display":"","ast-hfb-below-header-display":"","ast-hfb-mobile-header-display":"","site-post-title":"disabled","ast-breadcrumbs-content":"","ast-featured-img":"disabled","footer-sml-layout":"","ast-disable-related-posts":"","theme-transparent-header-meta":"","adv-header-id-meta":"","stick-header-meta":"","header-above-stick-meta":"","header-main-stick-meta":"","header-below-stick-meta":"","astra-migrate-meta-layouts":"default","ast-page-background-enabled":"default","ast-page-background-meta":{"desktop":{"background-color":"var(--ast-global-color-4)","background-image":"","background-repeat":"repeat","background-position":"center center","background-size":"auto","background-attachment":"scroll","background-type":"","background-media":"","overlay-type":"","overlay-color":"","overlay-opacity":"","overlay-gradient":""},"tablet":{"background-color":"","background-image":"","background-repeat":"repeat","background-position":"center center","background-size":"auto","background-attachment":"scroll","background-type":"","background-media":"","overlay-type":"","overlay-color":"","overlay-opacity":"","overlay-gradient":""},"mobile":{"background-color":"","background-image":"","background-repeat":"repeat","background-position":"center center","background-size":"auto","background-attachment":"scroll","background-type":"","background-media":"","overlay-type":"","overlay-color":"","overlay-opacity":"","overlay-gradient":""}},"ast-content-background-meta":{"desktop":{"background-color":"var(--ast-global-color-5)","background-image":"","background-repeat":"repeat","background-position":"center center","background-size":"auto","background-attachment":"scroll","background-type":"","background-media":"","overlay-type":"","overlay-color":"","overlay-opacity":"","overlay-gradient":""},"tablet":{"background-color":"var(--ast-global-color-5)","background-image":"","background-repeat":"repeat","background-position":"center center","background-size":"auto","background-attachment":"scroll","background-type":"","background-media":"","overlay-type":"","overlay-color":"","overlay-opacity":"","overlay-gradient":""},"mobile":{"background-color":"var(--ast-global-color-5)","background-image":"","background-repeat":"repeat","background-position":"center center","background-size":"auto","background-attachment":"scroll","background-type":"","background-media":"","overlay-type":"","overlay-color":"","overlay-opacity":"","overlay-gradient":""}},"footnotes":""},"class_list":["post-1137","page","type-page","status-publish","hentry"],"yoast_head":"<!-- This site is optimized with the Yoast SEO Premium plugin v27.6 (Yoast SEO v27.6) - https:\/\/yoast.com\/product\/yoast-seo-premium-wordpress\/ -->\n<title>Gy\u00f3gykezel\u00e9sek - Jonatherm\u00e1l Gy\u00f3gy- \u00e9s \u00c9lm\u00e9nyf\u00fcrd\u0151, Motel, Kemping<\/title>\n<meta name=\"robots\" content=\"index, follow, max-snippet:-1, max-image-preview:large, max-video-preview:-1\" \/>\n<link rel=\"canonical\" href=\"https:\/\/jonathermal.hu\/de\/wellness\/gyogykezelesek\/\" \/>\n<meta property=\"og:locale\" content=\"de_DE\" \/>\n<meta property=\"og:type\" content=\"article\" \/>\n<meta property=\"og:title\" content=\"Gy\u00f3gykezel\u00e9sek\" \/>\n<meta property=\"og:description\" content=\"Tisztelt leend\u0151 Vend\u00e9geink! A kiskunmajsai Gy\u00f3gy- \u00e9s \u00c9lm\u00e9nyf\u00fcrd\u0151 sz\u00e1mos gy\u00f3gy\u00e1szati szolg\u00e1ltat\u00e1sokkal \u00e1ll rendelkez\u00e9s\u00fckre. Az Orsz\u00e1gos Eg\u00e9szs\u00e9g\u00fcgyi P\u00e9nzt\u00e1rral k\u00f6t\u00f6tt szerz\u0151d\u00e9s\u00fcnk \u00e9rtelm\u00e9ben, eg\u00e9szs\u00e9g\u00fcgyi j\u00e1r\u00f3beteg- szakell\u00e1t\u00e1s keret\u00e9ben, reumatol\u00f3gus szakorvos \u00e1ltal ki\u00e1ll\u00edtott beutal\u00f3val t\u00f6bb szolg\u00e1ltat\u00e1sunk is ig\u00e9nybe vehet\u0151. Amennyiben gy\u00f3gyulni \u00e9s pihenni v\u00e1gynak, az al\u00e1bbi lehet\u0151s\u00e9geket tudjuk k\u00edn\u00e1lni \u00d6n\u00f6knek. F\u00fcrd\u0151kezel\u00e9sek kombin\u00e1ci\u00f3s k\u00e1dban:\u00a0 gy\u00f3gyf\u00fcrd\u0151z\u00e9s v\u00edz alatti nagynyom\u00e1s\u00fa v\u00edzsug\u00e1r massz\u00e1zs pezsegtet\u00e9ssel [&hellip;]\" \/>\n<meta property=\"og:url\" content=\"https:\/\/jonathermal.hu\/de\/wellness\/gyogykezelesek\/\" \/>\n<meta property=\"og:site_name\" content=\"Jonatherm\u00e1l Gy\u00f3gy- \u00e9s \u00c9lm\u00e9nyf\u00fcrd\u0151, Motel, Kemping\" \/>\n<meta property=\"article:publisher\" content=\"https:\/\/www.facebook.com\/Jonathermal\/\" \/>\n<meta property=\"article:modified_time\" content=\"2022-03-14T08:47:24+00:00\" \/>\n<meta property=\"og:image\" content=\"https:\/\/jonathermal.hu\/wp-content\/uploads\/2022\/02\/pihenoszoba-e1645194520257.jpeg\" \/>\n<meta name=\"twitter:card\" content=\"summary_large_image\" \/>\n<script type=\"application\/ld+json\" class=\"yoast-schema-graph\">{\"@context\":\"https:\\\/\\\/schema.org\",\"@graph\":[{\"@type\":\"WebPage\",\"@id\":\"https:\\\/\\\/jonathermal.hu\\\/wellness\\\/gyogykezelesek\\\/\",\"url\":\"https:\\\/\\\/jonathermal.hu\\\/wellness\\\/gyogykezelesek\\\/\",\"name\":\"Gy\u00f3gykezel\u00e9sek - Jonatherm\u00e1l Gy\u00f3gy- \u00e9s \u00c9lm\u00e9nyf\u00fcrd\u0151, Motel, Kemping\",\"isPartOf\":{\"@id\":\"https:\\\/\\\/jonathermal.hu\\\/#website\"},\"primaryImageOfPage\":{\"@id\":\"https:\\\/\\\/jonathermal.hu\\\/wellness\\\/gyogykezelesek\\\/#primaryimage\"},\"image\":{\"@id\":\"https:\\\/\\\/jonathermal.hu\\\/wellness\\\/gyogykezelesek\\\/#primaryimage\"},\"thumbnailUrl\":\"https:\\\/\\\/jonathermal.hu\\\/wp-content\\\/uploads\\\/2022\\\/02\\\/pihenoszoba-e1645194520257.jpeg\",\"datePublished\":\"2022-02-18T14:23:58+00:00\",\"dateModified\":\"2022-03-14T08:47:24+00:00\",\"breadcrumb\":{\"@id\":\"https:\\\/\\\/jonathermal.hu\\\/wellness\\\/gyogykezelesek\\\/#breadcrumb\"},\"inLanguage\":\"de\",\"potentialAction\":[{\"@type\":\"ReadAction\",\"target\":[\"https:\\\/\\\/jonathermal.hu\\\/wellness\\\/gyogykezelesek\\\/\"]}]},{\"@type\":\"ImageObject\",\"inLanguage\":\"de\",\"@id\":\"https:\\\/\\\/jonathermal.hu\\\/wellness\\\/gyogykezelesek\\\/#primaryimage\",\"url\":\"https:\\\/\\\/jonathermal.hu\\\/wp-content\\\/uploads\\\/2022\\\/02\\\/pihenoszoba-e1645194520257.jpeg\",\"contentUrl\":\"https:\\\/\\\/jonathermal.hu\\\/wp-content\\\/uploads\\\/2022\\\/02\\\/pihenoszoba-e1645194520257.jpeg\"},{\"@type\":\"BreadcrumbList\",\"@id\":\"https:\\\/\\\/jonathermal.hu\\\/wellness\\\/gyogykezelesek\\\/#breadcrumb\",\"itemListElement\":[{\"@type\":\"ListItem\",\"position\":1,\"name\":\"Kezd\u0151lap\",\"item\":\"https:\\\/\\\/jonathermal.hu\\\/\"},{\"@type\":\"ListItem\",\"position\":2,\"name\":\"Wellness\",\"item\":\"https:\\\/\\\/jonathermal.hu\\\/wellness\\\/\"},{\"@type\":\"ListItem\",\"position\":3,\"name\":\"Gy\u00f3gykezel\u00e9sek\"}]},{\"@type\":\"WebSite\",\"@id\":\"https:\\\/\\\/jonathermal.hu\\\/#website\",\"url\":\"https:\\\/\\\/jonathermal.hu\\\/\",\"name\":\"Jonatherm\u00e1l Gy\u00f3gy- \u00e9s \u00c9lm\u00e9nyf\u00fcrd\u0151, Motel, Kemping\",\"description\":\"Kiskunmajsa\",\"publisher\":{\"@id\":\"https:\\\/\\\/jonathermal.hu\\\/#organization\"},\"potentialAction\":[{\"@type\":\"SearchAction\",\"target\":{\"@type\":\"EntryPoint\",\"urlTemplate\":\"https:\\\/\\\/jonathermal.hu\\\/?s={search_term_string}\"},\"query-input\":{\"@type\":\"PropertyValueSpecification\",\"valueRequired\":true,\"valueName\":\"search_term_string\"}}],\"inLanguage\":\"de\"},{\"@type\":\"Organization\",\"@id\":\"https:\\\/\\\/jonathermal.hu\\\/#organization\",\"name\":\"Jonatherm\u00e1l Gy\u00f3gy- \u00e9s \u00c9lm\u00e9nyf\u00fcrd\u0151, Motel, Kemping Kiskunmajsa\",\"url\":\"https:\\\/\\\/jonathermal.hu\\\/\",\"logo\":{\"@type\":\"ImageObject\",\"inLanguage\":\"de\",\"@id\":\"https:\\\/\\\/jonathermal.hu\\\/#\\\/schema\\\/logo\\\/image\\\/\",\"url\":\"https:\\\/\\\/jonathermal.hu\\\/wp-content\\\/uploads\\\/2022\\\/02\\\/jonatherma\u0301l-logo.png\",\"contentUrl\":\"https:\\\/\\\/jonathermal.hu\\\/wp-content\\\/uploads\\\/2022\\\/02\\\/jonatherma\u0301l-logo.png\",\"width\":200,\"height\":142,\"caption\":\"Jonatherm\u00e1l Gy\u00f3gy- \u00e9s \u00c9lm\u00e9nyf\u00fcrd\u0151, Motel, Kemping Kiskunmajsa\"},\"image\":{\"@id\":\"https:\\\/\\\/jonathermal.hu\\\/#\\\/schema\\\/logo\\\/image\\\/\"},\"sameAs\":[\"https:\\\/\\\/www.facebook.com\\\/Jonathermal\\\/\",\"https:\\\/\\\/www.instagram.com\\\/jonathermal\\\/\",\"https:\\\/\\\/www.youtube.com\\\/channel\\\/UCTAd0tjGBgxWEJfuY378_Qw\\\/featured\"]}]}<\/script>\n<!-- \/ Yoast SEO Premium plugin. -->","yoast_head_json":{"title":"Gy\u00f3gykezel\u00e9sek - Jonatherm\u00e1l Gy\u00f3gy- \u00e9s \u00c9lm\u00e9nyf\u00fcrd\u0151, Motel, Kemping","robots":{"index":"index","follow":"follow","max-snippet":"max-snippet:-1","max-image-preview":"max-image-preview:large","max-video-preview":"max-video-preview:-1"},"canonical":"https:\/\/jonathermal.hu\/de\/wellness\/gyogykezelesek\/","og_locale":"de_DE","og_type":"article","og_title":"Gy\u00f3gykezel\u00e9sek","og_description":"Tisztelt leend\u0151 Vend\u00e9geink! A kiskunmajsai Gy\u00f3gy- \u00e9s \u00c9lm\u00e9nyf\u00fcrd\u0151 sz\u00e1mos gy\u00f3gy\u00e1szati szolg\u00e1ltat\u00e1sokkal \u00e1ll rendelkez\u00e9s\u00fckre. Az Orsz\u00e1gos Eg\u00e9szs\u00e9g\u00fcgyi P\u00e9nzt\u00e1rral k\u00f6t\u00f6tt szerz\u0151d\u00e9s\u00fcnk \u00e9rtelm\u00e9ben, eg\u00e9szs\u00e9g\u00fcgyi j\u00e1r\u00f3beteg- szakell\u00e1t\u00e1s keret\u00e9ben, reumatol\u00f3gus szakorvos \u00e1ltal ki\u00e1ll\u00edtott beutal\u00f3val t\u00f6bb szolg\u00e1ltat\u00e1sunk is ig\u00e9nybe vehet\u0151. Amennyiben gy\u00f3gyulni \u00e9s pihenni v\u00e1gynak, az al\u00e1bbi lehet\u0151s\u00e9geket tudjuk k\u00edn\u00e1lni \u00d6n\u00f6knek. F\u00fcrd\u0151kezel\u00e9sek kombin\u00e1ci\u00f3s k\u00e1dban:\u00a0 gy\u00f3gyf\u00fcrd\u0151z\u00e9s v\u00edz alatti nagynyom\u00e1s\u00fa v\u00edzsug\u00e1r massz\u00e1zs pezsegtet\u00e9ssel [&hellip;]","og_url":"https:\/\/jonathermal.hu\/de\/wellness\/gyogykezelesek\/","og_site_name":"Jonatherm\u00e1l Gy\u00f3gy- \u00e9s \u00c9lm\u00e9nyf\u00fcrd\u0151, Motel, Kemping","article_publisher":"https:\/\/www.facebook.com\/Jonathermal\/","article_modified_time":"2022-03-14T08:47:24+00:00","og_image":[{"url":"https:\/\/jonathermal.hu\/wp-content\/uploads\/2022\/02\/pihenoszoba-e1645194520257.jpeg","type":"","width":"","height":""}],"twitter_card":"summary_large_image","schema":{"@context":"https:\/\/schema.org","@graph":[{"@type":"WebPage","@id":"https:\/\/jonathermal.hu\/wellness\/gyogykezelesek\/","url":"https:\/\/jonathermal.hu\/wellness\/gyogykezelesek\/","name":"Gy\u00f3gykezel\u00e9sek - Jonatherm\u00e1l Gy\u00f3gy- \u00e9s \u00c9lm\u00e9nyf\u00fcrd\u0151, Motel, Kemping","isPartOf":{"@id":"https:\/\/jonathermal.hu\/#website"},"primaryImageOfPage":{"@id":"https:\/\/jonathermal.hu\/wellness\/gyogykezelesek\/#primaryimage"},"image":{"@id":"https:\/\/jonathermal.hu\/wellness\/gyogykezelesek\/#primaryimage"},"thumbnailUrl":"https:\/\/jonathermal.hu\/wp-content\/uploads\/2022\/02\/pihenoszoba-e1645194520257.jpeg","datePublished":"2022-02-18T14:23:58+00:00","dateModified":"2022-03-14T08:47:24+00:00","breadcrumb":{"@id":"https:\/\/jonathermal.hu\/wellness\/gyogykezelesek\/#breadcrumb"},"inLanguage":"de","potentialAction":[{"@type":"ReadAction","target":["https:\/\/jonathermal.hu\/wellness\/gyogykezelesek\/"]}]},{"@type":"ImageObject","inLanguage":"de","@id":"https:\/\/jonathermal.hu\/wellness\/gyogykezelesek\/#primaryimage","url":"https:\/\/jonathermal.hu\/wp-content\/uploads\/2022\/02\/pihenoszoba-e1645194520257.jpeg","contentUrl":"https:\/\/jonathermal.hu\/wp-content\/uploads\/2022\/02\/pihenoszoba-e1645194520257.jpeg"},{"@type":"BreadcrumbList","@id":"https:\/\/jonathermal.hu\/wellness\/gyogykezelesek\/#breadcrumb","itemListElement":[{"@type":"ListItem","position":1,"name":"Kezd\u0151lap","item":"https:\/\/jonathermal.hu\/"},{"@type":"ListItem","position":2,"name":"Wellness","item":"https:\/\/jonathermal.hu\/wellness\/"},{"@type":"ListItem","position":3,"name":"Gy\u00f3gykezel\u00e9sek"}]},{"@type":"WebSite","@id":"https:\/\/jonathermal.hu\/#website","url":"https:\/\/jonathermal.hu\/","name":"Jonatherm\u00e1l Gy\u00f3gy- \u00e9s \u00c9lm\u00e9nyf\u00fcrd\u0151, Motel, Kemping","description":"Kiskunmajsa","publisher":{"@id":"https:\/\/jonathermal.hu\/#organization"},"potentialAction":[{"@type":"SearchAction","target":{"@type":"EntryPoint","urlTemplate":"https:\/\/jonathermal.hu\/?s={search_term_string}"},"query-input":{"@type":"PropertyValueSpecification","valueRequired":true,"valueName":"search_term_string"}}],"inLanguage":"de"},{"@type":"Organization","@id":"https:\/\/jonathermal.hu\/#organization","name":"Jonatherm\u00e1l Gy\u00f3gy- \u00e9s \u00c9lm\u00e9nyf\u00fcrd\u0151, Motel, Kemping Kiskunmajsa","url":"https:\/\/jonathermal.hu\/","logo":{"@type":"ImageObject","inLanguage":"de","@id":"https:\/\/jonathermal.hu\/#\/schema\/logo\/image\/","url":"https:\/\/jonathermal.hu\/wp-content\/uploads\/2022\/02\/jonatherma\u0301l-logo.png","contentUrl":"https:\/\/jonathermal.hu\/wp-content\/uploads\/2022\/02\/jonatherma\u0301l-logo.png","width":200,"height":142,"caption":"Jonatherm\u00e1l Gy\u00f3gy- \u00e9s \u00c9lm\u00e9nyf\u00fcrd\u0151, Motel, Kemping Kiskunmajsa"},"image":{"@id":"https:\/\/jonathermal.hu\/#\/schema\/logo\/image\/"},"sameAs":["https:\/\/www.facebook.com\/Jonathermal\/","https:\/\/www.instagram.com\/jonathermal\/","https:\/\/www.youtube.com\/channel\/UCTAd0tjGBgxWEJfuY378_Qw\/featured"]}]}},"_links":{"self":[{"href":"https:\/\/jonathermal.hu\/de\/wp-json\/wp\/v2\/pages\/1137","targetHints":{"allow":["GET"]}}],"collection":[{"href":"https:\/\/jonathermal.hu\/de\/wp-json\/wp\/v2\/pages"}],"about":[{"href":"https:\/\/jonathermal.hu\/de\/wp-json\/wp\/v2\/types\/page"}],"author":[{"embeddable":true,"href":"https:\/\/jonathermal.hu\/de\/wp-json\/wp\/v2\/users\/1"}],"replies":[{"embeddable":true,"href":"https:\/\/jonathermal.hu\/de\/wp-json\/wp\/v2\/comments?post=1137"}],"version-history":[{"count":0,"href":"https:\/\/jonathermal.hu\/de\/wp-json\/wp\/v2\/pages\/1137\/revisions"}],"up":[{"embeddable":true,"href":"https:\/\/jonathermal.hu\/de\/wp-json\/wp\/v2\/pages\/1057"}],"wp:attachment":[{"href":"https:\/\/jonathermal.hu\/de\/wp-json\/wp\/v2\/media?parent=1137"}],"curies":[{"name":"wp","href":"https:\/\/api.w.org\/{rel}","templated":true}]}}